{"id":4341188,"date":"2023-04-12T17:25:37","date_gmt":"2023-04-12T17:25:37","guid":{"rendered":"https:\/\/www.rightwayasia.com\/product\/unkategorisiert\/qng-6\/"},"modified":"2025-04-07T08:41:11","modified_gmt":"2025-04-07T08:41:11","slug":"qng-6","status":"publish","type":"product","link":"https:\/\/www.rightwayasia.com\/de\/product\/edelstahl\/khl-tiefkhlschrnke\/qng-6\/","title":{"rendered":"QNG 6"},"content":{"rendered":"<p>GN2\/1 Tiefk\u00fchlschrank (Glast\u00fcr)<br \/>\nEdelstahl innen und au\u00dfen<br \/>\nW\u00e4rmebr\u00fcckenblocker gegen Kondensation (Beheizten)<br \/>\nUmluftk\u00fchlung<br \/>\nVerdampfer mit Anti- Korrosions Behandlung<br \/>\nHei\u00dfgasabtauung<br \/>\nIsolierungsmaterial Cyclopentane (80mm &#8211; FCKW frei)<br \/>\nGerundete Ecken f\u00fcr einfaches Reinigen<br \/>\nDigitales Thermostat<br \/>\nWei\u00df beleuchteter Hauptschalter<br \/>\nLED Beleuchtung und Schloss als Standard<br \/>\nherausnehmbare T\u00fcrdichtung<br \/>\nGlast\u00fcr: mit selbstschlie\u00dfendem und beheiztem Rahmen (T\u00fcranschlag nicht wechselbar)<br \/>\nEingesch\u00e4umter T\u00fcrgriff<br \/>\n3 H\u00f6henverstellbare GN2\/1 Einsch\u00fcbe + 1 Bodeneinschub<br \/>\n4 H\u00f6henverstellbare Edelstahlf\u00fc\u00dfe &#8211; Lenkrollen mit Feststellbremse optional<br \/>\nEnergieeffizienzklasse: E<\/p>\n<p>&nbsp;<\/p>\n","protected":false},"excerpt":{"rendered":"<p>GN2\/1 Tiefk\u00fchlschrank (Glast\u00fcr) Edelstahl innen und au\u00dfen W\u00e4rmebr\u00fcckenblocker gegen Kondensation (Beheizten) Umluftk\u00fchlung Verdampfer mit Anti- Korrosions Behandlung Hei\u00dfgasabtauung Isolierungsmaterial Cyclopentane (80mm &#8211; FCKW frei) Gerundete Ecken f\u00fcr einfaches Reinigen Digitales Thermostat Wei\u00df beleuchteter Hauptschalter LED Beleuchtung und Schloss als Standard herausnehmbare T\u00fcrdichtung Glast\u00fcr: mit selbstschlie\u00dfendem und beheiztem Rahmen (T\u00fcranschlag nicht wechselbar) Eingesch\u00e4umter T\u00fcrgriff 3 H\u00f6henverstellbare [&hellip;]<\/p>\n","protected":false},"featured_media":8254982,"template":"","meta":{"_acf_changed":false},"product_cat":[11691,11692],"product_tag":[],"acf":[],"yoast_head":"<!-- This site is optimized with the Yoast SEO plugin v22.2 - https:\/\/yoast.com\/wordpress\/plugins\/seo\/ -->\n<title>QNG 6 - Rightway Asia<\/title>\n<meta name=\"robots\" content=\"index, follow, max-snippet:-1, max-image-preview:large, max-video-preview:-1\" \/>\n<link rel=\"canonical\" href=\"https:\/\/www.rightwayasia.com\/de\/product\/edelstahl\/khl-tiefkhlschrnke\/qng-6\/\" \/>\n<meta property=\"og:locale\" content=\"de_DE\" \/>\n<meta property=\"og:type\" content=\"article\" \/>\n<meta property=\"og:title\" content=\"QNG 6 - Rightway Asia\" \/>\n<meta property=\"og:description\" content=\"GN2\/1 Tiefk\u00fchlschrank (Glast\u00fcr) Edelstahl innen und au\u00dfen W\u00e4rmebr\u00fcckenblocker gegen Kondensation (Beheizten) Umluftk\u00fchlung Verdampfer mit Anti- Korrosions Behandlung Hei\u00dfgasabtauung Isolierungsmaterial Cyclopentane (80mm &#8211; FCKW frei) Gerundete Ecken f\u00fcr einfaches Reinigen Digitales Thermostat Wei\u00df beleuchteter Hauptschalter LED Beleuchtung und Schloss als Standard herausnehmbare T\u00fcrdichtung Glast\u00fcr: mit selbstschlie\u00dfendem und beheiztem Rahmen (T\u00fcranschlag nicht wechselbar) Eingesch\u00e4umter T\u00fcrgriff 3 H\u00f6henverstellbare [&hellip;]\" \/>\n<meta property=\"og:url\" content=\"https:\/\/www.rightwayasia.com\/de\/product\/edelstahl\/khl-tiefkhlschrnke\/qng-6\/\" \/>\n<meta property=\"og:site_name\" content=\"Rightway Asia\" \/>\n<meta property=\"article:modified_time\" content=\"2025-04-07T08:41:11+00:00\" \/>\n<meta property=\"og:image\" content=\"https:\/\/www.rightwayasia.com\/wp-content\/uploads\/2025\/04\/QNG-6-CORPO_CH_LOW.png\" \/>\n\t<meta property=\"og:image:width\" content=\"281\" \/>\n\t<meta property=\"og:image:height\" content=\"567\" \/>\n\t<meta property=\"og:image:type\" content=\"image\/png\" \/>\n<meta name=\"twitter:card\" content=\"summary_large_image\" \/>\n<script type=\"application\/ld+json\" class=\"yoast-schema-graph\">{\"@context\":\"https:\/\/schema.org\",\"@graph\":[{\"@type\":\"WebPage\",\"@id\":\"https:\/\/www.rightwayasia.com\/de\/product\/edelstahl\/khl-tiefkhlschrnke\/qng-6\/\",\"url\":\"https:\/\/www.rightwayasia.com\/de\/product\/edelstahl\/khl-tiefkhlschrnke\/qng-6\/\",\"name\":\"QNG 6 - Rightway Asia\",\"isPartOf\":{\"@id\":\"https:\/\/www.rightwayasia.com\/#website\"},\"primaryImageOfPage\":{\"@id\":\"https:\/\/www.rightwayasia.com\/de\/product\/edelstahl\/khl-tiefkhlschrnke\/qng-6\/#primaryimage\"},\"image\":{\"@id\":\"https:\/\/www.rightwayasia.com\/de\/product\/edelstahl\/khl-tiefkhlschrnke\/qng-6\/#primaryimage\"},\"thumbnailUrl\":\"https:\/\/www.rightwayasia.com\/wp-content\/uploads\/2026\/03\/QNG-6-CORPO_CH_LOW.png\",\"datePublished\":\"2023-04-12T17:25:37+00:00\",\"dateModified\":\"2025-04-07T08:41:11+00:00\",\"breadcrumb\":{\"@id\":\"https:\/\/www.rightwayasia.com\/de\/product\/edelstahl\/khl-tiefkhlschrnke\/qng-6\/#breadcrumb\"},\"inLanguage\":\"de\",\"potentialAction\":[{\"@type\":\"ReadAction\",\"target\":[\"https:\/\/www.rightwayasia.com\/de\/product\/edelstahl\/khl-tiefkhlschrnke\/qng-6\/\"]}]},{\"@type\":\"ImageObject\",\"inLanguage\":\"de\",\"@id\":\"https:\/\/www.rightwayasia.com\/de\/product\/edelstahl\/khl-tiefkhlschrnke\/qng-6\/#primaryimage\",\"url\":\"https:\/\/www.rightwayasia.com\/wp-content\/uploads\/2026\/03\/QNG-6-CORPO_CH_LOW.png\",\"contentUrl\":\"https:\/\/www.rightwayasia.com\/wp-content\/uploads\/2026\/03\/QNG-6-CORPO_CH_LOW.png\",\"width\":281,\"height\":567,\"caption\":\"Image of QNG 6\"},{\"@type\":\"BreadcrumbList\",\"@id\":\"https:\/\/www.rightwayasia.com\/de\/product\/edelstahl\/khl-tiefkhlschrnke\/qng-6\/#breadcrumb\",\"itemListElement\":[{\"@type\":\"ListItem\",\"position\":1,\"name\":\"Home\",\"item\":\"https:\/\/www.rightwayasia.com\/de\/\"},{\"@type\":\"ListItem\",\"position\":2,\"name\":\"Suche\",\"item\":\"https:\/\/www.rightwayasia.com\/de\/suche\/\"},{\"@type\":\"ListItem\",\"position\":3,\"name\":\"QNG 6\"}]},{\"@type\":\"WebSite\",\"@id\":\"https:\/\/www.rightwayasia.com\/#website\",\"url\":\"https:\/\/www.rightwayasia.com\/\",\"name\":\"Rightway Asia\",\"description\":\"Professional refrigeration solutions\",\"publisher\":{\"@id\":\"https:\/\/www.rightwayasia.com\/#organization\"},\"potentialAction\":[{\"@type\":\"SearchAction\",\"target\":{\"@type\":\"EntryPoint\",\"urlTemplate\":\"https:\/\/www.rightwayasia.com\/?s={search_term_string}\"},\"query-input\":\"required name=search_term_string\"}],\"inLanguage\":\"de\"},{\"@type\":\"Organization\",\"@id\":\"https:\/\/www.rightwayasia.com\/#organization\",\"name\":\"Rightway Asia\",\"url\":\"https:\/\/www.rightwayasia.com\/\",\"logo\":{\"@type\":\"ImageObject\",\"inLanguage\":\"de\",\"@id\":\"https:\/\/www.rightwayasia.com\/#\/schema\/logo\/image\/\",\"url\":\"https:\/\/www.rightwayasia.com\/wp-content\/uploads\/2021\/08\/RWA-RED-1-2048x591-2.png\",\"contentUrl\":\"https:\/\/www.rightwayasia.com\/wp-content\/uploads\/2021\/08\/RWA-RED-1-2048x591-2.png\",\"width\":2048,\"height\":591,\"caption\":\"Rightway Asia\"},\"image\":{\"@id\":\"https:\/\/www.rightwayasia.com\/#\/schema\/logo\/image\/\"}}]}<\/script>\n<!-- \/ Yoast SEO plugin. -->","yoast_head_json":{"title":"QNG 6 - Rightway Asia","robots":{"index":"index","follow":"follow","max-snippet":"max-snippet:-1","max-image-preview":"max-image-preview:large","max-video-preview":"max-video-preview:-1"},"canonical":"https:\/\/www.rightwayasia.com\/de\/product\/edelstahl\/khl-tiefkhlschrnke\/qng-6\/","og_locale":"de_DE","og_type":"article","og_title":"QNG 6 - Rightway Asia","og_description":"GN2\/1 Tiefk\u00fchlschrank (Glast\u00fcr) Edelstahl innen und au\u00dfen W\u00e4rmebr\u00fcckenblocker gegen Kondensation (Beheizten) Umluftk\u00fchlung Verdampfer mit Anti- Korrosions Behandlung Hei\u00dfgasabtauung Isolierungsmaterial Cyclopentane (80mm &#8211; FCKW frei) Gerundete Ecken f\u00fcr einfaches Reinigen Digitales Thermostat Wei\u00df beleuchteter Hauptschalter LED Beleuchtung und Schloss als Standard herausnehmbare T\u00fcrdichtung Glast\u00fcr: mit selbstschlie\u00dfendem und beheiztem Rahmen (T\u00fcranschlag nicht wechselbar) Eingesch\u00e4umter T\u00fcrgriff 3 H\u00f6henverstellbare [&hellip;]","og_url":"https:\/\/www.rightwayasia.com\/de\/product\/edelstahl\/khl-tiefkhlschrnke\/qng-6\/","og_site_name":"Rightway Asia","article_modified_time":"2025-04-07T08:41:11+00:00","og_image":[{"width":281,"height":567,"url":"https:\/\/www.rightwayasia.com\/wp-content\/uploads\/2025\/04\/QNG-6-CORPO_CH_LOW.png","type":"image\/png"}],"twitter_card":"summary_large_image","schema":{"@context":"https:\/\/schema.org","@graph":[{"@type":"WebPage","@id":"https:\/\/www.rightwayasia.com\/de\/product\/edelstahl\/khl-tiefkhlschrnke\/qng-6\/","url":"https:\/\/www.rightwayasia.com\/de\/product\/edelstahl\/khl-tiefkhlschrnke\/qng-6\/","name":"QNG 6 - Rightway Asia","isPartOf":{"@id":"https:\/\/www.rightwayasia.com\/#website"},"primaryImageOfPage":{"@id":"https:\/\/www.rightwayasia.com\/de\/product\/edelstahl\/khl-tiefkhlschrnke\/qng-6\/#primaryimage"},"image":{"@id":"https:\/\/www.rightwayasia.com\/de\/product\/edelstahl\/khl-tiefkhlschrnke\/qng-6\/#primaryimage"},"thumbnailUrl":"https:\/\/www.rightwayasia.com\/wp-content\/uploads\/2026\/03\/QNG-6-CORPO_CH_LOW.png","datePublished":"2023-04-12T17:25:37+00:00","dateModified":"2025-04-07T08:41:11+00:00","breadcrumb":{"@id":"https:\/\/www.rightwayasia.com\/de\/product\/edelstahl\/khl-tiefkhlschrnke\/qng-6\/#breadcrumb"},"inLanguage":"de","potentialAction":[{"@type":"ReadAction","target":["https:\/\/www.rightwayasia.com\/de\/product\/edelstahl\/khl-tiefkhlschrnke\/qng-6\/"]}]},{"@type":"ImageObject","inLanguage":"de","@id":"https:\/\/www.rightwayasia.com\/de\/product\/edelstahl\/khl-tiefkhlschrnke\/qng-6\/#primaryimage","url":"https:\/\/www.rightwayasia.com\/wp-content\/uploads\/2026\/03\/QNG-6-CORPO_CH_LOW.png","contentUrl":"https:\/\/www.rightwayasia.com\/wp-content\/uploads\/2026\/03\/QNG-6-CORPO_CH_LOW.png","width":281,"height":567,"caption":"Image of QNG 6"},{"@type":"BreadcrumbList","@id":"https:\/\/www.rightwayasia.com\/de\/product\/edelstahl\/khl-tiefkhlschrnke\/qng-6\/#breadcrumb","itemListElement":[{"@type":"ListItem","position":1,"name":"Home","item":"https:\/\/www.rightwayasia.com\/de\/"},{"@type":"ListItem","position":2,"name":"Suche","item":"https:\/\/www.rightwayasia.com\/de\/suche\/"},{"@type":"ListItem","position":3,"name":"QNG 6"}]},{"@type":"WebSite","@id":"https:\/\/www.rightwayasia.com\/#website","url":"https:\/\/www.rightwayasia.com\/","name":"Rightway Asia","description":"Professional refrigeration solutions","publisher":{"@id":"https:\/\/www.rightwayasia.com\/#organization"},"potentialAction":[{"@type":"SearchAction","target":{"@type":"EntryPoint","urlTemplate":"https:\/\/www.rightwayasia.com\/?s={search_term_string}"},"query-input":"required name=search_term_string"}],"inLanguage":"de"},{"@type":"Organization","@id":"https:\/\/www.rightwayasia.com\/#organization","name":"Rightway Asia","url":"https:\/\/www.rightwayasia.com\/","logo":{"@type":"ImageObject","inLanguage":"de","@id":"https:\/\/www.rightwayasia.com\/#\/schema\/logo\/image\/","url":"https:\/\/www.rightwayasia.com\/wp-content\/uploads\/2021\/08\/RWA-RED-1-2048x591-2.png","contentUrl":"https:\/\/www.rightwayasia.com\/wp-content\/uploads\/2021\/08\/RWA-RED-1-2048x591-2.png","width":2048,"height":591,"caption":"Rightway Asia"},"image":{"@id":"https:\/\/www.rightwayasia.com\/#\/schema\/logo\/image\/"}}]}},"_links":{"self":[{"href":"https:\/\/www.rightwayasia.com\/de\/wp-json\/wp\/v2\/product\/4341188"}],"collection":[{"href":"https:\/\/www.rightwayasia.com\/de\/wp-json\/wp\/v2\/product"}],"about":[{"href":"https:\/\/www.rightwayasia.com\/de\/wp-json\/wp\/v2\/types\/product"}],"wp:featuredmedia":[{"embeddable":true,"href":"https:\/\/www.rightwayasia.com\/de\/wp-json\/wp\/v2\/media\/8254982"}],"wp:attachment":[{"href":"https:\/\/www.rightwayasia.com\/de\/wp-json\/wp\/v2\/media?parent=4341188"}],"wp:term":[{"taxonomy":"product_cat","embeddable":true,"href":"https:\/\/www.rightwayasia.com\/de\/wp-json\/wp\/v2\/product_cat?post=4341188"},{"taxonomy":"product_tag","embeddable":true,"href":"https:\/\/www.rightwayasia.com\/de\/wp-json\/wp\/v2\/product_tag?post=4341188"}],"curies":[{"name":"wp","href":"https:\/\/api.w.org\/{rel}","templated":true}]}}