{"id":4341210,"date":"2023-04-12T17:26:09","date_gmt":"2023-04-12T17:26:09","guid":{"rendered":"https:\/\/www.rightwayasia.com\/product\/unkategorisiert\/qr-12\/"},"modified":"2025-04-07T06:47:10","modified_gmt":"2025-04-07T06:47:10","slug":"qr-12","status":"publish","type":"product","link":"https:\/\/www.rightwayasia.com\/de\/product\/edelstahl\/khl-tiefkhlschrnke\/qr-12\/","title":{"rendered":"QR 12"},"content":{"rendered":"<p>GN2\/1 K\u00fchlschrank<br \/>\nEdelstahl innen und au\u00dfen<br \/>\nW\u00e4rmebr\u00fcckenblocker gegen Kondensation<br \/>\nUmluftk\u00fchlung<br \/>\nVerdampfer mit Anti- Korrosions Behandlung<br \/>\nHei\u00dfgasabtauung<br \/>\nIsolierungsmaterial Cyclopentane (80mm &#8211; FCKW frei)<br \/>\nGerundete Ecken f\u00fcr einfaches Reinigen<br \/>\nDigitales Thermostat<br \/>\nWei\u00df beleuchteter Hauptschalter<br \/>\nLED Beleuchtung und Schloss als Standard<br \/>\nherausnehmbare T\u00fcrdichtung<br \/>\nSelbstschlie\u00dfende T\u00fcr<br \/>\nEingesch\u00e4umter T\u00fcrgriff<br \/>\n6 H\u00f6henverstellbare GN2\/1 Einsch\u00fcbe + 2 Bodeneinsch\u00fcbe<br \/>\n4 H\u00f6henverstellbare Edelstahlf\u00fc\u00dfe &#8211; Lenkrollen mit Feststellbremse optional<br \/>\nEnergieeffizienzklasse: C<\/p>\n<p>&nbsp;<\/p>\n","protected":false},"excerpt":{"rendered":"<p>GN2\/1 K\u00fchlschrank Edelstahl innen und au\u00dfen W\u00e4rmebr\u00fcckenblocker gegen Kondensation Umluftk\u00fchlung Verdampfer mit Anti- Korrosions Behandlung Hei\u00dfgasabtauung Isolierungsmaterial Cyclopentane (80mm &#8211; FCKW frei) Gerundete Ecken f\u00fcr einfaches Reinigen Digitales Thermostat Wei\u00df beleuchteter Hauptschalter LED Beleuchtung und Schloss als Standard herausnehmbare T\u00fcrdichtung Selbstschlie\u00dfende T\u00fcr Eingesch\u00e4umter T\u00fcrgriff 6 H\u00f6henverstellbare GN2\/1 Einsch\u00fcbe + 2 Bodeneinsch\u00fcbe 4 H\u00f6henverstellbare Edelstahlf\u00fc\u00dfe &#8211; [&hellip;]<\/p>\n","protected":false},"featured_media":8254890,"template":"","meta":{"_acf_changed":false},"product_cat":[11691,11692],"product_tag":[],"acf":[],"yoast_head":"<!-- This site is optimized with the Yoast SEO plugin v22.2 - https:\/\/yoast.com\/wordpress\/plugins\/seo\/ -->\n<title>QR 12 - Rightway Asia<\/title>\n<meta name=\"robots\" content=\"index, follow, max-snippet:-1, max-image-preview:large, max-video-preview:-1\" \/>\n<link rel=\"canonical\" href=\"https:\/\/www.rightwayasia.com\/de\/product\/edelstahl\/khl-tiefkhlschrnke\/qr-12\/\" \/>\n<meta property=\"og:locale\" content=\"de_DE\" \/>\n<meta property=\"og:type\" content=\"article\" \/>\n<meta property=\"og:title\" content=\"QR 12 - Rightway Asia\" \/>\n<meta property=\"og:description\" content=\"GN2\/1 K\u00fchlschrank Edelstahl innen und au\u00dfen W\u00e4rmebr\u00fcckenblocker gegen Kondensation Umluftk\u00fchlung Verdampfer mit Anti- Korrosions Behandlung Hei\u00dfgasabtauung Isolierungsmaterial Cyclopentane (80mm &#8211; FCKW frei) Gerundete Ecken f\u00fcr einfaches Reinigen Digitales Thermostat Wei\u00df beleuchteter Hauptschalter LED Beleuchtung und Schloss als Standard herausnehmbare T\u00fcrdichtung Selbstschlie\u00dfende T\u00fcr Eingesch\u00e4umter T\u00fcrgriff 6 H\u00f6henverstellbare GN2\/1 Einsch\u00fcbe + 2 Bodeneinsch\u00fcbe 4 H\u00f6henverstellbare Edelstahlf\u00fc\u00dfe &#8211; [&hellip;]\" \/>\n<meta property=\"og:url\" content=\"https:\/\/www.rightwayasia.com\/de\/product\/edelstahl\/khl-tiefkhlschrnke\/qr-12\/\" \/>\n<meta property=\"og:site_name\" content=\"Rightway Asia\" \/>\n<meta property=\"article:modified_time\" content=\"2025-04-07T06:47:10+00:00\" \/>\n<meta property=\"og:image\" content=\"https:\/\/www.rightwayasia.com\/wp-content\/uploads\/2025\/04\/QR-12-CORPO_CH_LOW.png\" \/>\n\t<meta property=\"og:image:width\" content=\"504\" \/>\n\t<meta property=\"og:image:height\" content=\"567\" \/>\n\t<meta property=\"og:image:type\" content=\"image\/png\" \/>\n<meta name=\"twitter:card\" content=\"summary_large_image\" \/>\n<script type=\"application\/ld+json\" class=\"yoast-schema-graph\">{\"@context\":\"https:\/\/schema.org\",\"@graph\":[{\"@type\":\"WebPage\",\"@id\":\"https:\/\/www.rightwayasia.com\/de\/product\/edelstahl\/khl-tiefkhlschrnke\/qr-12\/\",\"url\":\"https:\/\/www.rightwayasia.com\/de\/product\/edelstahl\/khl-tiefkhlschrnke\/qr-12\/\",\"name\":\"QR 12 - Rightway Asia\",\"isPartOf\":{\"@id\":\"https:\/\/www.rightwayasia.com\/#website\"},\"primaryImageOfPage\":{\"@id\":\"https:\/\/www.rightwayasia.com\/de\/product\/edelstahl\/khl-tiefkhlschrnke\/qr-12\/#primaryimage\"},\"image\":{\"@id\":\"https:\/\/www.rightwayasia.com\/de\/product\/edelstahl\/khl-tiefkhlschrnke\/qr-12\/#primaryimage\"},\"thumbnailUrl\":\"https:\/\/www.rightwayasia.com\/wp-content\/uploads\/2026\/03\/QR-12-CORPO_CH_LOW.png\",\"datePublished\":\"2023-04-12T17:26:09+00:00\",\"dateModified\":\"2025-04-07T06:47:10+00:00\",\"breadcrumb\":{\"@id\":\"https:\/\/www.rightwayasia.com\/de\/product\/edelstahl\/khl-tiefkhlschrnke\/qr-12\/#breadcrumb\"},\"inLanguage\":\"de\",\"potentialAction\":[{\"@type\":\"ReadAction\",\"target\":[\"https:\/\/www.rightwayasia.com\/de\/product\/edelstahl\/khl-tiefkhlschrnke\/qr-12\/\"]}]},{\"@type\":\"ImageObject\",\"inLanguage\":\"de\",\"@id\":\"https:\/\/www.rightwayasia.com\/de\/product\/edelstahl\/khl-tiefkhlschrnke\/qr-12\/#primaryimage\",\"url\":\"https:\/\/www.rightwayasia.com\/wp-content\/uploads\/2026\/03\/QR-12-CORPO_CH_LOW.png\",\"contentUrl\":\"https:\/\/www.rightwayasia.com\/wp-content\/uploads\/2026\/03\/QR-12-CORPO_CH_LOW.png\",\"width\":504,\"height\":567,\"caption\":\"Image of QR 12\"},{\"@type\":\"BreadcrumbList\",\"@id\":\"https:\/\/www.rightwayasia.com\/de\/product\/edelstahl\/khl-tiefkhlschrnke\/qr-12\/#breadcrumb\",\"itemListElement\":[{\"@type\":\"ListItem\",\"position\":1,\"name\":\"Home\",\"item\":\"https:\/\/www.rightwayasia.com\/de\/\"},{\"@type\":\"ListItem\",\"position\":2,\"name\":\"Suche\",\"item\":\"https:\/\/www.rightwayasia.com\/de\/suche\/\"},{\"@type\":\"ListItem\",\"position\":3,\"name\":\"QR 12\"}]},{\"@type\":\"WebSite\",\"@id\":\"https:\/\/www.rightwayasia.com\/#website\",\"url\":\"https:\/\/www.rightwayasia.com\/\",\"name\":\"Rightway Asia\",\"description\":\"Professional refrigeration solutions\",\"publisher\":{\"@id\":\"https:\/\/www.rightwayasia.com\/#organization\"},\"potentialAction\":[{\"@type\":\"SearchAction\",\"target\":{\"@type\":\"EntryPoint\",\"urlTemplate\":\"https:\/\/www.rightwayasia.com\/?s={search_term_string}\"},\"query-input\":\"required name=search_term_string\"}],\"inLanguage\":\"de\"},{\"@type\":\"Organization\",\"@id\":\"https:\/\/www.rightwayasia.com\/#organization\",\"name\":\"Rightway Asia\",\"url\":\"https:\/\/www.rightwayasia.com\/\",\"logo\":{\"@type\":\"ImageObject\",\"inLanguage\":\"de\",\"@id\":\"https:\/\/www.rightwayasia.com\/#\/schema\/logo\/image\/\",\"url\":\"https:\/\/www.rightwayasia.com\/wp-content\/uploads\/2021\/08\/RWA-RED-1-2048x591-2.png\",\"contentUrl\":\"https:\/\/www.rightwayasia.com\/wp-content\/uploads\/2021\/08\/RWA-RED-1-2048x591-2.png\",\"width\":2048,\"height\":591,\"caption\":\"Rightway Asia\"},\"image\":{\"@id\":\"https:\/\/www.rightwayasia.com\/#\/schema\/logo\/image\/\"}}]}<\/script>\n<!-- \/ Yoast SEO plugin. -->","yoast_head_json":{"title":"QR 12 - Rightway Asia","robots":{"index":"index","follow":"follow","max-snippet":"max-snippet:-1","max-image-preview":"max-image-preview:large","max-video-preview":"max-video-preview:-1"},"canonical":"https:\/\/www.rightwayasia.com\/de\/product\/edelstahl\/khl-tiefkhlschrnke\/qr-12\/","og_locale":"de_DE","og_type":"article","og_title":"QR 12 - Rightway Asia","og_description":"GN2\/1 K\u00fchlschrank Edelstahl innen und au\u00dfen W\u00e4rmebr\u00fcckenblocker gegen Kondensation Umluftk\u00fchlung Verdampfer mit Anti- Korrosions Behandlung Hei\u00dfgasabtauung Isolierungsmaterial Cyclopentane (80mm &#8211; FCKW frei) Gerundete Ecken f\u00fcr einfaches Reinigen Digitales Thermostat Wei\u00df beleuchteter Hauptschalter LED Beleuchtung und Schloss als Standard herausnehmbare T\u00fcrdichtung Selbstschlie\u00dfende T\u00fcr Eingesch\u00e4umter T\u00fcrgriff 6 H\u00f6henverstellbare GN2\/1 Einsch\u00fcbe + 2 Bodeneinsch\u00fcbe 4 H\u00f6henverstellbare Edelstahlf\u00fc\u00dfe &#8211; [&hellip;]","og_url":"https:\/\/www.rightwayasia.com\/de\/product\/edelstahl\/khl-tiefkhlschrnke\/qr-12\/","og_site_name":"Rightway Asia","article_modified_time":"2025-04-07T06:47:10+00:00","og_image":[{"width":504,"height":567,"url":"https:\/\/www.rightwayasia.com\/wp-content\/uploads\/2025\/04\/QR-12-CORPO_CH_LOW.png","type":"image\/png"}],"twitter_card":"summary_large_image","schema":{"@context":"https:\/\/schema.org","@graph":[{"@type":"WebPage","@id":"https:\/\/www.rightwayasia.com\/de\/product\/edelstahl\/khl-tiefkhlschrnke\/qr-12\/","url":"https:\/\/www.rightwayasia.com\/de\/product\/edelstahl\/khl-tiefkhlschrnke\/qr-12\/","name":"QR 12 - Rightway Asia","isPartOf":{"@id":"https:\/\/www.rightwayasia.com\/#website"},"primaryImageOfPage":{"@id":"https:\/\/www.rightwayasia.com\/de\/product\/edelstahl\/khl-tiefkhlschrnke\/qr-12\/#primaryimage"},"image":{"@id":"https:\/\/www.rightwayasia.com\/de\/product\/edelstahl\/khl-tiefkhlschrnke\/qr-12\/#primaryimage"},"thumbnailUrl":"https:\/\/www.rightwayasia.com\/wp-content\/uploads\/2026\/03\/QR-12-CORPO_CH_LOW.png","datePublished":"2023-04-12T17:26:09+00:00","dateModified":"2025-04-07T06:47:10+00:00","breadcrumb":{"@id":"https:\/\/www.rightwayasia.com\/de\/product\/edelstahl\/khl-tiefkhlschrnke\/qr-12\/#breadcrumb"},"inLanguage":"de","potentialAction":[{"@type":"ReadAction","target":["https:\/\/www.rightwayasia.com\/de\/product\/edelstahl\/khl-tiefkhlschrnke\/qr-12\/"]}]},{"@type":"ImageObject","inLanguage":"de","@id":"https:\/\/www.rightwayasia.com\/de\/product\/edelstahl\/khl-tiefkhlschrnke\/qr-12\/#primaryimage","url":"https:\/\/www.rightwayasia.com\/wp-content\/uploads\/2026\/03\/QR-12-CORPO_CH_LOW.png","contentUrl":"https:\/\/www.rightwayasia.com\/wp-content\/uploads\/2026\/03\/QR-12-CORPO_CH_LOW.png","width":504,"height":567,"caption":"Image of QR 12"},{"@type":"BreadcrumbList","@id":"https:\/\/www.rightwayasia.com\/de\/product\/edelstahl\/khl-tiefkhlschrnke\/qr-12\/#breadcrumb","itemListElement":[{"@type":"ListItem","position":1,"name":"Home","item":"https:\/\/www.rightwayasia.com\/de\/"},{"@type":"ListItem","position":2,"name":"Suche","item":"https:\/\/www.rightwayasia.com\/de\/suche\/"},{"@type":"ListItem","position":3,"name":"QR 12"}]},{"@type":"WebSite","@id":"https:\/\/www.rightwayasia.com\/#website","url":"https:\/\/www.rightwayasia.com\/","name":"Rightway Asia","description":"Professional refrigeration solutions","publisher":{"@id":"https:\/\/www.rightwayasia.com\/#organization"},"potentialAction":[{"@type":"SearchAction","target":{"@type":"EntryPoint","urlTemplate":"https:\/\/www.rightwayasia.com\/?s={search_term_string}"},"query-input":"required name=search_term_string"}],"inLanguage":"de"},{"@type":"Organization","@id":"https:\/\/www.rightwayasia.com\/#organization","name":"Rightway Asia","url":"https:\/\/www.rightwayasia.com\/","logo":{"@type":"ImageObject","inLanguage":"de","@id":"https:\/\/www.rightwayasia.com\/#\/schema\/logo\/image\/","url":"https:\/\/www.rightwayasia.com\/wp-content\/uploads\/2021\/08\/RWA-RED-1-2048x591-2.png","contentUrl":"https:\/\/www.rightwayasia.com\/wp-content\/uploads\/2021\/08\/RWA-RED-1-2048x591-2.png","width":2048,"height":591,"caption":"Rightway Asia"},"image":{"@id":"https:\/\/www.rightwayasia.com\/#\/schema\/logo\/image\/"}}]}},"_links":{"self":[{"href":"https:\/\/www.rightwayasia.com\/de\/wp-json\/wp\/v2\/product\/4341210"}],"collection":[{"href":"https:\/\/www.rightwayasia.com\/de\/wp-json\/wp\/v2\/product"}],"about":[{"href":"https:\/\/www.rightwayasia.com\/de\/wp-json\/wp\/v2\/types\/product"}],"wp:featuredmedia":[{"embeddable":true,"href":"https:\/\/www.rightwayasia.com\/de\/wp-json\/wp\/v2\/media\/8254890"}],"wp:attachment":[{"href":"https:\/\/www.rightwayasia.com\/de\/wp-json\/wp\/v2\/media?parent=4341210"}],"wp:term":[{"taxonomy":"product_cat","embeddable":true,"href":"https:\/\/www.rightwayasia.com\/de\/wp-json\/wp\/v2\/product_cat?post=4341210"},{"taxonomy":"product_tag","embeddable":true,"href":"https:\/\/www.rightwayasia.com\/de\/wp-json\/wp\/v2\/product_tag?post=4341210"}],"curies":[{"name":"wp","href":"https:\/\/api.w.org\/{rel}","templated":true}]}}