{"id":4341379,"date":"2023-04-12T17:31:30","date_gmt":"2023-04-12T17:31:30","guid":{"rendered":"https:\/\/www.rightwayasia.com\/product\/unkategorisiert\/gex-688v\/"},"modified":"2025-04-07T11:11:18","modified_gmt":"2025-04-07T11:11:18","slug":"gex-688v","status":"publish","type":"product","link":"https:\/\/www.rightwayasia.com\/de\/product\/edelstahl\/khl-tiefkhlschrnke\/gex-688v\/","title":{"rendered":"GEX 688V"},"content":{"rendered":"<p>GN2\/1 Tiefk\u00fchlschrank<br \/>\nEdelstahl innen und au\u00dfen<br \/>\nUmluftk\u00fchlung<br \/>\nVerdampfer und Kondensator mit Anti-Korrosions Beschichtung<br \/>\nMaschinenraum unten (f\u00fcr komfortables Lagern im K\u00fchlschrank)<br \/>\nHei\u00dfgasabtauung<br \/>\nDigitales Thermostat mit &#8222;T\u00fcr\u00f6ffnungs-&#8220; sowie &#8222;Hoch Temperaturalarm&#8220;<br \/>\nIsolierungsmaterial Cyclopentane (80mm &#8211; FCKW frei)<br \/>\nherausnehmbare T\u00fcrdichtung<br \/>\nLED Beleuchtung und Schloss als Standard<br \/>\nT\u00fcr: Selbstschlie\u00dfend mit wechselbarem T\u00fcranschlag<br \/>\n9 H\u00f6henverstellbare GN2\/1 Einsch\u00fcbe<br \/>\nW\u00e4rmebr\u00fcckenblocker gegen Kondensation (Hei\u00dfrohrsystem)<br \/>\nKapazit\u00e4t von GN1\/3 Speiseeisbeh\u00e4ltern (150mm Tiefe): 46 St\u00fcck<br \/>\nKapazit\u00e4t von 320x165x120mm Speiseeisbeh\u00e4ltern (5 Liter): 54 St\u00fcck<br \/>\n4 H\u00f6henverstellbare F\u00fc\u00dfe \/ Lenkrollen mit Feststellbremse optional<br \/>\nEnergieeffizienzklasse: D<\/p>\n<p>&nbsp;<\/p>\n","protected":false},"excerpt":{"rendered":"<p>GN2\/1 Tiefk\u00fchlschrank Edelstahl innen und au\u00dfen Umluftk\u00fchlung Verdampfer und Kondensator mit Anti-Korrosions Beschichtung Maschinenraum unten (f\u00fcr komfortables Lagern im K\u00fchlschrank) Hei\u00dfgasabtauung Digitales Thermostat mit &#8222;T\u00fcr\u00f6ffnungs-&#8220; sowie &#8222;Hoch Temperaturalarm&#8220; Isolierungsmaterial Cyclopentane (80mm &#8211; FCKW frei) herausnehmbare T\u00fcrdichtung LED Beleuchtung und Schloss als Standard T\u00fcr: Selbstschlie\u00dfend mit wechselbarem T\u00fcranschlag 9 H\u00f6henverstellbare GN2\/1 Einsch\u00fcbe W\u00e4rmebr\u00fcckenblocker gegen Kondensation (Hei\u00dfrohrsystem) [&hellip;]<\/p>\n","protected":false},"featured_media":8255193,"template":"","meta":{"_acf_changed":false},"product_cat":[11691,11692],"product_tag":[],"acf":[],"yoast_head":"<!-- This site is optimized with the Yoast SEO plugin v22.2 - https:\/\/yoast.com\/wordpress\/plugins\/seo\/ -->\n<title>GEX 688V - Rightway Asia<\/title>\n<meta name=\"robots\" content=\"index, follow, max-snippet:-1, max-image-preview:large, max-video-preview:-1\" \/>\n<link rel=\"canonical\" href=\"https:\/\/www.rightwayasia.com\/de\/product\/edelstahl\/khl-tiefkhlschrnke\/gex-688v\/\" \/>\n<meta property=\"og:locale\" content=\"de_DE\" \/>\n<meta property=\"og:type\" content=\"article\" \/>\n<meta property=\"og:title\" content=\"GEX 688V - Rightway Asia\" \/>\n<meta property=\"og:description\" content=\"GN2\/1 Tiefk\u00fchlschrank Edelstahl innen und au\u00dfen Umluftk\u00fchlung Verdampfer und Kondensator mit Anti-Korrosions Beschichtung Maschinenraum unten (f\u00fcr komfortables Lagern im K\u00fchlschrank) Hei\u00dfgasabtauung Digitales Thermostat mit &#8222;T\u00fcr\u00f6ffnungs-&#8220; sowie &#8222;Hoch Temperaturalarm&#8220; Isolierungsmaterial Cyclopentane (80mm &#8211; FCKW frei) herausnehmbare T\u00fcrdichtung LED Beleuchtung und Schloss als Standard T\u00fcr: Selbstschlie\u00dfend mit wechselbarem T\u00fcranschlag 9 H\u00f6henverstellbare GN2\/1 Einsch\u00fcbe W\u00e4rmebr\u00fcckenblocker gegen Kondensation (Hei\u00dfrohrsystem) [&hellip;]\" \/>\n<meta property=\"og:url\" content=\"https:\/\/www.rightwayasia.com\/de\/product\/edelstahl\/khl-tiefkhlschrnke\/gex-688v\/\" \/>\n<meta property=\"og:site_name\" content=\"Rightway Asia\" \/>\n<meta property=\"article:modified_time\" content=\"2025-04-07T11:11:18+00:00\" \/>\n<meta property=\"og:image\" content=\"https:\/\/www.rightwayasia.com\/wp-content\/uploads\/2025\/04\/GEX-688V-CORPO_CH_LOW.png\" \/>\n\t<meta property=\"og:image:width\" content=\"415\" \/>\n\t<meta property=\"og:image:height\" content=\"567\" \/>\n\t<meta property=\"og:image:type\" content=\"image\/png\" \/>\n<meta name=\"twitter:card\" content=\"summary_large_image\" \/>\n<meta name=\"twitter:label1\" content=\"Gesch\u00e4tzte Lesezeit\" \/>\n\t<meta name=\"twitter:data1\" content=\"1\u00a0Minute\" \/>\n<script type=\"application\/ld+json\" class=\"yoast-schema-graph\">{\"@context\":\"https:\/\/schema.org\",\"@graph\":[{\"@type\":\"WebPage\",\"@id\":\"https:\/\/www.rightwayasia.com\/de\/product\/edelstahl\/khl-tiefkhlschrnke\/gex-688v\/\",\"url\":\"https:\/\/www.rightwayasia.com\/de\/product\/edelstahl\/khl-tiefkhlschrnke\/gex-688v\/\",\"name\":\"GEX 688V - Rightway Asia\",\"isPartOf\":{\"@id\":\"https:\/\/www.rightwayasia.com\/#website\"},\"primaryImageOfPage\":{\"@id\":\"https:\/\/www.rightwayasia.com\/de\/product\/edelstahl\/khl-tiefkhlschrnke\/gex-688v\/#primaryimage\"},\"image\":{\"@id\":\"https:\/\/www.rightwayasia.com\/de\/product\/edelstahl\/khl-tiefkhlschrnke\/gex-688v\/#primaryimage\"},\"thumbnailUrl\":\"https:\/\/www.rightwayasia.com\/wp-content\/uploads\/2026\/03\/GEX-688V-CORPO_CH_LOW.png\",\"datePublished\":\"2023-04-12T17:31:30+00:00\",\"dateModified\":\"2025-04-07T11:11:18+00:00\",\"breadcrumb\":{\"@id\":\"https:\/\/www.rightwayasia.com\/de\/product\/edelstahl\/khl-tiefkhlschrnke\/gex-688v\/#breadcrumb\"},\"inLanguage\":\"de\",\"potentialAction\":[{\"@type\":\"ReadAction\",\"target\":[\"https:\/\/www.rightwayasia.com\/de\/product\/edelstahl\/khl-tiefkhlschrnke\/gex-688v\/\"]}]},{\"@type\":\"ImageObject\",\"inLanguage\":\"de\",\"@id\":\"https:\/\/www.rightwayasia.com\/de\/product\/edelstahl\/khl-tiefkhlschrnke\/gex-688v\/#primaryimage\",\"url\":\"https:\/\/www.rightwayasia.com\/wp-content\/uploads\/2026\/03\/GEX-688V-CORPO_CH_LOW.png\",\"contentUrl\":\"https:\/\/www.rightwayasia.com\/wp-content\/uploads\/2026\/03\/GEX-688V-CORPO_CH_LOW.png\",\"width\":415,\"height\":567,\"caption\":\"Image of GEX 688V\"},{\"@type\":\"BreadcrumbList\",\"@id\":\"https:\/\/www.rightwayasia.com\/de\/product\/edelstahl\/khl-tiefkhlschrnke\/gex-688v\/#breadcrumb\",\"itemListElement\":[{\"@type\":\"ListItem\",\"position\":1,\"name\":\"Home\",\"item\":\"https:\/\/www.rightwayasia.com\/de\/\"},{\"@type\":\"ListItem\",\"position\":2,\"name\":\"Suche\",\"item\":\"https:\/\/www.rightwayasia.com\/de\/suche\/\"},{\"@type\":\"ListItem\",\"position\":3,\"name\":\"GEX 688V\"}]},{\"@type\":\"WebSite\",\"@id\":\"https:\/\/www.rightwayasia.com\/#website\",\"url\":\"https:\/\/www.rightwayasia.com\/\",\"name\":\"Rightway Asia\",\"description\":\"Professional refrigeration solutions\",\"publisher\":{\"@id\":\"https:\/\/www.rightwayasia.com\/#organization\"},\"potentialAction\":[{\"@type\":\"SearchAction\",\"target\":{\"@type\":\"EntryPoint\",\"urlTemplate\":\"https:\/\/www.rightwayasia.com\/?s={search_term_string}\"},\"query-input\":\"required name=search_term_string\"}],\"inLanguage\":\"de\"},{\"@type\":\"Organization\",\"@id\":\"https:\/\/www.rightwayasia.com\/#organization\",\"name\":\"Rightway Asia\",\"url\":\"https:\/\/www.rightwayasia.com\/\",\"logo\":{\"@type\":\"ImageObject\",\"inLanguage\":\"de\",\"@id\":\"https:\/\/www.rightwayasia.com\/#\/schema\/logo\/image\/\",\"url\":\"https:\/\/www.rightwayasia.com\/wp-content\/uploads\/2021\/08\/RWA-RED-1-2048x591-2.png\",\"contentUrl\":\"https:\/\/www.rightwayasia.com\/wp-content\/uploads\/2021\/08\/RWA-RED-1-2048x591-2.png\",\"width\":2048,\"height\":591,\"caption\":\"Rightway Asia\"},\"image\":{\"@id\":\"https:\/\/www.rightwayasia.com\/#\/schema\/logo\/image\/\"}}]}<\/script>\n<!-- \/ Yoast SEO plugin. -->","yoast_head_json":{"title":"GEX 688V - Rightway Asia","robots":{"index":"index","follow":"follow","max-snippet":"max-snippet:-1","max-image-preview":"max-image-preview:large","max-video-preview":"max-video-preview:-1"},"canonical":"https:\/\/www.rightwayasia.com\/de\/product\/edelstahl\/khl-tiefkhlschrnke\/gex-688v\/","og_locale":"de_DE","og_type":"article","og_title":"GEX 688V - Rightway Asia","og_description":"GN2\/1 Tiefk\u00fchlschrank Edelstahl innen und au\u00dfen Umluftk\u00fchlung Verdampfer und Kondensator mit Anti-Korrosions Beschichtung Maschinenraum unten (f\u00fcr komfortables Lagern im K\u00fchlschrank) Hei\u00dfgasabtauung Digitales Thermostat mit &#8222;T\u00fcr\u00f6ffnungs-&#8220; sowie &#8222;Hoch Temperaturalarm&#8220; Isolierungsmaterial Cyclopentane (80mm &#8211; FCKW frei) herausnehmbare T\u00fcrdichtung LED Beleuchtung und Schloss als Standard T\u00fcr: Selbstschlie\u00dfend mit wechselbarem T\u00fcranschlag 9 H\u00f6henverstellbare GN2\/1 Einsch\u00fcbe W\u00e4rmebr\u00fcckenblocker gegen Kondensation (Hei\u00dfrohrsystem) [&hellip;]","og_url":"https:\/\/www.rightwayasia.com\/de\/product\/edelstahl\/khl-tiefkhlschrnke\/gex-688v\/","og_site_name":"Rightway Asia","article_modified_time":"2025-04-07T11:11:18+00:00","og_image":[{"width":415,"height":567,"url":"https:\/\/www.rightwayasia.com\/wp-content\/uploads\/2025\/04\/GEX-688V-CORPO_CH_LOW.png","type":"image\/png"}],"twitter_card":"summary_large_image","twitter_misc":{"Gesch\u00e4tzte Lesezeit":"1\u00a0Minute"},"schema":{"@context":"https:\/\/schema.org","@graph":[{"@type":"WebPage","@id":"https:\/\/www.rightwayasia.com\/de\/product\/edelstahl\/khl-tiefkhlschrnke\/gex-688v\/","url":"https:\/\/www.rightwayasia.com\/de\/product\/edelstahl\/khl-tiefkhlschrnke\/gex-688v\/","name":"GEX 688V - Rightway Asia","isPartOf":{"@id":"https:\/\/www.rightwayasia.com\/#website"},"primaryImageOfPage":{"@id":"https:\/\/www.rightwayasia.com\/de\/product\/edelstahl\/khl-tiefkhlschrnke\/gex-688v\/#primaryimage"},"image":{"@id":"https:\/\/www.rightwayasia.com\/de\/product\/edelstahl\/khl-tiefkhlschrnke\/gex-688v\/#primaryimage"},"thumbnailUrl":"https:\/\/www.rightwayasia.com\/wp-content\/uploads\/2026\/03\/GEX-688V-CORPO_CH_LOW.png","datePublished":"2023-04-12T17:31:30+00:00","dateModified":"2025-04-07T11:11:18+00:00","breadcrumb":{"@id":"https:\/\/www.rightwayasia.com\/de\/product\/edelstahl\/khl-tiefkhlschrnke\/gex-688v\/#breadcrumb"},"inLanguage":"de","potentialAction":[{"@type":"ReadAction","target":["https:\/\/www.rightwayasia.com\/de\/product\/edelstahl\/khl-tiefkhlschrnke\/gex-688v\/"]}]},{"@type":"ImageObject","inLanguage":"de","@id":"https:\/\/www.rightwayasia.com\/de\/product\/edelstahl\/khl-tiefkhlschrnke\/gex-688v\/#primaryimage","url":"https:\/\/www.rightwayasia.com\/wp-content\/uploads\/2026\/03\/GEX-688V-CORPO_CH_LOW.png","contentUrl":"https:\/\/www.rightwayasia.com\/wp-content\/uploads\/2026\/03\/GEX-688V-CORPO_CH_LOW.png","width":415,"height":567,"caption":"Image of GEX 688V"},{"@type":"BreadcrumbList","@id":"https:\/\/www.rightwayasia.com\/de\/product\/edelstahl\/khl-tiefkhlschrnke\/gex-688v\/#breadcrumb","itemListElement":[{"@type":"ListItem","position":1,"name":"Home","item":"https:\/\/www.rightwayasia.com\/de\/"},{"@type":"ListItem","position":2,"name":"Suche","item":"https:\/\/www.rightwayasia.com\/de\/suche\/"},{"@type":"ListItem","position":3,"name":"GEX 688V"}]},{"@type":"WebSite","@id":"https:\/\/www.rightwayasia.com\/#website","url":"https:\/\/www.rightwayasia.com\/","name":"Rightway Asia","description":"Professional refrigeration solutions","publisher":{"@id":"https:\/\/www.rightwayasia.com\/#organization"},"potentialAction":[{"@type":"SearchAction","target":{"@type":"EntryPoint","urlTemplate":"https:\/\/www.rightwayasia.com\/?s={search_term_string}"},"query-input":"required name=search_term_string"}],"inLanguage":"de"},{"@type":"Organization","@id":"https:\/\/www.rightwayasia.com\/#organization","name":"Rightway Asia","url":"https:\/\/www.rightwayasia.com\/","logo":{"@type":"ImageObject","inLanguage":"de","@id":"https:\/\/www.rightwayasia.com\/#\/schema\/logo\/image\/","url":"https:\/\/www.rightwayasia.com\/wp-content\/uploads\/2021\/08\/RWA-RED-1-2048x591-2.png","contentUrl":"https:\/\/www.rightwayasia.com\/wp-content\/uploads\/2021\/08\/RWA-RED-1-2048x591-2.png","width":2048,"height":591,"caption":"Rightway Asia"},"image":{"@id":"https:\/\/www.rightwayasia.com\/#\/schema\/logo\/image\/"}}]}},"_links":{"self":[{"href":"https:\/\/www.rightwayasia.com\/de\/wp-json\/wp\/v2\/product\/4341379"}],"collection":[{"href":"https:\/\/www.rightwayasia.com\/de\/wp-json\/wp\/v2\/product"}],"about":[{"href":"https:\/\/www.rightwayasia.com\/de\/wp-json\/wp\/v2\/types\/product"}],"wp:featuredmedia":[{"embeddable":true,"href":"https:\/\/www.rightwayasia.com\/de\/wp-json\/wp\/v2\/media\/8255193"}],"wp:attachment":[{"href":"https:\/\/www.rightwayasia.com\/de\/wp-json\/wp\/v2\/media?parent=4341379"}],"wp:term":[{"taxonomy":"product_cat","embeddable":true,"href":"https:\/\/www.rightwayasia.com\/de\/wp-json\/wp\/v2\/product_cat?post=4341379"},{"taxonomy":"product_tag","embeddable":true,"href":"https:\/\/www.rightwayasia.com\/de\/wp-json\/wp\/v2\/product_tag?post=4341379"}],"curies":[{"name":"wp","href":"https:\/\/api.w.org\/{rel}","templated":true}]}}