{"id":4341474,"date":"2023-04-12T17:33:59","date_gmt":"2023-04-12T17:33:59","guid":{"rendered":"https:\/\/www.rightwayasia.com\/product\/unkategorisiert\/pa-800bt\/"},"modified":"2025-04-07T10:40:17","modified_gmt":"2025-04-07T10:40:17","slug":"pa-800bt","status":"publish","type":"product","link":"https:\/\/www.rightwayasia.com\/de\/product\/edelstahl\/khl-tiefkhlschrnke\/pa-800bt\/","title":{"rendered":"PA 800BT"},"content":{"rendered":"<p>Euronorm Tiefk\u00fchlschrank<br \/>\nEdelstahl innen und au\u00dfen<br \/>\nUmluftk\u00fchlung<br \/>\nVerdampfer mit Anti- Korrosions Behandlung<br \/>\nAutomatische Abtauung durch Abtauheizung<br \/>\nIsolierungsmaterial Cyclopentane (60mm &#8211; FCKW frei)<br \/>\nDigitales Thermostat<br \/>\nherausnehmbare T\u00fcrdichtung<br \/>\nLED Beleuchtung und Schloss als Standard<br \/>\nT\u00fcr: Selbstschlie\u00dfend mit wechselbarem T\u00fcranschlag<br \/>\nSet von 10 F\u00fchrungsschienen f\u00fcr B\u00e4ckerei Beh\u00e4lter 600&#215;800<br \/>\n4 H\u00f6henverstellbare Edelstahlf\u00fc\u00dfe &#8211; Lenkrollen mit Feststellbremse optional<br \/>\nEnergieeffizienzklasse: E<\/p>\n<p>&nbsp;<\/p>\n","protected":false},"excerpt":{"rendered":"<p>Mit einem klaren Design wurde dieses Modell entwickelt, um Back- und Konditoreiprodukte zu bewahren und zu lagern. Es ist mit einem digitalen Controller und einem unabh\u00e4ngigen Hauptumschalter ausgestattet. Der PA 800BT ist ein B\u00e4ckereimodell mit selbstschlie\u00dfender und umkehrbarer T\u00fcr, LED-Licht, serienm\u00e4\u00dfig eingebautem Schloss, einem Satz von 10 Einsch\u00fcben f\u00fcr Backbleche der Gr\u00f6\u00dfe 600&#215;800 und h\u00f6henverstellbaren F\u00fc\u00dfen (von 125 mm bis 185 mm). Die hohe Leistungsf\u00e4higkeit dieses Produkts wird durch die Verwendung des umweltfreundlichen Gases R290, eines bel\u00fcfteten K\u00fchlsystems, eines Verdampfers mit Korrosionsschutzbehandlung und eines 60 mm Isolierschaums auf jeder Seite erreicht.<\/p>\n","protected":false},"featured_media":8255172,"template":"","meta":{"_acf_changed":false},"product_cat":[11691,11692],"product_tag":[],"acf":[],"yoast_head":"<!-- This site is optimized with the Yoast SEO plugin v22.2 - https:\/\/yoast.com\/wordpress\/plugins\/seo\/ -->\n<title>PA 800BT - Rightway Asia<\/title>\n<meta name=\"robots\" content=\"index, follow, max-snippet:-1, max-image-preview:large, max-video-preview:-1\" \/>\n<link rel=\"canonical\" href=\"https:\/\/www.rightwayasia.com\/de\/product\/edelstahl\/khl-tiefkhlschrnke\/pa-800bt\/\" \/>\n<meta property=\"og:locale\" content=\"de_DE\" \/>\n<meta property=\"og:type\" content=\"article\" \/>\n<meta property=\"og:title\" content=\"PA 800BT - Rightway Asia\" \/>\n<meta property=\"og:description\" content=\"Mit einem klaren Design wurde dieses Modell entwickelt, um Back- und Konditoreiprodukte zu bewahren und zu lagern. Es ist mit einem digitalen Controller und einem unabh\u00e4ngigen Hauptumschalter ausgestattet. Der PA 800BT ist ein B\u00e4ckereimodell mit selbstschlie\u00dfender und umkehrbarer T\u00fcr, LED-Licht, serienm\u00e4\u00dfig eingebautem Schloss, einem Satz von 10 Einsch\u00fcben f\u00fcr Backbleche der Gr\u00f6\u00dfe 600x800 und h\u00f6henverstellbaren F\u00fc\u00dfen (von 125 mm bis 185 mm). Die hohe Leistungsf\u00e4higkeit dieses Produkts wird durch die Verwendung des umweltfreundlichen Gases R290, eines bel\u00fcfteten K\u00fchlsystems, eines Verdampfers mit Korrosionsschutzbehandlung und eines 60 mm Isolierschaums auf jeder Seite erreicht.\" \/>\n<meta property=\"og:url\" content=\"https:\/\/www.rightwayasia.com\/de\/product\/edelstahl\/khl-tiefkhlschrnke\/pa-800bt\/\" \/>\n<meta property=\"og:site_name\" content=\"Rightway Asia\" \/>\n<meta property=\"article:modified_time\" content=\"2025-04-07T10:40:17+00:00\" \/>\n<meta property=\"og:image\" content=\"https:\/\/www.rightwayasia.com\/wp-content\/uploads\/2025\/04\/PA-800BT-CORPO-OPEN_CH_HD.jpg\" \/>\n\t<meta property=\"og:image:width\" content=\"759\" \/>\n\t<meta property=\"og:image:height\" content=\"1181\" \/>\n\t<meta property=\"og:image:type\" content=\"image\/jpeg\" \/>\n<meta name=\"twitter:card\" content=\"summary_large_image\" \/>\n<script type=\"application\/ld+json\" class=\"yoast-schema-graph\">{\"@context\":\"https:\/\/schema.org\",\"@graph\":[{\"@type\":\"WebPage\",\"@id\":\"https:\/\/www.rightwayasia.com\/de\/product\/edelstahl\/khl-tiefkhlschrnke\/pa-800bt\/\",\"url\":\"https:\/\/www.rightwayasia.com\/de\/product\/edelstahl\/khl-tiefkhlschrnke\/pa-800bt\/\",\"name\":\"PA 800BT - Rightway Asia\",\"isPartOf\":{\"@id\":\"https:\/\/www.rightwayasia.com\/#website\"},\"primaryImageOfPage\":{\"@id\":\"https:\/\/www.rightwayasia.com\/de\/product\/edelstahl\/khl-tiefkhlschrnke\/pa-800bt\/#primaryimage\"},\"image\":{\"@id\":\"https:\/\/www.rightwayasia.com\/de\/product\/edelstahl\/khl-tiefkhlschrnke\/pa-800bt\/#primaryimage\"},\"thumbnailUrl\":\"https:\/\/www.rightwayasia.com\/wp-content\/uploads\/2026\/03\/PA-800BT-CORPO_CH_LOW.png\",\"datePublished\":\"2023-04-12T17:33:59+00:00\",\"dateModified\":\"2025-04-07T10:40:17+00:00\",\"breadcrumb\":{\"@id\":\"https:\/\/www.rightwayasia.com\/de\/product\/edelstahl\/khl-tiefkhlschrnke\/pa-800bt\/#breadcrumb\"},\"inLanguage\":\"de\",\"potentialAction\":[{\"@type\":\"ReadAction\",\"target\":[\"https:\/\/www.rightwayasia.com\/de\/product\/edelstahl\/khl-tiefkhlschrnke\/pa-800bt\/\"]}]},{\"@type\":\"ImageObject\",\"inLanguage\":\"de\",\"@id\":\"https:\/\/www.rightwayasia.com\/de\/product\/edelstahl\/khl-tiefkhlschrnke\/pa-800bt\/#primaryimage\",\"url\":\"https:\/\/www.rightwayasia.com\/wp-content\/uploads\/2026\/03\/PA-800BT-CORPO_CH_LOW.png\",\"contentUrl\":\"https:\/\/www.rightwayasia.com\/wp-content\/uploads\/2026\/03\/PA-800BT-CORPO_CH_LOW.png\",\"width\":309,\"height\":567,\"caption\":\"Image of PA 800BT\"},{\"@type\":\"BreadcrumbList\",\"@id\":\"https:\/\/www.rightwayasia.com\/de\/product\/edelstahl\/khl-tiefkhlschrnke\/pa-800bt\/#breadcrumb\",\"itemListElement\":[{\"@type\":\"ListItem\",\"position\":1,\"name\":\"Home\",\"item\":\"https:\/\/www.rightwayasia.com\/de\/\"},{\"@type\":\"ListItem\",\"position\":2,\"name\":\"Suche\",\"item\":\"https:\/\/www.rightwayasia.com\/de\/suche\/\"},{\"@type\":\"ListItem\",\"position\":3,\"name\":\"PA 800BT\"}]},{\"@type\":\"WebSite\",\"@id\":\"https:\/\/www.rightwayasia.com\/#website\",\"url\":\"https:\/\/www.rightwayasia.com\/\",\"name\":\"Rightway Asia\",\"description\":\"Professional refrigeration solutions\",\"publisher\":{\"@id\":\"https:\/\/www.rightwayasia.com\/#organization\"},\"potentialAction\":[{\"@type\":\"SearchAction\",\"target\":{\"@type\":\"EntryPoint\",\"urlTemplate\":\"https:\/\/www.rightwayasia.com\/?s={search_term_string}\"},\"query-input\":\"required name=search_term_string\"}],\"inLanguage\":\"de\"},{\"@type\":\"Organization\",\"@id\":\"https:\/\/www.rightwayasia.com\/#organization\",\"name\":\"Rightway Asia\",\"url\":\"https:\/\/www.rightwayasia.com\/\",\"logo\":{\"@type\":\"ImageObject\",\"inLanguage\":\"de\",\"@id\":\"https:\/\/www.rightwayasia.com\/#\/schema\/logo\/image\/\",\"url\":\"https:\/\/www.rightwayasia.com\/wp-content\/uploads\/2021\/08\/RWA-RED-1-2048x591-2.png\",\"contentUrl\":\"https:\/\/www.rightwayasia.com\/wp-content\/uploads\/2021\/08\/RWA-RED-1-2048x591-2.png\",\"width\":2048,\"height\":591,\"caption\":\"Rightway Asia\"},\"image\":{\"@id\":\"https:\/\/www.rightwayasia.com\/#\/schema\/logo\/image\/\"}}]}<\/script>\n<!-- \/ Yoast SEO plugin. -->","yoast_head_json":{"title":"PA 800BT - Rightway Asia","robots":{"index":"index","follow":"follow","max-snippet":"max-snippet:-1","max-image-preview":"max-image-preview:large","max-video-preview":"max-video-preview:-1"},"canonical":"https:\/\/www.rightwayasia.com\/de\/product\/edelstahl\/khl-tiefkhlschrnke\/pa-800bt\/","og_locale":"de_DE","og_type":"article","og_title":"PA 800BT - Rightway Asia","og_description":"Mit einem klaren Design wurde dieses Modell entwickelt, um Back- und Konditoreiprodukte zu bewahren und zu lagern. Es ist mit einem digitalen Controller und einem unabh\u00e4ngigen Hauptumschalter ausgestattet. Der PA 800BT ist ein B\u00e4ckereimodell mit selbstschlie\u00dfender und umkehrbarer T\u00fcr, LED-Licht, serienm\u00e4\u00dfig eingebautem Schloss, einem Satz von 10 Einsch\u00fcben f\u00fcr Backbleche der Gr\u00f6\u00dfe 600x800 und h\u00f6henverstellbaren F\u00fc\u00dfen (von 125 mm bis 185 mm). Die hohe Leistungsf\u00e4higkeit dieses Produkts wird durch die Verwendung des umweltfreundlichen Gases R290, eines bel\u00fcfteten K\u00fchlsystems, eines Verdampfers mit Korrosionsschutzbehandlung und eines 60 mm Isolierschaums auf jeder Seite erreicht.","og_url":"https:\/\/www.rightwayasia.com\/de\/product\/edelstahl\/khl-tiefkhlschrnke\/pa-800bt\/","og_site_name":"Rightway Asia","article_modified_time":"2025-04-07T10:40:17+00:00","og_image":[{"width":759,"height":1181,"url":"https:\/\/www.rightwayasia.com\/wp-content\/uploads\/2025\/04\/PA-800BT-CORPO-OPEN_CH_HD.jpg","type":"image\/jpeg"}],"twitter_card":"summary_large_image","schema":{"@context":"https:\/\/schema.org","@graph":[{"@type":"WebPage","@id":"https:\/\/www.rightwayasia.com\/de\/product\/edelstahl\/khl-tiefkhlschrnke\/pa-800bt\/","url":"https:\/\/www.rightwayasia.com\/de\/product\/edelstahl\/khl-tiefkhlschrnke\/pa-800bt\/","name":"PA 800BT - Rightway Asia","isPartOf":{"@id":"https:\/\/www.rightwayasia.com\/#website"},"primaryImageOfPage":{"@id":"https:\/\/www.rightwayasia.com\/de\/product\/edelstahl\/khl-tiefkhlschrnke\/pa-800bt\/#primaryimage"},"image":{"@id":"https:\/\/www.rightwayasia.com\/de\/product\/edelstahl\/khl-tiefkhlschrnke\/pa-800bt\/#primaryimage"},"thumbnailUrl":"https:\/\/www.rightwayasia.com\/wp-content\/uploads\/2026\/03\/PA-800BT-CORPO_CH_LOW.png","datePublished":"2023-04-12T17:33:59+00:00","dateModified":"2025-04-07T10:40:17+00:00","breadcrumb":{"@id":"https:\/\/www.rightwayasia.com\/de\/product\/edelstahl\/khl-tiefkhlschrnke\/pa-800bt\/#breadcrumb"},"inLanguage":"de","potentialAction":[{"@type":"ReadAction","target":["https:\/\/www.rightwayasia.com\/de\/product\/edelstahl\/khl-tiefkhlschrnke\/pa-800bt\/"]}]},{"@type":"ImageObject","inLanguage":"de","@id":"https:\/\/www.rightwayasia.com\/de\/product\/edelstahl\/khl-tiefkhlschrnke\/pa-800bt\/#primaryimage","url":"https:\/\/www.rightwayasia.com\/wp-content\/uploads\/2026\/03\/PA-800BT-CORPO_CH_LOW.png","contentUrl":"https:\/\/www.rightwayasia.com\/wp-content\/uploads\/2026\/03\/PA-800BT-CORPO_CH_LOW.png","width":309,"height":567,"caption":"Image of PA 800BT"},{"@type":"BreadcrumbList","@id":"https:\/\/www.rightwayasia.com\/de\/product\/edelstahl\/khl-tiefkhlschrnke\/pa-800bt\/#breadcrumb","itemListElement":[{"@type":"ListItem","position":1,"name":"Home","item":"https:\/\/www.rightwayasia.com\/de\/"},{"@type":"ListItem","position":2,"name":"Suche","item":"https:\/\/www.rightwayasia.com\/de\/suche\/"},{"@type":"ListItem","position":3,"name":"PA 800BT"}]},{"@type":"WebSite","@id":"https:\/\/www.rightwayasia.com\/#website","url":"https:\/\/www.rightwayasia.com\/","name":"Rightway Asia","description":"Professional refrigeration solutions","publisher":{"@id":"https:\/\/www.rightwayasia.com\/#organization"},"potentialAction":[{"@type":"SearchAction","target":{"@type":"EntryPoint","urlTemplate":"https:\/\/www.rightwayasia.com\/?s={search_term_string}"},"query-input":"required name=search_term_string"}],"inLanguage":"de"},{"@type":"Organization","@id":"https:\/\/www.rightwayasia.com\/#organization","name":"Rightway Asia","url":"https:\/\/www.rightwayasia.com\/","logo":{"@type":"ImageObject","inLanguage":"de","@id":"https:\/\/www.rightwayasia.com\/#\/schema\/logo\/image\/","url":"https:\/\/www.rightwayasia.com\/wp-content\/uploads\/2021\/08\/RWA-RED-1-2048x591-2.png","contentUrl":"https:\/\/www.rightwayasia.com\/wp-content\/uploads\/2021\/08\/RWA-RED-1-2048x591-2.png","width":2048,"height":591,"caption":"Rightway Asia"},"image":{"@id":"https:\/\/www.rightwayasia.com\/#\/schema\/logo\/image\/"}}]}},"_links":{"self":[{"href":"https:\/\/www.rightwayasia.com\/de\/wp-json\/wp\/v2\/product\/4341474"}],"collection":[{"href":"https:\/\/www.rightwayasia.com\/de\/wp-json\/wp\/v2\/product"}],"about":[{"href":"https:\/\/www.rightwayasia.com\/de\/wp-json\/wp\/v2\/types\/product"}],"wp:featuredmedia":[{"embeddable":true,"href":"https:\/\/www.rightwayasia.com\/de\/wp-json\/wp\/v2\/media\/8255172"}],"wp:attachment":[{"href":"https:\/\/www.rightwayasia.com\/de\/wp-json\/wp\/v2\/media?parent=4341474"}],"wp:term":[{"taxonomy":"product_cat","embeddable":true,"href":"https:\/\/www.rightwayasia.com\/de\/wp-json\/wp\/v2\/product_cat?post=4341474"},{"taxonomy":"product_tag","embeddable":true,"href":"https:\/\/www.rightwayasia.com\/de\/wp-json\/wp\/v2\/product_tag?post=4341474"}],"curies":[{"name":"wp","href":"https:\/\/api.w.org\/{rel}","templated":true}]}}