{"id":4341767,"date":"2023-04-12T17:42:49","date_gmt":"2023-04-12T17:42:49","guid":{"rendered":"https:\/\/www.rightwayasia.com\/product\/unkategorisiert\/srg-2200\/"},"modified":"2025-04-08T01:40:13","modified_gmt":"2025-04-08T01:40:13","slug":"srg-2200","status":"publish","type":"product","link":"https:\/\/www.rightwayasia.com\/de\/product\/edelstahl\/khltische\/srg-2200\/","title":{"rendered":"SRG 2200"},"content":{"rendered":"<p>Glast\u00fcrk\u00fchltisch fur 325x410mm Beh\u00e4lter<br \/>\nEdelstahl innen und au\u00dfen<br \/>\nUmluftk\u00fchlung<br \/>\nAutomatische Abtauung durch Kompressor Stop<br \/>\nIsolierungsmaterial Cyclopentane (60mm &#8211; FCKW frei)<br \/>\nVerdampfer mit Anti- Korrosions Behandlung<br \/>\nDigitales Thermostat und interner LED Beleuchtung<br \/>\nherausnehmbare T\u00fcrdichtung<br \/>\nSelbstschlie\u00dfende T\u00fcr (Nicht wechselbar)<br \/>\n4 H\u00f6henverstellbare Einsch\u00fcbe 325x410mm (2 St\u00fcck pro T\u00fcr))<br \/>\n4 H\u00f6henverstellbare Edelstahlf\u00fc\u00dfe &#8211; Lenkrollen mit Feststellbremse optional<br \/>\nSpritzschutz (H\u00f6he 100mm)<br \/>\nEnergieeffizienzklasse: D<\/p>\n<p>&nbsp;<\/p>\n","protected":false},"excerpt":{"rendered":"<p>Glast\u00fcrk\u00fchltisch fur 325x410mm Beh\u00e4lter Edelstahl innen und au\u00dfen Umluftk\u00fchlung Automatische Abtauung durch Kompressor Stop Isolierungsmaterial Cyclopentane (60mm &#8211; FCKW frei) Verdampfer mit Anti- Korrosions Behandlung Digitales Thermostat und interner LED Beleuchtung herausnehmbare T\u00fcrdichtung Selbstschlie\u00dfende T\u00fcr (Nicht wechselbar) 4 H\u00f6henverstellbare Einsch\u00fcbe 325x410mm (2 St\u00fcck pro T\u00fcr)) 4 H\u00f6henverstellbare Edelstahlf\u00fc\u00dfe &#8211; Lenkrollen mit Feststellbremse optional Spritzschutz (H\u00f6he [&hellip;]<\/p>\n","protected":false},"featured_media":8255520,"template":"","meta":{"_acf_changed":false},"product_cat":[11691,11693],"product_tag":[],"acf":[],"yoast_head":"<!-- This site is optimized with the Yoast SEO plugin v22.2 - https:\/\/yoast.com\/wordpress\/plugins\/seo\/ -->\n<title>SRG 2200 - Rightway Asia<\/title>\n<meta name=\"robots\" content=\"index, follow, max-snippet:-1, max-image-preview:large, max-video-preview:-1\" \/>\n<link rel=\"canonical\" href=\"https:\/\/www.rightwayasia.com\/de\/product\/edelstahl\/khltische\/srg-2200\/\" \/>\n<meta property=\"og:locale\" content=\"de_DE\" \/>\n<meta property=\"og:type\" content=\"article\" \/>\n<meta property=\"og:title\" content=\"SRG 2200 - Rightway Asia\" \/>\n<meta property=\"og:description\" content=\"Glast\u00fcrk\u00fchltisch fur 325x410mm Beh\u00e4lter Edelstahl innen und au\u00dfen Umluftk\u00fchlung Automatische Abtauung durch Kompressor Stop Isolierungsmaterial Cyclopentane (60mm &#8211; FCKW frei) Verdampfer mit Anti- Korrosions Behandlung Digitales Thermostat und interner LED Beleuchtung herausnehmbare T\u00fcrdichtung Selbstschlie\u00dfende T\u00fcr (Nicht wechselbar) 4 H\u00f6henverstellbare Einsch\u00fcbe 325x410mm (2 St\u00fcck pro T\u00fcr)) 4 H\u00f6henverstellbare Edelstahlf\u00fc\u00dfe &#8211; Lenkrollen mit Feststellbremse optional Spritzschutz (H\u00f6he [&hellip;]\" \/>\n<meta property=\"og:url\" content=\"https:\/\/www.rightwayasia.com\/de\/product\/edelstahl\/khltische\/srg-2200\/\" \/>\n<meta property=\"og:site_name\" content=\"Rightway Asia\" \/>\n<meta property=\"article:modified_time\" content=\"2025-04-08T01:40:13+00:00\" \/>\n<meta property=\"og:image\" content=\"https:\/\/www.rightwayasia.com\/wp-content\/uploads\/2025\/04\/SRG-2200-CORPO_CH_LOW.png\" \/>\n\t<meta property=\"og:image:width\" content=\"388\" \/>\n\t<meta property=\"og:image:height\" content=\"296\" \/>\n\t<meta property=\"og:image:type\" content=\"image\/png\" \/>\n<meta name=\"twitter:card\" content=\"summary_large_image\" \/>\n<script type=\"application\/ld+json\" class=\"yoast-schema-graph\">{\"@context\":\"https:\/\/schema.org\",\"@graph\":[{\"@type\":\"WebPage\",\"@id\":\"https:\/\/www.rightwayasia.com\/de\/product\/edelstahl\/khltische\/srg-2200\/\",\"url\":\"https:\/\/www.rightwayasia.com\/de\/product\/edelstahl\/khltische\/srg-2200\/\",\"name\":\"SRG 2200 - Rightway Asia\",\"isPartOf\":{\"@id\":\"https:\/\/www.rightwayasia.com\/#website\"},\"primaryImageOfPage\":{\"@id\":\"https:\/\/www.rightwayasia.com\/de\/product\/edelstahl\/khltische\/srg-2200\/#primaryimage\"},\"image\":{\"@id\":\"https:\/\/www.rightwayasia.com\/de\/product\/edelstahl\/khltische\/srg-2200\/#primaryimage\"},\"thumbnailUrl\":\"https:\/\/www.rightwayasia.com\/wp-content\/uploads\/2026\/03\/SRG-2200-CORPO_CH_LOW.png\",\"datePublished\":\"2023-04-12T17:42:49+00:00\",\"dateModified\":\"2025-04-08T01:40:13+00:00\",\"breadcrumb\":{\"@id\":\"https:\/\/www.rightwayasia.com\/de\/product\/edelstahl\/khltische\/srg-2200\/#breadcrumb\"},\"inLanguage\":\"de\",\"potentialAction\":[{\"@type\":\"ReadAction\",\"target\":[\"https:\/\/www.rightwayasia.com\/de\/product\/edelstahl\/khltische\/srg-2200\/\"]}]},{\"@type\":\"ImageObject\",\"inLanguage\":\"de\",\"@id\":\"https:\/\/www.rightwayasia.com\/de\/product\/edelstahl\/khltische\/srg-2200\/#primaryimage\",\"url\":\"https:\/\/www.rightwayasia.com\/wp-content\/uploads\/2026\/03\/SRG-2200-CORPO_CH_LOW.png\",\"contentUrl\":\"https:\/\/www.rightwayasia.com\/wp-content\/uploads\/2026\/03\/SRG-2200-CORPO_CH_LOW.png\",\"width\":388,\"height\":296,\"caption\":\"Image of SRG 2200\"},{\"@type\":\"BreadcrumbList\",\"@id\":\"https:\/\/www.rightwayasia.com\/de\/product\/edelstahl\/khltische\/srg-2200\/#breadcrumb\",\"itemListElement\":[{\"@type\":\"ListItem\",\"position\":1,\"name\":\"Home\",\"item\":\"https:\/\/www.rightwayasia.com\/de\/\"},{\"@type\":\"ListItem\",\"position\":2,\"name\":\"Suche\",\"item\":\"https:\/\/www.rightwayasia.com\/de\/suche\/\"},{\"@type\":\"ListItem\",\"position\":3,\"name\":\"SRG 2200\"}]},{\"@type\":\"WebSite\",\"@id\":\"https:\/\/www.rightwayasia.com\/#website\",\"url\":\"https:\/\/www.rightwayasia.com\/\",\"name\":\"Rightway Asia\",\"description\":\"Professional refrigeration solutions\",\"publisher\":{\"@id\":\"https:\/\/www.rightwayasia.com\/#organization\"},\"potentialAction\":[{\"@type\":\"SearchAction\",\"target\":{\"@type\":\"EntryPoint\",\"urlTemplate\":\"https:\/\/www.rightwayasia.com\/?s={search_term_string}\"},\"query-input\":\"required name=search_term_string\"}],\"inLanguage\":\"de\"},{\"@type\":\"Organization\",\"@id\":\"https:\/\/www.rightwayasia.com\/#organization\",\"name\":\"Rightway Asia\",\"url\":\"https:\/\/www.rightwayasia.com\/\",\"logo\":{\"@type\":\"ImageObject\",\"inLanguage\":\"de\",\"@id\":\"https:\/\/www.rightwayasia.com\/#\/schema\/logo\/image\/\",\"url\":\"https:\/\/www.rightwayasia.com\/wp-content\/uploads\/2021\/08\/RWA-RED-1-2048x591-2.png\",\"contentUrl\":\"https:\/\/www.rightwayasia.com\/wp-content\/uploads\/2021\/08\/RWA-RED-1-2048x591-2.png\",\"width\":2048,\"height\":591,\"caption\":\"Rightway Asia\"},\"image\":{\"@id\":\"https:\/\/www.rightwayasia.com\/#\/schema\/logo\/image\/\"}}]}<\/script>\n<!-- \/ Yoast SEO plugin. -->","yoast_head_json":{"title":"SRG 2200 - Rightway Asia","robots":{"index":"index","follow":"follow","max-snippet":"max-snippet:-1","max-image-preview":"max-image-preview:large","max-video-preview":"max-video-preview:-1"},"canonical":"https:\/\/www.rightwayasia.com\/de\/product\/edelstahl\/khltische\/srg-2200\/","og_locale":"de_DE","og_type":"article","og_title":"SRG 2200 - Rightway Asia","og_description":"Glast\u00fcrk\u00fchltisch fur 325x410mm Beh\u00e4lter Edelstahl innen und au\u00dfen Umluftk\u00fchlung Automatische Abtauung durch Kompressor Stop Isolierungsmaterial Cyclopentane (60mm &#8211; FCKW frei) Verdampfer mit Anti- Korrosions Behandlung Digitales Thermostat und interner LED Beleuchtung herausnehmbare T\u00fcrdichtung Selbstschlie\u00dfende T\u00fcr (Nicht wechselbar) 4 H\u00f6henverstellbare Einsch\u00fcbe 325x410mm (2 St\u00fcck pro T\u00fcr)) 4 H\u00f6henverstellbare Edelstahlf\u00fc\u00dfe &#8211; Lenkrollen mit Feststellbremse optional Spritzschutz (H\u00f6he [&hellip;]","og_url":"https:\/\/www.rightwayasia.com\/de\/product\/edelstahl\/khltische\/srg-2200\/","og_site_name":"Rightway Asia","article_modified_time":"2025-04-08T01:40:13+00:00","og_image":[{"width":388,"height":296,"url":"https:\/\/www.rightwayasia.com\/wp-content\/uploads\/2025\/04\/SRG-2200-CORPO_CH_LOW.png","type":"image\/png"}],"twitter_card":"summary_large_image","schema":{"@context":"https:\/\/schema.org","@graph":[{"@type":"WebPage","@id":"https:\/\/www.rightwayasia.com\/de\/product\/edelstahl\/khltische\/srg-2200\/","url":"https:\/\/www.rightwayasia.com\/de\/product\/edelstahl\/khltische\/srg-2200\/","name":"SRG 2200 - Rightway Asia","isPartOf":{"@id":"https:\/\/www.rightwayasia.com\/#website"},"primaryImageOfPage":{"@id":"https:\/\/www.rightwayasia.com\/de\/product\/edelstahl\/khltische\/srg-2200\/#primaryimage"},"image":{"@id":"https:\/\/www.rightwayasia.com\/de\/product\/edelstahl\/khltische\/srg-2200\/#primaryimage"},"thumbnailUrl":"https:\/\/www.rightwayasia.com\/wp-content\/uploads\/2026\/03\/SRG-2200-CORPO_CH_LOW.png","datePublished":"2023-04-12T17:42:49+00:00","dateModified":"2025-04-08T01:40:13+00:00","breadcrumb":{"@id":"https:\/\/www.rightwayasia.com\/de\/product\/edelstahl\/khltische\/srg-2200\/#breadcrumb"},"inLanguage":"de","potentialAction":[{"@type":"ReadAction","target":["https:\/\/www.rightwayasia.com\/de\/product\/edelstahl\/khltische\/srg-2200\/"]}]},{"@type":"ImageObject","inLanguage":"de","@id":"https:\/\/www.rightwayasia.com\/de\/product\/edelstahl\/khltische\/srg-2200\/#primaryimage","url":"https:\/\/www.rightwayasia.com\/wp-content\/uploads\/2026\/03\/SRG-2200-CORPO_CH_LOW.png","contentUrl":"https:\/\/www.rightwayasia.com\/wp-content\/uploads\/2026\/03\/SRG-2200-CORPO_CH_LOW.png","width":388,"height":296,"caption":"Image of SRG 2200"},{"@type":"BreadcrumbList","@id":"https:\/\/www.rightwayasia.com\/de\/product\/edelstahl\/khltische\/srg-2200\/#breadcrumb","itemListElement":[{"@type":"ListItem","position":1,"name":"Home","item":"https:\/\/www.rightwayasia.com\/de\/"},{"@type":"ListItem","position":2,"name":"Suche","item":"https:\/\/www.rightwayasia.com\/de\/suche\/"},{"@type":"ListItem","position":3,"name":"SRG 2200"}]},{"@type":"WebSite","@id":"https:\/\/www.rightwayasia.com\/#website","url":"https:\/\/www.rightwayasia.com\/","name":"Rightway Asia","description":"Professional refrigeration solutions","publisher":{"@id":"https:\/\/www.rightwayasia.com\/#organization"},"potentialAction":[{"@type":"SearchAction","target":{"@type":"EntryPoint","urlTemplate":"https:\/\/www.rightwayasia.com\/?s={search_term_string}"},"query-input":"required name=search_term_string"}],"inLanguage":"de"},{"@type":"Organization","@id":"https:\/\/www.rightwayasia.com\/#organization","name":"Rightway Asia","url":"https:\/\/www.rightwayasia.com\/","logo":{"@type":"ImageObject","inLanguage":"de","@id":"https:\/\/www.rightwayasia.com\/#\/schema\/logo\/image\/","url":"https:\/\/www.rightwayasia.com\/wp-content\/uploads\/2021\/08\/RWA-RED-1-2048x591-2.png","contentUrl":"https:\/\/www.rightwayasia.com\/wp-content\/uploads\/2021\/08\/RWA-RED-1-2048x591-2.png","width":2048,"height":591,"caption":"Rightway Asia"},"image":{"@id":"https:\/\/www.rightwayasia.com\/#\/schema\/logo\/image\/"}}]}},"_links":{"self":[{"href":"https:\/\/www.rightwayasia.com\/de\/wp-json\/wp\/v2\/product\/4341767"}],"collection":[{"href":"https:\/\/www.rightwayasia.com\/de\/wp-json\/wp\/v2\/product"}],"about":[{"href":"https:\/\/www.rightwayasia.com\/de\/wp-json\/wp\/v2\/types\/product"}],"wp:featuredmedia":[{"embeddable":true,"href":"https:\/\/www.rightwayasia.com\/de\/wp-json\/wp\/v2\/media\/8255520"}],"wp:attachment":[{"href":"https:\/\/www.rightwayasia.com\/de\/wp-json\/wp\/v2\/media?parent=4341767"}],"wp:term":[{"taxonomy":"product_cat","embeddable":true,"href":"https:\/\/www.rightwayasia.com\/de\/wp-json\/wp\/v2\/product_cat?post=4341767"},{"taxonomy":"product_tag","embeddable":true,"href":"https:\/\/www.rightwayasia.com\/de\/wp-json\/wp\/v2\/product_tag?post=4341767"}],"curies":[{"name":"wp","href":"https:\/\/api.w.org\/{rel}","templated":true}]}}