{"id":4341884,"date":"2023-04-12T17:46:27","date_gmt":"2023-04-12T17:46:27","guid":{"rendered":"https:\/\/www.rightwayasia.com\/product\/unkategorisiert\/pa-4100\/"},"modified":"2025-04-08T02:08:25","modified_gmt":"2025-04-08T02:08:25","slug":"pa-4100","status":"publish","type":"product","link":"https:\/\/www.rightwayasia.com\/de\/product\/edelstahl\/khltische\/pa-4100\/","title":{"rendered":"PA 4100"},"content":{"rendered":"<p>Euronorm K\u00fchltisch f\u00fcr 600&#215;400 Beh\u00e4lter<br \/>\nEdelstahl innen und au\u00dfen<br \/>\nUmluftk\u00fchlung<br \/>\nAutomatische Abtauung durch Kompressor Stop<br \/>\nIsolierungsmaterial Cyclopentane (70mm &#8211; FCKW frei)<br \/>\nDigitales Thermostat<br \/>\nherausnehmbare T\u00fcrdichtung<br \/>\nSelbstschlie\u00dfende T\u00fcr (Nicht wechselbar)<br \/>\n8 H\u00f6henverstellbare Einsch\u00fcbe 600x400mm (2 St\u00fcck pro T\u00fcr))<br \/>\nVerdampfer mit Anti- Korrosions Behandlung<br \/>\n6 H\u00f6henverstellbare Edelstahlf\u00fc\u00dfe &#8211; Lenkrollen mit Feststellbremse optional<br \/>\nEnergieeffizienzklasse: C<\/p>\n<p>&nbsp;<\/p>\n","protected":false},"excerpt":{"rendered":"<p>Entwickelt, um ein zuverl\u00e4ssiges St\u00fcck K\u00fchlger\u00e4te f\u00fcr Konditoreien und B\u00e4ckereien zu schaffen, strebt dieses Produkt danach, die perfekte Lagerl\u00f6sung sowohl f\u00fcr Zutaten als auch f\u00fcr halbfertige und fertige Produkte zu bieten. Das Modell PA 4100 ist die ideale Kombination aus Effizienz, 800 mm Tiefe, 4 T\u00fcren, 2 verstellbaren Einsch\u00fcben 600&#215;400 mm an jeder T\u00fcr und einer Fokussierung auf Umweltvertr\u00e4glichkeit. Es ist ausgestattet mit R290-Naturgas, 70 mm Isolierschaum auf jeder Seite, T\u00fcren mit innenliegender Pr\u00e4gung f\u00fcr bessere Abdichtung und einer selbstschlie\u00dfenden T\u00fcr zur Vermeidung von Energieverschwendung.<\/p>\n","protected":false},"featured_media":8255619,"template":"","meta":{"_acf_changed":false},"product_cat":[11691,11693],"product_tag":[],"acf":[],"yoast_head":"<!-- This site is optimized with the Yoast SEO plugin v22.2 - https:\/\/yoast.com\/wordpress\/plugins\/seo\/ -->\n<title>PA 4100 - Rightway Asia<\/title>\n<meta name=\"robots\" content=\"index, follow, max-snippet:-1, max-image-preview:large, max-video-preview:-1\" \/>\n<link rel=\"canonical\" href=\"https:\/\/www.rightwayasia.com\/de\/product\/edelstahl\/khltische\/pa-4100\/\" \/>\n<meta property=\"og:locale\" content=\"de_DE\" \/>\n<meta property=\"og:type\" content=\"article\" \/>\n<meta property=\"og:title\" content=\"PA 4100 - Rightway Asia\" \/>\n<meta property=\"og:description\" content=\"Entwickelt, um ein zuverl\u00e4ssiges St\u00fcck K\u00fchlger\u00e4te f\u00fcr Konditoreien und B\u00e4ckereien zu schaffen, strebt dieses Produkt danach, die perfekte Lagerl\u00f6sung sowohl f\u00fcr Zutaten als auch f\u00fcr halbfertige und fertige Produkte zu bieten. Das Modell PA 4100 ist die ideale Kombination aus Effizienz, 800 mm Tiefe, 4 T\u00fcren, 2 verstellbaren Einsch\u00fcben 600x400 mm an jeder T\u00fcr und einer Fokussierung auf Umweltvertr\u00e4glichkeit. Es ist ausgestattet mit R290-Naturgas, 70 mm Isolierschaum auf jeder Seite, T\u00fcren mit innenliegender Pr\u00e4gung f\u00fcr bessere Abdichtung und einer selbstschlie\u00dfenden T\u00fcr zur Vermeidung von Energieverschwendung.\" \/>\n<meta property=\"og:url\" content=\"https:\/\/www.rightwayasia.com\/de\/product\/edelstahl\/khltische\/pa-4100\/\" \/>\n<meta property=\"og:site_name\" content=\"Rightway Asia\" \/>\n<meta property=\"article:modified_time\" content=\"2025-04-08T02:08:25+00:00\" \/>\n<meta property=\"og:image\" content=\"https:\/\/www.rightwayasia.com\/wp-content\/uploads\/2025\/04\/PA-4100-CORPO_CH_LOW.png\" \/>\n\t<meta property=\"og:image:width\" content=\"567\" \/>\n\t<meta property=\"og:image:height\" content=\"298\" \/>\n\t<meta property=\"og:image:type\" content=\"image\/png\" \/>\n<meta name=\"twitter:card\" content=\"summary_large_image\" \/>\n<script type=\"application\/ld+json\" class=\"yoast-schema-graph\">{\"@context\":\"https:\/\/schema.org\",\"@graph\":[{\"@type\":\"WebPage\",\"@id\":\"https:\/\/www.rightwayasia.com\/de\/product\/edelstahl\/khltische\/pa-4100\/\",\"url\":\"https:\/\/www.rightwayasia.com\/de\/product\/edelstahl\/khltische\/pa-4100\/\",\"name\":\"PA 4100 - Rightway Asia\",\"isPartOf\":{\"@id\":\"https:\/\/www.rightwayasia.com\/#website\"},\"primaryImageOfPage\":{\"@id\":\"https:\/\/www.rightwayasia.com\/de\/product\/edelstahl\/khltische\/pa-4100\/#primaryimage\"},\"image\":{\"@id\":\"https:\/\/www.rightwayasia.com\/de\/product\/edelstahl\/khltische\/pa-4100\/#primaryimage\"},\"thumbnailUrl\":\"https:\/\/www.rightwayasia.com\/wp-content\/uploads\/2026\/03\/PA-4100-CORPO_CH_LOW.png\",\"datePublished\":\"2023-04-12T17:46:27+00:00\",\"dateModified\":\"2025-04-08T02:08:25+00:00\",\"breadcrumb\":{\"@id\":\"https:\/\/www.rightwayasia.com\/de\/product\/edelstahl\/khltische\/pa-4100\/#breadcrumb\"},\"inLanguage\":\"de\",\"potentialAction\":[{\"@type\":\"ReadAction\",\"target\":[\"https:\/\/www.rightwayasia.com\/de\/product\/edelstahl\/khltische\/pa-4100\/\"]}]},{\"@type\":\"ImageObject\",\"inLanguage\":\"de\",\"@id\":\"https:\/\/www.rightwayasia.com\/de\/product\/edelstahl\/khltische\/pa-4100\/#primaryimage\",\"url\":\"https:\/\/www.rightwayasia.com\/wp-content\/uploads\/2026\/03\/PA-4100-CORPO_CH_LOW.png\",\"contentUrl\":\"https:\/\/www.rightwayasia.com\/wp-content\/uploads\/2026\/03\/PA-4100-CORPO_CH_LOW.png\",\"width\":567,\"height\":298,\"caption\":\"Image of PA 4100\"},{\"@type\":\"BreadcrumbList\",\"@id\":\"https:\/\/www.rightwayasia.com\/de\/product\/edelstahl\/khltische\/pa-4100\/#breadcrumb\",\"itemListElement\":[{\"@type\":\"ListItem\",\"position\":1,\"name\":\"Home\",\"item\":\"https:\/\/www.rightwayasia.com\/de\/\"},{\"@type\":\"ListItem\",\"position\":2,\"name\":\"Suche\",\"item\":\"https:\/\/www.rightwayasia.com\/de\/suche\/\"},{\"@type\":\"ListItem\",\"position\":3,\"name\":\"PA 4100\"}]},{\"@type\":\"WebSite\",\"@id\":\"https:\/\/www.rightwayasia.com\/#website\",\"url\":\"https:\/\/www.rightwayasia.com\/\",\"name\":\"Rightway Asia\",\"description\":\"Professional refrigeration solutions\",\"publisher\":{\"@id\":\"https:\/\/www.rightwayasia.com\/#organization\"},\"potentialAction\":[{\"@type\":\"SearchAction\",\"target\":{\"@type\":\"EntryPoint\",\"urlTemplate\":\"https:\/\/www.rightwayasia.com\/?s={search_term_string}\"},\"query-input\":\"required name=search_term_string\"}],\"inLanguage\":\"de\"},{\"@type\":\"Organization\",\"@id\":\"https:\/\/www.rightwayasia.com\/#organization\",\"name\":\"Rightway Asia\",\"url\":\"https:\/\/www.rightwayasia.com\/\",\"logo\":{\"@type\":\"ImageObject\",\"inLanguage\":\"de\",\"@id\":\"https:\/\/www.rightwayasia.com\/#\/schema\/logo\/image\/\",\"url\":\"https:\/\/www.rightwayasia.com\/wp-content\/uploads\/2021\/08\/RWA-RED-1-2048x591-2.png\",\"contentUrl\":\"https:\/\/www.rightwayasia.com\/wp-content\/uploads\/2021\/08\/RWA-RED-1-2048x591-2.png\",\"width\":2048,\"height\":591,\"caption\":\"Rightway Asia\"},\"image\":{\"@id\":\"https:\/\/www.rightwayasia.com\/#\/schema\/logo\/image\/\"}}]}<\/script>\n<!-- \/ Yoast SEO plugin. -->","yoast_head_json":{"title":"PA 4100 - Rightway Asia","robots":{"index":"index","follow":"follow","max-snippet":"max-snippet:-1","max-image-preview":"max-image-preview:large","max-video-preview":"max-video-preview:-1"},"canonical":"https:\/\/www.rightwayasia.com\/de\/product\/edelstahl\/khltische\/pa-4100\/","og_locale":"de_DE","og_type":"article","og_title":"PA 4100 - Rightway Asia","og_description":"Entwickelt, um ein zuverl\u00e4ssiges St\u00fcck K\u00fchlger\u00e4te f\u00fcr Konditoreien und B\u00e4ckereien zu schaffen, strebt dieses Produkt danach, die perfekte Lagerl\u00f6sung sowohl f\u00fcr Zutaten als auch f\u00fcr halbfertige und fertige Produkte zu bieten. Das Modell PA 4100 ist die ideale Kombination aus Effizienz, 800 mm Tiefe, 4 T\u00fcren, 2 verstellbaren Einsch\u00fcben 600x400 mm an jeder T\u00fcr und einer Fokussierung auf Umweltvertr\u00e4glichkeit. Es ist ausgestattet mit R290-Naturgas, 70 mm Isolierschaum auf jeder Seite, T\u00fcren mit innenliegender Pr\u00e4gung f\u00fcr bessere Abdichtung und einer selbstschlie\u00dfenden T\u00fcr zur Vermeidung von Energieverschwendung.","og_url":"https:\/\/www.rightwayasia.com\/de\/product\/edelstahl\/khltische\/pa-4100\/","og_site_name":"Rightway Asia","article_modified_time":"2025-04-08T02:08:25+00:00","og_image":[{"width":567,"height":298,"url":"https:\/\/www.rightwayasia.com\/wp-content\/uploads\/2025\/04\/PA-4100-CORPO_CH_LOW.png","type":"image\/png"}],"twitter_card":"summary_large_image","schema":{"@context":"https:\/\/schema.org","@graph":[{"@type":"WebPage","@id":"https:\/\/www.rightwayasia.com\/de\/product\/edelstahl\/khltische\/pa-4100\/","url":"https:\/\/www.rightwayasia.com\/de\/product\/edelstahl\/khltische\/pa-4100\/","name":"PA 4100 - Rightway Asia","isPartOf":{"@id":"https:\/\/www.rightwayasia.com\/#website"},"primaryImageOfPage":{"@id":"https:\/\/www.rightwayasia.com\/de\/product\/edelstahl\/khltische\/pa-4100\/#primaryimage"},"image":{"@id":"https:\/\/www.rightwayasia.com\/de\/product\/edelstahl\/khltische\/pa-4100\/#primaryimage"},"thumbnailUrl":"https:\/\/www.rightwayasia.com\/wp-content\/uploads\/2026\/03\/PA-4100-CORPO_CH_LOW.png","datePublished":"2023-04-12T17:46:27+00:00","dateModified":"2025-04-08T02:08:25+00:00","breadcrumb":{"@id":"https:\/\/www.rightwayasia.com\/de\/product\/edelstahl\/khltische\/pa-4100\/#breadcrumb"},"inLanguage":"de","potentialAction":[{"@type":"ReadAction","target":["https:\/\/www.rightwayasia.com\/de\/product\/edelstahl\/khltische\/pa-4100\/"]}]},{"@type":"ImageObject","inLanguage":"de","@id":"https:\/\/www.rightwayasia.com\/de\/product\/edelstahl\/khltische\/pa-4100\/#primaryimage","url":"https:\/\/www.rightwayasia.com\/wp-content\/uploads\/2026\/03\/PA-4100-CORPO_CH_LOW.png","contentUrl":"https:\/\/www.rightwayasia.com\/wp-content\/uploads\/2026\/03\/PA-4100-CORPO_CH_LOW.png","width":567,"height":298,"caption":"Image of PA 4100"},{"@type":"BreadcrumbList","@id":"https:\/\/www.rightwayasia.com\/de\/product\/edelstahl\/khltische\/pa-4100\/#breadcrumb","itemListElement":[{"@type":"ListItem","position":1,"name":"Home","item":"https:\/\/www.rightwayasia.com\/de\/"},{"@type":"ListItem","position":2,"name":"Suche","item":"https:\/\/www.rightwayasia.com\/de\/suche\/"},{"@type":"ListItem","position":3,"name":"PA 4100"}]},{"@type":"WebSite","@id":"https:\/\/www.rightwayasia.com\/#website","url":"https:\/\/www.rightwayasia.com\/","name":"Rightway Asia","description":"Professional refrigeration solutions","publisher":{"@id":"https:\/\/www.rightwayasia.com\/#organization"},"potentialAction":[{"@type":"SearchAction","target":{"@type":"EntryPoint","urlTemplate":"https:\/\/www.rightwayasia.com\/?s={search_term_string}"},"query-input":"required name=search_term_string"}],"inLanguage":"de"},{"@type":"Organization","@id":"https:\/\/www.rightwayasia.com\/#organization","name":"Rightway Asia","url":"https:\/\/www.rightwayasia.com\/","logo":{"@type":"ImageObject","inLanguage":"de","@id":"https:\/\/www.rightwayasia.com\/#\/schema\/logo\/image\/","url":"https:\/\/www.rightwayasia.com\/wp-content\/uploads\/2021\/08\/RWA-RED-1-2048x591-2.png","contentUrl":"https:\/\/www.rightwayasia.com\/wp-content\/uploads\/2021\/08\/RWA-RED-1-2048x591-2.png","width":2048,"height":591,"caption":"Rightway Asia"},"image":{"@id":"https:\/\/www.rightwayasia.com\/#\/schema\/logo\/image\/"}}]}},"_links":{"self":[{"href":"https:\/\/www.rightwayasia.com\/de\/wp-json\/wp\/v2\/product\/4341884"}],"collection":[{"href":"https:\/\/www.rightwayasia.com\/de\/wp-json\/wp\/v2\/product"}],"about":[{"href":"https:\/\/www.rightwayasia.com\/de\/wp-json\/wp\/v2\/types\/product"}],"wp:featuredmedia":[{"embeddable":true,"href":"https:\/\/www.rightwayasia.com\/de\/wp-json\/wp\/v2\/media\/8255619"}],"wp:attachment":[{"href":"https:\/\/www.rightwayasia.com\/de\/wp-json\/wp\/v2\/media?parent=4341884"}],"wp:term":[{"taxonomy":"product_cat","embeddable":true,"href":"https:\/\/www.rightwayasia.com\/de\/wp-json\/wp\/v2\/product_cat?post=4341884"},{"taxonomy":"product_tag","embeddable":true,"href":"https:\/\/www.rightwayasia.com\/de\/wp-json\/wp\/v2\/product_tag?post=4341884"}],"curies":[{"name":"wp","href":"https:\/\/api.w.org\/{rel}","templated":true}]}}