{"id":4342037,"date":"2023-04-12T17:51:16","date_gmt":"2023-04-12T17:51:16","guid":{"rendered":"https:\/\/www.rightwayasia.com\/product\/unkategorisiert\/qn-3200sg\/"},"modified":"2025-04-07T22:30:22","modified_gmt":"2025-04-07T22:30:22","slug":"qn-3200sg","status":"publish","type":"product","link":"https:\/\/www.rightwayasia.com\/de\/product\/edelstahl\/khltische\/qn-3200sg\/","title":{"rendered":"QN 3200SG"},"content":{"rendered":"<p>GN1\/1 Tiefk\u00fchltisch (F\u00fcr ferngesteuertes K\u00fchlaggregat)<br \/>\nEdelstahl innen und au\u00dfen<br \/>\nUmluftk\u00fchlung<br \/>\nAutomatische Abtauung durch Abtauheizung<br \/>\nIsolierungsmaterial Cyclopentane (70mm &#8211; FCKW frei)<br \/>\nDigitales Thermostat<br \/>\nW\u00e4rmebr\u00fcckenblocker gegen Kondensation (Hei\u00dfrohrsystem)<br \/>\nT\u00fcr: Selbstschlie\u00dfend mit wechselbarem T\u00fcranschlag<br \/>\nherausnehmbare T\u00fcrdichtung<br \/>\nVerdampfer mit Anti- Korrosions Behandlung<br \/>\n6 H\u00f6henverstellbare GN1\/1 Einsch\u00fcbe (2 St\u00fcck pro T\u00fcr))<br \/>\n4 H\u00f6henverstellbare Edelstahlf\u00fc\u00dfe &#8211; Lenkrollen mit Feststellbremse optional<br \/>\nExpansionsventil\/ Elektroventil Set (optional): R452A\/R404 gas<br \/>\nSpritzschutz (H\u00f6he 100mm)<br \/>\nEnergieeffizienzklasse: &#8211;<\/p>\n<p>&nbsp;<\/p>\n","protected":false},"excerpt":{"rendered":"<p>GN1\/1 Tiefk\u00fchltisch (F\u00fcr ferngesteuertes K\u00fchlaggregat) Edelstahl innen und au\u00dfen Umluftk\u00fchlung Automatische Abtauung durch Abtauheizung Isolierungsmaterial Cyclopentane (70mm &#8211; FCKW frei) Digitales Thermostat W\u00e4rmebr\u00fcckenblocker gegen Kondensation (Hei\u00dfrohrsystem) T\u00fcr: Selbstschlie\u00dfend mit wechselbarem T\u00fcranschlag herausnehmbare T\u00fcrdichtung Verdampfer mit Anti- Korrosions Behandlung 6 H\u00f6henverstellbare GN1\/1 Einsch\u00fcbe (2 St\u00fcck pro T\u00fcr)) 4 H\u00f6henverstellbare Edelstahlf\u00fc\u00dfe &#8211; Lenkrollen mit Feststellbremse optional Expansionsventil\/ [&hellip;]<\/p>\n","protected":false},"featured_media":8245712,"template":"","meta":{"_acf_changed":false},"product_cat":[11691,11693],"product_tag":[],"acf":[],"yoast_head":"<!-- This site is optimized with the Yoast SEO plugin v22.2 - https:\/\/yoast.com\/wordpress\/plugins\/seo\/ -->\n<title>QN 3200SG - Rightway Asia<\/title>\n<meta name=\"robots\" content=\"index, follow, max-snippet:-1, max-image-preview:large, max-video-preview:-1\" \/>\n<link rel=\"canonical\" href=\"https:\/\/www.rightwayasia.com\/de\/product\/edelstahl\/khltische\/qn-3200sg\/\" \/>\n<meta property=\"og:locale\" content=\"de_DE\" \/>\n<meta property=\"og:type\" content=\"article\" \/>\n<meta property=\"og:title\" content=\"QN 3200SG - Rightway Asia\" \/>\n<meta property=\"og:description\" content=\"GN1\/1 Tiefk\u00fchltisch (F\u00fcr ferngesteuertes K\u00fchlaggregat) Edelstahl innen und au\u00dfen Umluftk\u00fchlung Automatische Abtauung durch Abtauheizung Isolierungsmaterial Cyclopentane (70mm &#8211; FCKW frei) Digitales Thermostat W\u00e4rmebr\u00fcckenblocker gegen Kondensation (Hei\u00dfrohrsystem) T\u00fcr: Selbstschlie\u00dfend mit wechselbarem T\u00fcranschlag herausnehmbare T\u00fcrdichtung Verdampfer mit Anti- Korrosions Behandlung 6 H\u00f6henverstellbare GN1\/1 Einsch\u00fcbe (2 St\u00fcck pro T\u00fcr)) 4 H\u00f6henverstellbare Edelstahlf\u00fc\u00dfe &#8211; Lenkrollen mit Feststellbremse optional Expansionsventil\/ [&hellip;]\" \/>\n<meta property=\"og:url\" content=\"https:\/\/www.rightwayasia.com\/de\/product\/edelstahl\/khltische\/qn-3200sg\/\" \/>\n<meta property=\"og:site_name\" content=\"Rightway Asia\" \/>\n<meta property=\"article:modified_time\" content=\"2025-04-07T22:30:22+00:00\" \/>\n<meta property=\"og:image\" content=\"https:\/\/www.rightwayasia.com\/wp-content\/uploads\/2025\/04\/QN-3200SG-CORPO_CH_LOW.png\" \/>\n\t<meta property=\"og:image:width\" content=\"474\" \/>\n\t<meta property=\"og:image:height\" content=\"298\" \/>\n\t<meta property=\"og:image:type\" content=\"image\/png\" \/>\n<meta name=\"twitter:card\" content=\"summary_large_image\" \/>\n<script type=\"application\/ld+json\" class=\"yoast-schema-graph\">{\"@context\":\"https:\/\/schema.org\",\"@graph\":[{\"@type\":\"WebPage\",\"@id\":\"https:\/\/www.rightwayasia.com\/de\/product\/edelstahl\/khltische\/qn-3200sg\/\",\"url\":\"https:\/\/www.rightwayasia.com\/de\/product\/edelstahl\/khltische\/qn-3200sg\/\",\"name\":\"QN 3200SG - Rightway Asia\",\"isPartOf\":{\"@id\":\"https:\/\/www.rightwayasia.com\/#website\"},\"primaryImageOfPage\":{\"@id\":\"https:\/\/www.rightwayasia.com\/de\/product\/edelstahl\/khltische\/qn-3200sg\/#primaryimage\"},\"image\":{\"@id\":\"https:\/\/www.rightwayasia.com\/de\/product\/edelstahl\/khltische\/qn-3200sg\/#primaryimage\"},\"thumbnailUrl\":\"https:\/\/www.rightwayasia.com\/wp-content\/uploads\/2026\/03\/QN-3200SG-CORPO_CH_LOW.png\",\"datePublished\":\"2023-04-12T17:51:16+00:00\",\"dateModified\":\"2025-04-07T22:30:22+00:00\",\"breadcrumb\":{\"@id\":\"https:\/\/www.rightwayasia.com\/de\/product\/edelstahl\/khltische\/qn-3200sg\/#breadcrumb\"},\"inLanguage\":\"de\",\"potentialAction\":[{\"@type\":\"ReadAction\",\"target\":[\"https:\/\/www.rightwayasia.com\/de\/product\/edelstahl\/khltische\/qn-3200sg\/\"]}]},{\"@type\":\"ImageObject\",\"inLanguage\":\"de\",\"@id\":\"https:\/\/www.rightwayasia.com\/de\/product\/edelstahl\/khltische\/qn-3200sg\/#primaryimage\",\"url\":\"https:\/\/www.rightwayasia.com\/wp-content\/uploads\/2026\/03\/QN-3200SG-CORPO_CH_LOW.png\",\"contentUrl\":\"https:\/\/www.rightwayasia.com\/wp-content\/uploads\/2026\/03\/QN-3200SG-CORPO_CH_LOW.png\",\"width\":474,\"height\":298,\"caption\":\"Image of QN 3200SG\"},{\"@type\":\"BreadcrumbList\",\"@id\":\"https:\/\/www.rightwayasia.com\/de\/product\/edelstahl\/khltische\/qn-3200sg\/#breadcrumb\",\"itemListElement\":[{\"@type\":\"ListItem\",\"position\":1,\"name\":\"Home\",\"item\":\"https:\/\/www.rightwayasia.com\/de\/\"},{\"@type\":\"ListItem\",\"position\":2,\"name\":\"Suche\",\"item\":\"https:\/\/www.rightwayasia.com\/de\/suche\/\"},{\"@type\":\"ListItem\",\"position\":3,\"name\":\"QN 3200SG\"}]},{\"@type\":\"WebSite\",\"@id\":\"https:\/\/www.rightwayasia.com\/#website\",\"url\":\"https:\/\/www.rightwayasia.com\/\",\"name\":\"Rightway Asia\",\"description\":\"Professional refrigeration solutions\",\"publisher\":{\"@id\":\"https:\/\/www.rightwayasia.com\/#organization\"},\"potentialAction\":[{\"@type\":\"SearchAction\",\"target\":{\"@type\":\"EntryPoint\",\"urlTemplate\":\"https:\/\/www.rightwayasia.com\/?s={search_term_string}\"},\"query-input\":\"required name=search_term_string\"}],\"inLanguage\":\"de\"},{\"@type\":\"Organization\",\"@id\":\"https:\/\/www.rightwayasia.com\/#organization\",\"name\":\"Rightway Asia\",\"url\":\"https:\/\/www.rightwayasia.com\/\",\"logo\":{\"@type\":\"ImageObject\",\"inLanguage\":\"de\",\"@id\":\"https:\/\/www.rightwayasia.com\/#\/schema\/logo\/image\/\",\"url\":\"https:\/\/www.rightwayasia.com\/wp-content\/uploads\/2021\/08\/RWA-RED-1-2048x591-2.png\",\"contentUrl\":\"https:\/\/www.rightwayasia.com\/wp-content\/uploads\/2021\/08\/RWA-RED-1-2048x591-2.png\",\"width\":2048,\"height\":591,\"caption\":\"Rightway Asia\"},\"image\":{\"@id\":\"https:\/\/www.rightwayasia.com\/#\/schema\/logo\/image\/\"}}]}<\/script>\n<!-- \/ Yoast SEO plugin. -->","yoast_head_json":{"title":"QN 3200SG - Rightway Asia","robots":{"index":"index","follow":"follow","max-snippet":"max-snippet:-1","max-image-preview":"max-image-preview:large","max-video-preview":"max-video-preview:-1"},"canonical":"https:\/\/www.rightwayasia.com\/de\/product\/edelstahl\/khltische\/qn-3200sg\/","og_locale":"de_DE","og_type":"article","og_title":"QN 3200SG - Rightway Asia","og_description":"GN1\/1 Tiefk\u00fchltisch (F\u00fcr ferngesteuertes K\u00fchlaggregat) Edelstahl innen und au\u00dfen Umluftk\u00fchlung Automatische Abtauung durch Abtauheizung Isolierungsmaterial Cyclopentane (70mm &#8211; FCKW frei) Digitales Thermostat W\u00e4rmebr\u00fcckenblocker gegen Kondensation (Hei\u00dfrohrsystem) T\u00fcr: Selbstschlie\u00dfend mit wechselbarem T\u00fcranschlag herausnehmbare T\u00fcrdichtung Verdampfer mit Anti- Korrosions Behandlung 6 H\u00f6henverstellbare GN1\/1 Einsch\u00fcbe (2 St\u00fcck pro T\u00fcr)) 4 H\u00f6henverstellbare Edelstahlf\u00fc\u00dfe &#8211; Lenkrollen mit Feststellbremse optional Expansionsventil\/ [&hellip;]","og_url":"https:\/\/www.rightwayasia.com\/de\/product\/edelstahl\/khltische\/qn-3200sg\/","og_site_name":"Rightway Asia","article_modified_time":"2025-04-07T22:30:22+00:00","og_image":[{"width":474,"height":298,"url":"https:\/\/www.rightwayasia.com\/wp-content\/uploads\/2025\/04\/QN-3200SG-CORPO_CH_LOW.png","type":"image\/png"}],"twitter_card":"summary_large_image","schema":{"@context":"https:\/\/schema.org","@graph":[{"@type":"WebPage","@id":"https:\/\/www.rightwayasia.com\/de\/product\/edelstahl\/khltische\/qn-3200sg\/","url":"https:\/\/www.rightwayasia.com\/de\/product\/edelstahl\/khltische\/qn-3200sg\/","name":"QN 3200SG - Rightway Asia","isPartOf":{"@id":"https:\/\/www.rightwayasia.com\/#website"},"primaryImageOfPage":{"@id":"https:\/\/www.rightwayasia.com\/de\/product\/edelstahl\/khltische\/qn-3200sg\/#primaryimage"},"image":{"@id":"https:\/\/www.rightwayasia.com\/de\/product\/edelstahl\/khltische\/qn-3200sg\/#primaryimage"},"thumbnailUrl":"https:\/\/www.rightwayasia.com\/wp-content\/uploads\/2026\/03\/QN-3200SG-CORPO_CH_LOW.png","datePublished":"2023-04-12T17:51:16+00:00","dateModified":"2025-04-07T22:30:22+00:00","breadcrumb":{"@id":"https:\/\/www.rightwayasia.com\/de\/product\/edelstahl\/khltische\/qn-3200sg\/#breadcrumb"},"inLanguage":"de","potentialAction":[{"@type":"ReadAction","target":["https:\/\/www.rightwayasia.com\/de\/product\/edelstahl\/khltische\/qn-3200sg\/"]}]},{"@type":"ImageObject","inLanguage":"de","@id":"https:\/\/www.rightwayasia.com\/de\/product\/edelstahl\/khltische\/qn-3200sg\/#primaryimage","url":"https:\/\/www.rightwayasia.com\/wp-content\/uploads\/2026\/03\/QN-3200SG-CORPO_CH_LOW.png","contentUrl":"https:\/\/www.rightwayasia.com\/wp-content\/uploads\/2026\/03\/QN-3200SG-CORPO_CH_LOW.png","width":474,"height":298,"caption":"Image of QN 3200SG"},{"@type":"BreadcrumbList","@id":"https:\/\/www.rightwayasia.com\/de\/product\/edelstahl\/khltische\/qn-3200sg\/#breadcrumb","itemListElement":[{"@type":"ListItem","position":1,"name":"Home","item":"https:\/\/www.rightwayasia.com\/de\/"},{"@type":"ListItem","position":2,"name":"Suche","item":"https:\/\/www.rightwayasia.com\/de\/suche\/"},{"@type":"ListItem","position":3,"name":"QN 3200SG"}]},{"@type":"WebSite","@id":"https:\/\/www.rightwayasia.com\/#website","url":"https:\/\/www.rightwayasia.com\/","name":"Rightway Asia","description":"Professional refrigeration solutions","publisher":{"@id":"https:\/\/www.rightwayasia.com\/#organization"},"potentialAction":[{"@type":"SearchAction","target":{"@type":"EntryPoint","urlTemplate":"https:\/\/www.rightwayasia.com\/?s={search_term_string}"},"query-input":"required name=search_term_string"}],"inLanguage":"de"},{"@type":"Organization","@id":"https:\/\/www.rightwayasia.com\/#organization","name":"Rightway Asia","url":"https:\/\/www.rightwayasia.com\/","logo":{"@type":"ImageObject","inLanguage":"de","@id":"https:\/\/www.rightwayasia.com\/#\/schema\/logo\/image\/","url":"https:\/\/www.rightwayasia.com\/wp-content\/uploads\/2021\/08\/RWA-RED-1-2048x591-2.png","contentUrl":"https:\/\/www.rightwayasia.com\/wp-content\/uploads\/2021\/08\/RWA-RED-1-2048x591-2.png","width":2048,"height":591,"caption":"Rightway Asia"},"image":{"@id":"https:\/\/www.rightwayasia.com\/#\/schema\/logo\/image\/"}}]}},"_links":{"self":[{"href":"https:\/\/www.rightwayasia.com\/de\/wp-json\/wp\/v2\/product\/4342037"}],"collection":[{"href":"https:\/\/www.rightwayasia.com\/de\/wp-json\/wp\/v2\/product"}],"about":[{"href":"https:\/\/www.rightwayasia.com\/de\/wp-json\/wp\/v2\/types\/product"}],"wp:featuredmedia":[{"embeddable":true,"href":"https:\/\/www.rightwayasia.com\/de\/wp-json\/wp\/v2\/media\/8245712"}],"wp:attachment":[{"href":"https:\/\/www.rightwayasia.com\/de\/wp-json\/wp\/v2\/media?parent=4342037"}],"wp:term":[{"taxonomy":"product_cat","embeddable":true,"href":"https:\/\/www.rightwayasia.com\/de\/wp-json\/wp\/v2\/product_cat?post=4342037"},{"taxonomy":"product_tag","embeddable":true,"href":"https:\/\/www.rightwayasia.com\/de\/wp-json\/wp\/v2\/product_tag?post=4342037"}],"curies":[{"name":"wp","href":"https:\/\/api.w.org\/{rel}","templated":true}]}}