{"id":4342583,"date":"2023-04-12T18:05:13","date_gmt":"2023-04-12T18:05:13","guid":{"rendered":"https:\/\/www.rightwayasia.com\/product\/unkategorisiert\/rf-23a\/"},"modified":"2025-04-08T03:16:22","modified_gmt":"2025-04-08T03:16:22","slug":"rf-23a","status":"publish","type":"product","link":"https:\/\/www.rightwayasia.com\/de\/product\/edelstahl\/schockkhler-froster\/rf-23a\/","title":{"rendered":"RF 23A"},"content":{"rendered":"<p>GN2\/3 Auftisch- Schockfroster<br \/>\nEdelstahl innen und au\u00dfen<br \/>\nUmluftk\u00fchlung mit manueller Abtauung<br \/>\nW\u00e4rmebr\u00fcckenblocker gegen Kondensation (Beheizten draht)<br \/>\nVerdampfer mit Anti- Korrosions Behandlung<br \/>\nIsolierungsmaterial Cyclopentane (60mm &#8211; FCKW frei)<br \/>\nDigitales Thermostat mit akustischem Alarm<br \/>\nT\u00fcr\u00f6ffnungsalarm<br \/>\nFehlermeldungen im Display visualisiert<br \/>\nK\u00fchlkammer aus Edelstahl<br \/>\nT\u00fcrschalter der bei T\u00fcr\u00f6ffnung die Ventilation abschaltet<br \/>\ninklusive Lebensmittel- Temperaturf\u00fchler<br \/>\nherausnehmbare T\u00fcrdichtung<br \/>\n4 H\u00f6henverstellbare F\u00fc\u00dfe<br \/>\nTemperatur- und zeitgesteuertes Schnellk\u00fchlprogram<br \/>\nAutomatischer Temperaturhalte- Modus am Ende des Schnellk\u00fchlvorgangs<br \/>\nEnergieeffizienzklasse: &#8211;<\/p>\n<p>&nbsp;<\/p>\n","protected":false},"excerpt":{"rendered":"<p>Mit einem eleganten und klaren Design passt dieses Modell perfekt in kleine R\u00e4ume. Der RF 23A ist ein kompakter GN2\/3 Schockfroster, der auf einem Tresen\/ einer Arbeitsfl\u00e4che platziert werden kann, ideal f\u00fcr Bars und kleine Gesch\u00e4fte. Er bietet die Leistung eines ausgezeichneten Schockfrosters dank des digitalen Thermostats mit Summeralarm, des T\u00fcr\u00f6ffnungsalarms, der serienm\u00e4\u00dfig eingebauten Nadelsonde, der Temperaturregelung oder zeitgesteuerten Schockk\u00fchlzyklen und des automatischen Lagermodus am Ende des Schockk\u00fchlzyklus.<\/p>\n","protected":false},"featured_media":8256125,"template":"","meta":{"_acf_changed":false},"product_cat":[11691,11696],"product_tag":[],"acf":[],"yoast_head":"<!-- This site is optimized with the Yoast SEO plugin v22.2 - https:\/\/yoast.com\/wordpress\/plugins\/seo\/ -->\n<title>RF 23A - Rightway Asia<\/title>\n<meta name=\"robots\" content=\"index, follow, max-snippet:-1, max-image-preview:large, max-video-preview:-1\" \/>\n<link rel=\"canonical\" href=\"https:\/\/www.rightwayasia.com\/de\/product\/edelstahl\/schockkhler-froster\/rf-23a\/\" \/>\n<meta property=\"og:locale\" content=\"de_DE\" \/>\n<meta property=\"og:type\" content=\"article\" \/>\n<meta property=\"og:title\" content=\"RF 23A - Rightway Asia\" \/>\n<meta property=\"og:description\" content=\"Mit einem eleganten und klaren Design passt dieses Modell perfekt in kleine R\u00e4ume. Der RF 23A ist ein kompakter GN2\/3 Schockfroster, der auf einem Tresen\/ einer Arbeitsfl\u00e4che platziert werden kann, ideal f\u00fcr Bars und kleine Gesch\u00e4fte. Er bietet die Leistung eines ausgezeichneten Schockfrosters dank des digitalen Thermostats mit Summeralarm, des T\u00fcr\u00f6ffnungsalarms, der serienm\u00e4\u00dfig eingebauten Nadelsonde, der Temperaturregelung oder zeitgesteuerten Schockk\u00fchlzyklen und des automatischen Lagermodus am Ende des Schockk\u00fchlzyklus.\" \/>\n<meta property=\"og:url\" content=\"https:\/\/www.rightwayasia.com\/de\/product\/edelstahl\/schockkhler-froster\/rf-23a\/\" \/>\n<meta property=\"og:site_name\" content=\"Rightway Asia\" \/>\n<meta property=\"article:modified_time\" content=\"2025-04-08T03:16:22+00:00\" \/>\n<meta property=\"og:image\" content=\"https:\/\/www.rightwayasia.com\/wp-content\/uploads\/2025\/04\/INOX_DETTAGLI_760N.jpg\" \/>\n\t<meta property=\"og:image:width\" content=\"598\" \/>\n\t<meta property=\"og:image:height\" content=\"442\" \/>\n\t<meta property=\"og:image:type\" content=\"image\/jpeg\" \/>\n<meta name=\"twitter:card\" content=\"summary_large_image\" \/>\n<script type=\"application\/ld+json\" class=\"yoast-schema-graph\">{\"@context\":\"https:\/\/schema.org\",\"@graph\":[{\"@type\":\"WebPage\",\"@id\":\"https:\/\/www.rightwayasia.com\/de\/product\/edelstahl\/schockkhler-froster\/rf-23a\/\",\"url\":\"https:\/\/www.rightwayasia.com\/de\/product\/edelstahl\/schockkhler-froster\/rf-23a\/\",\"name\":\"RF 23A - Rightway Asia\",\"isPartOf\":{\"@id\":\"https:\/\/www.rightwayasia.com\/#website\"},\"primaryImageOfPage\":{\"@id\":\"https:\/\/www.rightwayasia.com\/de\/product\/edelstahl\/schockkhler-froster\/rf-23a\/#primaryimage\"},\"image\":{\"@id\":\"https:\/\/www.rightwayasia.com\/de\/product\/edelstahl\/schockkhler-froster\/rf-23a\/#primaryimage\"},\"thumbnailUrl\":\"https:\/\/www.rightwayasia.com\/wp-content\/uploads\/2026\/03\/RF-23A-CORPO_CH_LOW.png\",\"datePublished\":\"2023-04-12T18:05:13+00:00\",\"dateModified\":\"2025-04-08T03:16:22+00:00\",\"breadcrumb\":{\"@id\":\"https:\/\/www.rightwayasia.com\/de\/product\/edelstahl\/schockkhler-froster\/rf-23a\/#breadcrumb\"},\"inLanguage\":\"de\",\"potentialAction\":[{\"@type\":\"ReadAction\",\"target\":[\"https:\/\/www.rightwayasia.com\/de\/product\/edelstahl\/schockkhler-froster\/rf-23a\/\"]}]},{\"@type\":\"ImageObject\",\"inLanguage\":\"de\",\"@id\":\"https:\/\/www.rightwayasia.com\/de\/product\/edelstahl\/schockkhler-froster\/rf-23a\/#primaryimage\",\"url\":\"https:\/\/www.rightwayasia.com\/wp-content\/uploads\/2026\/03\/RF-23A-CORPO_CH_LOW.png\",\"contentUrl\":\"https:\/\/www.rightwayasia.com\/wp-content\/uploads\/2026\/03\/RF-23A-CORPO_CH_LOW.png\",\"width\":557,\"height\":344,\"caption\":\"Image of RF 23A\"},{\"@type\":\"BreadcrumbList\",\"@id\":\"https:\/\/www.rightwayasia.com\/de\/product\/edelstahl\/schockkhler-froster\/rf-23a\/#breadcrumb\",\"itemListElement\":[{\"@type\":\"ListItem\",\"position\":1,\"name\":\"Home\",\"item\":\"https:\/\/www.rightwayasia.com\/de\/\"},{\"@type\":\"ListItem\",\"position\":2,\"name\":\"Suche\",\"item\":\"https:\/\/www.rightwayasia.com\/de\/suche\/\"},{\"@type\":\"ListItem\",\"position\":3,\"name\":\"RF 23A\"}]},{\"@type\":\"WebSite\",\"@id\":\"https:\/\/www.rightwayasia.com\/#website\",\"url\":\"https:\/\/www.rightwayasia.com\/\",\"name\":\"Rightway Asia\",\"description\":\"Professional refrigeration solutions\",\"publisher\":{\"@id\":\"https:\/\/www.rightwayasia.com\/#organization\"},\"potentialAction\":[{\"@type\":\"SearchAction\",\"target\":{\"@type\":\"EntryPoint\",\"urlTemplate\":\"https:\/\/www.rightwayasia.com\/?s={search_term_string}\"},\"query-input\":\"required name=search_term_string\"}],\"inLanguage\":\"de\"},{\"@type\":\"Organization\",\"@id\":\"https:\/\/www.rightwayasia.com\/#organization\",\"name\":\"Rightway Asia\",\"url\":\"https:\/\/www.rightwayasia.com\/\",\"logo\":{\"@type\":\"ImageObject\",\"inLanguage\":\"de\",\"@id\":\"https:\/\/www.rightwayasia.com\/#\/schema\/logo\/image\/\",\"url\":\"https:\/\/www.rightwayasia.com\/wp-content\/uploads\/2021\/08\/RWA-RED-1-2048x591-2.png\",\"contentUrl\":\"https:\/\/www.rightwayasia.com\/wp-content\/uploads\/2021\/08\/RWA-RED-1-2048x591-2.png\",\"width\":2048,\"height\":591,\"caption\":\"Rightway Asia\"},\"image\":{\"@id\":\"https:\/\/www.rightwayasia.com\/#\/schema\/logo\/image\/\"}}]}<\/script>\n<!-- \/ Yoast SEO plugin. -->","yoast_head_json":{"title":"RF 23A - Rightway Asia","robots":{"index":"index","follow":"follow","max-snippet":"max-snippet:-1","max-image-preview":"max-image-preview:large","max-video-preview":"max-video-preview:-1"},"canonical":"https:\/\/www.rightwayasia.com\/de\/product\/edelstahl\/schockkhler-froster\/rf-23a\/","og_locale":"de_DE","og_type":"article","og_title":"RF 23A - Rightway Asia","og_description":"Mit einem eleganten und klaren Design passt dieses Modell perfekt in kleine R\u00e4ume. Der RF 23A ist ein kompakter GN2\/3 Schockfroster, der auf einem Tresen\/ einer Arbeitsfl\u00e4che platziert werden kann, ideal f\u00fcr Bars und kleine Gesch\u00e4fte. Er bietet die Leistung eines ausgezeichneten Schockfrosters dank des digitalen Thermostats mit Summeralarm, des T\u00fcr\u00f6ffnungsalarms, der serienm\u00e4\u00dfig eingebauten Nadelsonde, der Temperaturregelung oder zeitgesteuerten Schockk\u00fchlzyklen und des automatischen Lagermodus am Ende des Schockk\u00fchlzyklus.","og_url":"https:\/\/www.rightwayasia.com\/de\/product\/edelstahl\/schockkhler-froster\/rf-23a\/","og_site_name":"Rightway Asia","article_modified_time":"2025-04-08T03:16:22+00:00","og_image":[{"width":598,"height":442,"url":"https:\/\/www.rightwayasia.com\/wp-content\/uploads\/2025\/04\/INOX_DETTAGLI_760N.jpg","type":"image\/jpeg"}],"twitter_card":"summary_large_image","schema":{"@context":"https:\/\/schema.org","@graph":[{"@type":"WebPage","@id":"https:\/\/www.rightwayasia.com\/de\/product\/edelstahl\/schockkhler-froster\/rf-23a\/","url":"https:\/\/www.rightwayasia.com\/de\/product\/edelstahl\/schockkhler-froster\/rf-23a\/","name":"RF 23A - Rightway Asia","isPartOf":{"@id":"https:\/\/www.rightwayasia.com\/#website"},"primaryImageOfPage":{"@id":"https:\/\/www.rightwayasia.com\/de\/product\/edelstahl\/schockkhler-froster\/rf-23a\/#primaryimage"},"image":{"@id":"https:\/\/www.rightwayasia.com\/de\/product\/edelstahl\/schockkhler-froster\/rf-23a\/#primaryimage"},"thumbnailUrl":"https:\/\/www.rightwayasia.com\/wp-content\/uploads\/2026\/03\/RF-23A-CORPO_CH_LOW.png","datePublished":"2023-04-12T18:05:13+00:00","dateModified":"2025-04-08T03:16:22+00:00","breadcrumb":{"@id":"https:\/\/www.rightwayasia.com\/de\/product\/edelstahl\/schockkhler-froster\/rf-23a\/#breadcrumb"},"inLanguage":"de","potentialAction":[{"@type":"ReadAction","target":["https:\/\/www.rightwayasia.com\/de\/product\/edelstahl\/schockkhler-froster\/rf-23a\/"]}]},{"@type":"ImageObject","inLanguage":"de","@id":"https:\/\/www.rightwayasia.com\/de\/product\/edelstahl\/schockkhler-froster\/rf-23a\/#primaryimage","url":"https:\/\/www.rightwayasia.com\/wp-content\/uploads\/2026\/03\/RF-23A-CORPO_CH_LOW.png","contentUrl":"https:\/\/www.rightwayasia.com\/wp-content\/uploads\/2026\/03\/RF-23A-CORPO_CH_LOW.png","width":557,"height":344,"caption":"Image of RF 23A"},{"@type":"BreadcrumbList","@id":"https:\/\/www.rightwayasia.com\/de\/product\/edelstahl\/schockkhler-froster\/rf-23a\/#breadcrumb","itemListElement":[{"@type":"ListItem","position":1,"name":"Home","item":"https:\/\/www.rightwayasia.com\/de\/"},{"@type":"ListItem","position":2,"name":"Suche","item":"https:\/\/www.rightwayasia.com\/de\/suche\/"},{"@type":"ListItem","position":3,"name":"RF 23A"}]},{"@type":"WebSite","@id":"https:\/\/www.rightwayasia.com\/#website","url":"https:\/\/www.rightwayasia.com\/","name":"Rightway Asia","description":"Professional refrigeration solutions","publisher":{"@id":"https:\/\/www.rightwayasia.com\/#organization"},"potentialAction":[{"@type":"SearchAction","target":{"@type":"EntryPoint","urlTemplate":"https:\/\/www.rightwayasia.com\/?s={search_term_string}"},"query-input":"required name=search_term_string"}],"inLanguage":"de"},{"@type":"Organization","@id":"https:\/\/www.rightwayasia.com\/#organization","name":"Rightway Asia","url":"https:\/\/www.rightwayasia.com\/","logo":{"@type":"ImageObject","inLanguage":"de","@id":"https:\/\/www.rightwayasia.com\/#\/schema\/logo\/image\/","url":"https:\/\/www.rightwayasia.com\/wp-content\/uploads\/2021\/08\/RWA-RED-1-2048x591-2.png","contentUrl":"https:\/\/www.rightwayasia.com\/wp-content\/uploads\/2021\/08\/RWA-RED-1-2048x591-2.png","width":2048,"height":591,"caption":"Rightway Asia"},"image":{"@id":"https:\/\/www.rightwayasia.com\/#\/schema\/logo\/image\/"}}]}},"_links":{"self":[{"href":"https:\/\/www.rightwayasia.com\/de\/wp-json\/wp\/v2\/product\/4342583"}],"collection":[{"href":"https:\/\/www.rightwayasia.com\/de\/wp-json\/wp\/v2\/product"}],"about":[{"href":"https:\/\/www.rightwayasia.com\/de\/wp-json\/wp\/v2\/types\/product"}],"wp:featuredmedia":[{"embeddable":true,"href":"https:\/\/www.rightwayasia.com\/de\/wp-json\/wp\/v2\/media\/8256125"}],"wp:attachment":[{"href":"https:\/\/www.rightwayasia.com\/de\/wp-json\/wp\/v2\/media?parent=4342583"}],"wp:term":[{"taxonomy":"product_cat","embeddable":true,"href":"https:\/\/www.rightwayasia.com\/de\/wp-json\/wp\/v2\/product_cat?post=4342583"},{"taxonomy":"product_tag","embeddable":true,"href":"https:\/\/www.rightwayasia.com\/de\/wp-json\/wp\/v2\/product_tag?post=4342583"}],"curies":[{"name":"wp","href":"https:\/\/api.w.org\/{rel}","templated":true}]}}