{"id":4342591,"date":"2023-04-12T18:05:32","date_gmt":"2023-04-12T18:05:32","guid":{"rendered":"https:\/\/www.rightwayasia.com\/product\/unkategorisiert\/rf-50a\/"},"modified":"2025-04-08T03:16:38","modified_gmt":"2025-04-08T03:16:38","slug":"rf-50a","status":"publish","type":"product","link":"https:\/\/www.rightwayasia.com\/de\/product\/edelstahl\/schockkhler-froster\/rf-50a\/","title":{"rendered":"RF 50A"},"content":{"rendered":"<p>GN1\/1 und Euronorm (600&#215;400) Schockfroster<br \/>\nEdelstahl innen und au\u00dfen<br \/>\nUmluftk\u00fchlung mit manueller Abtauung<br \/>\nW\u00e4rmebr\u00fcckenblocker gegen Kondensation (Hei\u00dfrohrsystem)<br \/>\nVerdampfer mit Anti- Korrosions Behandlung<br \/>\nIsolierungsmaterial Cyclopentane (60mm &#8211; FCKW frei)<br \/>\nDigitales Thermostat mit akustischem Alarm<br \/>\nFehlermeldungen im Display visualisiert<br \/>\nK\u00fchlkammer aus Edelstahl<br \/>\nT\u00fcrschalter der bei T\u00fcr\u00f6ffnung die Ventilation abschaltet<br \/>\nSeperater Tauwasserauffangbeh\u00e4lter (nicht enthalten)<br \/>\nWechselbarer T\u00fcranschlag \/ Inklusive Lebensmittel- Temperaturf\u00fchler<br \/>\nBeh\u00e4lter Konfiguration: 65mm Abstand zwischen den Beh\u00e4ltern<br \/>\n4 H\u00f6henverstellbare Edelstahlf\u00fc\u00dfe &#8211; Lenkrollen mit Feststellbremse optional<br \/>\nTemperatur- und zeitgesteuertes Schnellk\u00fchlprogram (Soft\/Hard)<br \/>\nAutomatischer Temperaturhalte- Modus am Ende des Schnellk\u00fchlvorgangs<br \/>\nECM\/DC Ventilator (f\u00fcr geringen Energieverbrauch\/ geringen Ger\u00e4uschpegel)<br \/>\nSeparate Taste f\u00fcr &#8222;Eiscreme&#8220; Zyklus<br \/>\nSeparate Taste f\u00fcr &#8222;-40\u00b0C&#8220; Zyklus<br \/>\nEiscreme Set optional erh\u00e4ltlich (Beh\u00e4lter NICHT inklusive)<\/p>\n<p>&nbsp;<\/p>\n","protected":false},"excerpt":{"rendered":"<p>Mit einem eleganten und klaren Design passt dieses Modell perfekt zu den Anforderungen jeder professionellen K\u00fcche. Der RF 50A ist ein GN1\/1 und EURONORM 600x400mm Schockfroster geeignet f\u00fcr 5 Einsch\u00fcbe. Die erstklassige Leistung dieses Ger\u00e4ts, wie z.B. sein digitaler Thermostat und Summeralarm, Fehlermeldungen direkt im Display, umkehrbare T\u00fcr, Nadelsonde serienm\u00e4\u00dfig eingebaut, Temperaturregelung oder zeitgesteuerten Schockk\u00fchlzyklus, automatischer Lagermodus am Ende des Schockk\u00fchlzyklus und schlie\u00dflich mit einer separaten Taste f\u00fcr einen &#8222;Speiseeis&#8220; Zyklus und f\u00fcr einen &#8222;-40\u00b0C&#8220; Zyklus, machen dieses Modell ideal f\u00fcr den professionellen Gebrauch, einschlie\u00dflich B\u00e4ckerei und Speiseeisherstellung.<\/p>\n","protected":false},"featured_media":8256131,"template":"","meta":{"_acf_changed":false},"product_cat":[11691,11696],"product_tag":[],"acf":[],"yoast_head":"<!-- This site is optimized with the Yoast SEO plugin v22.2 - https:\/\/yoast.com\/wordpress\/plugins\/seo\/ -->\n<title>RF 50A - Rightway Asia<\/title>\n<meta name=\"robots\" content=\"index, follow, max-snippet:-1, max-image-preview:large, max-video-preview:-1\" \/>\n<link rel=\"canonical\" href=\"https:\/\/www.rightwayasia.com\/de\/product\/edelstahl\/schockkhler-froster\/rf-50a\/\" \/>\n<meta property=\"og:locale\" content=\"de_DE\" \/>\n<meta property=\"og:type\" content=\"article\" \/>\n<meta property=\"og:title\" content=\"RF 50A - Rightway Asia\" \/>\n<meta property=\"og:description\" content=\"Mit einem eleganten und klaren Design passt dieses Modell perfekt zu den Anforderungen jeder professionellen K\u00fcche. Der RF 50A ist ein GN1\/1 und EURONORM 600x400mm Schockfroster geeignet f\u00fcr 5 Einsch\u00fcbe. Die erstklassige Leistung dieses Ger\u00e4ts, wie z.B. sein digitaler Thermostat und Summeralarm, Fehlermeldungen direkt im Display, umkehrbare T\u00fcr, Nadelsonde serienm\u00e4\u00dfig eingebaut, Temperaturregelung oder zeitgesteuerten Schockk\u00fchlzyklus, automatischer Lagermodus am Ende des Schockk\u00fchlzyklus und schlie\u00dflich mit einer separaten Taste f\u00fcr einen &quot;Speiseeis&quot; Zyklus und f\u00fcr einen &quot;-40\u00b0C&quot; Zyklus, machen dieses Modell ideal f\u00fcr den professionellen Gebrauch, einschlie\u00dflich B\u00e4ckerei und Speiseeisherstellung.\" \/>\n<meta property=\"og:url\" content=\"https:\/\/www.rightwayasia.com\/de\/product\/edelstahl\/schockkhler-froster\/rf-50a\/\" \/>\n<meta property=\"og:site_name\" content=\"Rightway Asia\" \/>\n<meta property=\"article:modified_time\" content=\"2025-04-08T03:16:38+00:00\" \/>\n<meta property=\"og:image\" content=\"https:\/\/www.rightwayasia.com\/wp-content\/uploads\/2025\/04\/RF-50A-CORPO_CH_LOW.png\" \/>\n\t<meta property=\"og:image:width\" content=\"576\" \/>\n\t<meta property=\"og:image:height\" content=\"430\" \/>\n\t<meta property=\"og:image:type\" content=\"image\/png\" \/>\n<meta name=\"twitter:card\" content=\"summary_large_image\" \/>\n<meta name=\"twitter:label1\" content=\"Gesch\u00e4tzte Lesezeit\" \/>\n\t<meta name=\"twitter:data1\" content=\"1\u00a0Minute\" \/>\n<script type=\"application\/ld+json\" class=\"yoast-schema-graph\">{\"@context\":\"https:\/\/schema.org\",\"@graph\":[{\"@type\":\"WebPage\",\"@id\":\"https:\/\/www.rightwayasia.com\/de\/product\/edelstahl\/schockkhler-froster\/rf-50a\/\",\"url\":\"https:\/\/www.rightwayasia.com\/de\/product\/edelstahl\/schockkhler-froster\/rf-50a\/\",\"name\":\"RF 50A - Rightway Asia\",\"isPartOf\":{\"@id\":\"https:\/\/www.rightwayasia.com\/#website\"},\"primaryImageOfPage\":{\"@id\":\"https:\/\/www.rightwayasia.com\/de\/product\/edelstahl\/schockkhler-froster\/rf-50a\/#primaryimage\"},\"image\":{\"@id\":\"https:\/\/www.rightwayasia.com\/de\/product\/edelstahl\/schockkhler-froster\/rf-50a\/#primaryimage\"},\"thumbnailUrl\":\"https:\/\/www.rightwayasia.com\/wp-content\/uploads\/2026\/03\/RF-50A-CORPO_CH_LOW.png\",\"datePublished\":\"2023-04-12T18:05:32+00:00\",\"dateModified\":\"2025-04-08T03:16:38+00:00\",\"breadcrumb\":{\"@id\":\"https:\/\/www.rightwayasia.com\/de\/product\/edelstahl\/schockkhler-froster\/rf-50a\/#breadcrumb\"},\"inLanguage\":\"de\",\"potentialAction\":[{\"@type\":\"ReadAction\",\"target\":[\"https:\/\/www.rightwayasia.com\/de\/product\/edelstahl\/schockkhler-froster\/rf-50a\/\"]}]},{\"@type\":\"ImageObject\",\"inLanguage\":\"de\",\"@id\":\"https:\/\/www.rightwayasia.com\/de\/product\/edelstahl\/schockkhler-froster\/rf-50a\/#primaryimage\",\"url\":\"https:\/\/www.rightwayasia.com\/wp-content\/uploads\/2026\/03\/RF-50A-CORPO_CH_LOW.png\",\"contentUrl\":\"https:\/\/www.rightwayasia.com\/wp-content\/uploads\/2026\/03\/RF-50A-CORPO_CH_LOW.png\",\"width\":576,\"height\":430,\"caption\":\"Image of RF 50A\"},{\"@type\":\"BreadcrumbList\",\"@id\":\"https:\/\/www.rightwayasia.com\/de\/product\/edelstahl\/schockkhler-froster\/rf-50a\/#breadcrumb\",\"itemListElement\":[{\"@type\":\"ListItem\",\"position\":1,\"name\":\"Home\",\"item\":\"https:\/\/www.rightwayasia.com\/de\/\"},{\"@type\":\"ListItem\",\"position\":2,\"name\":\"Suche\",\"item\":\"https:\/\/www.rightwayasia.com\/de\/suche\/\"},{\"@type\":\"ListItem\",\"position\":3,\"name\":\"RF 50A\"}]},{\"@type\":\"WebSite\",\"@id\":\"https:\/\/www.rightwayasia.com\/#website\",\"url\":\"https:\/\/www.rightwayasia.com\/\",\"name\":\"Rightway Asia\",\"description\":\"Professional refrigeration solutions\",\"publisher\":{\"@id\":\"https:\/\/www.rightwayasia.com\/#organization\"},\"potentialAction\":[{\"@type\":\"SearchAction\",\"target\":{\"@type\":\"EntryPoint\",\"urlTemplate\":\"https:\/\/www.rightwayasia.com\/?s={search_term_string}\"},\"query-input\":\"required name=search_term_string\"}],\"inLanguage\":\"de\"},{\"@type\":\"Organization\",\"@id\":\"https:\/\/www.rightwayasia.com\/#organization\",\"name\":\"Rightway Asia\",\"url\":\"https:\/\/www.rightwayasia.com\/\",\"logo\":{\"@type\":\"ImageObject\",\"inLanguage\":\"de\",\"@id\":\"https:\/\/www.rightwayasia.com\/#\/schema\/logo\/image\/\",\"url\":\"https:\/\/www.rightwayasia.com\/wp-content\/uploads\/2021\/08\/RWA-RED-1-2048x591-2.png\",\"contentUrl\":\"https:\/\/www.rightwayasia.com\/wp-content\/uploads\/2021\/08\/RWA-RED-1-2048x591-2.png\",\"width\":2048,\"height\":591,\"caption\":\"Rightway Asia\"},\"image\":{\"@id\":\"https:\/\/www.rightwayasia.com\/#\/schema\/logo\/image\/\"}}]}<\/script>\n<!-- \/ Yoast SEO plugin. -->","yoast_head_json":{"title":"RF 50A - Rightway Asia","robots":{"index":"index","follow":"follow","max-snippet":"max-snippet:-1","max-image-preview":"max-image-preview:large","max-video-preview":"max-video-preview:-1"},"canonical":"https:\/\/www.rightwayasia.com\/de\/product\/edelstahl\/schockkhler-froster\/rf-50a\/","og_locale":"de_DE","og_type":"article","og_title":"RF 50A - Rightway Asia","og_description":"Mit einem eleganten und klaren Design passt dieses Modell perfekt zu den Anforderungen jeder professionellen K\u00fcche. Der RF 50A ist ein GN1\/1 und EURONORM 600x400mm Schockfroster geeignet f\u00fcr 5 Einsch\u00fcbe. Die erstklassige Leistung dieses Ger\u00e4ts, wie z.B. sein digitaler Thermostat und Summeralarm, Fehlermeldungen direkt im Display, umkehrbare T\u00fcr, Nadelsonde serienm\u00e4\u00dfig eingebaut, Temperaturregelung oder zeitgesteuerten Schockk\u00fchlzyklus, automatischer Lagermodus am Ende des Schockk\u00fchlzyklus und schlie\u00dflich mit einer separaten Taste f\u00fcr einen \"Speiseeis\" Zyklus und f\u00fcr einen \"-40\u00b0C\" Zyklus, machen dieses Modell ideal f\u00fcr den professionellen Gebrauch, einschlie\u00dflich B\u00e4ckerei und Speiseeisherstellung.","og_url":"https:\/\/www.rightwayasia.com\/de\/product\/edelstahl\/schockkhler-froster\/rf-50a\/","og_site_name":"Rightway Asia","article_modified_time":"2025-04-08T03:16:38+00:00","og_image":[{"width":576,"height":430,"url":"https:\/\/www.rightwayasia.com\/wp-content\/uploads\/2025\/04\/RF-50A-CORPO_CH_LOW.png","type":"image\/png"}],"twitter_card":"summary_large_image","twitter_misc":{"Gesch\u00e4tzte Lesezeit":"1\u00a0Minute"},"schema":{"@context":"https:\/\/schema.org","@graph":[{"@type":"WebPage","@id":"https:\/\/www.rightwayasia.com\/de\/product\/edelstahl\/schockkhler-froster\/rf-50a\/","url":"https:\/\/www.rightwayasia.com\/de\/product\/edelstahl\/schockkhler-froster\/rf-50a\/","name":"RF 50A - Rightway Asia","isPartOf":{"@id":"https:\/\/www.rightwayasia.com\/#website"},"primaryImageOfPage":{"@id":"https:\/\/www.rightwayasia.com\/de\/product\/edelstahl\/schockkhler-froster\/rf-50a\/#primaryimage"},"image":{"@id":"https:\/\/www.rightwayasia.com\/de\/product\/edelstahl\/schockkhler-froster\/rf-50a\/#primaryimage"},"thumbnailUrl":"https:\/\/www.rightwayasia.com\/wp-content\/uploads\/2026\/03\/RF-50A-CORPO_CH_LOW.png","datePublished":"2023-04-12T18:05:32+00:00","dateModified":"2025-04-08T03:16:38+00:00","breadcrumb":{"@id":"https:\/\/www.rightwayasia.com\/de\/product\/edelstahl\/schockkhler-froster\/rf-50a\/#breadcrumb"},"inLanguage":"de","potentialAction":[{"@type":"ReadAction","target":["https:\/\/www.rightwayasia.com\/de\/product\/edelstahl\/schockkhler-froster\/rf-50a\/"]}]},{"@type":"ImageObject","inLanguage":"de","@id":"https:\/\/www.rightwayasia.com\/de\/product\/edelstahl\/schockkhler-froster\/rf-50a\/#primaryimage","url":"https:\/\/www.rightwayasia.com\/wp-content\/uploads\/2026\/03\/RF-50A-CORPO_CH_LOW.png","contentUrl":"https:\/\/www.rightwayasia.com\/wp-content\/uploads\/2026\/03\/RF-50A-CORPO_CH_LOW.png","width":576,"height":430,"caption":"Image of RF 50A"},{"@type":"BreadcrumbList","@id":"https:\/\/www.rightwayasia.com\/de\/product\/edelstahl\/schockkhler-froster\/rf-50a\/#breadcrumb","itemListElement":[{"@type":"ListItem","position":1,"name":"Home","item":"https:\/\/www.rightwayasia.com\/de\/"},{"@type":"ListItem","position":2,"name":"Suche","item":"https:\/\/www.rightwayasia.com\/de\/suche\/"},{"@type":"ListItem","position":3,"name":"RF 50A"}]},{"@type":"WebSite","@id":"https:\/\/www.rightwayasia.com\/#website","url":"https:\/\/www.rightwayasia.com\/","name":"Rightway Asia","description":"Professional refrigeration solutions","publisher":{"@id":"https:\/\/www.rightwayasia.com\/#organization"},"potentialAction":[{"@type":"SearchAction","target":{"@type":"EntryPoint","urlTemplate":"https:\/\/www.rightwayasia.com\/?s={search_term_string}"},"query-input":"required name=search_term_string"}],"inLanguage":"de"},{"@type":"Organization","@id":"https:\/\/www.rightwayasia.com\/#organization","name":"Rightway Asia","url":"https:\/\/www.rightwayasia.com\/","logo":{"@type":"ImageObject","inLanguage":"de","@id":"https:\/\/www.rightwayasia.com\/#\/schema\/logo\/image\/","url":"https:\/\/www.rightwayasia.com\/wp-content\/uploads\/2021\/08\/RWA-RED-1-2048x591-2.png","contentUrl":"https:\/\/www.rightwayasia.com\/wp-content\/uploads\/2021\/08\/RWA-RED-1-2048x591-2.png","width":2048,"height":591,"caption":"Rightway Asia"},"image":{"@id":"https:\/\/www.rightwayasia.com\/#\/schema\/logo\/image\/"}}]}},"_links":{"self":[{"href":"https:\/\/www.rightwayasia.com\/de\/wp-json\/wp\/v2\/product\/4342591"}],"collection":[{"href":"https:\/\/www.rightwayasia.com\/de\/wp-json\/wp\/v2\/product"}],"about":[{"href":"https:\/\/www.rightwayasia.com\/de\/wp-json\/wp\/v2\/types\/product"}],"wp:featuredmedia":[{"embeddable":true,"href":"https:\/\/www.rightwayasia.com\/de\/wp-json\/wp\/v2\/media\/8256131"}],"wp:attachment":[{"href":"https:\/\/www.rightwayasia.com\/de\/wp-json\/wp\/v2\/media?parent=4342591"}],"wp:term":[{"taxonomy":"product_cat","embeddable":true,"href":"https:\/\/www.rightwayasia.com\/de\/wp-json\/wp\/v2\/product_cat?post=4342591"},{"taxonomy":"product_tag","embeddable":true,"href":"https:\/\/www.rightwayasia.com\/de\/wp-json\/wp\/v2\/product_tag?post=4342591"}],"curies":[{"name":"wp","href":"https:\/\/api.w.org\/{rel}","templated":true}]}}