{"id":4342662,"date":"2023-04-12T18:07:13","date_gmt":"2023-04-12T18:07:13","guid":{"rendered":"https:\/\/www.rightwayasia.com\/product\/unkategorisiert\/cr-4-4a\/"},"modified":"2025-04-08T03:20:43","modified_gmt":"2025-04-08T03:20:43","slug":"cr-4-4a","status":"publish","type":"product","link":"https:\/\/www.rightwayasia.com\/de\/product\/abs-de\/khl-tiefkhlschrnke-abs-de\/cr-4-4a\/","title":{"rendered":"CR 4 &#8211; 4A"},"content":{"rendered":"<p>400 l K\u00fchlschrank (Klimaklasse 4 \/ Energieklasse A)<br \/>\nWei\u00dfes Stahlblech au\u00dfen und thermogeformt innen<br \/>\nRoll-bond Verdampfer mit Umluftventilator<br \/>\nVerdampfer Luftverteiler an innerer R\u00fcckwand<br \/>\nInverter Kompressor<br \/>\nAutomatische Abtauung durch Kompressor Stop<br \/>\nIsolierungsmaterial Cyclopentane (70mm &#8211; FCKW frei)<br \/>\nDigitales Thermostat<br \/>\nT\u00fcr\u00f6ffnungsalarm\/ Hoch Temperaturalarm<br \/>\nherausnehmbare T\u00fcrdichtung<br \/>\nT\u00fcr: Selbstschlie\u00dfend mit wechselbarem T\u00fcranschlag<br \/>\nSchloss und Hauptschalter als Standard<br \/>\n4 H\u00f6henverstellbare Einsch\u00fcbe + 1 Bodeneinschub<br \/>\n2 H\u00f6henverstellbare F\u00fc\u00dfe und 2 Rollen hinten<br \/>\nEnergieeffizienzklasse: A<\/p>\n<p>&nbsp;<\/p>\n","protected":false},"excerpt":{"rendered":"<p>400 l K\u00fchlschrank (Klimaklasse 4 \/ Energieklasse A) Wei\u00dfes Stahlblech au\u00dfen und thermogeformt innen Roll-bond Verdampfer mit Umluftventilator Verdampfer Luftverteiler an innerer R\u00fcckwand Inverter Kompressor Automatische Abtauung durch Kompressor Stop Isolierungsmaterial Cyclopentane (70mm &#8211; FCKW frei) Digitales Thermostat T\u00fcr\u00f6ffnungsalarm\/ Hoch Temperaturalarm herausnehmbare T\u00fcrdichtung T\u00fcr: Selbstschlie\u00dfend mit wechselbarem T\u00fcranschlag Schloss und Hauptschalter als Standard 4 H\u00f6henverstellbare [&hellip;]<\/p>\n","protected":false},"featured_media":8246492,"template":"","meta":{"_acf_changed":false},"product_cat":[15891,11714],"product_tag":[],"acf":[],"yoast_head":"<!-- This site is optimized with the Yoast SEO plugin v22.2 - https:\/\/yoast.com\/wordpress\/plugins\/seo\/ -->\n<title>CR 4 - 4A - Rightway Asia<\/title>\n<meta name=\"robots\" content=\"index, follow, max-snippet:-1, max-image-preview:large, max-video-preview:-1\" \/>\n<link rel=\"canonical\" href=\"https:\/\/www.rightwayasia.com\/de\/product\/abs-de\/khl-tiefkhlschrnke-abs-de\/cr-4-4a\/\" \/>\n<meta property=\"og:locale\" content=\"de_DE\" \/>\n<meta property=\"og:type\" content=\"article\" \/>\n<meta property=\"og:title\" content=\"CR 4 - 4A - Rightway Asia\" \/>\n<meta property=\"og:description\" content=\"400 l K\u00fchlschrank (Klimaklasse 4 \/ Energieklasse A) Wei\u00dfes Stahlblech au\u00dfen und thermogeformt innen Roll-bond Verdampfer mit Umluftventilator Verdampfer Luftverteiler an innerer R\u00fcckwand Inverter Kompressor Automatische Abtauung durch Kompressor Stop Isolierungsmaterial Cyclopentane (70mm &#8211; FCKW frei) Digitales Thermostat T\u00fcr\u00f6ffnungsalarm\/ Hoch Temperaturalarm herausnehmbare T\u00fcrdichtung T\u00fcr: Selbstschlie\u00dfend mit wechselbarem T\u00fcranschlag Schloss und Hauptschalter als Standard 4 H\u00f6henverstellbare [&hellip;]\" \/>\n<meta property=\"og:url\" content=\"https:\/\/www.rightwayasia.com\/de\/product\/abs-de\/khl-tiefkhlschrnke-abs-de\/cr-4-4a\/\" \/>\n<meta property=\"og:site_name\" content=\"Rightway Asia\" \/>\n<meta property=\"article:modified_time\" content=\"2025-04-08T03:20:43+00:00\" \/>\n<meta property=\"og:image\" content=\"https:\/\/www.rightwayasia.com\/wp-content\/uploads\/2025\/04\/CR-4-4A-CORPO_CH_LOW.png\" \/>\n\t<meta property=\"og:image:width\" content=\"313\" \/>\n\t<meta property=\"og:image:height\" content=\"567\" \/>\n\t<meta property=\"og:image:type\" content=\"image\/png\" \/>\n<meta name=\"twitter:card\" content=\"summary_large_image\" \/>\n<script type=\"application\/ld+json\" class=\"yoast-schema-graph\">{\"@context\":\"https:\/\/schema.org\",\"@graph\":[{\"@type\":\"WebPage\",\"@id\":\"https:\/\/www.rightwayasia.com\/de\/product\/abs-de\/khl-tiefkhlschrnke-abs-de\/cr-4-4a\/\",\"url\":\"https:\/\/www.rightwayasia.com\/de\/product\/abs-de\/khl-tiefkhlschrnke-abs-de\/cr-4-4a\/\",\"name\":\"CR 4 - 4A - Rightway Asia\",\"isPartOf\":{\"@id\":\"https:\/\/www.rightwayasia.com\/#website\"},\"primaryImageOfPage\":{\"@id\":\"https:\/\/www.rightwayasia.com\/de\/product\/abs-de\/khl-tiefkhlschrnke-abs-de\/cr-4-4a\/#primaryimage\"},\"image\":{\"@id\":\"https:\/\/www.rightwayasia.com\/de\/product\/abs-de\/khl-tiefkhlschrnke-abs-de\/cr-4-4a\/#primaryimage\"},\"thumbnailUrl\":\"https:\/\/www.rightwayasia.com\/wp-content\/uploads\/2026\/03\/CR-4-4A-CORPO_CH_LOW.png\",\"datePublished\":\"2023-04-12T18:07:13+00:00\",\"dateModified\":\"2025-04-08T03:20:43+00:00\",\"breadcrumb\":{\"@id\":\"https:\/\/www.rightwayasia.com\/de\/product\/abs-de\/khl-tiefkhlschrnke-abs-de\/cr-4-4a\/#breadcrumb\"},\"inLanguage\":\"de\",\"potentialAction\":[{\"@type\":\"ReadAction\",\"target\":[\"https:\/\/www.rightwayasia.com\/de\/product\/abs-de\/khl-tiefkhlschrnke-abs-de\/cr-4-4a\/\"]}]},{\"@type\":\"ImageObject\",\"inLanguage\":\"de\",\"@id\":\"https:\/\/www.rightwayasia.com\/de\/product\/abs-de\/khl-tiefkhlschrnke-abs-de\/cr-4-4a\/#primaryimage\",\"url\":\"https:\/\/www.rightwayasia.com\/wp-content\/uploads\/2026\/03\/CR-4-4A-CORPO_CH_LOW.png\",\"contentUrl\":\"https:\/\/www.rightwayasia.com\/wp-content\/uploads\/2026\/03\/CR-4-4A-CORPO_CH_LOW.png\",\"width\":313,\"height\":567,\"caption\":\"Image of CR 4 - 4A\"},{\"@type\":\"BreadcrumbList\",\"@id\":\"https:\/\/www.rightwayasia.com\/de\/product\/abs-de\/khl-tiefkhlschrnke-abs-de\/cr-4-4a\/#breadcrumb\",\"itemListElement\":[{\"@type\":\"ListItem\",\"position\":1,\"name\":\"Home\",\"item\":\"https:\/\/www.rightwayasia.com\/de\/\"},{\"@type\":\"ListItem\",\"position\":2,\"name\":\"Suche\",\"item\":\"https:\/\/www.rightwayasia.com\/de\/suche\/\"},{\"@type\":\"ListItem\",\"position\":3,\"name\":\"CR 4 &#8211; 4A\"}]},{\"@type\":\"WebSite\",\"@id\":\"https:\/\/www.rightwayasia.com\/#website\",\"url\":\"https:\/\/www.rightwayasia.com\/\",\"name\":\"Rightway Asia\",\"description\":\"Professional refrigeration solutions\",\"publisher\":{\"@id\":\"https:\/\/www.rightwayasia.com\/#organization\"},\"potentialAction\":[{\"@type\":\"SearchAction\",\"target\":{\"@type\":\"EntryPoint\",\"urlTemplate\":\"https:\/\/www.rightwayasia.com\/?s={search_term_string}\"},\"query-input\":\"required name=search_term_string\"}],\"inLanguage\":\"de\"},{\"@type\":\"Organization\",\"@id\":\"https:\/\/www.rightwayasia.com\/#organization\",\"name\":\"Rightway Asia\",\"url\":\"https:\/\/www.rightwayasia.com\/\",\"logo\":{\"@type\":\"ImageObject\",\"inLanguage\":\"de\",\"@id\":\"https:\/\/www.rightwayasia.com\/#\/schema\/logo\/image\/\",\"url\":\"https:\/\/www.rightwayasia.com\/wp-content\/uploads\/2021\/08\/RWA-RED-1-2048x591-2.png\",\"contentUrl\":\"https:\/\/www.rightwayasia.com\/wp-content\/uploads\/2021\/08\/RWA-RED-1-2048x591-2.png\",\"width\":2048,\"height\":591,\"caption\":\"Rightway Asia\"},\"image\":{\"@id\":\"https:\/\/www.rightwayasia.com\/#\/schema\/logo\/image\/\"}}]}<\/script>\n<!-- \/ Yoast SEO plugin. -->","yoast_head_json":{"title":"CR 4 - 4A - Rightway Asia","robots":{"index":"index","follow":"follow","max-snippet":"max-snippet:-1","max-image-preview":"max-image-preview:large","max-video-preview":"max-video-preview:-1"},"canonical":"https:\/\/www.rightwayasia.com\/de\/product\/abs-de\/khl-tiefkhlschrnke-abs-de\/cr-4-4a\/","og_locale":"de_DE","og_type":"article","og_title":"CR 4 - 4A - Rightway Asia","og_description":"400 l K\u00fchlschrank (Klimaklasse 4 \/ Energieklasse A) Wei\u00dfes Stahlblech au\u00dfen und thermogeformt innen Roll-bond Verdampfer mit Umluftventilator Verdampfer Luftverteiler an innerer R\u00fcckwand Inverter Kompressor Automatische Abtauung durch Kompressor Stop Isolierungsmaterial Cyclopentane (70mm &#8211; FCKW frei) Digitales Thermostat T\u00fcr\u00f6ffnungsalarm\/ Hoch Temperaturalarm herausnehmbare T\u00fcrdichtung T\u00fcr: Selbstschlie\u00dfend mit wechselbarem T\u00fcranschlag Schloss und Hauptschalter als Standard 4 H\u00f6henverstellbare [&hellip;]","og_url":"https:\/\/www.rightwayasia.com\/de\/product\/abs-de\/khl-tiefkhlschrnke-abs-de\/cr-4-4a\/","og_site_name":"Rightway Asia","article_modified_time":"2025-04-08T03:20:43+00:00","og_image":[{"width":313,"height":567,"url":"https:\/\/www.rightwayasia.com\/wp-content\/uploads\/2025\/04\/CR-4-4A-CORPO_CH_LOW.png","type":"image\/png"}],"twitter_card":"summary_large_image","schema":{"@context":"https:\/\/schema.org","@graph":[{"@type":"WebPage","@id":"https:\/\/www.rightwayasia.com\/de\/product\/abs-de\/khl-tiefkhlschrnke-abs-de\/cr-4-4a\/","url":"https:\/\/www.rightwayasia.com\/de\/product\/abs-de\/khl-tiefkhlschrnke-abs-de\/cr-4-4a\/","name":"CR 4 - 4A - Rightway Asia","isPartOf":{"@id":"https:\/\/www.rightwayasia.com\/#website"},"primaryImageOfPage":{"@id":"https:\/\/www.rightwayasia.com\/de\/product\/abs-de\/khl-tiefkhlschrnke-abs-de\/cr-4-4a\/#primaryimage"},"image":{"@id":"https:\/\/www.rightwayasia.com\/de\/product\/abs-de\/khl-tiefkhlschrnke-abs-de\/cr-4-4a\/#primaryimage"},"thumbnailUrl":"https:\/\/www.rightwayasia.com\/wp-content\/uploads\/2026\/03\/CR-4-4A-CORPO_CH_LOW.png","datePublished":"2023-04-12T18:07:13+00:00","dateModified":"2025-04-08T03:20:43+00:00","breadcrumb":{"@id":"https:\/\/www.rightwayasia.com\/de\/product\/abs-de\/khl-tiefkhlschrnke-abs-de\/cr-4-4a\/#breadcrumb"},"inLanguage":"de","potentialAction":[{"@type":"ReadAction","target":["https:\/\/www.rightwayasia.com\/de\/product\/abs-de\/khl-tiefkhlschrnke-abs-de\/cr-4-4a\/"]}]},{"@type":"ImageObject","inLanguage":"de","@id":"https:\/\/www.rightwayasia.com\/de\/product\/abs-de\/khl-tiefkhlschrnke-abs-de\/cr-4-4a\/#primaryimage","url":"https:\/\/www.rightwayasia.com\/wp-content\/uploads\/2026\/03\/CR-4-4A-CORPO_CH_LOW.png","contentUrl":"https:\/\/www.rightwayasia.com\/wp-content\/uploads\/2026\/03\/CR-4-4A-CORPO_CH_LOW.png","width":313,"height":567,"caption":"Image of CR 4 - 4A"},{"@type":"BreadcrumbList","@id":"https:\/\/www.rightwayasia.com\/de\/product\/abs-de\/khl-tiefkhlschrnke-abs-de\/cr-4-4a\/#breadcrumb","itemListElement":[{"@type":"ListItem","position":1,"name":"Home","item":"https:\/\/www.rightwayasia.com\/de\/"},{"@type":"ListItem","position":2,"name":"Suche","item":"https:\/\/www.rightwayasia.com\/de\/suche\/"},{"@type":"ListItem","position":3,"name":"CR 4 &#8211; 4A"}]},{"@type":"WebSite","@id":"https:\/\/www.rightwayasia.com\/#website","url":"https:\/\/www.rightwayasia.com\/","name":"Rightway Asia","description":"Professional refrigeration solutions","publisher":{"@id":"https:\/\/www.rightwayasia.com\/#organization"},"potentialAction":[{"@type":"SearchAction","target":{"@type":"EntryPoint","urlTemplate":"https:\/\/www.rightwayasia.com\/?s={search_term_string}"},"query-input":"required name=search_term_string"}],"inLanguage":"de"},{"@type":"Organization","@id":"https:\/\/www.rightwayasia.com\/#organization","name":"Rightway Asia","url":"https:\/\/www.rightwayasia.com\/","logo":{"@type":"ImageObject","inLanguage":"de","@id":"https:\/\/www.rightwayasia.com\/#\/schema\/logo\/image\/","url":"https:\/\/www.rightwayasia.com\/wp-content\/uploads\/2021\/08\/RWA-RED-1-2048x591-2.png","contentUrl":"https:\/\/www.rightwayasia.com\/wp-content\/uploads\/2021\/08\/RWA-RED-1-2048x591-2.png","width":2048,"height":591,"caption":"Rightway Asia"},"image":{"@id":"https:\/\/www.rightwayasia.com\/#\/schema\/logo\/image\/"}}]}},"_links":{"self":[{"href":"https:\/\/www.rightwayasia.com\/de\/wp-json\/wp\/v2\/product\/4342662"}],"collection":[{"href":"https:\/\/www.rightwayasia.com\/de\/wp-json\/wp\/v2\/product"}],"about":[{"href":"https:\/\/www.rightwayasia.com\/de\/wp-json\/wp\/v2\/types\/product"}],"wp:featuredmedia":[{"embeddable":true,"href":"https:\/\/www.rightwayasia.com\/de\/wp-json\/wp\/v2\/media\/8246492"}],"wp:attachment":[{"href":"https:\/\/www.rightwayasia.com\/de\/wp-json\/wp\/v2\/media?parent=4342662"}],"wp:term":[{"taxonomy":"product_cat","embeddable":true,"href":"https:\/\/www.rightwayasia.com\/de\/wp-json\/wp\/v2\/product_cat?post=4342662"},{"taxonomy":"product_tag","embeddable":true,"href":"https:\/\/www.rightwayasia.com\/de\/wp-json\/wp\/v2\/product_tag?post=4342662"}],"curies":[{"name":"wp","href":"https:\/\/api.w.org\/{rel}","templated":true}]}}