{"id":4342746,"date":"2023-04-12T18:08:54","date_gmt":"2023-04-12T18:08:54","guid":{"rendered":"https:\/\/www.rightwayasia.com\/product\/unkategorisiert\/crxg-2\/"},"modified":"2025-04-08T04:12:19","modified_gmt":"2025-04-08T04:12:19","slug":"crxg-2","status":"publish","type":"product","link":"https:\/\/www.rightwayasia.com\/de\/product\/abs-de\/khl-tiefkhlschrnke-abs-de\/crxg-2\/","title":{"rendered":"CRXG 2"},"content":{"rendered":"<p>200l Glast\u00fcrk\u00fchlschrank<br \/>\nEdelstahl au\u00dfen, thermogeformt innen<br \/>\nRoll-bond Verdampfer mit Umluftventilator<br \/>\nAutomatische Abtauung durch Kompressor Stop<br \/>\nIsolierungsmaterial Cyclopentane (50mm &#8211; FCKW frei)<br \/>\nDigitales Thermostat und interner LED Beleuchtung<br \/>\nHoch Temperaturalarm<br \/>\nherausnehmbare T\u00fcrdichtung<br \/>\nwechselbarer T\u00fcranschlag<br \/>\nSchloss und Hauptschalter als Standard<br \/>\n2 H\u00f6henverstellbare Einsch\u00fcbe + 1 Bodeneinschub<br \/>\n2 H\u00f6henverstellbare F\u00fc\u00dfe und 2 Rollen hinten<br \/>\nexterner Edelstahlgriff<br \/>\nEnergieeffizienzklasse: A<\/p>\n<p>&nbsp;<\/p>\n","protected":false},"excerpt":{"rendered":"<p>200l Glast\u00fcrk\u00fchlschrank Edelstahl au\u00dfen, thermogeformt innen Roll-bond Verdampfer mit Umluftventilator Automatische Abtauung durch Kompressor Stop Isolierungsmaterial Cyclopentane (50mm &#8211; FCKW frei) Digitales Thermostat und interner LED Beleuchtung Hoch Temperaturalarm herausnehmbare T\u00fcrdichtung wechselbarer T\u00fcranschlag Schloss und Hauptschalter als Standard 2 H\u00f6henverstellbare Einsch\u00fcbe + 1 Bodeneinschub 2 H\u00f6henverstellbare F\u00fc\u00dfe und 2 Rollen hinten externer Edelstahlgriff Energieeffizienzklasse: A [&hellip;]<\/p>\n","protected":false},"featured_media":8256466,"template":"","meta":{"_acf_changed":false},"product_cat":[15891,11714],"product_tag":[],"acf":[],"yoast_head":"<!-- This site is optimized with the Yoast SEO plugin v22.2 - https:\/\/yoast.com\/wordpress\/plugins\/seo\/ -->\n<title>CRXG 2 - Rightway Asia<\/title>\n<meta name=\"robots\" content=\"index, follow, max-snippet:-1, max-image-preview:large, max-video-preview:-1\" \/>\n<link rel=\"canonical\" href=\"https:\/\/www.rightwayasia.com\/de\/product\/abs-de\/khl-tiefkhlschrnke-abs-de\/crxg-2\/\" \/>\n<meta property=\"og:locale\" content=\"de_DE\" \/>\n<meta property=\"og:type\" content=\"article\" \/>\n<meta property=\"og:title\" content=\"CRXG 2 - Rightway Asia\" \/>\n<meta property=\"og:description\" content=\"200l Glast\u00fcrk\u00fchlschrank Edelstahl au\u00dfen, thermogeformt innen Roll-bond Verdampfer mit Umluftventilator Automatische Abtauung durch Kompressor Stop Isolierungsmaterial Cyclopentane (50mm &#8211; FCKW frei) Digitales Thermostat und interner LED Beleuchtung Hoch Temperaturalarm herausnehmbare T\u00fcrdichtung wechselbarer T\u00fcranschlag Schloss und Hauptschalter als Standard 2 H\u00f6henverstellbare Einsch\u00fcbe + 1 Bodeneinschub 2 H\u00f6henverstellbare F\u00fc\u00dfe und 2 Rollen hinten externer Edelstahlgriff Energieeffizienzklasse: A [&hellip;]\" \/>\n<meta property=\"og:url\" content=\"https:\/\/www.rightwayasia.com\/de\/product\/abs-de\/khl-tiefkhlschrnke-abs-de\/crxg-2\/\" \/>\n<meta property=\"og:site_name\" content=\"Rightway Asia\" \/>\n<meta property=\"article:modified_time\" content=\"2025-04-08T04:12:19+00:00\" \/>\n<meta property=\"og:image\" content=\"https:\/\/www.rightwayasia.com\/wp-content\/uploads\/2025\/04\/CRXG-2-CORPO_CH_LOW.png\" \/>\n\t<meta property=\"og:image:width\" content=\"279\" \/>\n\t<meta property=\"og:image:height\" content=\"327\" \/>\n\t<meta property=\"og:image:type\" content=\"image\/png\" \/>\n<meta name=\"twitter:card\" content=\"summary_large_image\" \/>\n<script type=\"application\/ld+json\" class=\"yoast-schema-graph\">{\"@context\":\"https:\/\/schema.org\",\"@graph\":[{\"@type\":\"WebPage\",\"@id\":\"https:\/\/www.rightwayasia.com\/de\/product\/abs-de\/khl-tiefkhlschrnke-abs-de\/crxg-2\/\",\"url\":\"https:\/\/www.rightwayasia.com\/de\/product\/abs-de\/khl-tiefkhlschrnke-abs-de\/crxg-2\/\",\"name\":\"CRXG 2 - Rightway Asia\",\"isPartOf\":{\"@id\":\"https:\/\/www.rightwayasia.com\/#website\"},\"primaryImageOfPage\":{\"@id\":\"https:\/\/www.rightwayasia.com\/de\/product\/abs-de\/khl-tiefkhlschrnke-abs-de\/crxg-2\/#primaryimage\"},\"image\":{\"@id\":\"https:\/\/www.rightwayasia.com\/de\/product\/abs-de\/khl-tiefkhlschrnke-abs-de\/crxg-2\/#primaryimage\"},\"thumbnailUrl\":\"https:\/\/www.rightwayasia.com\/wp-content\/uploads\/2026\/03\/CRXG-2-CORPO_CH_LOW.png\",\"datePublished\":\"2023-04-12T18:08:54+00:00\",\"dateModified\":\"2025-04-08T04:12:19+00:00\",\"breadcrumb\":{\"@id\":\"https:\/\/www.rightwayasia.com\/de\/product\/abs-de\/khl-tiefkhlschrnke-abs-de\/crxg-2\/#breadcrumb\"},\"inLanguage\":\"de\",\"potentialAction\":[{\"@type\":\"ReadAction\",\"target\":[\"https:\/\/www.rightwayasia.com\/de\/product\/abs-de\/khl-tiefkhlschrnke-abs-de\/crxg-2\/\"]}]},{\"@type\":\"ImageObject\",\"inLanguage\":\"de\",\"@id\":\"https:\/\/www.rightwayasia.com\/de\/product\/abs-de\/khl-tiefkhlschrnke-abs-de\/crxg-2\/#primaryimage\",\"url\":\"https:\/\/www.rightwayasia.com\/wp-content\/uploads\/2026\/03\/CRXG-2-CORPO_CH_LOW.png\",\"contentUrl\":\"https:\/\/www.rightwayasia.com\/wp-content\/uploads\/2026\/03\/CRXG-2-CORPO_CH_LOW.png\",\"width\":279,\"height\":327,\"caption\":\"Image of CRXG 2\"},{\"@type\":\"BreadcrumbList\",\"@id\":\"https:\/\/www.rightwayasia.com\/de\/product\/abs-de\/khl-tiefkhlschrnke-abs-de\/crxg-2\/#breadcrumb\",\"itemListElement\":[{\"@type\":\"ListItem\",\"position\":1,\"name\":\"Home\",\"item\":\"https:\/\/www.rightwayasia.com\/de\/\"},{\"@type\":\"ListItem\",\"position\":2,\"name\":\"Suche\",\"item\":\"https:\/\/www.rightwayasia.com\/de\/suche\/\"},{\"@type\":\"ListItem\",\"position\":3,\"name\":\"CRXG 2\"}]},{\"@type\":\"WebSite\",\"@id\":\"https:\/\/www.rightwayasia.com\/#website\",\"url\":\"https:\/\/www.rightwayasia.com\/\",\"name\":\"Rightway Asia\",\"description\":\"Professional refrigeration solutions\",\"publisher\":{\"@id\":\"https:\/\/www.rightwayasia.com\/#organization\"},\"potentialAction\":[{\"@type\":\"SearchAction\",\"target\":{\"@type\":\"EntryPoint\",\"urlTemplate\":\"https:\/\/www.rightwayasia.com\/?s={search_term_string}\"},\"query-input\":\"required name=search_term_string\"}],\"inLanguage\":\"de\"},{\"@type\":\"Organization\",\"@id\":\"https:\/\/www.rightwayasia.com\/#organization\",\"name\":\"Rightway Asia\",\"url\":\"https:\/\/www.rightwayasia.com\/\",\"logo\":{\"@type\":\"ImageObject\",\"inLanguage\":\"de\",\"@id\":\"https:\/\/www.rightwayasia.com\/#\/schema\/logo\/image\/\",\"url\":\"https:\/\/www.rightwayasia.com\/wp-content\/uploads\/2021\/08\/RWA-RED-1-2048x591-2.png\",\"contentUrl\":\"https:\/\/www.rightwayasia.com\/wp-content\/uploads\/2021\/08\/RWA-RED-1-2048x591-2.png\",\"width\":2048,\"height\":591,\"caption\":\"Rightway Asia\"},\"image\":{\"@id\":\"https:\/\/www.rightwayasia.com\/#\/schema\/logo\/image\/\"}}]}<\/script>\n<!-- \/ Yoast SEO plugin. -->","yoast_head_json":{"title":"CRXG 2 - Rightway Asia","robots":{"index":"index","follow":"follow","max-snippet":"max-snippet:-1","max-image-preview":"max-image-preview:large","max-video-preview":"max-video-preview:-1"},"canonical":"https:\/\/www.rightwayasia.com\/de\/product\/abs-de\/khl-tiefkhlschrnke-abs-de\/crxg-2\/","og_locale":"de_DE","og_type":"article","og_title":"CRXG 2 - Rightway Asia","og_description":"200l Glast\u00fcrk\u00fchlschrank Edelstahl au\u00dfen, thermogeformt innen Roll-bond Verdampfer mit Umluftventilator Automatische Abtauung durch Kompressor Stop Isolierungsmaterial Cyclopentane (50mm &#8211; FCKW frei) Digitales Thermostat und interner LED Beleuchtung Hoch Temperaturalarm herausnehmbare T\u00fcrdichtung wechselbarer T\u00fcranschlag Schloss und Hauptschalter als Standard 2 H\u00f6henverstellbare Einsch\u00fcbe + 1 Bodeneinschub 2 H\u00f6henverstellbare F\u00fc\u00dfe und 2 Rollen hinten externer Edelstahlgriff Energieeffizienzklasse: A [&hellip;]","og_url":"https:\/\/www.rightwayasia.com\/de\/product\/abs-de\/khl-tiefkhlschrnke-abs-de\/crxg-2\/","og_site_name":"Rightway Asia","article_modified_time":"2025-04-08T04:12:19+00:00","og_image":[{"width":279,"height":327,"url":"https:\/\/www.rightwayasia.com\/wp-content\/uploads\/2025\/04\/CRXG-2-CORPO_CH_LOW.png","type":"image\/png"}],"twitter_card":"summary_large_image","schema":{"@context":"https:\/\/schema.org","@graph":[{"@type":"WebPage","@id":"https:\/\/www.rightwayasia.com\/de\/product\/abs-de\/khl-tiefkhlschrnke-abs-de\/crxg-2\/","url":"https:\/\/www.rightwayasia.com\/de\/product\/abs-de\/khl-tiefkhlschrnke-abs-de\/crxg-2\/","name":"CRXG 2 - Rightway Asia","isPartOf":{"@id":"https:\/\/www.rightwayasia.com\/#website"},"primaryImageOfPage":{"@id":"https:\/\/www.rightwayasia.com\/de\/product\/abs-de\/khl-tiefkhlschrnke-abs-de\/crxg-2\/#primaryimage"},"image":{"@id":"https:\/\/www.rightwayasia.com\/de\/product\/abs-de\/khl-tiefkhlschrnke-abs-de\/crxg-2\/#primaryimage"},"thumbnailUrl":"https:\/\/www.rightwayasia.com\/wp-content\/uploads\/2026\/03\/CRXG-2-CORPO_CH_LOW.png","datePublished":"2023-04-12T18:08:54+00:00","dateModified":"2025-04-08T04:12:19+00:00","breadcrumb":{"@id":"https:\/\/www.rightwayasia.com\/de\/product\/abs-de\/khl-tiefkhlschrnke-abs-de\/crxg-2\/#breadcrumb"},"inLanguage":"de","potentialAction":[{"@type":"ReadAction","target":["https:\/\/www.rightwayasia.com\/de\/product\/abs-de\/khl-tiefkhlschrnke-abs-de\/crxg-2\/"]}]},{"@type":"ImageObject","inLanguage":"de","@id":"https:\/\/www.rightwayasia.com\/de\/product\/abs-de\/khl-tiefkhlschrnke-abs-de\/crxg-2\/#primaryimage","url":"https:\/\/www.rightwayasia.com\/wp-content\/uploads\/2026\/03\/CRXG-2-CORPO_CH_LOW.png","contentUrl":"https:\/\/www.rightwayasia.com\/wp-content\/uploads\/2026\/03\/CRXG-2-CORPO_CH_LOW.png","width":279,"height":327,"caption":"Image of CRXG 2"},{"@type":"BreadcrumbList","@id":"https:\/\/www.rightwayasia.com\/de\/product\/abs-de\/khl-tiefkhlschrnke-abs-de\/crxg-2\/#breadcrumb","itemListElement":[{"@type":"ListItem","position":1,"name":"Home","item":"https:\/\/www.rightwayasia.com\/de\/"},{"@type":"ListItem","position":2,"name":"Suche","item":"https:\/\/www.rightwayasia.com\/de\/suche\/"},{"@type":"ListItem","position":3,"name":"CRXG 2"}]},{"@type":"WebSite","@id":"https:\/\/www.rightwayasia.com\/#website","url":"https:\/\/www.rightwayasia.com\/","name":"Rightway Asia","description":"Professional refrigeration solutions","publisher":{"@id":"https:\/\/www.rightwayasia.com\/#organization"},"potentialAction":[{"@type":"SearchAction","target":{"@type":"EntryPoint","urlTemplate":"https:\/\/www.rightwayasia.com\/?s={search_term_string}"},"query-input":"required name=search_term_string"}],"inLanguage":"de"},{"@type":"Organization","@id":"https:\/\/www.rightwayasia.com\/#organization","name":"Rightway Asia","url":"https:\/\/www.rightwayasia.com\/","logo":{"@type":"ImageObject","inLanguage":"de","@id":"https:\/\/www.rightwayasia.com\/#\/schema\/logo\/image\/","url":"https:\/\/www.rightwayasia.com\/wp-content\/uploads\/2021\/08\/RWA-RED-1-2048x591-2.png","contentUrl":"https:\/\/www.rightwayasia.com\/wp-content\/uploads\/2021\/08\/RWA-RED-1-2048x591-2.png","width":2048,"height":591,"caption":"Rightway Asia"},"image":{"@id":"https:\/\/www.rightwayasia.com\/#\/schema\/logo\/image\/"}}]}},"_links":{"self":[{"href":"https:\/\/www.rightwayasia.com\/de\/wp-json\/wp\/v2\/product\/4342746"}],"collection":[{"href":"https:\/\/www.rightwayasia.com\/de\/wp-json\/wp\/v2\/product"}],"about":[{"href":"https:\/\/www.rightwayasia.com\/de\/wp-json\/wp\/v2\/types\/product"}],"wp:featuredmedia":[{"embeddable":true,"href":"https:\/\/www.rightwayasia.com\/de\/wp-json\/wp\/v2\/media\/8256466"}],"wp:attachment":[{"href":"https:\/\/www.rightwayasia.com\/de\/wp-json\/wp\/v2\/media?parent=4342746"}],"wp:term":[{"taxonomy":"product_cat","embeddable":true,"href":"https:\/\/www.rightwayasia.com\/de\/wp-json\/wp\/v2\/product_cat?post=4342746"},{"taxonomy":"product_tag","embeddable":true,"href":"https:\/\/www.rightwayasia.com\/de\/wp-json\/wp\/v2\/product_tag?post=4342746"}],"curies":[{"name":"wp","href":"https:\/\/api.w.org\/{rel}","templated":true}]}}