{"id":4342845,"date":"2023-04-12T18:11:20","date_gmt":"2023-04-12T18:11:20","guid":{"rendered":"https:\/\/www.rightwayasia.com\/product\/unkategorisiert\/qnx-600\/"},"modified":"2025-04-08T04:00:43","modified_gmt":"2025-04-08T04:00:43","slug":"qnx-600","status":"publish","type":"product","link":"https:\/\/www.rightwayasia.com\/de\/product\/abs-de\/khl-tiefkhlschrnke-abs-de\/qnx-600\/","title":{"rendered":"QNX 600"},"content":{"rendered":"<p>600l Tiefk\u00fchlschrank<br \/>\nAu\u00dfengeh\u00e4use grau beschichten, T\u00fcr aus Edelstahl mit thermogeformter Innenseite<br \/>\nStatische K\u00fchlung: Fixierte Verdampfer Einsch\u00fcbe (6 St\u00fcck)<br \/>\nManuelle Abtauung<br \/>\nIsolierungsmaterial Cyclopentane (65mm &#8211; FCKW frei)<br \/>\nDigitales Thermostat<br \/>\nherausnehmbare T\u00fcrdichtung<br \/>\nwechselbarer T\u00fcranschlag<br \/>\nGriff im T\u00fcrprofil integriert<br \/>\nT\u00fcrschloss als Standard<br \/>\n2 H\u00f6henverstellbare F\u00fc\u00dfe und 2 Rollen hinten<br \/>\nEnergieeffizienzklasse: &#8211;<\/p>\n<p>&nbsp;<\/p>\n","protected":false},"excerpt":{"rendered":"<p>600l Tiefk\u00fchlschrank Au\u00dfengeh\u00e4use grau beschichten, T\u00fcr aus Edelstahl mit thermogeformter Innenseite Statische K\u00fchlung: Fixierte Verdampfer Einsch\u00fcbe (6 St\u00fcck) Manuelle Abtauung Isolierungsmaterial Cyclopentane (65mm &#8211; FCKW frei) Digitales Thermostat herausnehmbare T\u00fcrdichtung wechselbarer T\u00fcranschlag Griff im T\u00fcrprofil integriert T\u00fcrschloss als Standard 2 H\u00f6henverstellbare F\u00fc\u00dfe und 2 Rollen hinten Energieeffizienzklasse: &#8211; &nbsp;<\/p>\n","protected":false},"featured_media":8256297,"template":"","meta":{"_acf_changed":false},"product_cat":[15891,11714],"product_tag":[],"acf":[],"yoast_head":"<!-- This site is optimized with the Yoast SEO plugin v22.2 - https:\/\/yoast.com\/wordpress\/plugins\/seo\/ -->\n<title>QNX 600 - Rightway Asia<\/title>\n<meta name=\"robots\" content=\"index, follow, max-snippet:-1, max-image-preview:large, max-video-preview:-1\" \/>\n<link rel=\"canonical\" href=\"https:\/\/www.rightwayasia.com\/de\/product\/abs-de\/khl-tiefkhlschrnke-abs-de\/qnx-600\/\" \/>\n<meta property=\"og:locale\" content=\"de_DE\" \/>\n<meta property=\"og:type\" content=\"article\" \/>\n<meta property=\"og:title\" content=\"QNX 600 - Rightway Asia\" \/>\n<meta property=\"og:description\" content=\"600l Tiefk\u00fchlschrank Au\u00dfengeh\u00e4use grau beschichten, T\u00fcr aus Edelstahl mit thermogeformter Innenseite Statische K\u00fchlung: Fixierte Verdampfer Einsch\u00fcbe (6 St\u00fcck) Manuelle Abtauung Isolierungsmaterial Cyclopentane (65mm &#8211; FCKW frei) Digitales Thermostat herausnehmbare T\u00fcrdichtung wechselbarer T\u00fcranschlag Griff im T\u00fcrprofil integriert T\u00fcrschloss als Standard 2 H\u00f6henverstellbare F\u00fc\u00dfe und 2 Rollen hinten Energieeffizienzklasse: &#8211; &nbsp;\" \/>\n<meta property=\"og:url\" content=\"https:\/\/www.rightwayasia.com\/de\/product\/abs-de\/khl-tiefkhlschrnke-abs-de\/qnx-600\/\" \/>\n<meta property=\"og:site_name\" content=\"Rightway Asia\" \/>\n<meta property=\"article:modified_time\" content=\"2025-04-08T04:00:43+00:00\" \/>\n<meta property=\"og:image\" content=\"https:\/\/www.rightwayasia.com\/wp-content\/uploads\/2025\/04\/QNX-600-CORPO_CH_LOW-1.png\" \/>\n\t<meta property=\"og:image:width\" content=\"416\" \/>\n\t<meta property=\"og:image:height\" content=\"567\" \/>\n\t<meta property=\"og:image:type\" content=\"image\/png\" \/>\n<meta name=\"twitter:card\" content=\"summary_large_image\" \/>\n<script type=\"application\/ld+json\" class=\"yoast-schema-graph\">{\"@context\":\"https:\/\/schema.org\",\"@graph\":[{\"@type\":\"WebPage\",\"@id\":\"https:\/\/www.rightwayasia.com\/de\/product\/abs-de\/khl-tiefkhlschrnke-abs-de\/qnx-600\/\",\"url\":\"https:\/\/www.rightwayasia.com\/de\/product\/abs-de\/khl-tiefkhlschrnke-abs-de\/qnx-600\/\",\"name\":\"QNX 600 - Rightway Asia\",\"isPartOf\":{\"@id\":\"https:\/\/www.rightwayasia.com\/#website\"},\"primaryImageOfPage\":{\"@id\":\"https:\/\/www.rightwayasia.com\/de\/product\/abs-de\/khl-tiefkhlschrnke-abs-de\/qnx-600\/#primaryimage\"},\"image\":{\"@id\":\"https:\/\/www.rightwayasia.com\/de\/product\/abs-de\/khl-tiefkhlschrnke-abs-de\/qnx-600\/#primaryimage\"},\"thumbnailUrl\":\"https:\/\/www.rightwayasia.com\/wp-content\/uploads\/2026\/03\/QNX-600-CORPO_CH_LOW.png\",\"datePublished\":\"2023-04-12T18:11:20+00:00\",\"dateModified\":\"2025-04-08T04:00:43+00:00\",\"breadcrumb\":{\"@id\":\"https:\/\/www.rightwayasia.com\/de\/product\/abs-de\/khl-tiefkhlschrnke-abs-de\/qnx-600\/#breadcrumb\"},\"inLanguage\":\"de\",\"potentialAction\":[{\"@type\":\"ReadAction\",\"target\":[\"https:\/\/www.rightwayasia.com\/de\/product\/abs-de\/khl-tiefkhlschrnke-abs-de\/qnx-600\/\"]}]},{\"@type\":\"ImageObject\",\"inLanguage\":\"de\",\"@id\":\"https:\/\/www.rightwayasia.com\/de\/product\/abs-de\/khl-tiefkhlschrnke-abs-de\/qnx-600\/#primaryimage\",\"url\":\"https:\/\/www.rightwayasia.com\/wp-content\/uploads\/2026\/03\/QNX-600-CORPO_CH_LOW.png\",\"contentUrl\":\"https:\/\/www.rightwayasia.com\/wp-content\/uploads\/2026\/03\/QNX-600-CORPO_CH_LOW.png\",\"width\":416,\"height\":567,\"caption\":\"Image of QNX 600\"},{\"@type\":\"BreadcrumbList\",\"@id\":\"https:\/\/www.rightwayasia.com\/de\/product\/abs-de\/khl-tiefkhlschrnke-abs-de\/qnx-600\/#breadcrumb\",\"itemListElement\":[{\"@type\":\"ListItem\",\"position\":1,\"name\":\"Home\",\"item\":\"https:\/\/www.rightwayasia.com\/de\/\"},{\"@type\":\"ListItem\",\"position\":2,\"name\":\"Suche\",\"item\":\"https:\/\/www.rightwayasia.com\/de\/suche\/\"},{\"@type\":\"ListItem\",\"position\":3,\"name\":\"QNX 600\"}]},{\"@type\":\"WebSite\",\"@id\":\"https:\/\/www.rightwayasia.com\/#website\",\"url\":\"https:\/\/www.rightwayasia.com\/\",\"name\":\"Rightway Asia\",\"description\":\"Professional refrigeration solutions\",\"publisher\":{\"@id\":\"https:\/\/www.rightwayasia.com\/#organization\"},\"potentialAction\":[{\"@type\":\"SearchAction\",\"target\":{\"@type\":\"EntryPoint\",\"urlTemplate\":\"https:\/\/www.rightwayasia.com\/?s={search_term_string}\"},\"query-input\":\"required name=search_term_string\"}],\"inLanguage\":\"de\"},{\"@type\":\"Organization\",\"@id\":\"https:\/\/www.rightwayasia.com\/#organization\",\"name\":\"Rightway Asia\",\"url\":\"https:\/\/www.rightwayasia.com\/\",\"logo\":{\"@type\":\"ImageObject\",\"inLanguage\":\"de\",\"@id\":\"https:\/\/www.rightwayasia.com\/#\/schema\/logo\/image\/\",\"url\":\"https:\/\/www.rightwayasia.com\/wp-content\/uploads\/2021\/08\/RWA-RED-1-2048x591-2.png\",\"contentUrl\":\"https:\/\/www.rightwayasia.com\/wp-content\/uploads\/2021\/08\/RWA-RED-1-2048x591-2.png\",\"width\":2048,\"height\":591,\"caption\":\"Rightway Asia\"},\"image\":{\"@id\":\"https:\/\/www.rightwayasia.com\/#\/schema\/logo\/image\/\"}}]}<\/script>\n<!-- \/ Yoast SEO plugin. -->","yoast_head_json":{"title":"QNX 600 - Rightway Asia","robots":{"index":"index","follow":"follow","max-snippet":"max-snippet:-1","max-image-preview":"max-image-preview:large","max-video-preview":"max-video-preview:-1"},"canonical":"https:\/\/www.rightwayasia.com\/de\/product\/abs-de\/khl-tiefkhlschrnke-abs-de\/qnx-600\/","og_locale":"de_DE","og_type":"article","og_title":"QNX 600 - Rightway Asia","og_description":"600l Tiefk\u00fchlschrank Au\u00dfengeh\u00e4use grau beschichten, T\u00fcr aus Edelstahl mit thermogeformter Innenseite Statische K\u00fchlung: Fixierte Verdampfer Einsch\u00fcbe (6 St\u00fcck) Manuelle Abtauung Isolierungsmaterial Cyclopentane (65mm &#8211; FCKW frei) Digitales Thermostat herausnehmbare T\u00fcrdichtung wechselbarer T\u00fcranschlag Griff im T\u00fcrprofil integriert T\u00fcrschloss als Standard 2 H\u00f6henverstellbare F\u00fc\u00dfe und 2 Rollen hinten Energieeffizienzklasse: &#8211; &nbsp;","og_url":"https:\/\/www.rightwayasia.com\/de\/product\/abs-de\/khl-tiefkhlschrnke-abs-de\/qnx-600\/","og_site_name":"Rightway Asia","article_modified_time":"2025-04-08T04:00:43+00:00","og_image":[{"width":416,"height":567,"url":"https:\/\/www.rightwayasia.com\/wp-content\/uploads\/2025\/04\/QNX-600-CORPO_CH_LOW-1.png","type":"image\/png"}],"twitter_card":"summary_large_image","schema":{"@context":"https:\/\/schema.org","@graph":[{"@type":"WebPage","@id":"https:\/\/www.rightwayasia.com\/de\/product\/abs-de\/khl-tiefkhlschrnke-abs-de\/qnx-600\/","url":"https:\/\/www.rightwayasia.com\/de\/product\/abs-de\/khl-tiefkhlschrnke-abs-de\/qnx-600\/","name":"QNX 600 - Rightway Asia","isPartOf":{"@id":"https:\/\/www.rightwayasia.com\/#website"},"primaryImageOfPage":{"@id":"https:\/\/www.rightwayasia.com\/de\/product\/abs-de\/khl-tiefkhlschrnke-abs-de\/qnx-600\/#primaryimage"},"image":{"@id":"https:\/\/www.rightwayasia.com\/de\/product\/abs-de\/khl-tiefkhlschrnke-abs-de\/qnx-600\/#primaryimage"},"thumbnailUrl":"https:\/\/www.rightwayasia.com\/wp-content\/uploads\/2026\/03\/QNX-600-CORPO_CH_LOW.png","datePublished":"2023-04-12T18:11:20+00:00","dateModified":"2025-04-08T04:00:43+00:00","breadcrumb":{"@id":"https:\/\/www.rightwayasia.com\/de\/product\/abs-de\/khl-tiefkhlschrnke-abs-de\/qnx-600\/#breadcrumb"},"inLanguage":"de","potentialAction":[{"@type":"ReadAction","target":["https:\/\/www.rightwayasia.com\/de\/product\/abs-de\/khl-tiefkhlschrnke-abs-de\/qnx-600\/"]}]},{"@type":"ImageObject","inLanguage":"de","@id":"https:\/\/www.rightwayasia.com\/de\/product\/abs-de\/khl-tiefkhlschrnke-abs-de\/qnx-600\/#primaryimage","url":"https:\/\/www.rightwayasia.com\/wp-content\/uploads\/2026\/03\/QNX-600-CORPO_CH_LOW.png","contentUrl":"https:\/\/www.rightwayasia.com\/wp-content\/uploads\/2026\/03\/QNX-600-CORPO_CH_LOW.png","width":416,"height":567,"caption":"Image of QNX 600"},{"@type":"BreadcrumbList","@id":"https:\/\/www.rightwayasia.com\/de\/product\/abs-de\/khl-tiefkhlschrnke-abs-de\/qnx-600\/#breadcrumb","itemListElement":[{"@type":"ListItem","position":1,"name":"Home","item":"https:\/\/www.rightwayasia.com\/de\/"},{"@type":"ListItem","position":2,"name":"Suche","item":"https:\/\/www.rightwayasia.com\/de\/suche\/"},{"@type":"ListItem","position":3,"name":"QNX 600"}]},{"@type":"WebSite","@id":"https:\/\/www.rightwayasia.com\/#website","url":"https:\/\/www.rightwayasia.com\/","name":"Rightway Asia","description":"Professional refrigeration solutions","publisher":{"@id":"https:\/\/www.rightwayasia.com\/#organization"},"potentialAction":[{"@type":"SearchAction","target":{"@type":"EntryPoint","urlTemplate":"https:\/\/www.rightwayasia.com\/?s={search_term_string}"},"query-input":"required name=search_term_string"}],"inLanguage":"de"},{"@type":"Organization","@id":"https:\/\/www.rightwayasia.com\/#organization","name":"Rightway Asia","url":"https:\/\/www.rightwayasia.com\/","logo":{"@type":"ImageObject","inLanguage":"de","@id":"https:\/\/www.rightwayasia.com\/#\/schema\/logo\/image\/","url":"https:\/\/www.rightwayasia.com\/wp-content\/uploads\/2021\/08\/RWA-RED-1-2048x591-2.png","contentUrl":"https:\/\/www.rightwayasia.com\/wp-content\/uploads\/2021\/08\/RWA-RED-1-2048x591-2.png","width":2048,"height":591,"caption":"Rightway Asia"},"image":{"@id":"https:\/\/www.rightwayasia.com\/#\/schema\/logo\/image\/"}}]}},"_links":{"self":[{"href":"https:\/\/www.rightwayasia.com\/de\/wp-json\/wp\/v2\/product\/4342845"}],"collection":[{"href":"https:\/\/www.rightwayasia.com\/de\/wp-json\/wp\/v2\/product"}],"about":[{"href":"https:\/\/www.rightwayasia.com\/de\/wp-json\/wp\/v2\/types\/product"}],"wp:featuredmedia":[{"embeddable":true,"href":"https:\/\/www.rightwayasia.com\/de\/wp-json\/wp\/v2\/media\/8256297"}],"wp:attachment":[{"href":"https:\/\/www.rightwayasia.com\/de\/wp-json\/wp\/v2\/media?parent=4342845"}],"wp:term":[{"taxonomy":"product_cat","embeddable":true,"href":"https:\/\/www.rightwayasia.com\/de\/wp-json\/wp\/v2\/product_cat?post=4342845"},{"taxonomy":"product_tag","embeddable":true,"href":"https:\/\/www.rightwayasia.com\/de\/wp-json\/wp\/v2\/product_tag?post=4342845"}],"curies":[{"name":"wp","href":"https:\/\/api.w.org\/{rel}","templated":true}]}}