{"id":4342946,"date":"2023-04-12T18:13:50","date_gmt":"2023-04-12T18:13:50","guid":{"rendered":"https:\/\/www.rightwayasia.com\/product\/unkategorisiert\/by-460\/"},"modified":"2025-04-08T04:06:04","modified_gmt":"2025-04-08T04:06:04","slug":"by-460","status":"publish","type":"product","link":"https:\/\/www.rightwayasia.com\/de\/product\/abs-de\/khl-tiefkhlschrnke-abs-de\/by-460\/","title":{"rendered":"BY 460"},"content":{"rendered":"<p>Euronorm K\u00fchlschrank 600&#215;400 (Energieklasse B)<br \/>\nWei\u00dfes Stahlblech au\u00dfen und thermogeformt innen<br \/>\nRoll-bond Verdampfer mit Umluftventilator<br \/>\nAutomatische Abtauung durch Kompressor Stop<br \/>\nIsolierungsmaterial Cyclopentane (65mm &#8211; FCKW frei)<br \/>\nDigitales Thermostat<br \/>\nInterne vertikale LED Beleuchtung<br \/>\nherausnehmbare T\u00fcrdichtung<br \/>\nH\u00f6henverstellbare Einsch\u00fcbe Euronorm 600x400mm (4 St\u00fcck + 1 Bodeneinschub)<br \/>\nSelbstschlie\u00dfende T\u00fcr<br \/>\nT\u00fcrschlo\u00df als Standard<br \/>\n4 H\u00f6henverstellbare Edelstahlf\u00fc\u00dfe &#8211; Lenkrollen mit Feststellbremse optional<br \/>\nWei\u00df lackierter T\u00fcrgriff aus Stahl<br \/>\nEnergieeffizienzklasse: B<\/p>\n<p>&nbsp;<\/p>\n","protected":false},"excerpt":{"rendered":"<p>Mit einem klaren Design wurde dieses Produkt entwickelt, um Back- und Konditoreiprodukte zu bewahren und zu lagern. Es ist in Wei\u00df erh\u00e4ltlich und mit einem digitalen Controller ausgestattet. Das Modell BY 460 ist eine perfekte Kombination aus technologischen Verbesserungen und Fertigungserfahrung, mit einem eleganten Edelstahl-Au\u00dfengriff, einer selbstschlie\u00dfenden T\u00fcr, 5 verstellbaren EURONORM 600&#215;400 Einsch\u00fcben, einem Roll-Bond-Verdampfersystem mit unterst\u00fctzter Luftzirkulation, R600a Gas und 70 mm Isolierschaum auf jeder Seite, um eine optimale Energieeinsparung und eine energieeffiziente Leistung der Klasse B zu gew\u00e4hrleisten. Um die Liste der Premium-Funktionen abzuschlie\u00dfen, verf\u00fcgt es \u00fcber vertikales LED-Licht, serienm\u00e4\u00dfig eingebautes Schloss und h\u00f6henverstellbare F\u00fc\u00dfe.<\/p>\n","protected":false},"featured_media":8256346,"template":"","meta":{"_acf_changed":false},"product_cat":[15891,11714],"product_tag":[],"acf":[],"yoast_head":"<!-- This site is optimized with the Yoast SEO plugin v22.2 - https:\/\/yoast.com\/wordpress\/plugins\/seo\/ -->\n<title>BY 460 - Rightway Asia<\/title>\n<meta name=\"robots\" content=\"index, follow, max-snippet:-1, max-image-preview:large, max-video-preview:-1\" \/>\n<link rel=\"canonical\" href=\"https:\/\/www.rightwayasia.com\/de\/product\/abs-de\/khl-tiefkhlschrnke-abs-de\/by-460\/\" \/>\n<meta property=\"og:locale\" content=\"de_DE\" \/>\n<meta property=\"og:type\" content=\"article\" \/>\n<meta property=\"og:title\" content=\"BY 460 - Rightway Asia\" \/>\n<meta property=\"og:description\" content=\"Mit einem klaren Design wurde dieses Produkt entwickelt, um Back- und Konditoreiprodukte zu bewahren und zu lagern. Es ist in Wei\u00df erh\u00e4ltlich und mit einem digitalen Controller ausgestattet. Das Modell BY 460 ist eine perfekte Kombination aus technologischen Verbesserungen und Fertigungserfahrung, mit einem eleganten Edelstahl-Au\u00dfengriff, einer selbstschlie\u00dfenden T\u00fcr, 5 verstellbaren EURONORM 600x400 Einsch\u00fcben, einem Roll-Bond-Verdampfersystem mit unterst\u00fctzter Luftzirkulation, R600a Gas und 70 mm Isolierschaum auf jeder Seite, um eine optimale Energieeinsparung und eine energieeffiziente Leistung der Klasse B zu gew\u00e4hrleisten. Um die Liste der Premium-Funktionen abzuschlie\u00dfen, verf\u00fcgt es \u00fcber vertikales LED-Licht, serienm\u00e4\u00dfig eingebautes Schloss und h\u00f6henverstellbare F\u00fc\u00dfe.\" \/>\n<meta property=\"og:url\" content=\"https:\/\/www.rightwayasia.com\/de\/product\/abs-de\/khl-tiefkhlschrnke-abs-de\/by-460\/\" \/>\n<meta property=\"og:site_name\" content=\"Rightway Asia\" \/>\n<meta property=\"article:modified_time\" content=\"2025-04-08T04:06:04+00:00\" \/>\n<meta property=\"og:image\" content=\"https:\/\/www.rightwayasia.com\/wp-content\/uploads\/2025\/04\/BY-460-CORPO_CH_LOW.png\" \/>\n\t<meta property=\"og:image:width\" content=\"434\" \/>\n\t<meta property=\"og:image:height\" content=\"567\" \/>\n\t<meta property=\"og:image:type\" content=\"image\/png\" \/>\n<meta name=\"twitter:card\" content=\"summary_large_image\" \/>\n<script type=\"application\/ld+json\" class=\"yoast-schema-graph\">{\"@context\":\"https:\/\/schema.org\",\"@graph\":[{\"@type\":\"WebPage\",\"@id\":\"https:\/\/www.rightwayasia.com\/de\/product\/abs-de\/khl-tiefkhlschrnke-abs-de\/by-460\/\",\"url\":\"https:\/\/www.rightwayasia.com\/de\/product\/abs-de\/khl-tiefkhlschrnke-abs-de\/by-460\/\",\"name\":\"BY 460 - Rightway Asia\",\"isPartOf\":{\"@id\":\"https:\/\/www.rightwayasia.com\/#website\"},\"primaryImageOfPage\":{\"@id\":\"https:\/\/www.rightwayasia.com\/de\/product\/abs-de\/khl-tiefkhlschrnke-abs-de\/by-460\/#primaryimage\"},\"image\":{\"@id\":\"https:\/\/www.rightwayasia.com\/de\/product\/abs-de\/khl-tiefkhlschrnke-abs-de\/by-460\/#primaryimage\"},\"thumbnailUrl\":\"https:\/\/www.rightwayasia.com\/wp-content\/uploads\/2026\/03\/BY-460-CORPO_CH_LOW.png\",\"datePublished\":\"2023-04-12T18:13:50+00:00\",\"dateModified\":\"2025-04-08T04:06:04+00:00\",\"breadcrumb\":{\"@id\":\"https:\/\/www.rightwayasia.com\/de\/product\/abs-de\/khl-tiefkhlschrnke-abs-de\/by-460\/#breadcrumb\"},\"inLanguage\":\"de\",\"potentialAction\":[{\"@type\":\"ReadAction\",\"target\":[\"https:\/\/www.rightwayasia.com\/de\/product\/abs-de\/khl-tiefkhlschrnke-abs-de\/by-460\/\"]}]},{\"@type\":\"ImageObject\",\"inLanguage\":\"de\",\"@id\":\"https:\/\/www.rightwayasia.com\/de\/product\/abs-de\/khl-tiefkhlschrnke-abs-de\/by-460\/#primaryimage\",\"url\":\"https:\/\/www.rightwayasia.com\/wp-content\/uploads\/2026\/03\/BY-460-CORPO_CH_LOW.png\",\"contentUrl\":\"https:\/\/www.rightwayasia.com\/wp-content\/uploads\/2026\/03\/BY-460-CORPO_CH_LOW.png\",\"width\":434,\"height\":567,\"caption\":\"Image of BY 460\"},{\"@type\":\"BreadcrumbList\",\"@id\":\"https:\/\/www.rightwayasia.com\/de\/product\/abs-de\/khl-tiefkhlschrnke-abs-de\/by-460\/#breadcrumb\",\"itemListElement\":[{\"@type\":\"ListItem\",\"position\":1,\"name\":\"Home\",\"item\":\"https:\/\/www.rightwayasia.com\/de\/\"},{\"@type\":\"ListItem\",\"position\":2,\"name\":\"Suche\",\"item\":\"https:\/\/www.rightwayasia.com\/de\/suche\/\"},{\"@type\":\"ListItem\",\"position\":3,\"name\":\"BY 460\"}]},{\"@type\":\"WebSite\",\"@id\":\"https:\/\/www.rightwayasia.com\/#website\",\"url\":\"https:\/\/www.rightwayasia.com\/\",\"name\":\"Rightway Asia\",\"description\":\"Professional refrigeration solutions\",\"publisher\":{\"@id\":\"https:\/\/www.rightwayasia.com\/#organization\"},\"potentialAction\":[{\"@type\":\"SearchAction\",\"target\":{\"@type\":\"EntryPoint\",\"urlTemplate\":\"https:\/\/www.rightwayasia.com\/?s={search_term_string}\"},\"query-input\":\"required name=search_term_string\"}],\"inLanguage\":\"de\"},{\"@type\":\"Organization\",\"@id\":\"https:\/\/www.rightwayasia.com\/#organization\",\"name\":\"Rightway Asia\",\"url\":\"https:\/\/www.rightwayasia.com\/\",\"logo\":{\"@type\":\"ImageObject\",\"inLanguage\":\"de\",\"@id\":\"https:\/\/www.rightwayasia.com\/#\/schema\/logo\/image\/\",\"url\":\"https:\/\/www.rightwayasia.com\/wp-content\/uploads\/2021\/08\/RWA-RED-1-2048x591-2.png\",\"contentUrl\":\"https:\/\/www.rightwayasia.com\/wp-content\/uploads\/2021\/08\/RWA-RED-1-2048x591-2.png\",\"width\":2048,\"height\":591,\"caption\":\"Rightway Asia\"},\"image\":{\"@id\":\"https:\/\/www.rightwayasia.com\/#\/schema\/logo\/image\/\"}}]}<\/script>\n<!-- \/ Yoast SEO plugin. -->","yoast_head_json":{"title":"BY 460 - Rightway Asia","robots":{"index":"index","follow":"follow","max-snippet":"max-snippet:-1","max-image-preview":"max-image-preview:large","max-video-preview":"max-video-preview:-1"},"canonical":"https:\/\/www.rightwayasia.com\/de\/product\/abs-de\/khl-tiefkhlschrnke-abs-de\/by-460\/","og_locale":"de_DE","og_type":"article","og_title":"BY 460 - Rightway Asia","og_description":"Mit einem klaren Design wurde dieses Produkt entwickelt, um Back- und Konditoreiprodukte zu bewahren und zu lagern. Es ist in Wei\u00df erh\u00e4ltlich und mit einem digitalen Controller ausgestattet. Das Modell BY 460 ist eine perfekte Kombination aus technologischen Verbesserungen und Fertigungserfahrung, mit einem eleganten Edelstahl-Au\u00dfengriff, einer selbstschlie\u00dfenden T\u00fcr, 5 verstellbaren EURONORM 600x400 Einsch\u00fcben, einem Roll-Bond-Verdampfersystem mit unterst\u00fctzter Luftzirkulation, R600a Gas und 70 mm Isolierschaum auf jeder Seite, um eine optimale Energieeinsparung und eine energieeffiziente Leistung der Klasse B zu gew\u00e4hrleisten. Um die Liste der Premium-Funktionen abzuschlie\u00dfen, verf\u00fcgt es \u00fcber vertikales LED-Licht, serienm\u00e4\u00dfig eingebautes Schloss und h\u00f6henverstellbare F\u00fc\u00dfe.","og_url":"https:\/\/www.rightwayasia.com\/de\/product\/abs-de\/khl-tiefkhlschrnke-abs-de\/by-460\/","og_site_name":"Rightway Asia","article_modified_time":"2025-04-08T04:06:04+00:00","og_image":[{"width":434,"height":567,"url":"https:\/\/www.rightwayasia.com\/wp-content\/uploads\/2025\/04\/BY-460-CORPO_CH_LOW.png","type":"image\/png"}],"twitter_card":"summary_large_image","schema":{"@context":"https:\/\/schema.org","@graph":[{"@type":"WebPage","@id":"https:\/\/www.rightwayasia.com\/de\/product\/abs-de\/khl-tiefkhlschrnke-abs-de\/by-460\/","url":"https:\/\/www.rightwayasia.com\/de\/product\/abs-de\/khl-tiefkhlschrnke-abs-de\/by-460\/","name":"BY 460 - Rightway Asia","isPartOf":{"@id":"https:\/\/www.rightwayasia.com\/#website"},"primaryImageOfPage":{"@id":"https:\/\/www.rightwayasia.com\/de\/product\/abs-de\/khl-tiefkhlschrnke-abs-de\/by-460\/#primaryimage"},"image":{"@id":"https:\/\/www.rightwayasia.com\/de\/product\/abs-de\/khl-tiefkhlschrnke-abs-de\/by-460\/#primaryimage"},"thumbnailUrl":"https:\/\/www.rightwayasia.com\/wp-content\/uploads\/2026\/03\/BY-460-CORPO_CH_LOW.png","datePublished":"2023-04-12T18:13:50+00:00","dateModified":"2025-04-08T04:06:04+00:00","breadcrumb":{"@id":"https:\/\/www.rightwayasia.com\/de\/product\/abs-de\/khl-tiefkhlschrnke-abs-de\/by-460\/#breadcrumb"},"inLanguage":"de","potentialAction":[{"@type":"ReadAction","target":["https:\/\/www.rightwayasia.com\/de\/product\/abs-de\/khl-tiefkhlschrnke-abs-de\/by-460\/"]}]},{"@type":"ImageObject","inLanguage":"de","@id":"https:\/\/www.rightwayasia.com\/de\/product\/abs-de\/khl-tiefkhlschrnke-abs-de\/by-460\/#primaryimage","url":"https:\/\/www.rightwayasia.com\/wp-content\/uploads\/2026\/03\/BY-460-CORPO_CH_LOW.png","contentUrl":"https:\/\/www.rightwayasia.com\/wp-content\/uploads\/2026\/03\/BY-460-CORPO_CH_LOW.png","width":434,"height":567,"caption":"Image of BY 460"},{"@type":"BreadcrumbList","@id":"https:\/\/www.rightwayasia.com\/de\/product\/abs-de\/khl-tiefkhlschrnke-abs-de\/by-460\/#breadcrumb","itemListElement":[{"@type":"ListItem","position":1,"name":"Home","item":"https:\/\/www.rightwayasia.com\/de\/"},{"@type":"ListItem","position":2,"name":"Suche","item":"https:\/\/www.rightwayasia.com\/de\/suche\/"},{"@type":"ListItem","position":3,"name":"BY 460"}]},{"@type":"WebSite","@id":"https:\/\/www.rightwayasia.com\/#website","url":"https:\/\/www.rightwayasia.com\/","name":"Rightway Asia","description":"Professional refrigeration solutions","publisher":{"@id":"https:\/\/www.rightwayasia.com\/#organization"},"potentialAction":[{"@type":"SearchAction","target":{"@type":"EntryPoint","urlTemplate":"https:\/\/www.rightwayasia.com\/?s={search_term_string}"},"query-input":"required name=search_term_string"}],"inLanguage":"de"},{"@type":"Organization","@id":"https:\/\/www.rightwayasia.com\/#organization","name":"Rightway Asia","url":"https:\/\/www.rightwayasia.com\/","logo":{"@type":"ImageObject","inLanguage":"de","@id":"https:\/\/www.rightwayasia.com\/#\/schema\/logo\/image\/","url":"https:\/\/www.rightwayasia.com\/wp-content\/uploads\/2021\/08\/RWA-RED-1-2048x591-2.png","contentUrl":"https:\/\/www.rightwayasia.com\/wp-content\/uploads\/2021\/08\/RWA-RED-1-2048x591-2.png","width":2048,"height":591,"caption":"Rightway Asia"},"image":{"@id":"https:\/\/www.rightwayasia.com\/#\/schema\/logo\/image\/"}}]}},"_links":{"self":[{"href":"https:\/\/www.rightwayasia.com\/de\/wp-json\/wp\/v2\/product\/4342946"}],"collection":[{"href":"https:\/\/www.rightwayasia.com\/de\/wp-json\/wp\/v2\/product"}],"about":[{"href":"https:\/\/www.rightwayasia.com\/de\/wp-json\/wp\/v2\/types\/product"}],"wp:featuredmedia":[{"embeddable":true,"href":"https:\/\/www.rightwayasia.com\/de\/wp-json\/wp\/v2\/media\/8256346"}],"wp:attachment":[{"href":"https:\/\/www.rightwayasia.com\/de\/wp-json\/wp\/v2\/media?parent=4342946"}],"wp:term":[{"taxonomy":"product_cat","embeddable":true,"href":"https:\/\/www.rightwayasia.com\/de\/wp-json\/wp\/v2\/product_cat?post=4342946"},{"taxonomy":"product_tag","embeddable":true,"href":"https:\/\/www.rightwayasia.com\/de\/wp-json\/wp\/v2\/product_tag?post=4342946"}],"curies":[{"name":"wp","href":"https:\/\/api.w.org\/{rel}","templated":true}]}}