{"id":4342991,"date":"2023-04-12T18:14:50","date_gmt":"2023-04-12T18:14:50","guid":{"rendered":"https:\/\/www.rightwayasia.com\/product\/unkategorisiert\/bnx-460\/"},"modified":"2025-04-08T04:08:51","modified_gmt":"2025-04-08T04:08:51","slug":"bnx-460","status":"publish","type":"product","link":"https:\/\/www.rightwayasia.com\/de\/product\/abs-de\/khl-tiefkhlschrnke-abs-de\/bnx-460\/","title":{"rendered":"BNX 460"},"content":{"rendered":"<p>Euronorm Tiefk\u00fchlschrank 600&#215;400<br \/>\nEdelstahl au\u00dfen, thermogeformt innen<br \/>\nStatische K\u00fchlung: Fixierte Verdampfer Einsch\u00fcbe (4 St\u00fcck)<br \/>\nManuelle Abtauung<br \/>\nIsolierungsmaterial Cyclopentane (65mm &#8211; FCKW frei)<br \/>\nDigitales Thermostat<br \/>\nInterne vertikale LED Beleuchtung<br \/>\nherausnehmbare T\u00fcrdichtung<br \/>\nwechselbarer T\u00fcranschlag<br \/>\nSelbstschlie\u00dfende T\u00fcr<br \/>\nT\u00fcrschlo\u00df als Standard<br \/>\n4 H\u00f6henverstellbare Edelstahlf\u00fc\u00dfe &#8211; Lenkrollen mit Feststellbremse optional<br \/>\nexterner Edelstahlgriff<br \/>\nEnergieeffizienzklasse: &#8211;<\/p>\n<p>&nbsp;<\/p>\n","protected":false},"excerpt":{"rendered":"<p>Euronorm Tiefk\u00fchlschrank 600&#215;400 Edelstahl au\u00dfen, thermogeformt innen Statische K\u00fchlung: Fixierte Verdampfer Einsch\u00fcbe (4 St\u00fcck) Manuelle Abtauung Isolierungsmaterial Cyclopentane (65mm &#8211; FCKW frei) Digitales Thermostat Interne vertikale LED Beleuchtung herausnehmbare T\u00fcrdichtung wechselbarer T\u00fcranschlag Selbstschlie\u00dfende T\u00fcr T\u00fcrschlo\u00df als Standard 4 H\u00f6henverstellbare Edelstahlf\u00fc\u00dfe &#8211; Lenkrollen mit Feststellbremse optional externer Edelstahlgriff Energieeffizienzklasse: &#8211; &nbsp;<\/p>\n","protected":false},"featured_media":8256386,"template":"","meta":{"_acf_changed":false},"product_cat":[15891,11714],"product_tag":[],"acf":[],"yoast_head":"<!-- This site is optimized with the Yoast SEO plugin v22.2 - https:\/\/yoast.com\/wordpress\/plugins\/seo\/ -->\n<title>BNX 460 - Rightway Asia<\/title>\n<meta name=\"robots\" content=\"index, follow, max-snippet:-1, max-image-preview:large, max-video-preview:-1\" \/>\n<link rel=\"canonical\" href=\"https:\/\/www.rightwayasia.com\/de\/product\/abs-de\/khl-tiefkhlschrnke-abs-de\/bnx-460\/\" \/>\n<meta property=\"og:locale\" content=\"de_DE\" \/>\n<meta property=\"og:type\" content=\"article\" \/>\n<meta property=\"og:title\" content=\"BNX 460 - Rightway Asia\" \/>\n<meta property=\"og:description\" content=\"Euronorm Tiefk\u00fchlschrank 600&#215;400 Edelstahl au\u00dfen, thermogeformt innen Statische K\u00fchlung: Fixierte Verdampfer Einsch\u00fcbe (4 St\u00fcck) Manuelle Abtauung Isolierungsmaterial Cyclopentane (65mm &#8211; FCKW frei) Digitales Thermostat Interne vertikale LED Beleuchtung herausnehmbare T\u00fcrdichtung wechselbarer T\u00fcranschlag Selbstschlie\u00dfende T\u00fcr T\u00fcrschlo\u00df als Standard 4 H\u00f6henverstellbare Edelstahlf\u00fc\u00dfe &#8211; Lenkrollen mit Feststellbremse optional externer Edelstahlgriff Energieeffizienzklasse: &#8211; &nbsp;\" \/>\n<meta property=\"og:url\" content=\"https:\/\/www.rightwayasia.com\/de\/product\/abs-de\/khl-tiefkhlschrnke-abs-de\/bnx-460\/\" \/>\n<meta property=\"og:site_name\" content=\"Rightway Asia\" \/>\n<meta property=\"article:modified_time\" content=\"2025-04-08T04:08:51+00:00\" \/>\n<meta property=\"og:image\" content=\"https:\/\/www.rightwayasia.com\/wp-content\/uploads\/2025\/04\/BNX-460-CORPO_CH_LOW.png\" \/>\n\t<meta property=\"og:image:width\" content=\"309\" \/>\n\t<meta property=\"og:image:height\" content=\"567\" \/>\n\t<meta property=\"og:image:type\" content=\"image\/png\" \/>\n<meta name=\"twitter:card\" content=\"summary_large_image\" \/>\n<script type=\"application\/ld+json\" class=\"yoast-schema-graph\">{\"@context\":\"https:\/\/schema.org\",\"@graph\":[{\"@type\":\"WebPage\",\"@id\":\"https:\/\/www.rightwayasia.com\/de\/product\/abs-de\/khl-tiefkhlschrnke-abs-de\/bnx-460\/\",\"url\":\"https:\/\/www.rightwayasia.com\/de\/product\/abs-de\/khl-tiefkhlschrnke-abs-de\/bnx-460\/\",\"name\":\"BNX 460 - Rightway Asia\",\"isPartOf\":{\"@id\":\"https:\/\/www.rightwayasia.com\/#website\"},\"primaryImageOfPage\":{\"@id\":\"https:\/\/www.rightwayasia.com\/de\/product\/abs-de\/khl-tiefkhlschrnke-abs-de\/bnx-460\/#primaryimage\"},\"image\":{\"@id\":\"https:\/\/www.rightwayasia.com\/de\/product\/abs-de\/khl-tiefkhlschrnke-abs-de\/bnx-460\/#primaryimage\"},\"thumbnailUrl\":\"https:\/\/www.rightwayasia.com\/wp-content\/uploads\/2026\/03\/BNX-460-CORPO_CH_LOW.png\",\"datePublished\":\"2023-04-12T18:14:50+00:00\",\"dateModified\":\"2025-04-08T04:08:51+00:00\",\"breadcrumb\":{\"@id\":\"https:\/\/www.rightwayasia.com\/de\/product\/abs-de\/khl-tiefkhlschrnke-abs-de\/bnx-460\/#breadcrumb\"},\"inLanguage\":\"de\",\"potentialAction\":[{\"@type\":\"ReadAction\",\"target\":[\"https:\/\/www.rightwayasia.com\/de\/product\/abs-de\/khl-tiefkhlschrnke-abs-de\/bnx-460\/\"]}]},{\"@type\":\"ImageObject\",\"inLanguage\":\"de\",\"@id\":\"https:\/\/www.rightwayasia.com\/de\/product\/abs-de\/khl-tiefkhlschrnke-abs-de\/bnx-460\/#primaryimage\",\"url\":\"https:\/\/www.rightwayasia.com\/wp-content\/uploads\/2026\/03\/BNX-460-CORPO_CH_LOW.png\",\"contentUrl\":\"https:\/\/www.rightwayasia.com\/wp-content\/uploads\/2026\/03\/BNX-460-CORPO_CH_LOW.png\",\"width\":309,\"height\":567,\"caption\":\"Image of BNX 460\"},{\"@type\":\"BreadcrumbList\",\"@id\":\"https:\/\/www.rightwayasia.com\/de\/product\/abs-de\/khl-tiefkhlschrnke-abs-de\/bnx-460\/#breadcrumb\",\"itemListElement\":[{\"@type\":\"ListItem\",\"position\":1,\"name\":\"Home\",\"item\":\"https:\/\/www.rightwayasia.com\/de\/\"},{\"@type\":\"ListItem\",\"position\":2,\"name\":\"Suche\",\"item\":\"https:\/\/www.rightwayasia.com\/de\/suche\/\"},{\"@type\":\"ListItem\",\"position\":3,\"name\":\"BNX 460\"}]},{\"@type\":\"WebSite\",\"@id\":\"https:\/\/www.rightwayasia.com\/#website\",\"url\":\"https:\/\/www.rightwayasia.com\/\",\"name\":\"Rightway Asia\",\"description\":\"Professional refrigeration solutions\",\"publisher\":{\"@id\":\"https:\/\/www.rightwayasia.com\/#organization\"},\"potentialAction\":[{\"@type\":\"SearchAction\",\"target\":{\"@type\":\"EntryPoint\",\"urlTemplate\":\"https:\/\/www.rightwayasia.com\/?s={search_term_string}\"},\"query-input\":\"required name=search_term_string\"}],\"inLanguage\":\"de\"},{\"@type\":\"Organization\",\"@id\":\"https:\/\/www.rightwayasia.com\/#organization\",\"name\":\"Rightway Asia\",\"url\":\"https:\/\/www.rightwayasia.com\/\",\"logo\":{\"@type\":\"ImageObject\",\"inLanguage\":\"de\",\"@id\":\"https:\/\/www.rightwayasia.com\/#\/schema\/logo\/image\/\",\"url\":\"https:\/\/www.rightwayasia.com\/wp-content\/uploads\/2021\/08\/RWA-RED-1-2048x591-2.png\",\"contentUrl\":\"https:\/\/www.rightwayasia.com\/wp-content\/uploads\/2021\/08\/RWA-RED-1-2048x591-2.png\",\"width\":2048,\"height\":591,\"caption\":\"Rightway Asia\"},\"image\":{\"@id\":\"https:\/\/www.rightwayasia.com\/#\/schema\/logo\/image\/\"}}]}<\/script>\n<!-- \/ Yoast SEO plugin. -->","yoast_head_json":{"title":"BNX 460 - Rightway Asia","robots":{"index":"index","follow":"follow","max-snippet":"max-snippet:-1","max-image-preview":"max-image-preview:large","max-video-preview":"max-video-preview:-1"},"canonical":"https:\/\/www.rightwayasia.com\/de\/product\/abs-de\/khl-tiefkhlschrnke-abs-de\/bnx-460\/","og_locale":"de_DE","og_type":"article","og_title":"BNX 460 - Rightway Asia","og_description":"Euronorm Tiefk\u00fchlschrank 600&#215;400 Edelstahl au\u00dfen, thermogeformt innen Statische K\u00fchlung: Fixierte Verdampfer Einsch\u00fcbe (4 St\u00fcck) Manuelle Abtauung Isolierungsmaterial Cyclopentane (65mm &#8211; FCKW frei) Digitales Thermostat Interne vertikale LED Beleuchtung herausnehmbare T\u00fcrdichtung wechselbarer T\u00fcranschlag Selbstschlie\u00dfende T\u00fcr T\u00fcrschlo\u00df als Standard 4 H\u00f6henverstellbare Edelstahlf\u00fc\u00dfe &#8211; Lenkrollen mit Feststellbremse optional externer Edelstahlgriff Energieeffizienzklasse: &#8211; &nbsp;","og_url":"https:\/\/www.rightwayasia.com\/de\/product\/abs-de\/khl-tiefkhlschrnke-abs-de\/bnx-460\/","og_site_name":"Rightway Asia","article_modified_time":"2025-04-08T04:08:51+00:00","og_image":[{"width":309,"height":567,"url":"https:\/\/www.rightwayasia.com\/wp-content\/uploads\/2025\/04\/BNX-460-CORPO_CH_LOW.png","type":"image\/png"}],"twitter_card":"summary_large_image","schema":{"@context":"https:\/\/schema.org","@graph":[{"@type":"WebPage","@id":"https:\/\/www.rightwayasia.com\/de\/product\/abs-de\/khl-tiefkhlschrnke-abs-de\/bnx-460\/","url":"https:\/\/www.rightwayasia.com\/de\/product\/abs-de\/khl-tiefkhlschrnke-abs-de\/bnx-460\/","name":"BNX 460 - Rightway Asia","isPartOf":{"@id":"https:\/\/www.rightwayasia.com\/#website"},"primaryImageOfPage":{"@id":"https:\/\/www.rightwayasia.com\/de\/product\/abs-de\/khl-tiefkhlschrnke-abs-de\/bnx-460\/#primaryimage"},"image":{"@id":"https:\/\/www.rightwayasia.com\/de\/product\/abs-de\/khl-tiefkhlschrnke-abs-de\/bnx-460\/#primaryimage"},"thumbnailUrl":"https:\/\/www.rightwayasia.com\/wp-content\/uploads\/2026\/03\/BNX-460-CORPO_CH_LOW.png","datePublished":"2023-04-12T18:14:50+00:00","dateModified":"2025-04-08T04:08:51+00:00","breadcrumb":{"@id":"https:\/\/www.rightwayasia.com\/de\/product\/abs-de\/khl-tiefkhlschrnke-abs-de\/bnx-460\/#breadcrumb"},"inLanguage":"de","potentialAction":[{"@type":"ReadAction","target":["https:\/\/www.rightwayasia.com\/de\/product\/abs-de\/khl-tiefkhlschrnke-abs-de\/bnx-460\/"]}]},{"@type":"ImageObject","inLanguage":"de","@id":"https:\/\/www.rightwayasia.com\/de\/product\/abs-de\/khl-tiefkhlschrnke-abs-de\/bnx-460\/#primaryimage","url":"https:\/\/www.rightwayasia.com\/wp-content\/uploads\/2026\/03\/BNX-460-CORPO_CH_LOW.png","contentUrl":"https:\/\/www.rightwayasia.com\/wp-content\/uploads\/2026\/03\/BNX-460-CORPO_CH_LOW.png","width":309,"height":567,"caption":"Image of BNX 460"},{"@type":"BreadcrumbList","@id":"https:\/\/www.rightwayasia.com\/de\/product\/abs-de\/khl-tiefkhlschrnke-abs-de\/bnx-460\/#breadcrumb","itemListElement":[{"@type":"ListItem","position":1,"name":"Home","item":"https:\/\/www.rightwayasia.com\/de\/"},{"@type":"ListItem","position":2,"name":"Suche","item":"https:\/\/www.rightwayasia.com\/de\/suche\/"},{"@type":"ListItem","position":3,"name":"BNX 460"}]},{"@type":"WebSite","@id":"https:\/\/www.rightwayasia.com\/#website","url":"https:\/\/www.rightwayasia.com\/","name":"Rightway Asia","description":"Professional refrigeration solutions","publisher":{"@id":"https:\/\/www.rightwayasia.com\/#organization"},"potentialAction":[{"@type":"SearchAction","target":{"@type":"EntryPoint","urlTemplate":"https:\/\/www.rightwayasia.com\/?s={search_term_string}"},"query-input":"required name=search_term_string"}],"inLanguage":"de"},{"@type":"Organization","@id":"https:\/\/www.rightwayasia.com\/#organization","name":"Rightway Asia","url":"https:\/\/www.rightwayasia.com\/","logo":{"@type":"ImageObject","inLanguage":"de","@id":"https:\/\/www.rightwayasia.com\/#\/schema\/logo\/image\/","url":"https:\/\/www.rightwayasia.com\/wp-content\/uploads\/2021\/08\/RWA-RED-1-2048x591-2.png","contentUrl":"https:\/\/www.rightwayasia.com\/wp-content\/uploads\/2021\/08\/RWA-RED-1-2048x591-2.png","width":2048,"height":591,"caption":"Rightway Asia"},"image":{"@id":"https:\/\/www.rightwayasia.com\/#\/schema\/logo\/image\/"}}]}},"_links":{"self":[{"href":"https:\/\/www.rightwayasia.com\/de\/wp-json\/wp\/v2\/product\/4342991"}],"collection":[{"href":"https:\/\/www.rightwayasia.com\/de\/wp-json\/wp\/v2\/product"}],"about":[{"href":"https:\/\/www.rightwayasia.com\/de\/wp-json\/wp\/v2\/types\/product"}],"wp:featuredmedia":[{"embeddable":true,"href":"https:\/\/www.rightwayasia.com\/de\/wp-json\/wp\/v2\/media\/8256386"}],"wp:attachment":[{"href":"https:\/\/www.rightwayasia.com\/de\/wp-json\/wp\/v2\/media?parent=4342991"}],"wp:term":[{"taxonomy":"product_cat","embeddable":true,"href":"https:\/\/www.rightwayasia.com\/de\/wp-json\/wp\/v2\/product_cat?post=4342991"},{"taxonomy":"product_tag","embeddable":true,"href":"https:\/\/www.rightwayasia.com\/de\/wp-json\/wp\/v2\/product_tag?post=4342991"}],"curies":[{"name":"wp","href":"https:\/\/api.w.org\/{rel}","templated":true}]}}