{"id":4343055,"date":"2023-04-12T18:16:05","date_gmt":"2023-04-12T18:16:05","guid":{"rendered":"https:\/\/www.rightwayasia.com\/product\/unkategorisiert\/ufxg-2\/"},"modified":"2025-04-08T03:52:09","modified_gmt":"2025-04-08T03:52:09","slug":"ufxg-2","status":"publish","type":"product","link":"https:\/\/www.rightwayasia.com\/de\/product\/abs-de\/khl-tiefkhlschrnke-abs-de\/ufxg-2\/","title":{"rendered":"UFXG 2"},"content":{"rendered":"<p>200l Glast\u00fcrtiefk\u00fchlschrank<br \/>\nEdelstahl au\u00dfen, thermogeformt innen<br \/>\nStatische K\u00fchlung: feste Verdampferb\u00f6den (2 Ebenen, eine auf der Unterseite)<br \/>\n1 zus\u00e4tzlicher oberer herausnehmbare Einlegeboden<br \/>\nManuelle Abtauung<br \/>\nIsolierungsmaterial Cyclopentane (70mm &#8211; FCKW frei)<br \/>\nDreifach beheiztes geh\u00e4rtetes Glas mit Low-e (Gl\u00e4ser mit niedrigem Emissionsgrad) und Argongas<br \/>\nDigitales Thermostat<br \/>\nUnabh\u00e4ngige Haupt- und Lichtschalter mit Hintergrundbeleuchtung (wei\u00dfe Farbe)<br \/>\nDoppeltes vertikales LED-Licht entlang des T\u00fcrprofils<br \/>\nAbnehmbare Dichtung und Griff entlang des T\u00fcrprofils<br \/>\nT\u00fcrschloss als Standard<br \/>\n2 H\u00f6henverstellbare F\u00fc\u00dfe und 2 Rollen hinten<br \/>\nEnergieeffizienzklasse: &#8211;<\/p>\n<p>&nbsp;<\/p>\n","protected":false},"excerpt":{"rendered":"<p>200l Glast\u00fcrtiefk\u00fchlschrank Edelstahl au\u00dfen, thermogeformt innen Statische K\u00fchlung: feste Verdampferb\u00f6den (2 Ebenen, eine auf der Unterseite) 1 zus\u00e4tzlicher oberer herausnehmbare Einlegeboden Manuelle Abtauung Isolierungsmaterial Cyclopentane (70mm &#8211; FCKW frei) Dreifach beheiztes geh\u00e4rtetes Glas mit Low-e (Gl\u00e4ser mit niedrigem Emissionsgrad) und Argongas Digitales Thermostat Unabh\u00e4ngige Haupt- und Lichtschalter mit Hintergrundbeleuchtung (wei\u00dfe Farbe) Doppeltes vertikales LED-Licht entlang [&hellip;]<\/p>\n","protected":false},"featured_media":8246819,"template":"","meta":{"_acf_changed":false},"product_cat":[15891,11714],"product_tag":[],"acf":[],"yoast_head":"<!-- This site is optimized with the Yoast SEO plugin v22.2 - https:\/\/yoast.com\/wordpress\/plugins\/seo\/ -->\n<title>UFXG 2 - Rightway Asia<\/title>\n<meta name=\"robots\" content=\"index, follow, max-snippet:-1, max-image-preview:large, max-video-preview:-1\" \/>\n<link rel=\"canonical\" href=\"https:\/\/www.rightwayasia.com\/de\/product\/abs-de\/khl-tiefkhlschrnke-abs-de\/ufxg-2\/\" \/>\n<meta property=\"og:locale\" content=\"de_DE\" \/>\n<meta property=\"og:type\" content=\"article\" \/>\n<meta property=\"og:title\" content=\"UFXG 2 - Rightway Asia\" \/>\n<meta property=\"og:description\" content=\"200l Glast\u00fcrtiefk\u00fchlschrank Edelstahl au\u00dfen, thermogeformt innen Statische K\u00fchlung: feste Verdampferb\u00f6den (2 Ebenen, eine auf der Unterseite) 1 zus\u00e4tzlicher oberer herausnehmbare Einlegeboden Manuelle Abtauung Isolierungsmaterial Cyclopentane (70mm &#8211; FCKW frei) Dreifach beheiztes geh\u00e4rtetes Glas mit Low-e (Gl\u00e4ser mit niedrigem Emissionsgrad) und Argongas Digitales Thermostat Unabh\u00e4ngige Haupt- und Lichtschalter mit Hintergrundbeleuchtung (wei\u00dfe Farbe) Doppeltes vertikales LED-Licht entlang [&hellip;]\" \/>\n<meta property=\"og:url\" content=\"https:\/\/www.rightwayasia.com\/de\/product\/abs-de\/khl-tiefkhlschrnke-abs-de\/ufxg-2\/\" \/>\n<meta property=\"og:site_name\" content=\"Rightway Asia\" \/>\n<meta property=\"article:modified_time\" content=\"2025-04-08T03:52:09+00:00\" \/>\n<meta property=\"og:image\" content=\"https:\/\/www.rightwayasia.com\/wp-content\/uploads\/2025\/04\/UFXG-2-CORPO_CH_LOW.png\" \/>\n\t<meta property=\"og:image:width\" content=\"490\" \/>\n\t<meta property=\"og:image:height\" content=\"567\" \/>\n\t<meta property=\"og:image:type\" content=\"image\/png\" \/>\n<meta name=\"twitter:card\" content=\"summary_large_image\" \/>\n<script type=\"application\/ld+json\" class=\"yoast-schema-graph\">{\"@context\":\"https:\/\/schema.org\",\"@graph\":[{\"@type\":\"WebPage\",\"@id\":\"https:\/\/www.rightwayasia.com\/de\/product\/abs-de\/khl-tiefkhlschrnke-abs-de\/ufxg-2\/\",\"url\":\"https:\/\/www.rightwayasia.com\/de\/product\/abs-de\/khl-tiefkhlschrnke-abs-de\/ufxg-2\/\",\"name\":\"UFXG 2 - Rightway Asia\",\"isPartOf\":{\"@id\":\"https:\/\/www.rightwayasia.com\/#website\"},\"primaryImageOfPage\":{\"@id\":\"https:\/\/www.rightwayasia.com\/de\/product\/abs-de\/khl-tiefkhlschrnke-abs-de\/ufxg-2\/#primaryimage\"},\"image\":{\"@id\":\"https:\/\/www.rightwayasia.com\/de\/product\/abs-de\/khl-tiefkhlschrnke-abs-de\/ufxg-2\/#primaryimage\"},\"thumbnailUrl\":\"https:\/\/www.rightwayasia.com\/wp-content\/uploads\/2026\/03\/UFXG-2-CORPO_CH_LOW.png\",\"datePublished\":\"2023-04-12T18:16:05+00:00\",\"dateModified\":\"2025-04-08T03:52:09+00:00\",\"breadcrumb\":{\"@id\":\"https:\/\/www.rightwayasia.com\/de\/product\/abs-de\/khl-tiefkhlschrnke-abs-de\/ufxg-2\/#breadcrumb\"},\"inLanguage\":\"de\",\"potentialAction\":[{\"@type\":\"ReadAction\",\"target\":[\"https:\/\/www.rightwayasia.com\/de\/product\/abs-de\/khl-tiefkhlschrnke-abs-de\/ufxg-2\/\"]}]},{\"@type\":\"ImageObject\",\"inLanguage\":\"de\",\"@id\":\"https:\/\/www.rightwayasia.com\/de\/product\/abs-de\/khl-tiefkhlschrnke-abs-de\/ufxg-2\/#primaryimage\",\"url\":\"https:\/\/www.rightwayasia.com\/wp-content\/uploads\/2026\/03\/UFXG-2-CORPO_CH_LOW.png\",\"contentUrl\":\"https:\/\/www.rightwayasia.com\/wp-content\/uploads\/2026\/03\/UFXG-2-CORPO_CH_LOW.png\",\"width\":490,\"height\":567,\"caption\":\"Image of UFXG 2\"},{\"@type\":\"BreadcrumbList\",\"@id\":\"https:\/\/www.rightwayasia.com\/de\/product\/abs-de\/khl-tiefkhlschrnke-abs-de\/ufxg-2\/#breadcrumb\",\"itemListElement\":[{\"@type\":\"ListItem\",\"position\":1,\"name\":\"Home\",\"item\":\"https:\/\/www.rightwayasia.com\/de\/\"},{\"@type\":\"ListItem\",\"position\":2,\"name\":\"Suche\",\"item\":\"https:\/\/www.rightwayasia.com\/de\/suche\/\"},{\"@type\":\"ListItem\",\"position\":3,\"name\":\"UFXG 2\"}]},{\"@type\":\"WebSite\",\"@id\":\"https:\/\/www.rightwayasia.com\/#website\",\"url\":\"https:\/\/www.rightwayasia.com\/\",\"name\":\"Rightway Asia\",\"description\":\"Professional refrigeration solutions\",\"publisher\":{\"@id\":\"https:\/\/www.rightwayasia.com\/#organization\"},\"potentialAction\":[{\"@type\":\"SearchAction\",\"target\":{\"@type\":\"EntryPoint\",\"urlTemplate\":\"https:\/\/www.rightwayasia.com\/?s={search_term_string}\"},\"query-input\":\"required name=search_term_string\"}],\"inLanguage\":\"de\"},{\"@type\":\"Organization\",\"@id\":\"https:\/\/www.rightwayasia.com\/#organization\",\"name\":\"Rightway Asia\",\"url\":\"https:\/\/www.rightwayasia.com\/\",\"logo\":{\"@type\":\"ImageObject\",\"inLanguage\":\"de\",\"@id\":\"https:\/\/www.rightwayasia.com\/#\/schema\/logo\/image\/\",\"url\":\"https:\/\/www.rightwayasia.com\/wp-content\/uploads\/2021\/08\/RWA-RED-1-2048x591-2.png\",\"contentUrl\":\"https:\/\/www.rightwayasia.com\/wp-content\/uploads\/2021\/08\/RWA-RED-1-2048x591-2.png\",\"width\":2048,\"height\":591,\"caption\":\"Rightway Asia\"},\"image\":{\"@id\":\"https:\/\/www.rightwayasia.com\/#\/schema\/logo\/image\/\"}}]}<\/script>\n<!-- \/ Yoast SEO plugin. -->","yoast_head_json":{"title":"UFXG 2 - Rightway Asia","robots":{"index":"index","follow":"follow","max-snippet":"max-snippet:-1","max-image-preview":"max-image-preview:large","max-video-preview":"max-video-preview:-1"},"canonical":"https:\/\/www.rightwayasia.com\/de\/product\/abs-de\/khl-tiefkhlschrnke-abs-de\/ufxg-2\/","og_locale":"de_DE","og_type":"article","og_title":"UFXG 2 - Rightway Asia","og_description":"200l Glast\u00fcrtiefk\u00fchlschrank Edelstahl au\u00dfen, thermogeformt innen Statische K\u00fchlung: feste Verdampferb\u00f6den (2 Ebenen, eine auf der Unterseite) 1 zus\u00e4tzlicher oberer herausnehmbare Einlegeboden Manuelle Abtauung Isolierungsmaterial Cyclopentane (70mm &#8211; FCKW frei) Dreifach beheiztes geh\u00e4rtetes Glas mit Low-e (Gl\u00e4ser mit niedrigem Emissionsgrad) und Argongas Digitales Thermostat Unabh\u00e4ngige Haupt- und Lichtschalter mit Hintergrundbeleuchtung (wei\u00dfe Farbe) Doppeltes vertikales LED-Licht entlang [&hellip;]","og_url":"https:\/\/www.rightwayasia.com\/de\/product\/abs-de\/khl-tiefkhlschrnke-abs-de\/ufxg-2\/","og_site_name":"Rightway Asia","article_modified_time":"2025-04-08T03:52:09+00:00","og_image":[{"width":490,"height":567,"url":"https:\/\/www.rightwayasia.com\/wp-content\/uploads\/2025\/04\/UFXG-2-CORPO_CH_LOW.png","type":"image\/png"}],"twitter_card":"summary_large_image","schema":{"@context":"https:\/\/schema.org","@graph":[{"@type":"WebPage","@id":"https:\/\/www.rightwayasia.com\/de\/product\/abs-de\/khl-tiefkhlschrnke-abs-de\/ufxg-2\/","url":"https:\/\/www.rightwayasia.com\/de\/product\/abs-de\/khl-tiefkhlschrnke-abs-de\/ufxg-2\/","name":"UFXG 2 - Rightway Asia","isPartOf":{"@id":"https:\/\/www.rightwayasia.com\/#website"},"primaryImageOfPage":{"@id":"https:\/\/www.rightwayasia.com\/de\/product\/abs-de\/khl-tiefkhlschrnke-abs-de\/ufxg-2\/#primaryimage"},"image":{"@id":"https:\/\/www.rightwayasia.com\/de\/product\/abs-de\/khl-tiefkhlschrnke-abs-de\/ufxg-2\/#primaryimage"},"thumbnailUrl":"https:\/\/www.rightwayasia.com\/wp-content\/uploads\/2026\/03\/UFXG-2-CORPO_CH_LOW.png","datePublished":"2023-04-12T18:16:05+00:00","dateModified":"2025-04-08T03:52:09+00:00","breadcrumb":{"@id":"https:\/\/www.rightwayasia.com\/de\/product\/abs-de\/khl-tiefkhlschrnke-abs-de\/ufxg-2\/#breadcrumb"},"inLanguage":"de","potentialAction":[{"@type":"ReadAction","target":["https:\/\/www.rightwayasia.com\/de\/product\/abs-de\/khl-tiefkhlschrnke-abs-de\/ufxg-2\/"]}]},{"@type":"ImageObject","inLanguage":"de","@id":"https:\/\/www.rightwayasia.com\/de\/product\/abs-de\/khl-tiefkhlschrnke-abs-de\/ufxg-2\/#primaryimage","url":"https:\/\/www.rightwayasia.com\/wp-content\/uploads\/2026\/03\/UFXG-2-CORPO_CH_LOW.png","contentUrl":"https:\/\/www.rightwayasia.com\/wp-content\/uploads\/2026\/03\/UFXG-2-CORPO_CH_LOW.png","width":490,"height":567,"caption":"Image of UFXG 2"},{"@type":"BreadcrumbList","@id":"https:\/\/www.rightwayasia.com\/de\/product\/abs-de\/khl-tiefkhlschrnke-abs-de\/ufxg-2\/#breadcrumb","itemListElement":[{"@type":"ListItem","position":1,"name":"Home","item":"https:\/\/www.rightwayasia.com\/de\/"},{"@type":"ListItem","position":2,"name":"Suche","item":"https:\/\/www.rightwayasia.com\/de\/suche\/"},{"@type":"ListItem","position":3,"name":"UFXG 2"}]},{"@type":"WebSite","@id":"https:\/\/www.rightwayasia.com\/#website","url":"https:\/\/www.rightwayasia.com\/","name":"Rightway Asia","description":"Professional refrigeration solutions","publisher":{"@id":"https:\/\/www.rightwayasia.com\/#organization"},"potentialAction":[{"@type":"SearchAction","target":{"@type":"EntryPoint","urlTemplate":"https:\/\/www.rightwayasia.com\/?s={search_term_string}"},"query-input":"required name=search_term_string"}],"inLanguage":"de"},{"@type":"Organization","@id":"https:\/\/www.rightwayasia.com\/#organization","name":"Rightway Asia","url":"https:\/\/www.rightwayasia.com\/","logo":{"@type":"ImageObject","inLanguage":"de","@id":"https:\/\/www.rightwayasia.com\/#\/schema\/logo\/image\/","url":"https:\/\/www.rightwayasia.com\/wp-content\/uploads\/2021\/08\/RWA-RED-1-2048x591-2.png","contentUrl":"https:\/\/www.rightwayasia.com\/wp-content\/uploads\/2021\/08\/RWA-RED-1-2048x591-2.png","width":2048,"height":591,"caption":"Rightway Asia"},"image":{"@id":"https:\/\/www.rightwayasia.com\/#\/schema\/logo\/image\/"}}]}},"_links":{"self":[{"href":"https:\/\/www.rightwayasia.com\/de\/wp-json\/wp\/v2\/product\/4343055"}],"collection":[{"href":"https:\/\/www.rightwayasia.com\/de\/wp-json\/wp\/v2\/product"}],"about":[{"href":"https:\/\/www.rightwayasia.com\/de\/wp-json\/wp\/v2\/types\/product"}],"wp:featuredmedia":[{"embeddable":true,"href":"https:\/\/www.rightwayasia.com\/de\/wp-json\/wp\/v2\/media\/8246819"}],"wp:attachment":[{"href":"https:\/\/www.rightwayasia.com\/de\/wp-json\/wp\/v2\/media?parent=4343055"}],"wp:term":[{"taxonomy":"product_cat","embeddable":true,"href":"https:\/\/www.rightwayasia.com\/de\/wp-json\/wp\/v2\/product_cat?post=4343055"},{"taxonomy":"product_tag","embeddable":true,"href":"https:\/\/www.rightwayasia.com\/de\/wp-json\/wp\/v2\/product_tag?post=4343055"}],"curies":[{"name":"wp","href":"https:\/\/api.w.org\/{rel}","templated":true}]}}