{"id":4343427,"date":"2023-04-12T18:24:37","date_gmt":"2023-04-12T18:24:37","guid":{"rendered":"https:\/\/www.rightwayasia.com\/product\/unkategorisiert\/dc-388cb\/"},"modified":"2025-04-08T04:26:48","modified_gmt":"2025-04-08T04:26:48","slug":"dc-388cb","status":"publish","type":"product","link":"https:\/\/www.rightwayasia.com\/de\/product\/getrnkekhlung\/getrnkekhlschrnke\/dc-388cb\/","title":{"rendered":"DC 388CB"},"content":{"rendered":"<p>350l Getr\u00e4nkek\u00fchlschrank<br \/>\nSchwarz beschichteter Stahl innen und au\u00dfen<br \/>\nStatische K\u00fchlung mit Umluftventilator<br \/>\nManuelle Abtauung<br \/>\nIsolierungsmaterial Cyclopentane (35mm &#8211; FCKW frei)<br \/>\nMechanisches Thermostat<br \/>\nherausnehmbare T\u00fcrdichtung<br \/>\n5 H\u00f6henverstellbare Einsch\u00fcbe + 1 Bodeneinschub<br \/>\nSchalter f\u00fcr interne Beleuchtung und Werbedisplay<br \/>\nGeh\u00e4rtetes Sicherheitsglas<br \/>\nT\u00fcrschlo\u00df als Standard<br \/>\nVertikale LED Beleuchtung innen \/ LED im Werbedisplay<br \/>\n2 H\u00f6henverstellbare F\u00fc\u00dfe und 2 Rollen hinten<br \/>\nEnergieeffizienzklasse: D<\/p>\n<p>&nbsp;<\/p>\n","protected":false},"excerpt":{"rendered":"<p>350l Getr\u00e4nkek\u00fchlschrank Schwarz beschichteter Stahl innen und au\u00dfen Statische K\u00fchlung mit Umluftventilator Manuelle Abtauung Isolierungsmaterial Cyclopentane (35mm &#8211; FCKW frei) Mechanisches Thermostat herausnehmbare T\u00fcrdichtung 5 H\u00f6henverstellbare Einsch\u00fcbe + 1 Bodeneinschub Schalter f\u00fcr interne Beleuchtung und Werbedisplay Geh\u00e4rtetes Sicherheitsglas T\u00fcrschlo\u00df als Standard Vertikale LED Beleuchtung innen \/ LED im Werbedisplay 2 H\u00f6henverstellbare F\u00fc\u00dfe und 2 Rollen [&hellip;]<\/p>\n","protected":false},"featured_media":8256654,"template":"","meta":{"_acf_changed":false},"product_cat":[11701,11698],"product_tag":[],"acf":[],"yoast_head":"<!-- This site is optimized with the Yoast SEO plugin v22.2 - https:\/\/yoast.com\/wordpress\/plugins\/seo\/ -->\n<title>DC 388CB - Rightway Asia<\/title>\n<meta name=\"robots\" content=\"index, follow, max-snippet:-1, max-image-preview:large, max-video-preview:-1\" \/>\n<link rel=\"canonical\" href=\"https:\/\/www.rightwayasia.com\/de\/product\/getrnkekhlung\/getrnkekhlschrnke\/dc-388cb\/\" \/>\n<meta property=\"og:locale\" content=\"de_DE\" \/>\n<meta property=\"og:type\" content=\"article\" \/>\n<meta property=\"og:title\" content=\"DC 388CB - Rightway Asia\" \/>\n<meta property=\"og:description\" content=\"350l Getr\u00e4nkek\u00fchlschrank Schwarz beschichteter Stahl innen und au\u00dfen Statische K\u00fchlung mit Umluftventilator Manuelle Abtauung Isolierungsmaterial Cyclopentane (35mm &#8211; FCKW frei) Mechanisches Thermostat herausnehmbare T\u00fcrdichtung 5 H\u00f6henverstellbare Einsch\u00fcbe + 1 Bodeneinschub Schalter f\u00fcr interne Beleuchtung und Werbedisplay Geh\u00e4rtetes Sicherheitsglas T\u00fcrschlo\u00df als Standard Vertikale LED Beleuchtung innen \/ LED im Werbedisplay 2 H\u00f6henverstellbare F\u00fc\u00dfe und 2 Rollen [&hellip;]\" \/>\n<meta property=\"og:url\" content=\"https:\/\/www.rightwayasia.com\/de\/product\/getrnkekhlung\/getrnkekhlschrnke\/dc-388cb\/\" \/>\n<meta property=\"og:site_name\" content=\"Rightway Asia\" \/>\n<meta property=\"article:modified_time\" content=\"2025-04-08T04:26:48+00:00\" \/>\n<meta property=\"og:image\" content=\"https:\/\/www.rightwayasia.com\/wp-content\/uploads\/2025\/04\/DC-388CB-CORPO_CH_LOW.png\" \/>\n\t<meta property=\"og:image:width\" content=\"249\" \/>\n\t<meta property=\"og:image:height\" content=\"567\" \/>\n\t<meta property=\"og:image:type\" content=\"image\/png\" \/>\n<meta name=\"twitter:card\" content=\"summary_large_image\" \/>\n<script type=\"application\/ld+json\" class=\"yoast-schema-graph\">{\"@context\":\"https:\/\/schema.org\",\"@graph\":[{\"@type\":\"WebPage\",\"@id\":\"https:\/\/www.rightwayasia.com\/de\/product\/getrnkekhlung\/getrnkekhlschrnke\/dc-388cb\/\",\"url\":\"https:\/\/www.rightwayasia.com\/de\/product\/getrnkekhlung\/getrnkekhlschrnke\/dc-388cb\/\",\"name\":\"DC 388CB - Rightway Asia\",\"isPartOf\":{\"@id\":\"https:\/\/www.rightwayasia.com\/#website\"},\"primaryImageOfPage\":{\"@id\":\"https:\/\/www.rightwayasia.com\/de\/product\/getrnkekhlung\/getrnkekhlschrnke\/dc-388cb\/#primaryimage\"},\"image\":{\"@id\":\"https:\/\/www.rightwayasia.com\/de\/product\/getrnkekhlung\/getrnkekhlschrnke\/dc-388cb\/#primaryimage\"},\"thumbnailUrl\":\"https:\/\/www.rightwayasia.com\/wp-content\/uploads\/2026\/03\/DC-388CB-CORPO_CH_LOW.png\",\"datePublished\":\"2023-04-12T18:24:37+00:00\",\"dateModified\":\"2025-04-08T04:26:48+00:00\",\"breadcrumb\":{\"@id\":\"https:\/\/www.rightwayasia.com\/de\/product\/getrnkekhlung\/getrnkekhlschrnke\/dc-388cb\/#breadcrumb\"},\"inLanguage\":\"de\",\"potentialAction\":[{\"@type\":\"ReadAction\",\"target\":[\"https:\/\/www.rightwayasia.com\/de\/product\/getrnkekhlung\/getrnkekhlschrnke\/dc-388cb\/\"]}]},{\"@type\":\"ImageObject\",\"inLanguage\":\"de\",\"@id\":\"https:\/\/www.rightwayasia.com\/de\/product\/getrnkekhlung\/getrnkekhlschrnke\/dc-388cb\/#primaryimage\",\"url\":\"https:\/\/www.rightwayasia.com\/wp-content\/uploads\/2026\/03\/DC-388CB-CORPO_CH_LOW.png\",\"contentUrl\":\"https:\/\/www.rightwayasia.com\/wp-content\/uploads\/2026\/03\/DC-388CB-CORPO_CH_LOW.png\",\"width\":249,\"height\":567,\"caption\":\"Image of DC 388CB\"},{\"@type\":\"BreadcrumbList\",\"@id\":\"https:\/\/www.rightwayasia.com\/de\/product\/getrnkekhlung\/getrnkekhlschrnke\/dc-388cb\/#breadcrumb\",\"itemListElement\":[{\"@type\":\"ListItem\",\"position\":1,\"name\":\"Home\",\"item\":\"https:\/\/www.rightwayasia.com\/de\/\"},{\"@type\":\"ListItem\",\"position\":2,\"name\":\"Suche\",\"item\":\"https:\/\/www.rightwayasia.com\/de\/suche\/\"},{\"@type\":\"ListItem\",\"position\":3,\"name\":\"DC 388CB\"}]},{\"@type\":\"WebSite\",\"@id\":\"https:\/\/www.rightwayasia.com\/#website\",\"url\":\"https:\/\/www.rightwayasia.com\/\",\"name\":\"Rightway Asia\",\"description\":\"Professional refrigeration solutions\",\"publisher\":{\"@id\":\"https:\/\/www.rightwayasia.com\/#organization\"},\"potentialAction\":[{\"@type\":\"SearchAction\",\"target\":{\"@type\":\"EntryPoint\",\"urlTemplate\":\"https:\/\/www.rightwayasia.com\/?s={search_term_string}\"},\"query-input\":\"required name=search_term_string\"}],\"inLanguage\":\"de\"},{\"@type\":\"Organization\",\"@id\":\"https:\/\/www.rightwayasia.com\/#organization\",\"name\":\"Rightway Asia\",\"url\":\"https:\/\/www.rightwayasia.com\/\",\"logo\":{\"@type\":\"ImageObject\",\"inLanguage\":\"de\",\"@id\":\"https:\/\/www.rightwayasia.com\/#\/schema\/logo\/image\/\",\"url\":\"https:\/\/www.rightwayasia.com\/wp-content\/uploads\/2021\/08\/RWA-RED-1-2048x591-2.png\",\"contentUrl\":\"https:\/\/www.rightwayasia.com\/wp-content\/uploads\/2021\/08\/RWA-RED-1-2048x591-2.png\",\"width\":2048,\"height\":591,\"caption\":\"Rightway Asia\"},\"image\":{\"@id\":\"https:\/\/www.rightwayasia.com\/#\/schema\/logo\/image\/\"}}]}<\/script>\n<!-- \/ Yoast SEO plugin. -->","yoast_head_json":{"title":"DC 388CB - Rightway Asia","robots":{"index":"index","follow":"follow","max-snippet":"max-snippet:-1","max-image-preview":"max-image-preview:large","max-video-preview":"max-video-preview:-1"},"canonical":"https:\/\/www.rightwayasia.com\/de\/product\/getrnkekhlung\/getrnkekhlschrnke\/dc-388cb\/","og_locale":"de_DE","og_type":"article","og_title":"DC 388CB - Rightway Asia","og_description":"350l Getr\u00e4nkek\u00fchlschrank Schwarz beschichteter Stahl innen und au\u00dfen Statische K\u00fchlung mit Umluftventilator Manuelle Abtauung Isolierungsmaterial Cyclopentane (35mm &#8211; FCKW frei) Mechanisches Thermostat herausnehmbare T\u00fcrdichtung 5 H\u00f6henverstellbare Einsch\u00fcbe + 1 Bodeneinschub Schalter f\u00fcr interne Beleuchtung und Werbedisplay Geh\u00e4rtetes Sicherheitsglas T\u00fcrschlo\u00df als Standard Vertikale LED Beleuchtung innen \/ LED im Werbedisplay 2 H\u00f6henverstellbare F\u00fc\u00dfe und 2 Rollen [&hellip;]","og_url":"https:\/\/www.rightwayasia.com\/de\/product\/getrnkekhlung\/getrnkekhlschrnke\/dc-388cb\/","og_site_name":"Rightway Asia","article_modified_time":"2025-04-08T04:26:48+00:00","og_image":[{"width":249,"height":567,"url":"https:\/\/www.rightwayasia.com\/wp-content\/uploads\/2025\/04\/DC-388CB-CORPO_CH_LOW.png","type":"image\/png"}],"twitter_card":"summary_large_image","schema":{"@context":"https:\/\/schema.org","@graph":[{"@type":"WebPage","@id":"https:\/\/www.rightwayasia.com\/de\/product\/getrnkekhlung\/getrnkekhlschrnke\/dc-388cb\/","url":"https:\/\/www.rightwayasia.com\/de\/product\/getrnkekhlung\/getrnkekhlschrnke\/dc-388cb\/","name":"DC 388CB - Rightway Asia","isPartOf":{"@id":"https:\/\/www.rightwayasia.com\/#website"},"primaryImageOfPage":{"@id":"https:\/\/www.rightwayasia.com\/de\/product\/getrnkekhlung\/getrnkekhlschrnke\/dc-388cb\/#primaryimage"},"image":{"@id":"https:\/\/www.rightwayasia.com\/de\/product\/getrnkekhlung\/getrnkekhlschrnke\/dc-388cb\/#primaryimage"},"thumbnailUrl":"https:\/\/www.rightwayasia.com\/wp-content\/uploads\/2026\/03\/DC-388CB-CORPO_CH_LOW.png","datePublished":"2023-04-12T18:24:37+00:00","dateModified":"2025-04-08T04:26:48+00:00","breadcrumb":{"@id":"https:\/\/www.rightwayasia.com\/de\/product\/getrnkekhlung\/getrnkekhlschrnke\/dc-388cb\/#breadcrumb"},"inLanguage":"de","potentialAction":[{"@type":"ReadAction","target":["https:\/\/www.rightwayasia.com\/de\/product\/getrnkekhlung\/getrnkekhlschrnke\/dc-388cb\/"]}]},{"@type":"ImageObject","inLanguage":"de","@id":"https:\/\/www.rightwayasia.com\/de\/product\/getrnkekhlung\/getrnkekhlschrnke\/dc-388cb\/#primaryimage","url":"https:\/\/www.rightwayasia.com\/wp-content\/uploads\/2026\/03\/DC-388CB-CORPO_CH_LOW.png","contentUrl":"https:\/\/www.rightwayasia.com\/wp-content\/uploads\/2026\/03\/DC-388CB-CORPO_CH_LOW.png","width":249,"height":567,"caption":"Image of DC 388CB"},{"@type":"BreadcrumbList","@id":"https:\/\/www.rightwayasia.com\/de\/product\/getrnkekhlung\/getrnkekhlschrnke\/dc-388cb\/#breadcrumb","itemListElement":[{"@type":"ListItem","position":1,"name":"Home","item":"https:\/\/www.rightwayasia.com\/de\/"},{"@type":"ListItem","position":2,"name":"Suche","item":"https:\/\/www.rightwayasia.com\/de\/suche\/"},{"@type":"ListItem","position":3,"name":"DC 388CB"}]},{"@type":"WebSite","@id":"https:\/\/www.rightwayasia.com\/#website","url":"https:\/\/www.rightwayasia.com\/","name":"Rightway Asia","description":"Professional refrigeration solutions","publisher":{"@id":"https:\/\/www.rightwayasia.com\/#organization"},"potentialAction":[{"@type":"SearchAction","target":{"@type":"EntryPoint","urlTemplate":"https:\/\/www.rightwayasia.com\/?s={search_term_string}"},"query-input":"required name=search_term_string"}],"inLanguage":"de"},{"@type":"Organization","@id":"https:\/\/www.rightwayasia.com\/#organization","name":"Rightway Asia","url":"https:\/\/www.rightwayasia.com\/","logo":{"@type":"ImageObject","inLanguage":"de","@id":"https:\/\/www.rightwayasia.com\/#\/schema\/logo\/image\/","url":"https:\/\/www.rightwayasia.com\/wp-content\/uploads\/2021\/08\/RWA-RED-1-2048x591-2.png","contentUrl":"https:\/\/www.rightwayasia.com\/wp-content\/uploads\/2021\/08\/RWA-RED-1-2048x591-2.png","width":2048,"height":591,"caption":"Rightway Asia"},"image":{"@id":"https:\/\/www.rightwayasia.com\/#\/schema\/logo\/image\/"}}]}},"_links":{"self":[{"href":"https:\/\/www.rightwayasia.com\/de\/wp-json\/wp\/v2\/product\/4343427"}],"collection":[{"href":"https:\/\/www.rightwayasia.com\/de\/wp-json\/wp\/v2\/product"}],"about":[{"href":"https:\/\/www.rightwayasia.com\/de\/wp-json\/wp\/v2\/types\/product"}],"wp:featuredmedia":[{"embeddable":true,"href":"https:\/\/www.rightwayasia.com\/de\/wp-json\/wp\/v2\/media\/8256654"}],"wp:attachment":[{"href":"https:\/\/www.rightwayasia.com\/de\/wp-json\/wp\/v2\/media?parent=4343427"}],"wp:term":[{"taxonomy":"product_cat","embeddable":true,"href":"https:\/\/www.rightwayasia.com\/de\/wp-json\/wp\/v2\/product_cat?post=4343427"},{"taxonomy":"product_tag","embeddable":true,"href":"https:\/\/www.rightwayasia.com\/de\/wp-json\/wp\/v2\/product_tag?post=4343427"}],"curies":[{"name":"wp","href":"https:\/\/api.w.org\/{rel}","templated":true}]}}