{"id":4343451,"date":"2023-04-12T18:25:17","date_gmt":"2023-04-12T18:25:17","guid":{"rendered":"https:\/\/www.rightwayasia.com\/product\/unkategorisiert\/dc-800h\/"},"modified":"2025-04-08T04:30:27","modified_gmt":"2025-04-08T04:30:27","slug":"dc-800h","status":"publish","type":"product","link":"https:\/\/www.rightwayasia.com\/de\/product\/getrnkekhlung\/getrnkekhlschrnke\/dc-800h\/","title":{"rendered":"DC 800H"},"content":{"rendered":"<p>800l Getr\u00e4nkek\u00fchlschrank<br \/>\nWei\u00dfes Stahlblech au\u00dfen und innen<br \/>\nUmluftk\u00fchlung<br \/>\nAutomatische Abtauung durch Kompressor Stop<br \/>\nIsolierungsmaterial Cyclopentane (45mm &#8211; FCKW frei)<br \/>\nDigitales Thermostat<br \/>\nSelbstschlie\u00dfende T\u00fcr<br \/>\nherausnehmbare T\u00fcrdichtung<br \/>\nH\u00f6henverstellbare Einsch\u00fcbe (8 St\u00fcck)<br \/>\nSeperate Schalter f\u00fcr innere Beleuchtung und Werbedisplay<br \/>\nGeh\u00e4rtetes Sicherheitsglas<br \/>\nT\u00fcrschlo\u00df als Standard<br \/>\nVertikale LED Beleuchtung innen \/ LED im Werbedisplay<br \/>\n4 Lenkrollen f\u00fcr einfaches Platzieren<br \/>\nEnergieeffizienzklasse: D<\/p>\n<p>&nbsp;<\/p>\n","protected":false},"excerpt":{"rendered":"<p>800l Getr\u00e4nkek\u00fchlschrank Wei\u00dfes Stahlblech au\u00dfen und innen Umluftk\u00fchlung Automatische Abtauung durch Kompressor Stop Isolierungsmaterial Cyclopentane (45mm &#8211; FCKW frei) Digitales Thermostat Selbstschlie\u00dfende T\u00fcr herausnehmbare T\u00fcrdichtung H\u00f6henverstellbare Einsch\u00fcbe (8 St\u00fcck) Seperate Schalter f\u00fcr innere Beleuchtung und Werbedisplay Geh\u00e4rtetes Sicherheitsglas T\u00fcrschlo\u00df als Standard Vertikale LED Beleuchtung innen \/ LED im Werbedisplay 4 Lenkrollen f\u00fcr einfaches Platzieren Energieeffizienzklasse: [&hellip;]<\/p>\n","protected":false},"featured_media":8256689,"template":"","meta":{"_acf_changed":false},"product_cat":[11701,11698],"product_tag":[],"acf":[],"yoast_head":"<!-- This site is optimized with the Yoast SEO plugin v22.2 - https:\/\/yoast.com\/wordpress\/plugins\/seo\/ -->\n<title>DC 800H - Rightway Asia<\/title>\n<meta name=\"robots\" content=\"index, follow, max-snippet:-1, max-image-preview:large, max-video-preview:-1\" \/>\n<link rel=\"canonical\" href=\"https:\/\/www.rightwayasia.com\/de\/product\/getrnkekhlung\/getrnkekhlschrnke\/dc-800h\/\" \/>\n<meta property=\"og:locale\" content=\"de_DE\" \/>\n<meta property=\"og:type\" content=\"article\" \/>\n<meta property=\"og:title\" content=\"DC 800H - Rightway Asia\" \/>\n<meta property=\"og:description\" content=\"800l Getr\u00e4nkek\u00fchlschrank Wei\u00dfes Stahlblech au\u00dfen und innen Umluftk\u00fchlung Automatische Abtauung durch Kompressor Stop Isolierungsmaterial Cyclopentane (45mm &#8211; FCKW frei) Digitales Thermostat Selbstschlie\u00dfende T\u00fcr herausnehmbare T\u00fcrdichtung H\u00f6henverstellbare Einsch\u00fcbe (8 St\u00fcck) Seperate Schalter f\u00fcr innere Beleuchtung und Werbedisplay Geh\u00e4rtetes Sicherheitsglas T\u00fcrschlo\u00df als Standard Vertikale LED Beleuchtung innen \/ LED im Werbedisplay 4 Lenkrollen f\u00fcr einfaches Platzieren Energieeffizienzklasse: [&hellip;]\" \/>\n<meta property=\"og:url\" content=\"https:\/\/www.rightwayasia.com\/de\/product\/getrnkekhlung\/getrnkekhlschrnke\/dc-800h\/\" \/>\n<meta property=\"og:site_name\" content=\"Rightway Asia\" \/>\n<meta property=\"article:modified_time\" content=\"2025-04-08T04:30:27+00:00\" \/>\n<meta property=\"og:image\" content=\"https:\/\/www.rightwayasia.com\/wp-content\/uploads\/2025\/04\/DC-800H-CORPO_CH_LOW.png\" \/>\n\t<meta property=\"og:image:width\" content=\"342\" \/>\n\t<meta property=\"og:image:height\" content=\"567\" \/>\n\t<meta property=\"og:image:type\" content=\"image\/png\" \/>\n<meta name=\"twitter:card\" content=\"summary_large_image\" \/>\n<script type=\"application\/ld+json\" class=\"yoast-schema-graph\">{\"@context\":\"https:\/\/schema.org\",\"@graph\":[{\"@type\":\"WebPage\",\"@id\":\"https:\/\/www.rightwayasia.com\/de\/product\/getrnkekhlung\/getrnkekhlschrnke\/dc-800h\/\",\"url\":\"https:\/\/www.rightwayasia.com\/de\/product\/getrnkekhlung\/getrnkekhlschrnke\/dc-800h\/\",\"name\":\"DC 800H - Rightway Asia\",\"isPartOf\":{\"@id\":\"https:\/\/www.rightwayasia.com\/#website\"},\"primaryImageOfPage\":{\"@id\":\"https:\/\/www.rightwayasia.com\/de\/product\/getrnkekhlung\/getrnkekhlschrnke\/dc-800h\/#primaryimage\"},\"image\":{\"@id\":\"https:\/\/www.rightwayasia.com\/de\/product\/getrnkekhlung\/getrnkekhlschrnke\/dc-800h\/#primaryimage\"},\"thumbnailUrl\":\"https:\/\/www.rightwayasia.com\/wp-content\/uploads\/2026\/03\/DC-800H-CORPO_CH_LOW.png\",\"datePublished\":\"2023-04-12T18:25:17+00:00\",\"dateModified\":\"2025-04-08T04:30:27+00:00\",\"breadcrumb\":{\"@id\":\"https:\/\/www.rightwayasia.com\/de\/product\/getrnkekhlung\/getrnkekhlschrnke\/dc-800h\/#breadcrumb\"},\"inLanguage\":\"de\",\"potentialAction\":[{\"@type\":\"ReadAction\",\"target\":[\"https:\/\/www.rightwayasia.com\/de\/product\/getrnkekhlung\/getrnkekhlschrnke\/dc-800h\/\"]}]},{\"@type\":\"ImageObject\",\"inLanguage\":\"de\",\"@id\":\"https:\/\/www.rightwayasia.com\/de\/product\/getrnkekhlung\/getrnkekhlschrnke\/dc-800h\/#primaryimage\",\"url\":\"https:\/\/www.rightwayasia.com\/wp-content\/uploads\/2026\/03\/DC-800H-CORPO_CH_LOW.png\",\"contentUrl\":\"https:\/\/www.rightwayasia.com\/wp-content\/uploads\/2026\/03\/DC-800H-CORPO_CH_LOW.png\",\"width\":342,\"height\":567,\"caption\":\"Image of DC 800H\"},{\"@type\":\"BreadcrumbList\",\"@id\":\"https:\/\/www.rightwayasia.com\/de\/product\/getrnkekhlung\/getrnkekhlschrnke\/dc-800h\/#breadcrumb\",\"itemListElement\":[{\"@type\":\"ListItem\",\"position\":1,\"name\":\"Home\",\"item\":\"https:\/\/www.rightwayasia.com\/de\/\"},{\"@type\":\"ListItem\",\"position\":2,\"name\":\"Suche\",\"item\":\"https:\/\/www.rightwayasia.com\/de\/suche\/\"},{\"@type\":\"ListItem\",\"position\":3,\"name\":\"DC 800H\"}]},{\"@type\":\"WebSite\",\"@id\":\"https:\/\/www.rightwayasia.com\/#website\",\"url\":\"https:\/\/www.rightwayasia.com\/\",\"name\":\"Rightway Asia\",\"description\":\"Professional refrigeration solutions\",\"publisher\":{\"@id\":\"https:\/\/www.rightwayasia.com\/#organization\"},\"potentialAction\":[{\"@type\":\"SearchAction\",\"target\":{\"@type\":\"EntryPoint\",\"urlTemplate\":\"https:\/\/www.rightwayasia.com\/?s={search_term_string}\"},\"query-input\":\"required name=search_term_string\"}],\"inLanguage\":\"de\"},{\"@type\":\"Organization\",\"@id\":\"https:\/\/www.rightwayasia.com\/#organization\",\"name\":\"Rightway Asia\",\"url\":\"https:\/\/www.rightwayasia.com\/\",\"logo\":{\"@type\":\"ImageObject\",\"inLanguage\":\"de\",\"@id\":\"https:\/\/www.rightwayasia.com\/#\/schema\/logo\/image\/\",\"url\":\"https:\/\/www.rightwayasia.com\/wp-content\/uploads\/2021\/08\/RWA-RED-1-2048x591-2.png\",\"contentUrl\":\"https:\/\/www.rightwayasia.com\/wp-content\/uploads\/2021\/08\/RWA-RED-1-2048x591-2.png\",\"width\":2048,\"height\":591,\"caption\":\"Rightway Asia\"},\"image\":{\"@id\":\"https:\/\/www.rightwayasia.com\/#\/schema\/logo\/image\/\"}}]}<\/script>\n<!-- \/ Yoast SEO plugin. -->","yoast_head_json":{"title":"DC 800H - Rightway Asia","robots":{"index":"index","follow":"follow","max-snippet":"max-snippet:-1","max-image-preview":"max-image-preview:large","max-video-preview":"max-video-preview:-1"},"canonical":"https:\/\/www.rightwayasia.com\/de\/product\/getrnkekhlung\/getrnkekhlschrnke\/dc-800h\/","og_locale":"de_DE","og_type":"article","og_title":"DC 800H - Rightway Asia","og_description":"800l Getr\u00e4nkek\u00fchlschrank Wei\u00dfes Stahlblech au\u00dfen und innen Umluftk\u00fchlung Automatische Abtauung durch Kompressor Stop Isolierungsmaterial Cyclopentane (45mm &#8211; FCKW frei) Digitales Thermostat Selbstschlie\u00dfende T\u00fcr herausnehmbare T\u00fcrdichtung H\u00f6henverstellbare Einsch\u00fcbe (8 St\u00fcck) Seperate Schalter f\u00fcr innere Beleuchtung und Werbedisplay Geh\u00e4rtetes Sicherheitsglas T\u00fcrschlo\u00df als Standard Vertikale LED Beleuchtung innen \/ LED im Werbedisplay 4 Lenkrollen f\u00fcr einfaches Platzieren Energieeffizienzklasse: [&hellip;]","og_url":"https:\/\/www.rightwayasia.com\/de\/product\/getrnkekhlung\/getrnkekhlschrnke\/dc-800h\/","og_site_name":"Rightway Asia","article_modified_time":"2025-04-08T04:30:27+00:00","og_image":[{"width":342,"height":567,"url":"https:\/\/www.rightwayasia.com\/wp-content\/uploads\/2025\/04\/DC-800H-CORPO_CH_LOW.png","type":"image\/png"}],"twitter_card":"summary_large_image","schema":{"@context":"https:\/\/schema.org","@graph":[{"@type":"WebPage","@id":"https:\/\/www.rightwayasia.com\/de\/product\/getrnkekhlung\/getrnkekhlschrnke\/dc-800h\/","url":"https:\/\/www.rightwayasia.com\/de\/product\/getrnkekhlung\/getrnkekhlschrnke\/dc-800h\/","name":"DC 800H - Rightway Asia","isPartOf":{"@id":"https:\/\/www.rightwayasia.com\/#website"},"primaryImageOfPage":{"@id":"https:\/\/www.rightwayasia.com\/de\/product\/getrnkekhlung\/getrnkekhlschrnke\/dc-800h\/#primaryimage"},"image":{"@id":"https:\/\/www.rightwayasia.com\/de\/product\/getrnkekhlung\/getrnkekhlschrnke\/dc-800h\/#primaryimage"},"thumbnailUrl":"https:\/\/www.rightwayasia.com\/wp-content\/uploads\/2026\/03\/DC-800H-CORPO_CH_LOW.png","datePublished":"2023-04-12T18:25:17+00:00","dateModified":"2025-04-08T04:30:27+00:00","breadcrumb":{"@id":"https:\/\/www.rightwayasia.com\/de\/product\/getrnkekhlung\/getrnkekhlschrnke\/dc-800h\/#breadcrumb"},"inLanguage":"de","potentialAction":[{"@type":"ReadAction","target":["https:\/\/www.rightwayasia.com\/de\/product\/getrnkekhlung\/getrnkekhlschrnke\/dc-800h\/"]}]},{"@type":"ImageObject","inLanguage":"de","@id":"https:\/\/www.rightwayasia.com\/de\/product\/getrnkekhlung\/getrnkekhlschrnke\/dc-800h\/#primaryimage","url":"https:\/\/www.rightwayasia.com\/wp-content\/uploads\/2026\/03\/DC-800H-CORPO_CH_LOW.png","contentUrl":"https:\/\/www.rightwayasia.com\/wp-content\/uploads\/2026\/03\/DC-800H-CORPO_CH_LOW.png","width":342,"height":567,"caption":"Image of DC 800H"},{"@type":"BreadcrumbList","@id":"https:\/\/www.rightwayasia.com\/de\/product\/getrnkekhlung\/getrnkekhlschrnke\/dc-800h\/#breadcrumb","itemListElement":[{"@type":"ListItem","position":1,"name":"Home","item":"https:\/\/www.rightwayasia.com\/de\/"},{"@type":"ListItem","position":2,"name":"Suche","item":"https:\/\/www.rightwayasia.com\/de\/suche\/"},{"@type":"ListItem","position":3,"name":"DC 800H"}]},{"@type":"WebSite","@id":"https:\/\/www.rightwayasia.com\/#website","url":"https:\/\/www.rightwayasia.com\/","name":"Rightway Asia","description":"Professional refrigeration solutions","publisher":{"@id":"https:\/\/www.rightwayasia.com\/#organization"},"potentialAction":[{"@type":"SearchAction","target":{"@type":"EntryPoint","urlTemplate":"https:\/\/www.rightwayasia.com\/?s={search_term_string}"},"query-input":"required name=search_term_string"}],"inLanguage":"de"},{"@type":"Organization","@id":"https:\/\/www.rightwayasia.com\/#organization","name":"Rightway Asia","url":"https:\/\/www.rightwayasia.com\/","logo":{"@type":"ImageObject","inLanguage":"de","@id":"https:\/\/www.rightwayasia.com\/#\/schema\/logo\/image\/","url":"https:\/\/www.rightwayasia.com\/wp-content\/uploads\/2021\/08\/RWA-RED-1-2048x591-2.png","contentUrl":"https:\/\/www.rightwayasia.com\/wp-content\/uploads\/2021\/08\/RWA-RED-1-2048x591-2.png","width":2048,"height":591,"caption":"Rightway Asia"},"image":{"@id":"https:\/\/www.rightwayasia.com\/#\/schema\/logo\/image\/"}}]}},"_links":{"self":[{"href":"https:\/\/www.rightwayasia.com\/de\/wp-json\/wp\/v2\/product\/4343451"}],"collection":[{"href":"https:\/\/www.rightwayasia.com\/de\/wp-json\/wp\/v2\/product"}],"about":[{"href":"https:\/\/www.rightwayasia.com\/de\/wp-json\/wp\/v2\/types\/product"}],"wp:featuredmedia":[{"embeddable":true,"href":"https:\/\/www.rightwayasia.com\/de\/wp-json\/wp\/v2\/media\/8256689"}],"wp:attachment":[{"href":"https:\/\/www.rightwayasia.com\/de\/wp-json\/wp\/v2\/media?parent=4343451"}],"wp:term":[{"taxonomy":"product_cat","embeddable":true,"href":"https:\/\/www.rightwayasia.com\/de\/wp-json\/wp\/v2\/product_cat?post=4343451"},{"taxonomy":"product_tag","embeddable":true,"href":"https:\/\/www.rightwayasia.com\/de\/wp-json\/wp\/v2\/product_tag?post=4343451"}],"curies":[{"name":"wp","href":"https:\/\/api.w.org\/{rel}","templated":true}]}}