{"id":4343632,"date":"2023-04-12T18:30:03","date_gmt":"2023-04-12T18:30:03","guid":{"rendered":"https:\/\/www.rightwayasia.com\/product\/unkategorisiert\/bbc-208h\/"},"modified":"2025-04-08T05:54:54","modified_gmt":"2025-04-08T05:54:54","slug":"bbc-208h","status":"publish","type":"product","link":"https:\/\/www.rightwayasia.com\/de\/product\/getrnkekhlung\/barkhlschrnke\/bbc-208h\/","title":{"rendered":"BBC 208H"},"content":{"rendered":"<p>Bark\u00fchlschrank mit 2 Dreht\u00fcr (H\u00f6he 900mm)<br \/>\nAluminium innen und schwarz beschichteter Stahl au\u00dfen<br \/>\nGer\u00e4t mit gl\u00e4nzender Oberfl\u00e4chenbehandlung und Gesamth\u00f6he von 900mm<br \/>\nRoll-bond Verdampfer mit Umluftventilator<br \/>\nAutomatische Abtauung durch Kompressor Stop<br \/>\nIsolierungsmaterial Cyclopentane (40mm &#8211; FCKW frei)<br \/>\nDigitales Thermostat<br \/>\nSelbstschlie\u00dfende T\u00fcr<br \/>\nherausnehmbare T\u00fcrdichtung<br \/>\nH\u00f6henverstellbare Einsch\u00fcbe (4 St\u00fcck)<br \/>\nGeh\u00e4rtetes Sicherheitsglas<br \/>\nT\u00fcrschlo\u00df als Standard<br \/>\nHorizontale LED Beleuchtung im Inneren<br \/>\n4 H\u00f6henverstellbare F\u00fc\u00dfe<br \/>\nEnergieeffizienzklasse: B<\/p>\n<p>&nbsp;<\/p>\n","protected":false},"excerpt":{"rendered":"<p>Das Modell BBC 208H wurde entwickelt, um ein zuverl\u00e4ssiger und vielseitiger Bark\u00fchlschrank zu sein, perfekt, um jede Art von Flaschen und Dosen auf der richtigen Temperatur zu halten und zu pr\u00e4sentieren. Mit einem Fassungsverm\u00f6gen von 201L und einer H\u00f6he von 900 mm, ausgef\u00fchrt in Aluminium f\u00fcr die Innenseite und schwarz beschichtetem Stahl f\u00fcr das \u00c4u\u00dfere, ist dieses Produkt ausgestattet mit zwei Scharniert\u00fcren mit Glaseinsatz, vier h\u00f6henverstellbaren verchromten Einsch\u00fcben, einer selbstschlie\u00dfenden T\u00fcr, einem Schloss, innerer horizontaler LED-Beleuchtung, digitalem Thermostat und geh\u00e4rtetem Sicherheitsglas.<\/p>\n","protected":false},"featured_media":8256821,"template":"","meta":{"_acf_changed":false},"product_cat":[11698,11703],"product_tag":[],"acf":[],"yoast_head":"<!-- This site is optimized with the Yoast SEO plugin v22.2 - https:\/\/yoast.com\/wordpress\/plugins\/seo\/ -->\n<title>BBC 208H - Rightway Asia<\/title>\n<meta name=\"robots\" content=\"index, follow, max-snippet:-1, max-image-preview:large, max-video-preview:-1\" \/>\n<link rel=\"canonical\" href=\"https:\/\/www.rightwayasia.com\/de\/product\/getrnkekhlung\/barkhlschrnke\/bbc-208h\/\" \/>\n<meta property=\"og:locale\" content=\"de_DE\" \/>\n<meta property=\"og:type\" content=\"article\" \/>\n<meta property=\"og:title\" content=\"BBC 208H - Rightway Asia\" \/>\n<meta property=\"og:description\" content=\"Das Modell BBC 208H wurde entwickelt, um ein zuverl\u00e4ssiger und vielseitiger Bark\u00fchlschrank zu sein, perfekt, um jede Art von Flaschen und Dosen auf der richtigen Temperatur zu halten und zu pr\u00e4sentieren. Mit einem Fassungsverm\u00f6gen von 201L und einer H\u00f6he von 900 mm, ausgef\u00fchrt in Aluminium f\u00fcr die Innenseite und schwarz beschichtetem Stahl f\u00fcr das \u00c4u\u00dfere, ist dieses Produkt ausgestattet mit zwei Scharniert\u00fcren mit Glaseinsatz, vier h\u00f6henverstellbaren verchromten Einsch\u00fcben, einer selbstschlie\u00dfenden T\u00fcr, einem Schloss, innerer horizontaler LED-Beleuchtung, digitalem Thermostat und geh\u00e4rtetem Sicherheitsglas.\" \/>\n<meta property=\"og:url\" content=\"https:\/\/www.rightwayasia.com\/de\/product\/getrnkekhlung\/barkhlschrnke\/bbc-208h\/\" \/>\n<meta property=\"og:site_name\" content=\"Rightway Asia\" \/>\n<meta property=\"article:modified_time\" content=\"2025-04-08T05:54:54+00:00\" \/>\n<meta property=\"og:image\" content=\"https:\/\/www.rightwayasia.com\/wp-content\/uploads\/2025\/04\/BBC-208H-CORPO_CH_LOW.png\" \/>\n\t<meta property=\"og:image:width\" content=\"567\" \/>\n\t<meta property=\"og:image:height\" content=\"551\" \/>\n\t<meta property=\"og:image:type\" content=\"image\/png\" \/>\n<meta name=\"twitter:card\" content=\"summary_large_image\" \/>\n<script type=\"application\/ld+json\" class=\"yoast-schema-graph\">{\"@context\":\"https:\/\/schema.org\",\"@graph\":[{\"@type\":\"WebPage\",\"@id\":\"https:\/\/www.rightwayasia.com\/de\/product\/getrnkekhlung\/barkhlschrnke\/bbc-208h\/\",\"url\":\"https:\/\/www.rightwayasia.com\/de\/product\/getrnkekhlung\/barkhlschrnke\/bbc-208h\/\",\"name\":\"BBC 208H - Rightway Asia\",\"isPartOf\":{\"@id\":\"https:\/\/www.rightwayasia.com\/#website\"},\"primaryImageOfPage\":{\"@id\":\"https:\/\/www.rightwayasia.com\/de\/product\/getrnkekhlung\/barkhlschrnke\/bbc-208h\/#primaryimage\"},\"image\":{\"@id\":\"https:\/\/www.rightwayasia.com\/de\/product\/getrnkekhlung\/barkhlschrnke\/bbc-208h\/#primaryimage\"},\"thumbnailUrl\":\"https:\/\/www.rightwayasia.com\/wp-content\/uploads\/2026\/03\/BBC-208H-CORPO_CH_LOW.png\",\"datePublished\":\"2023-04-12T18:30:03+00:00\",\"dateModified\":\"2025-04-08T05:54:54+00:00\",\"breadcrumb\":{\"@id\":\"https:\/\/www.rightwayasia.com\/de\/product\/getrnkekhlung\/barkhlschrnke\/bbc-208h\/#breadcrumb\"},\"inLanguage\":\"de\",\"potentialAction\":[{\"@type\":\"ReadAction\",\"target\":[\"https:\/\/www.rightwayasia.com\/de\/product\/getrnkekhlung\/barkhlschrnke\/bbc-208h\/\"]}]},{\"@type\":\"ImageObject\",\"inLanguage\":\"de\",\"@id\":\"https:\/\/www.rightwayasia.com\/de\/product\/getrnkekhlung\/barkhlschrnke\/bbc-208h\/#primaryimage\",\"url\":\"https:\/\/www.rightwayasia.com\/wp-content\/uploads\/2026\/03\/BBC-208H-CORPO_CH_LOW.png\",\"contentUrl\":\"https:\/\/www.rightwayasia.com\/wp-content\/uploads\/2026\/03\/BBC-208H-CORPO_CH_LOW.png\",\"width\":567,\"height\":551,\"caption\":\"Image of BBC 208H\"},{\"@type\":\"BreadcrumbList\",\"@id\":\"https:\/\/www.rightwayasia.com\/de\/product\/getrnkekhlung\/barkhlschrnke\/bbc-208h\/#breadcrumb\",\"itemListElement\":[{\"@type\":\"ListItem\",\"position\":1,\"name\":\"Home\",\"item\":\"https:\/\/www.rightwayasia.com\/de\/\"},{\"@type\":\"ListItem\",\"position\":2,\"name\":\"Suche\",\"item\":\"https:\/\/www.rightwayasia.com\/de\/suche\/\"},{\"@type\":\"ListItem\",\"position\":3,\"name\":\"BBC 208H\"}]},{\"@type\":\"WebSite\",\"@id\":\"https:\/\/www.rightwayasia.com\/#website\",\"url\":\"https:\/\/www.rightwayasia.com\/\",\"name\":\"Rightway Asia\",\"description\":\"Professional refrigeration solutions\",\"publisher\":{\"@id\":\"https:\/\/www.rightwayasia.com\/#organization\"},\"potentialAction\":[{\"@type\":\"SearchAction\",\"target\":{\"@type\":\"EntryPoint\",\"urlTemplate\":\"https:\/\/www.rightwayasia.com\/?s={search_term_string}\"},\"query-input\":\"required name=search_term_string\"}],\"inLanguage\":\"de\"},{\"@type\":\"Organization\",\"@id\":\"https:\/\/www.rightwayasia.com\/#organization\",\"name\":\"Rightway Asia\",\"url\":\"https:\/\/www.rightwayasia.com\/\",\"logo\":{\"@type\":\"ImageObject\",\"inLanguage\":\"de\",\"@id\":\"https:\/\/www.rightwayasia.com\/#\/schema\/logo\/image\/\",\"url\":\"https:\/\/www.rightwayasia.com\/wp-content\/uploads\/2021\/08\/RWA-RED-1-2048x591-2.png\",\"contentUrl\":\"https:\/\/www.rightwayasia.com\/wp-content\/uploads\/2021\/08\/RWA-RED-1-2048x591-2.png\",\"width\":2048,\"height\":591,\"caption\":\"Rightway Asia\"},\"image\":{\"@id\":\"https:\/\/www.rightwayasia.com\/#\/schema\/logo\/image\/\"}}]}<\/script>\n<!-- \/ Yoast SEO plugin. -->","yoast_head_json":{"title":"BBC 208H - Rightway Asia","robots":{"index":"index","follow":"follow","max-snippet":"max-snippet:-1","max-image-preview":"max-image-preview:large","max-video-preview":"max-video-preview:-1"},"canonical":"https:\/\/www.rightwayasia.com\/de\/product\/getrnkekhlung\/barkhlschrnke\/bbc-208h\/","og_locale":"de_DE","og_type":"article","og_title":"BBC 208H - Rightway Asia","og_description":"Das Modell BBC 208H wurde entwickelt, um ein zuverl\u00e4ssiger und vielseitiger Bark\u00fchlschrank zu sein, perfekt, um jede Art von Flaschen und Dosen auf der richtigen Temperatur zu halten und zu pr\u00e4sentieren. Mit einem Fassungsverm\u00f6gen von 201L und einer H\u00f6he von 900 mm, ausgef\u00fchrt in Aluminium f\u00fcr die Innenseite und schwarz beschichtetem Stahl f\u00fcr das \u00c4u\u00dfere, ist dieses Produkt ausgestattet mit zwei Scharniert\u00fcren mit Glaseinsatz, vier h\u00f6henverstellbaren verchromten Einsch\u00fcben, einer selbstschlie\u00dfenden T\u00fcr, einem Schloss, innerer horizontaler LED-Beleuchtung, digitalem Thermostat und geh\u00e4rtetem Sicherheitsglas.","og_url":"https:\/\/www.rightwayasia.com\/de\/product\/getrnkekhlung\/barkhlschrnke\/bbc-208h\/","og_site_name":"Rightway Asia","article_modified_time":"2025-04-08T05:54:54+00:00","og_image":[{"width":567,"height":551,"url":"https:\/\/www.rightwayasia.com\/wp-content\/uploads\/2025\/04\/BBC-208H-CORPO_CH_LOW.png","type":"image\/png"}],"twitter_card":"summary_large_image","schema":{"@context":"https:\/\/schema.org","@graph":[{"@type":"WebPage","@id":"https:\/\/www.rightwayasia.com\/de\/product\/getrnkekhlung\/barkhlschrnke\/bbc-208h\/","url":"https:\/\/www.rightwayasia.com\/de\/product\/getrnkekhlung\/barkhlschrnke\/bbc-208h\/","name":"BBC 208H - Rightway Asia","isPartOf":{"@id":"https:\/\/www.rightwayasia.com\/#website"},"primaryImageOfPage":{"@id":"https:\/\/www.rightwayasia.com\/de\/product\/getrnkekhlung\/barkhlschrnke\/bbc-208h\/#primaryimage"},"image":{"@id":"https:\/\/www.rightwayasia.com\/de\/product\/getrnkekhlung\/barkhlschrnke\/bbc-208h\/#primaryimage"},"thumbnailUrl":"https:\/\/www.rightwayasia.com\/wp-content\/uploads\/2026\/03\/BBC-208H-CORPO_CH_LOW.png","datePublished":"2023-04-12T18:30:03+00:00","dateModified":"2025-04-08T05:54:54+00:00","breadcrumb":{"@id":"https:\/\/www.rightwayasia.com\/de\/product\/getrnkekhlung\/barkhlschrnke\/bbc-208h\/#breadcrumb"},"inLanguage":"de","potentialAction":[{"@type":"ReadAction","target":["https:\/\/www.rightwayasia.com\/de\/product\/getrnkekhlung\/barkhlschrnke\/bbc-208h\/"]}]},{"@type":"ImageObject","inLanguage":"de","@id":"https:\/\/www.rightwayasia.com\/de\/product\/getrnkekhlung\/barkhlschrnke\/bbc-208h\/#primaryimage","url":"https:\/\/www.rightwayasia.com\/wp-content\/uploads\/2026\/03\/BBC-208H-CORPO_CH_LOW.png","contentUrl":"https:\/\/www.rightwayasia.com\/wp-content\/uploads\/2026\/03\/BBC-208H-CORPO_CH_LOW.png","width":567,"height":551,"caption":"Image of BBC 208H"},{"@type":"BreadcrumbList","@id":"https:\/\/www.rightwayasia.com\/de\/product\/getrnkekhlung\/barkhlschrnke\/bbc-208h\/#breadcrumb","itemListElement":[{"@type":"ListItem","position":1,"name":"Home","item":"https:\/\/www.rightwayasia.com\/de\/"},{"@type":"ListItem","position":2,"name":"Suche","item":"https:\/\/www.rightwayasia.com\/de\/suche\/"},{"@type":"ListItem","position":3,"name":"BBC 208H"}]},{"@type":"WebSite","@id":"https:\/\/www.rightwayasia.com\/#website","url":"https:\/\/www.rightwayasia.com\/","name":"Rightway Asia","description":"Professional refrigeration solutions","publisher":{"@id":"https:\/\/www.rightwayasia.com\/#organization"},"potentialAction":[{"@type":"SearchAction","target":{"@type":"EntryPoint","urlTemplate":"https:\/\/www.rightwayasia.com\/?s={search_term_string}"},"query-input":"required name=search_term_string"}],"inLanguage":"de"},{"@type":"Organization","@id":"https:\/\/www.rightwayasia.com\/#organization","name":"Rightway Asia","url":"https:\/\/www.rightwayasia.com\/","logo":{"@type":"ImageObject","inLanguage":"de","@id":"https:\/\/www.rightwayasia.com\/#\/schema\/logo\/image\/","url":"https:\/\/www.rightwayasia.com\/wp-content\/uploads\/2021\/08\/RWA-RED-1-2048x591-2.png","contentUrl":"https:\/\/www.rightwayasia.com\/wp-content\/uploads\/2021\/08\/RWA-RED-1-2048x591-2.png","width":2048,"height":591,"caption":"Rightway Asia"},"image":{"@id":"https:\/\/www.rightwayasia.com\/#\/schema\/logo\/image\/"}}]}},"_links":{"self":[{"href":"https:\/\/www.rightwayasia.com\/de\/wp-json\/wp\/v2\/product\/4343632"}],"collection":[{"href":"https:\/\/www.rightwayasia.com\/de\/wp-json\/wp\/v2\/product"}],"about":[{"href":"https:\/\/www.rightwayasia.com\/de\/wp-json\/wp\/v2\/types\/product"}],"wp:featuredmedia":[{"embeddable":true,"href":"https:\/\/www.rightwayasia.com\/de\/wp-json\/wp\/v2\/media\/8256821"}],"wp:attachment":[{"href":"https:\/\/www.rightwayasia.com\/de\/wp-json\/wp\/v2\/media?parent=4343632"}],"wp:term":[{"taxonomy":"product_cat","embeddable":true,"href":"https:\/\/www.rightwayasia.com\/de\/wp-json\/wp\/v2\/product_cat?post=4343632"},{"taxonomy":"product_tag","embeddable":true,"href":"https:\/\/www.rightwayasia.com\/de\/wp-json\/wp\/v2\/product_tag?post=4343632"}],"curies":[{"name":"wp","href":"https:\/\/api.w.org\/{rel}","templated":true}]}}