{"id":4343684,"date":"2023-04-12T18:31:18","date_gmt":"2023-04-12T18:31:18","guid":{"rendered":"https:\/\/www.rightwayasia.com\/product\/unkategorisiert\/qb-200\/"},"modified":"2025-04-08T06:42:56","modified_gmt":"2025-04-08T06:42:56","slug":"qb-200","status":"publish","type":"product","link":"https:\/\/www.rightwayasia.com\/de\/product\/getrnkekhlung\/barkhlschrnke\/qb-200\/","title":{"rendered":"QB 200"},"content":{"rendered":"<p>Bark\u00fchlschrank mit 2 Dreht\u00fcren<br \/>\nSchwarz pulverbeschichteter Zinkstahl au\u00dfen, wei\u00df beschichteter Stahl innen<br \/>\nGer\u00e4t mit matter Oberfl\u00e4chenbehandlung und Gesamth\u00f6he von 860mm<br \/>\nUmluftk\u00fchlung<br \/>\nAutomatische Abtauung durch Kompressor Stop<br \/>\nIsolierungsmaterial Cyclopentane (40mm &#8211; FCKW frei)<br \/>\nDigitales Membran Thermostat<br \/>\nT\u00fcr: Selbstschlie\u00dfend mit wechselbarem T\u00fcranschlag<br \/>\nherausnehmbare T\u00fcrdichtung und T\u00fcrschloss als Standard<br \/>\nger\u00e4uscharmer Ventilatormotor<br \/>\nH\u00f6henverstellbare Einsch\u00fcbe (2 St\u00fcck)<br \/>\nEntfernbares Bodentragrost inklusive<br \/>\nSchubladensatzsystem optional<br \/>\nAntikondensations Profile<br \/>\nKondensator Filter einfach zug\u00e4nglich zum Reiningen<br \/>\n4 H\u00f6henverstellbare Edelstahlf\u00fc\u00dfe &#8211; Lenkrollen mit Feststellbremse optional<br \/>\nEnergieeffizienzklasse: B<\/p>\n<p>&nbsp;<\/p>\n","protected":false},"excerpt":{"rendered":"<p>Das Modell QB 200 wurde entwickelt, um eine elegante, zuverl\u00e4ssige und vielseitige R\u00fcckbar zu sein, ideal, um jedwede Art von Flaschen und Dosen auf der richtigen Temperatur zu halten. Mit einem Fassungsverm\u00f6gen von 315L, ausgef\u00fchrt in schwarz pulverbeschichtetem feuerverzinktem Stahl mit matter Oberfl\u00e4che f\u00fcr das \u00c4u\u00dfere und in wei\u00df beschichtetem Stahl f\u00fcr die Innenseite, ist dieses Produkt ausgestattet mit 2 Vollt\u00fcren mit Scharnieren und schaumstoffbezogenen T\u00fcrgriffen, 4 h\u00f6henverstellbaren verchromten Einsch\u00fcben, selbstschlie\u00dfender und umkehrbarer T\u00fcr, Schloss, digitalem Thermostat und optional mit Schubladen-Konfiguration.<\/p>\n","protected":false},"featured_media":8256868,"template":"","meta":{"_acf_changed":false},"product_cat":[11698,11703],"product_tag":[],"acf":[],"yoast_head":"<!-- This site is optimized with the Yoast SEO plugin v22.2 - https:\/\/yoast.com\/wordpress\/plugins\/seo\/ -->\n<title>QB 200 - Rightway Asia<\/title>\n<meta name=\"robots\" content=\"index, follow, max-snippet:-1, max-image-preview:large, max-video-preview:-1\" \/>\n<link rel=\"canonical\" href=\"https:\/\/www.rightwayasia.com\/de\/product\/getrnkekhlung\/barkhlschrnke\/qb-200\/\" \/>\n<meta property=\"og:locale\" content=\"de_DE\" \/>\n<meta property=\"og:type\" content=\"article\" \/>\n<meta property=\"og:title\" content=\"QB 200 - Rightway Asia\" \/>\n<meta property=\"og:description\" content=\"Das Modell QB 200 wurde entwickelt, um eine elegante, zuverl\u00e4ssige und vielseitige R\u00fcckbar zu sein, ideal, um jedwede Art von Flaschen und Dosen auf der richtigen Temperatur zu halten. Mit einem Fassungsverm\u00f6gen von 315L, ausgef\u00fchrt in schwarz pulverbeschichtetem feuerverzinktem Stahl mit matter Oberfl\u00e4che f\u00fcr das \u00c4u\u00dfere und in wei\u00df beschichtetem Stahl f\u00fcr die Innenseite, ist dieses Produkt ausgestattet mit 2 Vollt\u00fcren mit Scharnieren und schaumstoffbezogenen T\u00fcrgriffen, 4 h\u00f6henverstellbaren verchromten Einsch\u00fcben, selbstschlie\u00dfender und umkehrbarer T\u00fcr, Schloss, digitalem Thermostat und optional mit Schubladen-Konfiguration.\" \/>\n<meta property=\"og:url\" content=\"https:\/\/www.rightwayasia.com\/de\/product\/getrnkekhlung\/barkhlschrnke\/qb-200\/\" \/>\n<meta property=\"og:site_name\" content=\"Rightway Asia\" \/>\n<meta property=\"article:modified_time\" content=\"2025-04-08T06:42:56+00:00\" \/>\n<meta property=\"og:image\" content=\"https:\/\/www.rightwayasia.com\/wp-content\/uploads\/2025\/04\/QB-200-CORPO_CH_LOW.png\" \/>\n\t<meta property=\"og:image:width\" content=\"520\" \/>\n\t<meta property=\"og:image:height\" content=\"352\" \/>\n\t<meta property=\"og:image:type\" content=\"image\/png\" \/>\n<meta name=\"twitter:card\" content=\"summary_large_image\" \/>\n<script type=\"application\/ld+json\" class=\"yoast-schema-graph\">{\"@context\":\"https:\/\/schema.org\",\"@graph\":[{\"@type\":\"WebPage\",\"@id\":\"https:\/\/www.rightwayasia.com\/de\/product\/getrnkekhlung\/barkhlschrnke\/qb-200\/\",\"url\":\"https:\/\/www.rightwayasia.com\/de\/product\/getrnkekhlung\/barkhlschrnke\/qb-200\/\",\"name\":\"QB 200 - Rightway Asia\",\"isPartOf\":{\"@id\":\"https:\/\/www.rightwayasia.com\/#website\"},\"primaryImageOfPage\":{\"@id\":\"https:\/\/www.rightwayasia.com\/de\/product\/getrnkekhlung\/barkhlschrnke\/qb-200\/#primaryimage\"},\"image\":{\"@id\":\"https:\/\/www.rightwayasia.com\/de\/product\/getrnkekhlung\/barkhlschrnke\/qb-200\/#primaryimage\"},\"thumbnailUrl\":\"https:\/\/www.rightwayasia.com\/wp-content\/uploads\/2026\/03\/QB-200-CORPO_CH_LOW.png\",\"datePublished\":\"2023-04-12T18:31:18+00:00\",\"dateModified\":\"2025-04-08T06:42:56+00:00\",\"breadcrumb\":{\"@id\":\"https:\/\/www.rightwayasia.com\/de\/product\/getrnkekhlung\/barkhlschrnke\/qb-200\/#breadcrumb\"},\"inLanguage\":\"de\",\"potentialAction\":[{\"@type\":\"ReadAction\",\"target\":[\"https:\/\/www.rightwayasia.com\/de\/product\/getrnkekhlung\/barkhlschrnke\/qb-200\/\"]}]},{\"@type\":\"ImageObject\",\"inLanguage\":\"de\",\"@id\":\"https:\/\/www.rightwayasia.com\/de\/product\/getrnkekhlung\/barkhlschrnke\/qb-200\/#primaryimage\",\"url\":\"https:\/\/www.rightwayasia.com\/wp-content\/uploads\/2026\/03\/QB-200-CORPO_CH_LOW.png\",\"contentUrl\":\"https:\/\/www.rightwayasia.com\/wp-content\/uploads\/2026\/03\/QB-200-CORPO_CH_LOW.png\",\"width\":520,\"height\":352,\"caption\":\"Image of QB 200\"},{\"@type\":\"BreadcrumbList\",\"@id\":\"https:\/\/www.rightwayasia.com\/de\/product\/getrnkekhlung\/barkhlschrnke\/qb-200\/#breadcrumb\",\"itemListElement\":[{\"@type\":\"ListItem\",\"position\":1,\"name\":\"Home\",\"item\":\"https:\/\/www.rightwayasia.com\/de\/\"},{\"@type\":\"ListItem\",\"position\":2,\"name\":\"Suche\",\"item\":\"https:\/\/www.rightwayasia.com\/de\/suche\/\"},{\"@type\":\"ListItem\",\"position\":3,\"name\":\"QB 200\"}]},{\"@type\":\"WebSite\",\"@id\":\"https:\/\/www.rightwayasia.com\/#website\",\"url\":\"https:\/\/www.rightwayasia.com\/\",\"name\":\"Rightway Asia\",\"description\":\"Professional refrigeration solutions\",\"publisher\":{\"@id\":\"https:\/\/www.rightwayasia.com\/#organization\"},\"potentialAction\":[{\"@type\":\"SearchAction\",\"target\":{\"@type\":\"EntryPoint\",\"urlTemplate\":\"https:\/\/www.rightwayasia.com\/?s={search_term_string}\"},\"query-input\":\"required name=search_term_string\"}],\"inLanguage\":\"de\"},{\"@type\":\"Organization\",\"@id\":\"https:\/\/www.rightwayasia.com\/#organization\",\"name\":\"Rightway Asia\",\"url\":\"https:\/\/www.rightwayasia.com\/\",\"logo\":{\"@type\":\"ImageObject\",\"inLanguage\":\"de\",\"@id\":\"https:\/\/www.rightwayasia.com\/#\/schema\/logo\/image\/\",\"url\":\"https:\/\/www.rightwayasia.com\/wp-content\/uploads\/2021\/08\/RWA-RED-1-2048x591-2.png\",\"contentUrl\":\"https:\/\/www.rightwayasia.com\/wp-content\/uploads\/2021\/08\/RWA-RED-1-2048x591-2.png\",\"width\":2048,\"height\":591,\"caption\":\"Rightway Asia\"},\"image\":{\"@id\":\"https:\/\/www.rightwayasia.com\/#\/schema\/logo\/image\/\"}}]}<\/script>\n<!-- \/ Yoast SEO plugin. -->","yoast_head_json":{"title":"QB 200 - Rightway Asia","robots":{"index":"index","follow":"follow","max-snippet":"max-snippet:-1","max-image-preview":"max-image-preview:large","max-video-preview":"max-video-preview:-1"},"canonical":"https:\/\/www.rightwayasia.com\/de\/product\/getrnkekhlung\/barkhlschrnke\/qb-200\/","og_locale":"de_DE","og_type":"article","og_title":"QB 200 - Rightway Asia","og_description":"Das Modell QB 200 wurde entwickelt, um eine elegante, zuverl\u00e4ssige und vielseitige R\u00fcckbar zu sein, ideal, um jedwede Art von Flaschen und Dosen auf der richtigen Temperatur zu halten. Mit einem Fassungsverm\u00f6gen von 315L, ausgef\u00fchrt in schwarz pulverbeschichtetem feuerverzinktem Stahl mit matter Oberfl\u00e4che f\u00fcr das \u00c4u\u00dfere und in wei\u00df beschichtetem Stahl f\u00fcr die Innenseite, ist dieses Produkt ausgestattet mit 2 Vollt\u00fcren mit Scharnieren und schaumstoffbezogenen T\u00fcrgriffen, 4 h\u00f6henverstellbaren verchromten Einsch\u00fcben, selbstschlie\u00dfender und umkehrbarer T\u00fcr, Schloss, digitalem Thermostat und optional mit Schubladen-Konfiguration.","og_url":"https:\/\/www.rightwayasia.com\/de\/product\/getrnkekhlung\/barkhlschrnke\/qb-200\/","og_site_name":"Rightway Asia","article_modified_time":"2025-04-08T06:42:56+00:00","og_image":[{"width":520,"height":352,"url":"https:\/\/www.rightwayasia.com\/wp-content\/uploads\/2025\/04\/QB-200-CORPO_CH_LOW.png","type":"image\/png"}],"twitter_card":"summary_large_image","schema":{"@context":"https:\/\/schema.org","@graph":[{"@type":"WebPage","@id":"https:\/\/www.rightwayasia.com\/de\/product\/getrnkekhlung\/barkhlschrnke\/qb-200\/","url":"https:\/\/www.rightwayasia.com\/de\/product\/getrnkekhlung\/barkhlschrnke\/qb-200\/","name":"QB 200 - Rightway Asia","isPartOf":{"@id":"https:\/\/www.rightwayasia.com\/#website"},"primaryImageOfPage":{"@id":"https:\/\/www.rightwayasia.com\/de\/product\/getrnkekhlung\/barkhlschrnke\/qb-200\/#primaryimage"},"image":{"@id":"https:\/\/www.rightwayasia.com\/de\/product\/getrnkekhlung\/barkhlschrnke\/qb-200\/#primaryimage"},"thumbnailUrl":"https:\/\/www.rightwayasia.com\/wp-content\/uploads\/2026\/03\/QB-200-CORPO_CH_LOW.png","datePublished":"2023-04-12T18:31:18+00:00","dateModified":"2025-04-08T06:42:56+00:00","breadcrumb":{"@id":"https:\/\/www.rightwayasia.com\/de\/product\/getrnkekhlung\/barkhlschrnke\/qb-200\/#breadcrumb"},"inLanguage":"de","potentialAction":[{"@type":"ReadAction","target":["https:\/\/www.rightwayasia.com\/de\/product\/getrnkekhlung\/barkhlschrnke\/qb-200\/"]}]},{"@type":"ImageObject","inLanguage":"de","@id":"https:\/\/www.rightwayasia.com\/de\/product\/getrnkekhlung\/barkhlschrnke\/qb-200\/#primaryimage","url":"https:\/\/www.rightwayasia.com\/wp-content\/uploads\/2026\/03\/QB-200-CORPO_CH_LOW.png","contentUrl":"https:\/\/www.rightwayasia.com\/wp-content\/uploads\/2026\/03\/QB-200-CORPO_CH_LOW.png","width":520,"height":352,"caption":"Image of QB 200"},{"@type":"BreadcrumbList","@id":"https:\/\/www.rightwayasia.com\/de\/product\/getrnkekhlung\/barkhlschrnke\/qb-200\/#breadcrumb","itemListElement":[{"@type":"ListItem","position":1,"name":"Home","item":"https:\/\/www.rightwayasia.com\/de\/"},{"@type":"ListItem","position":2,"name":"Suche","item":"https:\/\/www.rightwayasia.com\/de\/suche\/"},{"@type":"ListItem","position":3,"name":"QB 200"}]},{"@type":"WebSite","@id":"https:\/\/www.rightwayasia.com\/#website","url":"https:\/\/www.rightwayasia.com\/","name":"Rightway Asia","description":"Professional refrigeration solutions","publisher":{"@id":"https:\/\/www.rightwayasia.com\/#organization"},"potentialAction":[{"@type":"SearchAction","target":{"@type":"EntryPoint","urlTemplate":"https:\/\/www.rightwayasia.com\/?s={search_term_string}"},"query-input":"required name=search_term_string"}],"inLanguage":"de"},{"@type":"Organization","@id":"https:\/\/www.rightwayasia.com\/#organization","name":"Rightway Asia","url":"https:\/\/www.rightwayasia.com\/","logo":{"@type":"ImageObject","inLanguage":"de","@id":"https:\/\/www.rightwayasia.com\/#\/schema\/logo\/image\/","url":"https:\/\/www.rightwayasia.com\/wp-content\/uploads\/2021\/08\/RWA-RED-1-2048x591-2.png","contentUrl":"https:\/\/www.rightwayasia.com\/wp-content\/uploads\/2021\/08\/RWA-RED-1-2048x591-2.png","width":2048,"height":591,"caption":"Rightway Asia"},"image":{"@id":"https:\/\/www.rightwayasia.com\/#\/schema\/logo\/image\/"}}]}},"_links":{"self":[{"href":"https:\/\/www.rightwayasia.com\/de\/wp-json\/wp\/v2\/product\/4343684"}],"collection":[{"href":"https:\/\/www.rightwayasia.com\/de\/wp-json\/wp\/v2\/product"}],"about":[{"href":"https:\/\/www.rightwayasia.com\/de\/wp-json\/wp\/v2\/types\/product"}],"wp:featuredmedia":[{"embeddable":true,"href":"https:\/\/www.rightwayasia.com\/de\/wp-json\/wp\/v2\/media\/8256868"}],"wp:attachment":[{"href":"https:\/\/www.rightwayasia.com\/de\/wp-json\/wp\/v2\/media?parent=4343684"}],"wp:term":[{"taxonomy":"product_cat","embeddable":true,"href":"https:\/\/www.rightwayasia.com\/de\/wp-json\/wp\/v2\/product_cat?post=4343684"},{"taxonomy":"product_tag","embeddable":true,"href":"https:\/\/www.rightwayasia.com\/de\/wp-json\/wp\/v2\/product_tag?post=4343684"}],"curies":[{"name":"wp","href":"https:\/\/api.w.org\/{rel}","templated":true}]}}