{"id":4343708,"date":"2023-04-12T18:31:43","date_gmt":"2023-04-12T18:31:43","guid":{"rendered":"https:\/\/www.rightwayasia.com\/product\/unkategorisiert\/qb-400\/"},"modified":"2025-04-08T07:00:29","modified_gmt":"2025-04-08T07:00:29","slug":"qb-400","status":"publish","type":"product","link":"https:\/\/www.rightwayasia.com\/de\/product\/getrnkekhlung\/barkhlschrnke\/qb-400\/","title":{"rendered":"QB 400"},"content":{"rendered":"<p>Bark\u00fchlschrank mit 4 Dreht\u00fcren<br \/>\nSchwarz pulverbeschichteter Zinkstahl au\u00dfen, wei\u00df beschichteter Stahl innen<br \/>\nGer\u00e4t mit matter Oberfl\u00e4chenbehandlung und Gesamth\u00f6he von 860mm<br \/>\nUmluftk\u00fchlung<br \/>\nAutomatische Abtauung durch Kompressor Stop<br \/>\nIsolierungsmaterial Cyclopentane (40mm &#8211; FCKW frei)<br \/>\nDigitales Membran Thermostat<br \/>\nT\u00fcr: Selbstschlie\u00dfend mit wechselbarem T\u00fcranschlag<br \/>\nherausnehmbare T\u00fcrdichtung und T\u00fcrschloss als Standard<br \/>\nger\u00e4uscharmer Ventilatormotor<br \/>\nH\u00f6henverstellbare Einsch\u00fcbe (4 St\u00fcck)<br \/>\nEntfernbares Bodentragrost inklusive<br \/>\nSchubladensatzsystem optional<br \/>\nAntikondensations Profile<br \/>\nKondensator Filter einfach zug\u00e4nglich zum Reiningen<br \/>\n4 H\u00f6henverstellbare Edelstahlf\u00fc\u00dfe &#8211; Lenkrollen mit Feststellbremse optional<br \/>\nEnergieeffizienzklasse: C<\/p>\n<p>&nbsp;<\/p>\n","protected":false},"excerpt":{"rendered":"<p>Das Modell QB 400 wurde entwickelt, um eine elegante, zuverl\u00e4ssige und vielseitige R\u00fcckbar zu sein, perfekt, um jede Art von Flaschen und Dosen bei optimaler Temperatur zu halten. Mit einem Fassungsverm\u00f6gen von 618 Litern, ausgef\u00fchrt in schwarz pulverbeschichtetem feuerverzinktem Stahl mit matter Oberfl\u00e4che f\u00fcr das \u00c4u\u00dfere und wei\u00df beschichtetem Stahl f\u00fcr die Innenseite, ist dieses Produkt mit 4 Vollt\u00fcren mit Scharnieren und thermisch isolierten T\u00fcrgriffen, 8 h\u00f6henverstellbaren verchromten Regalen, selbstschlie\u00dfender und beidseitig \u00f6ffnender T\u00fcr, Schloss, digitalem Thermostat und optional mit Schubladen-Konfiguration ausgestattet.<\/p>\n","protected":false},"featured_media":8256890,"template":"","meta":{"_acf_changed":false},"product_cat":[11698,11703],"product_tag":[],"acf":[],"yoast_head":"<!-- This site is optimized with the Yoast SEO plugin v22.2 - https:\/\/yoast.com\/wordpress\/plugins\/seo\/ -->\n<title>QB 400 - Rightway Asia<\/title>\n<meta name=\"robots\" content=\"index, follow, max-snippet:-1, max-image-preview:large, max-video-preview:-1\" \/>\n<link rel=\"canonical\" href=\"https:\/\/www.rightwayasia.com\/de\/product\/getrnkekhlung\/barkhlschrnke\/qb-400\/\" \/>\n<meta property=\"og:locale\" content=\"de_DE\" \/>\n<meta property=\"og:type\" content=\"article\" \/>\n<meta property=\"og:title\" content=\"QB 400 - Rightway Asia\" \/>\n<meta property=\"og:description\" content=\"Das Modell QB 400 wurde entwickelt, um eine elegante, zuverl\u00e4ssige und vielseitige R\u00fcckbar zu sein, perfekt, um jede Art von Flaschen und Dosen bei optimaler Temperatur zu halten. Mit einem Fassungsverm\u00f6gen von 618 Litern, ausgef\u00fchrt in schwarz pulverbeschichtetem feuerverzinktem Stahl mit matter Oberfl\u00e4che f\u00fcr das \u00c4u\u00dfere und wei\u00df beschichtetem Stahl f\u00fcr die Innenseite, ist dieses Produkt mit 4 Vollt\u00fcren mit Scharnieren und thermisch isolierten T\u00fcrgriffen, 8 h\u00f6henverstellbaren verchromten Regalen, selbstschlie\u00dfender und beidseitig \u00f6ffnender T\u00fcr, Schloss, digitalem Thermostat und optional mit Schubladen-Konfiguration ausgestattet.\" \/>\n<meta property=\"og:url\" content=\"https:\/\/www.rightwayasia.com\/de\/product\/getrnkekhlung\/barkhlschrnke\/qb-400\/\" \/>\n<meta property=\"og:site_name\" content=\"Rightway Asia\" \/>\n<meta property=\"article:modified_time\" content=\"2025-04-08T07:00:29+00:00\" \/>\n<meta property=\"og:image\" content=\"https:\/\/www.rightwayasia.com\/wp-content\/uploads\/2025\/04\/QB-400-CORPO_CH_LOW.png\" \/>\n\t<meta property=\"og:image:width\" content=\"567\" \/>\n\t<meta property=\"og:image:height\" content=\"307\" \/>\n\t<meta property=\"og:image:type\" content=\"image\/png\" \/>\n<meta name=\"twitter:card\" content=\"summary_large_image\" \/>\n<script type=\"application\/ld+json\" class=\"yoast-schema-graph\">{\"@context\":\"https:\/\/schema.org\",\"@graph\":[{\"@type\":\"WebPage\",\"@id\":\"https:\/\/www.rightwayasia.com\/de\/product\/getrnkekhlung\/barkhlschrnke\/qb-400\/\",\"url\":\"https:\/\/www.rightwayasia.com\/de\/product\/getrnkekhlung\/barkhlschrnke\/qb-400\/\",\"name\":\"QB 400 - Rightway Asia\",\"isPartOf\":{\"@id\":\"https:\/\/www.rightwayasia.com\/#website\"},\"primaryImageOfPage\":{\"@id\":\"https:\/\/www.rightwayasia.com\/de\/product\/getrnkekhlung\/barkhlschrnke\/qb-400\/#primaryimage\"},\"image\":{\"@id\":\"https:\/\/www.rightwayasia.com\/de\/product\/getrnkekhlung\/barkhlschrnke\/qb-400\/#primaryimage\"},\"thumbnailUrl\":\"https:\/\/www.rightwayasia.com\/wp-content\/uploads\/2026\/03\/QB-400-CORPO_CH_LOW.png\",\"datePublished\":\"2023-04-12T18:31:43+00:00\",\"dateModified\":\"2025-04-08T07:00:29+00:00\",\"breadcrumb\":{\"@id\":\"https:\/\/www.rightwayasia.com\/de\/product\/getrnkekhlung\/barkhlschrnke\/qb-400\/#breadcrumb\"},\"inLanguage\":\"de\",\"potentialAction\":[{\"@type\":\"ReadAction\",\"target\":[\"https:\/\/www.rightwayasia.com\/de\/product\/getrnkekhlung\/barkhlschrnke\/qb-400\/\"]}]},{\"@type\":\"ImageObject\",\"inLanguage\":\"de\",\"@id\":\"https:\/\/www.rightwayasia.com\/de\/product\/getrnkekhlung\/barkhlschrnke\/qb-400\/#primaryimage\",\"url\":\"https:\/\/www.rightwayasia.com\/wp-content\/uploads\/2026\/03\/QB-400-CORPO_CH_LOW.png\",\"contentUrl\":\"https:\/\/www.rightwayasia.com\/wp-content\/uploads\/2026\/03\/QB-400-CORPO_CH_LOW.png\",\"width\":567,\"height\":307,\"caption\":\"Image of QB 400\"},{\"@type\":\"BreadcrumbList\",\"@id\":\"https:\/\/www.rightwayasia.com\/de\/product\/getrnkekhlung\/barkhlschrnke\/qb-400\/#breadcrumb\",\"itemListElement\":[{\"@type\":\"ListItem\",\"position\":1,\"name\":\"Home\",\"item\":\"https:\/\/www.rightwayasia.com\/de\/\"},{\"@type\":\"ListItem\",\"position\":2,\"name\":\"Suche\",\"item\":\"https:\/\/www.rightwayasia.com\/de\/suche\/\"},{\"@type\":\"ListItem\",\"position\":3,\"name\":\"QB 400\"}]},{\"@type\":\"WebSite\",\"@id\":\"https:\/\/www.rightwayasia.com\/#website\",\"url\":\"https:\/\/www.rightwayasia.com\/\",\"name\":\"Rightway Asia\",\"description\":\"Professional refrigeration solutions\",\"publisher\":{\"@id\":\"https:\/\/www.rightwayasia.com\/#organization\"},\"potentialAction\":[{\"@type\":\"SearchAction\",\"target\":{\"@type\":\"EntryPoint\",\"urlTemplate\":\"https:\/\/www.rightwayasia.com\/?s={search_term_string}\"},\"query-input\":\"required name=search_term_string\"}],\"inLanguage\":\"de\"},{\"@type\":\"Organization\",\"@id\":\"https:\/\/www.rightwayasia.com\/#organization\",\"name\":\"Rightway Asia\",\"url\":\"https:\/\/www.rightwayasia.com\/\",\"logo\":{\"@type\":\"ImageObject\",\"inLanguage\":\"de\",\"@id\":\"https:\/\/www.rightwayasia.com\/#\/schema\/logo\/image\/\",\"url\":\"https:\/\/www.rightwayasia.com\/wp-content\/uploads\/2021\/08\/RWA-RED-1-2048x591-2.png\",\"contentUrl\":\"https:\/\/www.rightwayasia.com\/wp-content\/uploads\/2021\/08\/RWA-RED-1-2048x591-2.png\",\"width\":2048,\"height\":591,\"caption\":\"Rightway Asia\"},\"image\":{\"@id\":\"https:\/\/www.rightwayasia.com\/#\/schema\/logo\/image\/\"}}]}<\/script>\n<!-- \/ Yoast SEO plugin. -->","yoast_head_json":{"title":"QB 400 - Rightway Asia","robots":{"index":"index","follow":"follow","max-snippet":"max-snippet:-1","max-image-preview":"max-image-preview:large","max-video-preview":"max-video-preview:-1"},"canonical":"https:\/\/www.rightwayasia.com\/de\/product\/getrnkekhlung\/barkhlschrnke\/qb-400\/","og_locale":"de_DE","og_type":"article","og_title":"QB 400 - Rightway Asia","og_description":"Das Modell QB 400 wurde entwickelt, um eine elegante, zuverl\u00e4ssige und vielseitige R\u00fcckbar zu sein, perfekt, um jede Art von Flaschen und Dosen bei optimaler Temperatur zu halten. Mit einem Fassungsverm\u00f6gen von 618 Litern, ausgef\u00fchrt in schwarz pulverbeschichtetem feuerverzinktem Stahl mit matter Oberfl\u00e4che f\u00fcr das \u00c4u\u00dfere und wei\u00df beschichtetem Stahl f\u00fcr die Innenseite, ist dieses Produkt mit 4 Vollt\u00fcren mit Scharnieren und thermisch isolierten T\u00fcrgriffen, 8 h\u00f6henverstellbaren verchromten Regalen, selbstschlie\u00dfender und beidseitig \u00f6ffnender T\u00fcr, Schloss, digitalem Thermostat und optional mit Schubladen-Konfiguration ausgestattet.","og_url":"https:\/\/www.rightwayasia.com\/de\/product\/getrnkekhlung\/barkhlschrnke\/qb-400\/","og_site_name":"Rightway Asia","article_modified_time":"2025-04-08T07:00:29+00:00","og_image":[{"width":567,"height":307,"url":"https:\/\/www.rightwayasia.com\/wp-content\/uploads\/2025\/04\/QB-400-CORPO_CH_LOW.png","type":"image\/png"}],"twitter_card":"summary_large_image","schema":{"@context":"https:\/\/schema.org","@graph":[{"@type":"WebPage","@id":"https:\/\/www.rightwayasia.com\/de\/product\/getrnkekhlung\/barkhlschrnke\/qb-400\/","url":"https:\/\/www.rightwayasia.com\/de\/product\/getrnkekhlung\/barkhlschrnke\/qb-400\/","name":"QB 400 - Rightway Asia","isPartOf":{"@id":"https:\/\/www.rightwayasia.com\/#website"},"primaryImageOfPage":{"@id":"https:\/\/www.rightwayasia.com\/de\/product\/getrnkekhlung\/barkhlschrnke\/qb-400\/#primaryimage"},"image":{"@id":"https:\/\/www.rightwayasia.com\/de\/product\/getrnkekhlung\/barkhlschrnke\/qb-400\/#primaryimage"},"thumbnailUrl":"https:\/\/www.rightwayasia.com\/wp-content\/uploads\/2026\/03\/QB-400-CORPO_CH_LOW.png","datePublished":"2023-04-12T18:31:43+00:00","dateModified":"2025-04-08T07:00:29+00:00","breadcrumb":{"@id":"https:\/\/www.rightwayasia.com\/de\/product\/getrnkekhlung\/barkhlschrnke\/qb-400\/#breadcrumb"},"inLanguage":"de","potentialAction":[{"@type":"ReadAction","target":["https:\/\/www.rightwayasia.com\/de\/product\/getrnkekhlung\/barkhlschrnke\/qb-400\/"]}]},{"@type":"ImageObject","inLanguage":"de","@id":"https:\/\/www.rightwayasia.com\/de\/product\/getrnkekhlung\/barkhlschrnke\/qb-400\/#primaryimage","url":"https:\/\/www.rightwayasia.com\/wp-content\/uploads\/2026\/03\/QB-400-CORPO_CH_LOW.png","contentUrl":"https:\/\/www.rightwayasia.com\/wp-content\/uploads\/2026\/03\/QB-400-CORPO_CH_LOW.png","width":567,"height":307,"caption":"Image of QB 400"},{"@type":"BreadcrumbList","@id":"https:\/\/www.rightwayasia.com\/de\/product\/getrnkekhlung\/barkhlschrnke\/qb-400\/#breadcrumb","itemListElement":[{"@type":"ListItem","position":1,"name":"Home","item":"https:\/\/www.rightwayasia.com\/de\/"},{"@type":"ListItem","position":2,"name":"Suche","item":"https:\/\/www.rightwayasia.com\/de\/suche\/"},{"@type":"ListItem","position":3,"name":"QB 400"}]},{"@type":"WebSite","@id":"https:\/\/www.rightwayasia.com\/#website","url":"https:\/\/www.rightwayasia.com\/","name":"Rightway Asia","description":"Professional refrigeration solutions","publisher":{"@id":"https:\/\/www.rightwayasia.com\/#organization"},"potentialAction":[{"@type":"SearchAction","target":{"@type":"EntryPoint","urlTemplate":"https:\/\/www.rightwayasia.com\/?s={search_term_string}"},"query-input":"required name=search_term_string"}],"inLanguage":"de"},{"@type":"Organization","@id":"https:\/\/www.rightwayasia.com\/#organization","name":"Rightway Asia","url":"https:\/\/www.rightwayasia.com\/","logo":{"@type":"ImageObject","inLanguage":"de","@id":"https:\/\/www.rightwayasia.com\/#\/schema\/logo\/image\/","url":"https:\/\/www.rightwayasia.com\/wp-content\/uploads\/2021\/08\/RWA-RED-1-2048x591-2.png","contentUrl":"https:\/\/www.rightwayasia.com\/wp-content\/uploads\/2021\/08\/RWA-RED-1-2048x591-2.png","width":2048,"height":591,"caption":"Rightway Asia"},"image":{"@id":"https:\/\/www.rightwayasia.com\/#\/schema\/logo\/image\/"}}]}},"_links":{"self":[{"href":"https:\/\/www.rightwayasia.com\/de\/wp-json\/wp\/v2\/product\/4343708"}],"collection":[{"href":"https:\/\/www.rightwayasia.com\/de\/wp-json\/wp\/v2\/product"}],"about":[{"href":"https:\/\/www.rightwayasia.com\/de\/wp-json\/wp\/v2\/types\/product"}],"wp:featuredmedia":[{"embeddable":true,"href":"https:\/\/www.rightwayasia.com\/de\/wp-json\/wp\/v2\/media\/8256890"}],"wp:attachment":[{"href":"https:\/\/www.rightwayasia.com\/de\/wp-json\/wp\/v2\/media?parent=4343708"}],"wp:term":[{"taxonomy":"product_cat","embeddable":true,"href":"https:\/\/www.rightwayasia.com\/de\/wp-json\/wp\/v2\/product_cat?post=4343708"},{"taxonomy":"product_tag","embeddable":true,"href":"https:\/\/www.rightwayasia.com\/de\/wp-json\/wp\/v2\/product_tag?post=4343708"}],"curies":[{"name":"wp","href":"https:\/\/api.w.org\/{rel}","templated":true}]}}