{"id":4343746,"date":"2023-04-12T18:32:33","date_gmt":"2023-04-12T18:32:33","guid":{"rendered":"https:\/\/www.rightwayasia.com\/product\/unkategorisiert\/qbg-400\/"},"modified":"2025-04-08T07:30:33","modified_gmt":"2025-04-08T07:30:33","slug":"qbg-400","status":"publish","type":"product","link":"https:\/\/www.rightwayasia.com\/de\/product\/getrnkekhlung\/barkhlschrnke\/qbg-400\/","title":{"rendered":"QBG 400"},"content":{"rendered":"<p>Bark\u00fchlschrank mit 4 Glasdreht\u00fcren<br \/>\nSchwarz pulverbeschichteter Zinkstahl au\u00dfen, wei\u00df beschichteter Stahl innen<br \/>\nGer\u00e4t mit matter Oberfl\u00e4chenbehandlung und Gesamth\u00f6he von 860mm<br \/>\nUmluftk\u00fchlung<br \/>\nAutomatische Abtauung durch Kompressor Stop<br \/>\nIsolierungsmaterial Cyclopentane (40mm &#8211; FCKW frei)<br \/>\nDigitales Thermostat mit \u201eFlachdisplay\u201c<br \/>\nT\u00fcr: Selbstschlie\u00dfend mit integrierter LED Beleuchtung (Nicht wechselbar)<br \/>\nherausnehmbare T\u00fcrdichtung und T\u00fcrschloss als Standard<br \/>\nger\u00e4uscharmer Ventilatormotor<br \/>\nH\u00f6henverstellbare Einsch\u00fcbe (8 St\u00fcck)<br \/>\nEntfernbares Bodentragrost inklusive<br \/>\nAntikondensations Profile<br \/>\nKondensator Filter einfach zug\u00e4nglich zum Reiningen<br \/>\n4 H\u00f6henverstellbare Edelstahlf\u00fc\u00dfe &#8211; Lenkrollen mit Feststellbremse optional<br \/>\nEnergieeffizienzklasse: B<\/p>\n<p>&nbsp;<\/p>\n","protected":false},"excerpt":{"rendered":"<p>Das Modell QBG 400 wurde entwickelt, um eine elegante, zuverl\u00e4ssige und vielseitige R\u00fcckbar zu sein, ideal, um jedwede Art von Flaschen und Dosen auf der richtigen Temperatur zu halten. Mit einem Fassungsverm\u00f6gen von 618L, ausgef\u00fchrt in schwarz pulverbeschichtetem feuerverzinktem Stahl mit matter Oberfl\u00e4che f\u00fcr das \u00c4u\u00dfere und in wei\u00df beschichtetem Stahl f\u00fcr die Innenseite, ist dieses Produkt ausgestattet mit 4 Scharniert\u00fcren mit zylindrischem externen Griff aus Glas, 8 h\u00f6henverstellbaren verchromten Einsch\u00fcben, selbstschlie\u00dfend, innerer LED-Beleuchtung, Schloss, digitalem Thermostat und optional mit Schubladen-Konfiguration.<\/p>\n","protected":false},"featured_media":8256923,"template":"","meta":{"_acf_changed":false},"product_cat":[11698,11703],"product_tag":[],"acf":[],"yoast_head":"<!-- This site is optimized with the Yoast SEO plugin v22.2 - https:\/\/yoast.com\/wordpress\/plugins\/seo\/ -->\n<title>QBG 400 - Rightway Asia<\/title>\n<meta name=\"robots\" content=\"index, follow, max-snippet:-1, max-image-preview:large, max-video-preview:-1\" \/>\n<link rel=\"canonical\" href=\"https:\/\/www.rightwayasia.com\/de\/product\/getrnkekhlung\/barkhlschrnke\/qbg-400\/\" \/>\n<meta property=\"og:locale\" content=\"de_DE\" \/>\n<meta property=\"og:type\" content=\"article\" \/>\n<meta property=\"og:title\" content=\"QBG 400 - Rightway Asia\" \/>\n<meta property=\"og:description\" content=\"Das Modell QBG 400 wurde entwickelt, um eine elegante, zuverl\u00e4ssige und vielseitige R\u00fcckbar zu sein, ideal, um jedwede Art von Flaschen und Dosen auf der richtigen Temperatur zu halten. Mit einem Fassungsverm\u00f6gen von 618L, ausgef\u00fchrt in schwarz pulverbeschichtetem feuerverzinktem Stahl mit matter Oberfl\u00e4che f\u00fcr das \u00c4u\u00dfere und in wei\u00df beschichtetem Stahl f\u00fcr die Innenseite, ist dieses Produkt ausgestattet mit 4 Scharniert\u00fcren mit zylindrischem externen Griff aus Glas, 8 h\u00f6henverstellbaren verchromten Einsch\u00fcben, selbstschlie\u00dfend, innerer LED-Beleuchtung, Schloss, digitalem Thermostat und optional mit Schubladen-Konfiguration.\" \/>\n<meta property=\"og:url\" content=\"https:\/\/www.rightwayasia.com\/de\/product\/getrnkekhlung\/barkhlschrnke\/qbg-400\/\" \/>\n<meta property=\"og:site_name\" content=\"Rightway Asia\" \/>\n<meta property=\"article:modified_time\" content=\"2025-04-08T07:30:33+00:00\" \/>\n<meta property=\"og:image\" content=\"https:\/\/www.rightwayasia.com\/wp-content\/uploads\/2025\/04\/QBG-400-CORPO_CH_LOW.png\" \/>\n\t<meta property=\"og:image:width\" content=\"567\" \/>\n\t<meta property=\"og:image:height\" content=\"298\" \/>\n\t<meta property=\"og:image:type\" content=\"image\/png\" \/>\n<meta name=\"twitter:card\" content=\"summary_large_image\" \/>\n<script type=\"application\/ld+json\" class=\"yoast-schema-graph\">{\"@context\":\"https:\/\/schema.org\",\"@graph\":[{\"@type\":\"WebPage\",\"@id\":\"https:\/\/www.rightwayasia.com\/de\/product\/getrnkekhlung\/barkhlschrnke\/qbg-400\/\",\"url\":\"https:\/\/www.rightwayasia.com\/de\/product\/getrnkekhlung\/barkhlschrnke\/qbg-400\/\",\"name\":\"QBG 400 - Rightway Asia\",\"isPartOf\":{\"@id\":\"https:\/\/www.rightwayasia.com\/#website\"},\"primaryImageOfPage\":{\"@id\":\"https:\/\/www.rightwayasia.com\/de\/product\/getrnkekhlung\/barkhlschrnke\/qbg-400\/#primaryimage\"},\"image\":{\"@id\":\"https:\/\/www.rightwayasia.com\/de\/product\/getrnkekhlung\/barkhlschrnke\/qbg-400\/#primaryimage\"},\"thumbnailUrl\":\"https:\/\/www.rightwayasia.com\/wp-content\/uploads\/2026\/03\/QBG-400-CORPO_CH_LOW.png\",\"datePublished\":\"2023-04-12T18:32:33+00:00\",\"dateModified\":\"2025-04-08T07:30:33+00:00\",\"breadcrumb\":{\"@id\":\"https:\/\/www.rightwayasia.com\/de\/product\/getrnkekhlung\/barkhlschrnke\/qbg-400\/#breadcrumb\"},\"inLanguage\":\"de\",\"potentialAction\":[{\"@type\":\"ReadAction\",\"target\":[\"https:\/\/www.rightwayasia.com\/de\/product\/getrnkekhlung\/barkhlschrnke\/qbg-400\/\"]}]},{\"@type\":\"ImageObject\",\"inLanguage\":\"de\",\"@id\":\"https:\/\/www.rightwayasia.com\/de\/product\/getrnkekhlung\/barkhlschrnke\/qbg-400\/#primaryimage\",\"url\":\"https:\/\/www.rightwayasia.com\/wp-content\/uploads\/2026\/03\/QBG-400-CORPO_CH_LOW.png\",\"contentUrl\":\"https:\/\/www.rightwayasia.com\/wp-content\/uploads\/2026\/03\/QBG-400-CORPO_CH_LOW.png\",\"width\":567,\"height\":298,\"caption\":\"Image of QBG 400\"},{\"@type\":\"BreadcrumbList\",\"@id\":\"https:\/\/www.rightwayasia.com\/de\/product\/getrnkekhlung\/barkhlschrnke\/qbg-400\/#breadcrumb\",\"itemListElement\":[{\"@type\":\"ListItem\",\"position\":1,\"name\":\"Home\",\"item\":\"https:\/\/www.rightwayasia.com\/de\/\"},{\"@type\":\"ListItem\",\"position\":2,\"name\":\"Suche\",\"item\":\"https:\/\/www.rightwayasia.com\/de\/suche\/\"},{\"@type\":\"ListItem\",\"position\":3,\"name\":\"QBG 400\"}]},{\"@type\":\"WebSite\",\"@id\":\"https:\/\/www.rightwayasia.com\/#website\",\"url\":\"https:\/\/www.rightwayasia.com\/\",\"name\":\"Rightway Asia\",\"description\":\"Professional refrigeration solutions\",\"publisher\":{\"@id\":\"https:\/\/www.rightwayasia.com\/#organization\"},\"potentialAction\":[{\"@type\":\"SearchAction\",\"target\":{\"@type\":\"EntryPoint\",\"urlTemplate\":\"https:\/\/www.rightwayasia.com\/?s={search_term_string}\"},\"query-input\":\"required name=search_term_string\"}],\"inLanguage\":\"de\"},{\"@type\":\"Organization\",\"@id\":\"https:\/\/www.rightwayasia.com\/#organization\",\"name\":\"Rightway Asia\",\"url\":\"https:\/\/www.rightwayasia.com\/\",\"logo\":{\"@type\":\"ImageObject\",\"inLanguage\":\"de\",\"@id\":\"https:\/\/www.rightwayasia.com\/#\/schema\/logo\/image\/\",\"url\":\"https:\/\/www.rightwayasia.com\/wp-content\/uploads\/2021\/08\/RWA-RED-1-2048x591-2.png\",\"contentUrl\":\"https:\/\/www.rightwayasia.com\/wp-content\/uploads\/2021\/08\/RWA-RED-1-2048x591-2.png\",\"width\":2048,\"height\":591,\"caption\":\"Rightway Asia\"},\"image\":{\"@id\":\"https:\/\/www.rightwayasia.com\/#\/schema\/logo\/image\/\"}}]}<\/script>\n<!-- \/ Yoast SEO plugin. -->","yoast_head_json":{"title":"QBG 400 - Rightway Asia","robots":{"index":"index","follow":"follow","max-snippet":"max-snippet:-1","max-image-preview":"max-image-preview:large","max-video-preview":"max-video-preview:-1"},"canonical":"https:\/\/www.rightwayasia.com\/de\/product\/getrnkekhlung\/barkhlschrnke\/qbg-400\/","og_locale":"de_DE","og_type":"article","og_title":"QBG 400 - Rightway Asia","og_description":"Das Modell QBG 400 wurde entwickelt, um eine elegante, zuverl\u00e4ssige und vielseitige R\u00fcckbar zu sein, ideal, um jedwede Art von Flaschen und Dosen auf der richtigen Temperatur zu halten. Mit einem Fassungsverm\u00f6gen von 618L, ausgef\u00fchrt in schwarz pulverbeschichtetem feuerverzinktem Stahl mit matter Oberfl\u00e4che f\u00fcr das \u00c4u\u00dfere und in wei\u00df beschichtetem Stahl f\u00fcr die Innenseite, ist dieses Produkt ausgestattet mit 4 Scharniert\u00fcren mit zylindrischem externen Griff aus Glas, 8 h\u00f6henverstellbaren verchromten Einsch\u00fcben, selbstschlie\u00dfend, innerer LED-Beleuchtung, Schloss, digitalem Thermostat und optional mit Schubladen-Konfiguration.","og_url":"https:\/\/www.rightwayasia.com\/de\/product\/getrnkekhlung\/barkhlschrnke\/qbg-400\/","og_site_name":"Rightway Asia","article_modified_time":"2025-04-08T07:30:33+00:00","og_image":[{"width":567,"height":298,"url":"https:\/\/www.rightwayasia.com\/wp-content\/uploads\/2025\/04\/QBG-400-CORPO_CH_LOW.png","type":"image\/png"}],"twitter_card":"summary_large_image","schema":{"@context":"https:\/\/schema.org","@graph":[{"@type":"WebPage","@id":"https:\/\/www.rightwayasia.com\/de\/product\/getrnkekhlung\/barkhlschrnke\/qbg-400\/","url":"https:\/\/www.rightwayasia.com\/de\/product\/getrnkekhlung\/barkhlschrnke\/qbg-400\/","name":"QBG 400 - Rightway Asia","isPartOf":{"@id":"https:\/\/www.rightwayasia.com\/#website"},"primaryImageOfPage":{"@id":"https:\/\/www.rightwayasia.com\/de\/product\/getrnkekhlung\/barkhlschrnke\/qbg-400\/#primaryimage"},"image":{"@id":"https:\/\/www.rightwayasia.com\/de\/product\/getrnkekhlung\/barkhlschrnke\/qbg-400\/#primaryimage"},"thumbnailUrl":"https:\/\/www.rightwayasia.com\/wp-content\/uploads\/2026\/03\/QBG-400-CORPO_CH_LOW.png","datePublished":"2023-04-12T18:32:33+00:00","dateModified":"2025-04-08T07:30:33+00:00","breadcrumb":{"@id":"https:\/\/www.rightwayasia.com\/de\/product\/getrnkekhlung\/barkhlschrnke\/qbg-400\/#breadcrumb"},"inLanguage":"de","potentialAction":[{"@type":"ReadAction","target":["https:\/\/www.rightwayasia.com\/de\/product\/getrnkekhlung\/barkhlschrnke\/qbg-400\/"]}]},{"@type":"ImageObject","inLanguage":"de","@id":"https:\/\/www.rightwayasia.com\/de\/product\/getrnkekhlung\/barkhlschrnke\/qbg-400\/#primaryimage","url":"https:\/\/www.rightwayasia.com\/wp-content\/uploads\/2026\/03\/QBG-400-CORPO_CH_LOW.png","contentUrl":"https:\/\/www.rightwayasia.com\/wp-content\/uploads\/2026\/03\/QBG-400-CORPO_CH_LOW.png","width":567,"height":298,"caption":"Image of QBG 400"},{"@type":"BreadcrumbList","@id":"https:\/\/www.rightwayasia.com\/de\/product\/getrnkekhlung\/barkhlschrnke\/qbg-400\/#breadcrumb","itemListElement":[{"@type":"ListItem","position":1,"name":"Home","item":"https:\/\/www.rightwayasia.com\/de\/"},{"@type":"ListItem","position":2,"name":"Suche","item":"https:\/\/www.rightwayasia.com\/de\/suche\/"},{"@type":"ListItem","position":3,"name":"QBG 400"}]},{"@type":"WebSite","@id":"https:\/\/www.rightwayasia.com\/#website","url":"https:\/\/www.rightwayasia.com\/","name":"Rightway Asia","description":"Professional refrigeration solutions","publisher":{"@id":"https:\/\/www.rightwayasia.com\/#organization"},"potentialAction":[{"@type":"SearchAction","target":{"@type":"EntryPoint","urlTemplate":"https:\/\/www.rightwayasia.com\/?s={search_term_string}"},"query-input":"required name=search_term_string"}],"inLanguage":"de"},{"@type":"Organization","@id":"https:\/\/www.rightwayasia.com\/#organization","name":"Rightway Asia","url":"https:\/\/www.rightwayasia.com\/","logo":{"@type":"ImageObject","inLanguage":"de","@id":"https:\/\/www.rightwayasia.com\/#\/schema\/logo\/image\/","url":"https:\/\/www.rightwayasia.com\/wp-content\/uploads\/2021\/08\/RWA-RED-1-2048x591-2.png","contentUrl":"https:\/\/www.rightwayasia.com\/wp-content\/uploads\/2021\/08\/RWA-RED-1-2048x591-2.png","width":2048,"height":591,"caption":"Rightway Asia"},"image":{"@id":"https:\/\/www.rightwayasia.com\/#\/schema\/logo\/image\/"}}]}},"_links":{"self":[{"href":"https:\/\/www.rightwayasia.com\/de\/wp-json\/wp\/v2\/product\/4343746"}],"collection":[{"href":"https:\/\/www.rightwayasia.com\/de\/wp-json\/wp\/v2\/product"}],"about":[{"href":"https:\/\/www.rightwayasia.com\/de\/wp-json\/wp\/v2\/types\/product"}],"wp:featuredmedia":[{"embeddable":true,"href":"https:\/\/www.rightwayasia.com\/de\/wp-json\/wp\/v2\/media\/8256923"}],"wp:attachment":[{"href":"https:\/\/www.rightwayasia.com\/de\/wp-json\/wp\/v2\/media?parent=4343746"}],"wp:term":[{"taxonomy":"product_cat","embeddable":true,"href":"https:\/\/www.rightwayasia.com\/de\/wp-json\/wp\/v2\/product_cat?post=4343746"},{"taxonomy":"product_tag","embeddable":true,"href":"https:\/\/www.rightwayasia.com\/de\/wp-json\/wp\/v2\/product_tag?post=4343746"}],"curies":[{"name":"wp","href":"https:\/\/api.w.org\/{rel}","templated":true}]}}