{"id":4343802,"date":"2023-04-12T18:34:08","date_gmt":"2023-04-12T18:34:08","guid":{"rendered":"https:\/\/www.rightwayasia.com\/product\/unkategorisiert\/rfg-750\/"},"modified":"2025-04-08T08:56:21","modified_gmt":"2025-04-08T08:56:21","slug":"rfg-750","status":"publish","type":"product","link":"https:\/\/www.rightwayasia.com\/de\/product\/tiefkhler\/tiefkhlschrnke\/rfg-750\/","title":{"rendered":"RFG 750"},"content":{"rendered":"<p>560l Glast\u00fcrtiefk\u00fchlschrank<br \/>\nWei\u00dfes Stahlblech au\u00dfen und innen<br \/>\nUmluftk\u00fchlung<br \/>\nHei\u00dfgasabtauung<br \/>\nIsolierungsmaterial Cyclopentane (60mm &#8211; FCKW frei)<br \/>\nDigitales Thermostat<br \/>\nSeperater Hauptschalter<br \/>\nVertikale LED Beleuchtung im Inneren (mit seperatem Schalter)<br \/>\nherausnehmbare T\u00fcrdichtung<br \/>\nBeheizte Glast\u00fcr mit dreifach geh\u00e4rtetem Sicherheitsglas und Argongas<br \/>\nSelbstschlie\u00dfende T\u00fcr<br \/>\nSchloss als Standard und externer quadratischer Griff<br \/>\nH\u00f6henverstellbare Einsch\u00fcbe (6 St\u00fcck)<br \/>\nSicherstellen von Luftzirkulation durch Abstandshalter<br \/>\n4 Lenkrollen f\u00fcr einfaches Platzieren<br \/>\nEnergieeffizienzklasse: C<\/p>\n<p>&nbsp;<\/p>\n","protected":false},"excerpt":{"rendered":"<p>560l Glast\u00fcrtiefk\u00fchlschrank Wei\u00dfes Stahlblech au\u00dfen und innen Umluftk\u00fchlung Hei\u00dfgasabtauung Isolierungsmaterial Cyclopentane (60mm &#8211; FCKW frei) Digitales Thermostat Seperater Hauptschalter Vertikale LED Beleuchtung im Inneren (mit seperatem Schalter) herausnehmbare T\u00fcrdichtung Beheizte Glast\u00fcr mit dreifach geh\u00e4rtetem Sicherheitsglas und Argongas Selbstschlie\u00dfende T\u00fcr Schloss als Standard und externer quadratischer Griff H\u00f6henverstellbare Einsch\u00fcbe (6 St\u00fcck) Sicherstellen von Luftzirkulation durch Abstandshalter [&hellip;]<\/p>\n","protected":false},"featured_media":8257026,"template":"","meta":{"_acf_changed":false},"product_cat":[11706,11704],"product_tag":[],"acf":[],"yoast_head":"<!-- This site is optimized with the Yoast SEO plugin v22.2 - https:\/\/yoast.com\/wordpress\/plugins\/seo\/ -->\n<title>RFG 750 - Rightway Asia<\/title>\n<meta name=\"robots\" content=\"index, follow, max-snippet:-1, max-image-preview:large, max-video-preview:-1\" \/>\n<link rel=\"canonical\" href=\"https:\/\/www.rightwayasia.com\/de\/product\/tiefkhler\/tiefkhlschrnke\/rfg-750\/\" \/>\n<meta property=\"og:locale\" content=\"de_DE\" \/>\n<meta property=\"og:type\" content=\"article\" \/>\n<meta property=\"og:title\" content=\"RFG 750 - Rightway Asia\" \/>\n<meta property=\"og:description\" content=\"560l Glast\u00fcrtiefk\u00fchlschrank Wei\u00dfes Stahlblech au\u00dfen und innen Umluftk\u00fchlung Hei\u00dfgasabtauung Isolierungsmaterial Cyclopentane (60mm &#8211; FCKW frei) Digitales Thermostat Seperater Hauptschalter Vertikale LED Beleuchtung im Inneren (mit seperatem Schalter) herausnehmbare T\u00fcrdichtung Beheizte Glast\u00fcr mit dreifach geh\u00e4rtetem Sicherheitsglas und Argongas Selbstschlie\u00dfende T\u00fcr Schloss als Standard und externer quadratischer Griff H\u00f6henverstellbare Einsch\u00fcbe (6 St\u00fcck) Sicherstellen von Luftzirkulation durch Abstandshalter [&hellip;]\" \/>\n<meta property=\"og:url\" content=\"https:\/\/www.rightwayasia.com\/de\/product\/tiefkhler\/tiefkhlschrnke\/rfg-750\/\" \/>\n<meta property=\"og:site_name\" content=\"Rightway Asia\" \/>\n<meta property=\"article:modified_time\" content=\"2025-04-08T08:56:21+00:00\" \/>\n<meta property=\"og:image\" content=\"https:\/\/www.rightwayasia.com\/wp-content\/uploads\/2025\/04\/RFG-750-CORPO_CH_LOW.png\" \/>\n\t<meta property=\"og:image:width\" content=\"294\" \/>\n\t<meta property=\"og:image:height\" content=\"567\" \/>\n\t<meta property=\"og:image:type\" content=\"image\/png\" \/>\n<meta name=\"twitter:card\" content=\"summary_large_image\" \/>\n<script type=\"application\/ld+json\" class=\"yoast-schema-graph\">{\"@context\":\"https:\/\/schema.org\",\"@graph\":[{\"@type\":\"WebPage\",\"@id\":\"https:\/\/www.rightwayasia.com\/de\/product\/tiefkhler\/tiefkhlschrnke\/rfg-750\/\",\"url\":\"https:\/\/www.rightwayasia.com\/de\/product\/tiefkhler\/tiefkhlschrnke\/rfg-750\/\",\"name\":\"RFG 750 - Rightway Asia\",\"isPartOf\":{\"@id\":\"https:\/\/www.rightwayasia.com\/#website\"},\"primaryImageOfPage\":{\"@id\":\"https:\/\/www.rightwayasia.com\/de\/product\/tiefkhler\/tiefkhlschrnke\/rfg-750\/#primaryimage\"},\"image\":{\"@id\":\"https:\/\/www.rightwayasia.com\/de\/product\/tiefkhler\/tiefkhlschrnke\/rfg-750\/#primaryimage\"},\"thumbnailUrl\":\"https:\/\/www.rightwayasia.com\/wp-content\/uploads\/2026\/03\/RFG-750-CORPO_CH_LOW.png\",\"datePublished\":\"2023-04-12T18:34:08+00:00\",\"dateModified\":\"2025-04-08T08:56:21+00:00\",\"breadcrumb\":{\"@id\":\"https:\/\/www.rightwayasia.com\/de\/product\/tiefkhler\/tiefkhlschrnke\/rfg-750\/#breadcrumb\"},\"inLanguage\":\"de\",\"potentialAction\":[{\"@type\":\"ReadAction\",\"target\":[\"https:\/\/www.rightwayasia.com\/de\/product\/tiefkhler\/tiefkhlschrnke\/rfg-750\/\"]}]},{\"@type\":\"ImageObject\",\"inLanguage\":\"de\",\"@id\":\"https:\/\/www.rightwayasia.com\/de\/product\/tiefkhler\/tiefkhlschrnke\/rfg-750\/#primaryimage\",\"url\":\"https:\/\/www.rightwayasia.com\/wp-content\/uploads\/2026\/03\/RFG-750-CORPO_CH_LOW.png\",\"contentUrl\":\"https:\/\/www.rightwayasia.com\/wp-content\/uploads\/2026\/03\/RFG-750-CORPO_CH_LOW.png\",\"width\":294,\"height\":567,\"caption\":\"Image of RFG 750\"},{\"@type\":\"BreadcrumbList\",\"@id\":\"https:\/\/www.rightwayasia.com\/de\/product\/tiefkhler\/tiefkhlschrnke\/rfg-750\/#breadcrumb\",\"itemListElement\":[{\"@type\":\"ListItem\",\"position\":1,\"name\":\"Home\",\"item\":\"https:\/\/www.rightwayasia.com\/de\/\"},{\"@type\":\"ListItem\",\"position\":2,\"name\":\"Suche\",\"item\":\"https:\/\/www.rightwayasia.com\/de\/suche\/\"},{\"@type\":\"ListItem\",\"position\":3,\"name\":\"RFG 750\"}]},{\"@type\":\"WebSite\",\"@id\":\"https:\/\/www.rightwayasia.com\/#website\",\"url\":\"https:\/\/www.rightwayasia.com\/\",\"name\":\"Rightway Asia\",\"description\":\"Professional refrigeration solutions\",\"publisher\":{\"@id\":\"https:\/\/www.rightwayasia.com\/#organization\"},\"potentialAction\":[{\"@type\":\"SearchAction\",\"target\":{\"@type\":\"EntryPoint\",\"urlTemplate\":\"https:\/\/www.rightwayasia.com\/?s={search_term_string}\"},\"query-input\":\"required name=search_term_string\"}],\"inLanguage\":\"de\"},{\"@type\":\"Organization\",\"@id\":\"https:\/\/www.rightwayasia.com\/#organization\",\"name\":\"Rightway Asia\",\"url\":\"https:\/\/www.rightwayasia.com\/\",\"logo\":{\"@type\":\"ImageObject\",\"inLanguage\":\"de\",\"@id\":\"https:\/\/www.rightwayasia.com\/#\/schema\/logo\/image\/\",\"url\":\"https:\/\/www.rightwayasia.com\/wp-content\/uploads\/2021\/08\/RWA-RED-1-2048x591-2.png\",\"contentUrl\":\"https:\/\/www.rightwayasia.com\/wp-content\/uploads\/2021\/08\/RWA-RED-1-2048x591-2.png\",\"width\":2048,\"height\":591,\"caption\":\"Rightway Asia\"},\"image\":{\"@id\":\"https:\/\/www.rightwayasia.com\/#\/schema\/logo\/image\/\"}}]}<\/script>\n<!-- \/ Yoast SEO plugin. -->","yoast_head_json":{"title":"RFG 750 - Rightway Asia","robots":{"index":"index","follow":"follow","max-snippet":"max-snippet:-1","max-image-preview":"max-image-preview:large","max-video-preview":"max-video-preview:-1"},"canonical":"https:\/\/www.rightwayasia.com\/de\/product\/tiefkhler\/tiefkhlschrnke\/rfg-750\/","og_locale":"de_DE","og_type":"article","og_title":"RFG 750 - Rightway Asia","og_description":"560l Glast\u00fcrtiefk\u00fchlschrank Wei\u00dfes Stahlblech au\u00dfen und innen Umluftk\u00fchlung Hei\u00dfgasabtauung Isolierungsmaterial Cyclopentane (60mm &#8211; FCKW frei) Digitales Thermostat Seperater Hauptschalter Vertikale LED Beleuchtung im Inneren (mit seperatem Schalter) herausnehmbare T\u00fcrdichtung Beheizte Glast\u00fcr mit dreifach geh\u00e4rtetem Sicherheitsglas und Argongas Selbstschlie\u00dfende T\u00fcr Schloss als Standard und externer quadratischer Griff H\u00f6henverstellbare Einsch\u00fcbe (6 St\u00fcck) Sicherstellen von Luftzirkulation durch Abstandshalter [&hellip;]","og_url":"https:\/\/www.rightwayasia.com\/de\/product\/tiefkhler\/tiefkhlschrnke\/rfg-750\/","og_site_name":"Rightway Asia","article_modified_time":"2025-04-08T08:56:21+00:00","og_image":[{"width":294,"height":567,"url":"https:\/\/www.rightwayasia.com\/wp-content\/uploads\/2025\/04\/RFG-750-CORPO_CH_LOW.png","type":"image\/png"}],"twitter_card":"summary_large_image","schema":{"@context":"https:\/\/schema.org","@graph":[{"@type":"WebPage","@id":"https:\/\/www.rightwayasia.com\/de\/product\/tiefkhler\/tiefkhlschrnke\/rfg-750\/","url":"https:\/\/www.rightwayasia.com\/de\/product\/tiefkhler\/tiefkhlschrnke\/rfg-750\/","name":"RFG 750 - Rightway Asia","isPartOf":{"@id":"https:\/\/www.rightwayasia.com\/#website"},"primaryImageOfPage":{"@id":"https:\/\/www.rightwayasia.com\/de\/product\/tiefkhler\/tiefkhlschrnke\/rfg-750\/#primaryimage"},"image":{"@id":"https:\/\/www.rightwayasia.com\/de\/product\/tiefkhler\/tiefkhlschrnke\/rfg-750\/#primaryimage"},"thumbnailUrl":"https:\/\/www.rightwayasia.com\/wp-content\/uploads\/2026\/03\/RFG-750-CORPO_CH_LOW.png","datePublished":"2023-04-12T18:34:08+00:00","dateModified":"2025-04-08T08:56:21+00:00","breadcrumb":{"@id":"https:\/\/www.rightwayasia.com\/de\/product\/tiefkhler\/tiefkhlschrnke\/rfg-750\/#breadcrumb"},"inLanguage":"de","potentialAction":[{"@type":"ReadAction","target":["https:\/\/www.rightwayasia.com\/de\/product\/tiefkhler\/tiefkhlschrnke\/rfg-750\/"]}]},{"@type":"ImageObject","inLanguage":"de","@id":"https:\/\/www.rightwayasia.com\/de\/product\/tiefkhler\/tiefkhlschrnke\/rfg-750\/#primaryimage","url":"https:\/\/www.rightwayasia.com\/wp-content\/uploads\/2026\/03\/RFG-750-CORPO_CH_LOW.png","contentUrl":"https:\/\/www.rightwayasia.com\/wp-content\/uploads\/2026\/03\/RFG-750-CORPO_CH_LOW.png","width":294,"height":567,"caption":"Image of RFG 750"},{"@type":"BreadcrumbList","@id":"https:\/\/www.rightwayasia.com\/de\/product\/tiefkhler\/tiefkhlschrnke\/rfg-750\/#breadcrumb","itemListElement":[{"@type":"ListItem","position":1,"name":"Home","item":"https:\/\/www.rightwayasia.com\/de\/"},{"@type":"ListItem","position":2,"name":"Suche","item":"https:\/\/www.rightwayasia.com\/de\/suche\/"},{"@type":"ListItem","position":3,"name":"RFG 750"}]},{"@type":"WebSite","@id":"https:\/\/www.rightwayasia.com\/#website","url":"https:\/\/www.rightwayasia.com\/","name":"Rightway Asia","description":"Professional refrigeration solutions","publisher":{"@id":"https:\/\/www.rightwayasia.com\/#organization"},"potentialAction":[{"@type":"SearchAction","target":{"@type":"EntryPoint","urlTemplate":"https:\/\/www.rightwayasia.com\/?s={search_term_string}"},"query-input":"required name=search_term_string"}],"inLanguage":"de"},{"@type":"Organization","@id":"https:\/\/www.rightwayasia.com\/#organization","name":"Rightway Asia","url":"https:\/\/www.rightwayasia.com\/","logo":{"@type":"ImageObject","inLanguage":"de","@id":"https:\/\/www.rightwayasia.com\/#\/schema\/logo\/image\/","url":"https:\/\/www.rightwayasia.com\/wp-content\/uploads\/2021\/08\/RWA-RED-1-2048x591-2.png","contentUrl":"https:\/\/www.rightwayasia.com\/wp-content\/uploads\/2021\/08\/RWA-RED-1-2048x591-2.png","width":2048,"height":591,"caption":"Rightway Asia"},"image":{"@id":"https:\/\/www.rightwayasia.com\/#\/schema\/logo\/image\/"}}]}},"_links":{"self":[{"href":"https:\/\/www.rightwayasia.com\/de\/wp-json\/wp\/v2\/product\/4343802"}],"collection":[{"href":"https:\/\/www.rightwayasia.com\/de\/wp-json\/wp\/v2\/product"}],"about":[{"href":"https:\/\/www.rightwayasia.com\/de\/wp-json\/wp\/v2\/types\/product"}],"wp:featuredmedia":[{"embeddable":true,"href":"https:\/\/www.rightwayasia.com\/de\/wp-json\/wp\/v2\/media\/8257026"}],"wp:attachment":[{"href":"https:\/\/www.rightwayasia.com\/de\/wp-json\/wp\/v2\/media?parent=4343802"}],"wp:term":[{"taxonomy":"product_cat","embeddable":true,"href":"https:\/\/www.rightwayasia.com\/de\/wp-json\/wp\/v2\/product_cat?post=4343802"},{"taxonomy":"product_tag","embeddable":true,"href":"https:\/\/www.rightwayasia.com\/de\/wp-json\/wp\/v2\/product_tag?post=4343802"}],"curies":[{"name":"wp","href":"https:\/\/api.w.org\/{rel}","templated":true}]}}