{"id":4343880,"date":"2023-04-12T18:35:51","date_gmt":"2023-04-12T18:35:51","guid":{"rendered":"https:\/\/www.rightwayasia.com\/product\/unkategorisiert\/hn-80\/"},"modified":"2025-04-06T09:16:41","modified_gmt":"2025-04-06T09:16:41","slug":"hn-80","status":"publish","type":"product","link":"https:\/\/www.rightwayasia.com\/de\/product\/tiefkhler\/tiefkhltruhen\/hn-80\/","title":{"rendered":"HN 80"},"content":{"rendered":"<p>80l Dosentiefk\u00fchler mit Glasdeckel<br \/>\nSchwarzer Blechstahl au\u00dfen, grau lackierter Stahl innen<br \/>\nStatische K\u00fchlung<br \/>\nManuelle Abtauung<br \/>\nIsolierungsmaterial Cyclopentane (60mm &#8211; FCKW frei)<br \/>\nGriff im T\u00fcrprofil integriert<br \/>\nEinzeles Sicherheitsglas (Low-E)<br \/>\nAbstandshalter inklusive<br \/>\n4 H\u00f6henverstellbare Edelstahlf\u00fc\u00dfe &#8211; Lenkrollen mit Feststellbremse optional<br \/>\nEnergieeffizienzklasse: D<\/p>\n<p>&nbsp;<\/p>\n","protected":false},"excerpt":{"rendered":"<p>Praktisch, zuverl\u00e4ssig und langlebig wurde diese Gefriertruhe mit zylindrischer Form und Glasdeckel f\u00fcr die einfache Aufbewahrung und Verwaltung von Speiseeis entworfen. Ausgestattet mit einem statischen K\u00fchlsystem, Griff am Glasrahmen, Innenabstandshalter, ist das Modell HN 80 auch dank der 3 schwenkbaren R\u00e4der einfach zu bewegen.<\/p>\n","protected":false},"featured_media":8257096,"template":"","meta":{"_acf_changed":false},"product_cat":[11707,11704],"product_tag":[],"acf":[],"yoast_head":"<!-- This site is optimized with the Yoast SEO plugin v22.2 - https:\/\/yoast.com\/wordpress\/plugins\/seo\/ -->\n<title>HN 80 - Rightway Asia<\/title>\n<meta name=\"robots\" content=\"index, follow, max-snippet:-1, max-image-preview:large, max-video-preview:-1\" \/>\n<link rel=\"canonical\" href=\"https:\/\/www.rightwayasia.com\/de\/product\/tiefkhler\/tiefkhltruhen\/hn-80\/\" \/>\n<meta property=\"og:locale\" content=\"de_DE\" \/>\n<meta property=\"og:type\" content=\"article\" \/>\n<meta property=\"og:title\" content=\"HN 80 - Rightway Asia\" \/>\n<meta property=\"og:description\" content=\"Praktisch, zuverl\u00e4ssig und langlebig wurde diese Gefriertruhe mit zylindrischer Form und Glasdeckel f\u00fcr die einfache Aufbewahrung und Verwaltung von Speiseeis entworfen. Ausgestattet mit einem statischen K\u00fchlsystem, Griff am Glasrahmen, Innenabstandshalter, ist das Modell HN 80 auch dank der 3 schwenkbaren R\u00e4der einfach zu bewegen.\" \/>\n<meta property=\"og:url\" content=\"https:\/\/www.rightwayasia.com\/de\/product\/tiefkhler\/tiefkhltruhen\/hn-80\/\" \/>\n<meta property=\"og:site_name\" content=\"Rightway Asia\" \/>\n<meta property=\"article:modified_time\" content=\"2025-04-06T09:16:41+00:00\" \/>\n<meta property=\"og:image\" content=\"https:\/\/www.rightwayasia.com\/wp-content\/uploads\/2025\/04\/HN-80-CORPO_CH_LOW.png\" \/>\n\t<meta property=\"og:image:width\" content=\"367\" \/>\n\t<meta property=\"og:image:height\" content=\"548\" \/>\n\t<meta property=\"og:image:type\" content=\"image\/png\" \/>\n<meta name=\"twitter:card\" content=\"summary_large_image\" \/>\n<script type=\"application\/ld+json\" class=\"yoast-schema-graph\">{\"@context\":\"https:\/\/schema.org\",\"@graph\":[{\"@type\":\"WebPage\",\"@id\":\"https:\/\/www.rightwayasia.com\/de\/product\/tiefkhler\/tiefkhltruhen\/hn-80\/\",\"url\":\"https:\/\/www.rightwayasia.com\/de\/product\/tiefkhler\/tiefkhltruhen\/hn-80\/\",\"name\":\"HN 80 - Rightway Asia\",\"isPartOf\":{\"@id\":\"https:\/\/www.rightwayasia.com\/#website\"},\"primaryImageOfPage\":{\"@id\":\"https:\/\/www.rightwayasia.com\/de\/product\/tiefkhler\/tiefkhltruhen\/hn-80\/#primaryimage\"},\"image\":{\"@id\":\"https:\/\/www.rightwayasia.com\/de\/product\/tiefkhler\/tiefkhltruhen\/hn-80\/#primaryimage\"},\"thumbnailUrl\":\"https:\/\/www.rightwayasia.com\/wp-content\/uploads\/2026\/03\/HN-80-CORPO_CH_LOW.png\",\"datePublished\":\"2023-04-12T18:35:51+00:00\",\"dateModified\":\"2025-04-06T09:16:41+00:00\",\"breadcrumb\":{\"@id\":\"https:\/\/www.rightwayasia.com\/de\/product\/tiefkhler\/tiefkhltruhen\/hn-80\/#breadcrumb\"},\"inLanguage\":\"de\",\"potentialAction\":[{\"@type\":\"ReadAction\",\"target\":[\"https:\/\/www.rightwayasia.com\/de\/product\/tiefkhler\/tiefkhltruhen\/hn-80\/\"]}]},{\"@type\":\"ImageObject\",\"inLanguage\":\"de\",\"@id\":\"https:\/\/www.rightwayasia.com\/de\/product\/tiefkhler\/tiefkhltruhen\/hn-80\/#primaryimage\",\"url\":\"https:\/\/www.rightwayasia.com\/wp-content\/uploads\/2026\/03\/HN-80-CORPO_CH_LOW.png\",\"contentUrl\":\"https:\/\/www.rightwayasia.com\/wp-content\/uploads\/2026\/03\/HN-80-CORPO_CH_LOW.png\",\"width\":367,\"height\":548,\"caption\":\"Image of HN 80\"},{\"@type\":\"BreadcrumbList\",\"@id\":\"https:\/\/www.rightwayasia.com\/de\/product\/tiefkhler\/tiefkhltruhen\/hn-80\/#breadcrumb\",\"itemListElement\":[{\"@type\":\"ListItem\",\"position\":1,\"name\":\"Home\",\"item\":\"https:\/\/www.rightwayasia.com\/de\/\"},{\"@type\":\"ListItem\",\"position\":2,\"name\":\"Suche\",\"item\":\"https:\/\/www.rightwayasia.com\/de\/suche\/\"},{\"@type\":\"ListItem\",\"position\":3,\"name\":\"HN 80\"}]},{\"@type\":\"WebSite\",\"@id\":\"https:\/\/www.rightwayasia.com\/#website\",\"url\":\"https:\/\/www.rightwayasia.com\/\",\"name\":\"Rightway Asia\",\"description\":\"Professional refrigeration solutions\",\"publisher\":{\"@id\":\"https:\/\/www.rightwayasia.com\/#organization\"},\"potentialAction\":[{\"@type\":\"SearchAction\",\"target\":{\"@type\":\"EntryPoint\",\"urlTemplate\":\"https:\/\/www.rightwayasia.com\/?s={search_term_string}\"},\"query-input\":\"required name=search_term_string\"}],\"inLanguage\":\"de\"},{\"@type\":\"Organization\",\"@id\":\"https:\/\/www.rightwayasia.com\/#organization\",\"name\":\"Rightway Asia\",\"url\":\"https:\/\/www.rightwayasia.com\/\",\"logo\":{\"@type\":\"ImageObject\",\"inLanguage\":\"de\",\"@id\":\"https:\/\/www.rightwayasia.com\/#\/schema\/logo\/image\/\",\"url\":\"https:\/\/www.rightwayasia.com\/wp-content\/uploads\/2021\/08\/RWA-RED-1-2048x591-2.png\",\"contentUrl\":\"https:\/\/www.rightwayasia.com\/wp-content\/uploads\/2021\/08\/RWA-RED-1-2048x591-2.png\",\"width\":2048,\"height\":591,\"caption\":\"Rightway Asia\"},\"image\":{\"@id\":\"https:\/\/www.rightwayasia.com\/#\/schema\/logo\/image\/\"}}]}<\/script>\n<!-- \/ Yoast SEO plugin. -->","yoast_head_json":{"title":"HN 80 - Rightway Asia","robots":{"index":"index","follow":"follow","max-snippet":"max-snippet:-1","max-image-preview":"max-image-preview:large","max-video-preview":"max-video-preview:-1"},"canonical":"https:\/\/www.rightwayasia.com\/de\/product\/tiefkhler\/tiefkhltruhen\/hn-80\/","og_locale":"de_DE","og_type":"article","og_title":"HN 80 - Rightway Asia","og_description":"Praktisch, zuverl\u00e4ssig und langlebig wurde diese Gefriertruhe mit zylindrischer Form und Glasdeckel f\u00fcr die einfache Aufbewahrung und Verwaltung von Speiseeis entworfen. Ausgestattet mit einem statischen K\u00fchlsystem, Griff am Glasrahmen, Innenabstandshalter, ist das Modell HN 80 auch dank der 3 schwenkbaren R\u00e4der einfach zu bewegen.","og_url":"https:\/\/www.rightwayasia.com\/de\/product\/tiefkhler\/tiefkhltruhen\/hn-80\/","og_site_name":"Rightway Asia","article_modified_time":"2025-04-06T09:16:41+00:00","og_image":[{"width":367,"height":548,"url":"https:\/\/www.rightwayasia.com\/wp-content\/uploads\/2025\/04\/HN-80-CORPO_CH_LOW.png","type":"image\/png"}],"twitter_card":"summary_large_image","schema":{"@context":"https:\/\/schema.org","@graph":[{"@type":"WebPage","@id":"https:\/\/www.rightwayasia.com\/de\/product\/tiefkhler\/tiefkhltruhen\/hn-80\/","url":"https:\/\/www.rightwayasia.com\/de\/product\/tiefkhler\/tiefkhltruhen\/hn-80\/","name":"HN 80 - Rightway Asia","isPartOf":{"@id":"https:\/\/www.rightwayasia.com\/#website"},"primaryImageOfPage":{"@id":"https:\/\/www.rightwayasia.com\/de\/product\/tiefkhler\/tiefkhltruhen\/hn-80\/#primaryimage"},"image":{"@id":"https:\/\/www.rightwayasia.com\/de\/product\/tiefkhler\/tiefkhltruhen\/hn-80\/#primaryimage"},"thumbnailUrl":"https:\/\/www.rightwayasia.com\/wp-content\/uploads\/2026\/03\/HN-80-CORPO_CH_LOW.png","datePublished":"2023-04-12T18:35:51+00:00","dateModified":"2025-04-06T09:16:41+00:00","breadcrumb":{"@id":"https:\/\/www.rightwayasia.com\/de\/product\/tiefkhler\/tiefkhltruhen\/hn-80\/#breadcrumb"},"inLanguage":"de","potentialAction":[{"@type":"ReadAction","target":["https:\/\/www.rightwayasia.com\/de\/product\/tiefkhler\/tiefkhltruhen\/hn-80\/"]}]},{"@type":"ImageObject","inLanguage":"de","@id":"https:\/\/www.rightwayasia.com\/de\/product\/tiefkhler\/tiefkhltruhen\/hn-80\/#primaryimage","url":"https:\/\/www.rightwayasia.com\/wp-content\/uploads\/2026\/03\/HN-80-CORPO_CH_LOW.png","contentUrl":"https:\/\/www.rightwayasia.com\/wp-content\/uploads\/2026\/03\/HN-80-CORPO_CH_LOW.png","width":367,"height":548,"caption":"Image of HN 80"},{"@type":"BreadcrumbList","@id":"https:\/\/www.rightwayasia.com\/de\/product\/tiefkhler\/tiefkhltruhen\/hn-80\/#breadcrumb","itemListElement":[{"@type":"ListItem","position":1,"name":"Home","item":"https:\/\/www.rightwayasia.com\/de\/"},{"@type":"ListItem","position":2,"name":"Suche","item":"https:\/\/www.rightwayasia.com\/de\/suche\/"},{"@type":"ListItem","position":3,"name":"HN 80"}]},{"@type":"WebSite","@id":"https:\/\/www.rightwayasia.com\/#website","url":"https:\/\/www.rightwayasia.com\/","name":"Rightway Asia","description":"Professional refrigeration solutions","publisher":{"@id":"https:\/\/www.rightwayasia.com\/#organization"},"potentialAction":[{"@type":"SearchAction","target":{"@type":"EntryPoint","urlTemplate":"https:\/\/www.rightwayasia.com\/?s={search_term_string}"},"query-input":"required name=search_term_string"}],"inLanguage":"de"},{"@type":"Organization","@id":"https:\/\/www.rightwayasia.com\/#organization","name":"Rightway Asia","url":"https:\/\/www.rightwayasia.com\/","logo":{"@type":"ImageObject","inLanguage":"de","@id":"https:\/\/www.rightwayasia.com\/#\/schema\/logo\/image\/","url":"https:\/\/www.rightwayasia.com\/wp-content\/uploads\/2021\/08\/RWA-RED-1-2048x591-2.png","contentUrl":"https:\/\/www.rightwayasia.com\/wp-content\/uploads\/2021\/08\/RWA-RED-1-2048x591-2.png","width":2048,"height":591,"caption":"Rightway Asia"},"image":{"@id":"https:\/\/www.rightwayasia.com\/#\/schema\/logo\/image\/"}}]}},"_links":{"self":[{"href":"https:\/\/www.rightwayasia.com\/de\/wp-json\/wp\/v2\/product\/4343880"}],"collection":[{"href":"https:\/\/www.rightwayasia.com\/de\/wp-json\/wp\/v2\/product"}],"about":[{"href":"https:\/\/www.rightwayasia.com\/de\/wp-json\/wp\/v2\/types\/product"}],"wp:featuredmedia":[{"embeddable":true,"href":"https:\/\/www.rightwayasia.com\/de\/wp-json\/wp\/v2\/media\/8257096"}],"wp:attachment":[{"href":"https:\/\/www.rightwayasia.com\/de\/wp-json\/wp\/v2\/media?parent=4343880"}],"wp:term":[{"taxonomy":"product_cat","embeddable":true,"href":"https:\/\/www.rightwayasia.com\/de\/wp-json\/wp\/v2\/product_cat?post=4343880"},{"taxonomy":"product_tag","embeddable":true,"href":"https:\/\/www.rightwayasia.com\/de\/wp-json\/wp\/v2\/product_tag?post=4343880"}],"curies":[{"name":"wp","href":"https:\/\/api.w.org\/{rel}","templated":true}]}}