{"id":4343910,"date":"2023-04-12T18:36:29","date_gmt":"2023-04-12T18:36:29","guid":{"rendered":"https:\/\/www.rightwayasia.com\/product\/unkategorisiert\/rcs-85b\/"},"modified":"2025-04-06T09:20:26","modified_gmt":"2025-04-06T09:20:26","slug":"rcs-85b","status":"publish","type":"product","link":"https:\/\/www.rightwayasia.com\/de\/product\/weinkhlung\/khl-tiefkhlschrnke-weinkhlung\/rcs-85b\/","title":{"rendered":"RCS 85B"},"content":{"rendered":"<p>85l Weink\u00fchlschrank (freistehend)<br \/>\nSchwarzer Blechstahl au\u00dfen, schwarz thermogeformt innen<br \/>\nRoll-bond Verdampfer<br \/>\nAutomatische Abtauung durch Kompressor Stop<br \/>\nIsolierungsmaterial Cyclopentane (30mm &#8211; FCKW frei)<br \/>\nMechanisches Thermostat<br \/>\nherausnehmbare T\u00fcrdichtung<br \/>\nHorizontale LED Beleuchtung im Inneren (mit seperatem Schalter)<br \/>\nT\u00fcrschlo\u00df als Standard<br \/>\nDoppeltes Sicherheitsglas<br \/>\nTransparentes Glas<br \/>\nH\u00f6henverstellbare, verchromte Einsch\u00fcbe (3 St\u00fcck) und verchromter Korb (1 St\u00fcck)<br \/>\n4 H\u00f6henverstellbare F\u00fc\u00dfe<br \/>\nEnergieeffizienzklasse: C<\/p>\n<p>&nbsp;<\/p>\n","protected":false},"excerpt":{"rendered":"<p>85l Weink\u00fchlschrank (freistehend) Schwarzer Blechstahl au\u00dfen, schwarz thermogeformt innen Roll-bond Verdampfer Automatische Abtauung durch Kompressor Stop Isolierungsmaterial Cyclopentane (30mm &#8211; FCKW frei) Mechanisches Thermostat herausnehmbare T\u00fcrdichtung Horizontale LED Beleuchtung im Inneren (mit seperatem Schalter) T\u00fcrschlo\u00df als Standard Doppeltes Sicherheitsglas Transparentes Glas H\u00f6henverstellbare, verchromte Einsch\u00fcbe (3 St\u00fcck) und verchromter Korb (1 St\u00fcck) 4 H\u00f6henverstellbare F\u00fc\u00dfe Energieeffizienzklasse: [&hellip;]<\/p>\n","protected":false},"featured_media":8247605,"template":"","meta":{"_acf_changed":false},"product_cat":[15892,11708],"product_tag":[],"acf":[],"yoast_head":"<!-- This site is optimized with the Yoast SEO plugin v22.2 - https:\/\/yoast.com\/wordpress\/plugins\/seo\/ -->\n<title>RCS 85B - Rightway Asia<\/title>\n<meta name=\"robots\" content=\"index, follow, max-snippet:-1, max-image-preview:large, max-video-preview:-1\" \/>\n<link rel=\"canonical\" href=\"https:\/\/www.rightwayasia.com\/de\/product\/weinkhlung\/khl-tiefkhlschrnke-weinkhlung\/rcs-85b\/\" \/>\n<meta property=\"og:locale\" content=\"de_DE\" \/>\n<meta property=\"og:type\" content=\"article\" \/>\n<meta property=\"og:title\" content=\"RCS 85B - Rightway Asia\" \/>\n<meta property=\"og:description\" content=\"85l Weink\u00fchlschrank (freistehend) Schwarzer Blechstahl au\u00dfen, schwarz thermogeformt innen Roll-bond Verdampfer Automatische Abtauung durch Kompressor Stop Isolierungsmaterial Cyclopentane (30mm &#8211; FCKW frei) Mechanisches Thermostat herausnehmbare T\u00fcrdichtung Horizontale LED Beleuchtung im Inneren (mit seperatem Schalter) T\u00fcrschlo\u00df als Standard Doppeltes Sicherheitsglas Transparentes Glas H\u00f6henverstellbare, verchromte Einsch\u00fcbe (3 St\u00fcck) und verchromter Korb (1 St\u00fcck) 4 H\u00f6henverstellbare F\u00fc\u00dfe Energieeffizienzklasse: [&hellip;]\" \/>\n<meta property=\"og:url\" content=\"https:\/\/www.rightwayasia.com\/de\/product\/weinkhlung\/khl-tiefkhlschrnke-weinkhlung\/rcs-85b\/\" \/>\n<meta property=\"og:site_name\" content=\"Rightway Asia\" \/>\n<meta property=\"article:modified_time\" content=\"2025-04-06T09:20:26+00:00\" \/>\n<meta property=\"og:image\" content=\"https:\/\/www.rightwayasia.com\/wp-content\/uploads\/2025\/04\/RCS-85B-CORPO_CH_LOW.png\" \/>\n\t<meta property=\"og:image:width\" content=\"249\" \/>\n\t<meta property=\"og:image:height\" content=\"330\" \/>\n\t<meta property=\"og:image:type\" content=\"image\/png\" \/>\n<meta name=\"twitter:card\" content=\"summary_large_image\" \/>\n<script type=\"application\/ld+json\" class=\"yoast-schema-graph\">{\"@context\":\"https:\/\/schema.org\",\"@graph\":[{\"@type\":\"WebPage\",\"@id\":\"https:\/\/www.rightwayasia.com\/de\/product\/weinkhlung\/khl-tiefkhlschrnke-weinkhlung\/rcs-85b\/\",\"url\":\"https:\/\/www.rightwayasia.com\/de\/product\/weinkhlung\/khl-tiefkhlschrnke-weinkhlung\/rcs-85b\/\",\"name\":\"RCS 85B - Rightway Asia\",\"isPartOf\":{\"@id\":\"https:\/\/www.rightwayasia.com\/#website\"},\"primaryImageOfPage\":{\"@id\":\"https:\/\/www.rightwayasia.com\/de\/product\/weinkhlung\/khl-tiefkhlschrnke-weinkhlung\/rcs-85b\/#primaryimage\"},\"image\":{\"@id\":\"https:\/\/www.rightwayasia.com\/de\/product\/weinkhlung\/khl-tiefkhlschrnke-weinkhlung\/rcs-85b\/#primaryimage\"},\"thumbnailUrl\":\"https:\/\/www.rightwayasia.com\/wp-content\/uploads\/2026\/03\/RCS-85B-CORPO_CH_LOW.png\",\"datePublished\":\"2023-04-12T18:36:29+00:00\",\"dateModified\":\"2025-04-06T09:20:26+00:00\",\"breadcrumb\":{\"@id\":\"https:\/\/www.rightwayasia.com\/de\/product\/weinkhlung\/khl-tiefkhlschrnke-weinkhlung\/rcs-85b\/#breadcrumb\"},\"inLanguage\":\"de\",\"potentialAction\":[{\"@type\":\"ReadAction\",\"target\":[\"https:\/\/www.rightwayasia.com\/de\/product\/weinkhlung\/khl-tiefkhlschrnke-weinkhlung\/rcs-85b\/\"]}]},{\"@type\":\"ImageObject\",\"inLanguage\":\"de\",\"@id\":\"https:\/\/www.rightwayasia.com\/de\/product\/weinkhlung\/khl-tiefkhlschrnke-weinkhlung\/rcs-85b\/#primaryimage\",\"url\":\"https:\/\/www.rightwayasia.com\/wp-content\/uploads\/2026\/03\/RCS-85B-CORPO_CH_LOW.png\",\"contentUrl\":\"https:\/\/www.rightwayasia.com\/wp-content\/uploads\/2026\/03\/RCS-85B-CORPO_CH_LOW.png\",\"width\":249,\"height\":330,\"caption\":\"Image of RCS 85B\"},{\"@type\":\"BreadcrumbList\",\"@id\":\"https:\/\/www.rightwayasia.com\/de\/product\/weinkhlung\/khl-tiefkhlschrnke-weinkhlung\/rcs-85b\/#breadcrumb\",\"itemListElement\":[{\"@type\":\"ListItem\",\"position\":1,\"name\":\"Home\",\"item\":\"https:\/\/www.rightwayasia.com\/de\/\"},{\"@type\":\"ListItem\",\"position\":2,\"name\":\"Suche\",\"item\":\"https:\/\/www.rightwayasia.com\/de\/suche\/\"},{\"@type\":\"ListItem\",\"position\":3,\"name\":\"RCS 85B\"}]},{\"@type\":\"WebSite\",\"@id\":\"https:\/\/www.rightwayasia.com\/#website\",\"url\":\"https:\/\/www.rightwayasia.com\/\",\"name\":\"Rightway Asia\",\"description\":\"Professional refrigeration solutions\",\"publisher\":{\"@id\":\"https:\/\/www.rightwayasia.com\/#organization\"},\"potentialAction\":[{\"@type\":\"SearchAction\",\"target\":{\"@type\":\"EntryPoint\",\"urlTemplate\":\"https:\/\/www.rightwayasia.com\/?s={search_term_string}\"},\"query-input\":\"required name=search_term_string\"}],\"inLanguage\":\"de\"},{\"@type\":\"Organization\",\"@id\":\"https:\/\/www.rightwayasia.com\/#organization\",\"name\":\"Rightway Asia\",\"url\":\"https:\/\/www.rightwayasia.com\/\",\"logo\":{\"@type\":\"ImageObject\",\"inLanguage\":\"de\",\"@id\":\"https:\/\/www.rightwayasia.com\/#\/schema\/logo\/image\/\",\"url\":\"https:\/\/www.rightwayasia.com\/wp-content\/uploads\/2021\/08\/RWA-RED-1-2048x591-2.png\",\"contentUrl\":\"https:\/\/www.rightwayasia.com\/wp-content\/uploads\/2021\/08\/RWA-RED-1-2048x591-2.png\",\"width\":2048,\"height\":591,\"caption\":\"Rightway Asia\"},\"image\":{\"@id\":\"https:\/\/www.rightwayasia.com\/#\/schema\/logo\/image\/\"}}]}<\/script>\n<!-- \/ Yoast SEO plugin. -->","yoast_head_json":{"title":"RCS 85B - Rightway Asia","robots":{"index":"index","follow":"follow","max-snippet":"max-snippet:-1","max-image-preview":"max-image-preview:large","max-video-preview":"max-video-preview:-1"},"canonical":"https:\/\/www.rightwayasia.com\/de\/product\/weinkhlung\/khl-tiefkhlschrnke-weinkhlung\/rcs-85b\/","og_locale":"de_DE","og_type":"article","og_title":"RCS 85B - Rightway Asia","og_description":"85l Weink\u00fchlschrank (freistehend) Schwarzer Blechstahl au\u00dfen, schwarz thermogeformt innen Roll-bond Verdampfer Automatische Abtauung durch Kompressor Stop Isolierungsmaterial Cyclopentane (30mm &#8211; FCKW frei) Mechanisches Thermostat herausnehmbare T\u00fcrdichtung Horizontale LED Beleuchtung im Inneren (mit seperatem Schalter) T\u00fcrschlo\u00df als Standard Doppeltes Sicherheitsglas Transparentes Glas H\u00f6henverstellbare, verchromte Einsch\u00fcbe (3 St\u00fcck) und verchromter Korb (1 St\u00fcck) 4 H\u00f6henverstellbare F\u00fc\u00dfe Energieeffizienzklasse: [&hellip;]","og_url":"https:\/\/www.rightwayasia.com\/de\/product\/weinkhlung\/khl-tiefkhlschrnke-weinkhlung\/rcs-85b\/","og_site_name":"Rightway Asia","article_modified_time":"2025-04-06T09:20:26+00:00","og_image":[{"width":249,"height":330,"url":"https:\/\/www.rightwayasia.com\/wp-content\/uploads\/2025\/04\/RCS-85B-CORPO_CH_LOW.png","type":"image\/png"}],"twitter_card":"summary_large_image","schema":{"@context":"https:\/\/schema.org","@graph":[{"@type":"WebPage","@id":"https:\/\/www.rightwayasia.com\/de\/product\/weinkhlung\/khl-tiefkhlschrnke-weinkhlung\/rcs-85b\/","url":"https:\/\/www.rightwayasia.com\/de\/product\/weinkhlung\/khl-tiefkhlschrnke-weinkhlung\/rcs-85b\/","name":"RCS 85B - Rightway Asia","isPartOf":{"@id":"https:\/\/www.rightwayasia.com\/#website"},"primaryImageOfPage":{"@id":"https:\/\/www.rightwayasia.com\/de\/product\/weinkhlung\/khl-tiefkhlschrnke-weinkhlung\/rcs-85b\/#primaryimage"},"image":{"@id":"https:\/\/www.rightwayasia.com\/de\/product\/weinkhlung\/khl-tiefkhlschrnke-weinkhlung\/rcs-85b\/#primaryimage"},"thumbnailUrl":"https:\/\/www.rightwayasia.com\/wp-content\/uploads\/2026\/03\/RCS-85B-CORPO_CH_LOW.png","datePublished":"2023-04-12T18:36:29+00:00","dateModified":"2025-04-06T09:20:26+00:00","breadcrumb":{"@id":"https:\/\/www.rightwayasia.com\/de\/product\/weinkhlung\/khl-tiefkhlschrnke-weinkhlung\/rcs-85b\/#breadcrumb"},"inLanguage":"de","potentialAction":[{"@type":"ReadAction","target":["https:\/\/www.rightwayasia.com\/de\/product\/weinkhlung\/khl-tiefkhlschrnke-weinkhlung\/rcs-85b\/"]}]},{"@type":"ImageObject","inLanguage":"de","@id":"https:\/\/www.rightwayasia.com\/de\/product\/weinkhlung\/khl-tiefkhlschrnke-weinkhlung\/rcs-85b\/#primaryimage","url":"https:\/\/www.rightwayasia.com\/wp-content\/uploads\/2026\/03\/RCS-85B-CORPO_CH_LOW.png","contentUrl":"https:\/\/www.rightwayasia.com\/wp-content\/uploads\/2026\/03\/RCS-85B-CORPO_CH_LOW.png","width":249,"height":330,"caption":"Image of RCS 85B"},{"@type":"BreadcrumbList","@id":"https:\/\/www.rightwayasia.com\/de\/product\/weinkhlung\/khl-tiefkhlschrnke-weinkhlung\/rcs-85b\/#breadcrumb","itemListElement":[{"@type":"ListItem","position":1,"name":"Home","item":"https:\/\/www.rightwayasia.com\/de\/"},{"@type":"ListItem","position":2,"name":"Suche","item":"https:\/\/www.rightwayasia.com\/de\/suche\/"},{"@type":"ListItem","position":3,"name":"RCS 85B"}]},{"@type":"WebSite","@id":"https:\/\/www.rightwayasia.com\/#website","url":"https:\/\/www.rightwayasia.com\/","name":"Rightway Asia","description":"Professional refrigeration solutions","publisher":{"@id":"https:\/\/www.rightwayasia.com\/#organization"},"potentialAction":[{"@type":"SearchAction","target":{"@type":"EntryPoint","urlTemplate":"https:\/\/www.rightwayasia.com\/?s={search_term_string}"},"query-input":"required name=search_term_string"}],"inLanguage":"de"},{"@type":"Organization","@id":"https:\/\/www.rightwayasia.com\/#organization","name":"Rightway Asia","url":"https:\/\/www.rightwayasia.com\/","logo":{"@type":"ImageObject","inLanguage":"de","@id":"https:\/\/www.rightwayasia.com\/#\/schema\/logo\/image\/","url":"https:\/\/www.rightwayasia.com\/wp-content\/uploads\/2021\/08\/RWA-RED-1-2048x591-2.png","contentUrl":"https:\/\/www.rightwayasia.com\/wp-content\/uploads\/2021\/08\/RWA-RED-1-2048x591-2.png","width":2048,"height":591,"caption":"Rightway Asia"},"image":{"@id":"https:\/\/www.rightwayasia.com\/#\/schema\/logo\/image\/"}}]}},"_links":{"self":[{"href":"https:\/\/www.rightwayasia.com\/de\/wp-json\/wp\/v2\/product\/4343910"}],"collection":[{"href":"https:\/\/www.rightwayasia.com\/de\/wp-json\/wp\/v2\/product"}],"about":[{"href":"https:\/\/www.rightwayasia.com\/de\/wp-json\/wp\/v2\/types\/product"}],"wp:featuredmedia":[{"embeddable":true,"href":"https:\/\/www.rightwayasia.com\/de\/wp-json\/wp\/v2\/media\/8247605"}],"wp:attachment":[{"href":"https:\/\/www.rightwayasia.com\/de\/wp-json\/wp\/v2\/media?parent=4343910"}],"wp:term":[{"taxonomy":"product_cat","embeddable":true,"href":"https:\/\/www.rightwayasia.com\/de\/wp-json\/wp\/v2\/product_cat?post=4343910"},{"taxonomy":"product_tag","embeddable":true,"href":"https:\/\/www.rightwayasia.com\/de\/wp-json\/wp\/v2\/product_tag?post=4343910"}],"curies":[{"name":"wp","href":"https:\/\/api.w.org\/{rel}","templated":true}]}}