{"id":4343934,"date":"2023-04-12T18:37:02","date_gmt":"2023-04-12T18:37:02","guid":{"rendered":"https:\/\/www.rightwayasia.com\/product\/unkategorisiert\/cw-400\/"},"modified":"2025-04-06T09:22:20","modified_gmt":"2025-04-06T09:22:20","slug":"cw-400","status":"publish","type":"product","link":"https:\/\/www.rightwayasia.com\/de\/product\/weinkhlung\/khl-tiefkhlschrnke-weinkhlung\/cw-400\/","title":{"rendered":"CW 400"},"content":{"rendered":"<p>470l Weink\u00fchlschrank (einbaufaehig)<br \/>\nSchwarzer Blechstahl au\u00dfen, schwarz thermogeformt innen<br \/>\nUmluftk\u00fchlung<br \/>\nInverter Kompressor<br \/>\nAutomatische Abtauung durch Kompressor Stop<br \/>\nIsolierungsmaterial Cyclopentane (35mm &#8211; FCKW frei)<br \/>\nSteuerung mit Digitalanzeige<br \/>\nTemperaturaugleichsfunktion (Wenn Umgebungstemperatur niedriger als eingestellte Temperatur)<br \/>\nherausnehmbare T\u00fcrdichtung<br \/>\nInnere LED Beleuchtung (Blau)<br \/>\nwechselbarer T\u00fcranschlag mit zylindrischem T\u00fcrgriff<br \/>\nT\u00fcrschlo\u00df als Standard<br \/>\nDoppeltes Sicherheitsglas<br \/>\nGet\u00f6nte Glast\u00fcr zum Schutz des Weines<br \/>\nH\u00f6henverstellbare Holzeinsch\u00fcbe (8 St\u00fcck)<br \/>\n4 H\u00f6henverstellbare F\u00fc\u00dfe<br \/>\nEnergieeffizienzklasse: G<\/p>\n<p>&nbsp;<\/p>\n","protected":false},"excerpt":{"rendered":"<p>470l Weink\u00fchlschrank (einbaufaehig) Schwarzer Blechstahl au\u00dfen, schwarz thermogeformt innen Umluftk\u00fchlung Inverter Kompressor Automatische Abtauung durch Kompressor Stop Isolierungsmaterial Cyclopentane (35mm &#8211; FCKW frei) Steuerung mit Digitalanzeige Temperaturaugleichsfunktion (Wenn Umgebungstemperatur niedriger als eingestellte Temperatur) herausnehmbare T\u00fcrdichtung Innere LED Beleuchtung (Blau) wechselbarer T\u00fcranschlag mit zylindrischem T\u00fcrgriff T\u00fcrschlo\u00df als Standard Doppeltes Sicherheitsglas Get\u00f6nte Glast\u00fcr zum Schutz des Weines [&hellip;]<\/p>\n","protected":false},"featured_media":8259653,"template":"","meta":{"_acf_changed":false},"product_cat":[15892,11708],"product_tag":[],"acf":[],"yoast_head":"<!-- This site is optimized with the Yoast SEO plugin v22.2 - https:\/\/yoast.com\/wordpress\/plugins\/seo\/ -->\n<title>CW 400 - Rightway Asia<\/title>\n<meta name=\"robots\" content=\"index, follow, max-snippet:-1, max-image-preview:large, max-video-preview:-1\" \/>\n<link rel=\"canonical\" href=\"https:\/\/www.rightwayasia.com\/de\/product\/weinkhlung\/khl-tiefkhlschrnke-weinkhlung\/cw-400\/\" \/>\n<meta property=\"og:locale\" content=\"de_DE\" \/>\n<meta property=\"og:type\" content=\"article\" \/>\n<meta property=\"og:title\" content=\"CW 400 - Rightway Asia\" \/>\n<meta property=\"og:description\" content=\"470l Weink\u00fchlschrank (einbaufaehig) Schwarzer Blechstahl au\u00dfen, schwarz thermogeformt innen Umluftk\u00fchlung Inverter Kompressor Automatische Abtauung durch Kompressor Stop Isolierungsmaterial Cyclopentane (35mm &#8211; FCKW frei) Steuerung mit Digitalanzeige Temperaturaugleichsfunktion (Wenn Umgebungstemperatur niedriger als eingestellte Temperatur) herausnehmbare T\u00fcrdichtung Innere LED Beleuchtung (Blau) wechselbarer T\u00fcranschlag mit zylindrischem T\u00fcrgriff T\u00fcrschlo\u00df als Standard Doppeltes Sicherheitsglas Get\u00f6nte Glast\u00fcr zum Schutz des Weines [&hellip;]\" \/>\n<meta property=\"og:url\" content=\"https:\/\/www.rightwayasia.com\/de\/product\/weinkhlung\/khl-tiefkhlschrnke-weinkhlung\/cw-400\/\" \/>\n<meta property=\"og:site_name\" content=\"Rightway Asia\" \/>\n<meta property=\"article:modified_time\" content=\"2025-04-06T09:22:20+00:00\" \/>\n<meta property=\"og:image\" content=\"https:\/\/www.rightwayasia.com\/wp-content\/uploads\/2025\/04\/CW-400-CORPO_CH_LOW.png\" \/>\n\t<meta property=\"og:image:width\" content=\"293\" \/>\n\t<meta property=\"og:image:height\" content=\"567\" \/>\n\t<meta property=\"og:image:type\" content=\"image\/png\" \/>\n<meta name=\"twitter:card\" content=\"summary_large_image\" \/>\n<script type=\"application\/ld+json\" class=\"yoast-schema-graph\">{\"@context\":\"https:\/\/schema.org\",\"@graph\":[{\"@type\":\"WebPage\",\"@id\":\"https:\/\/www.rightwayasia.com\/de\/product\/weinkhlung\/khl-tiefkhlschrnke-weinkhlung\/cw-400\/\",\"url\":\"https:\/\/www.rightwayasia.com\/de\/product\/weinkhlung\/khl-tiefkhlschrnke-weinkhlung\/cw-400\/\",\"name\":\"CW 400 - Rightway Asia\",\"isPartOf\":{\"@id\":\"https:\/\/www.rightwayasia.com\/#website\"},\"primaryImageOfPage\":{\"@id\":\"https:\/\/www.rightwayasia.com\/de\/product\/weinkhlung\/khl-tiefkhlschrnke-weinkhlung\/cw-400\/#primaryimage\"},\"image\":{\"@id\":\"https:\/\/www.rightwayasia.com\/de\/product\/weinkhlung\/khl-tiefkhlschrnke-weinkhlung\/cw-400\/#primaryimage\"},\"thumbnailUrl\":\"https:\/\/www.rightwayasia.com\/wp-content\/uploads\/2026\/05\/CW-400-CORPO_CH_LOW.png\",\"datePublished\":\"2023-04-12T18:37:02+00:00\",\"dateModified\":\"2025-04-06T09:22:20+00:00\",\"breadcrumb\":{\"@id\":\"https:\/\/www.rightwayasia.com\/de\/product\/weinkhlung\/khl-tiefkhlschrnke-weinkhlung\/cw-400\/#breadcrumb\"},\"inLanguage\":\"de\",\"potentialAction\":[{\"@type\":\"ReadAction\",\"target\":[\"https:\/\/www.rightwayasia.com\/de\/product\/weinkhlung\/khl-tiefkhlschrnke-weinkhlung\/cw-400\/\"]}]},{\"@type\":\"ImageObject\",\"inLanguage\":\"de\",\"@id\":\"https:\/\/www.rightwayasia.com\/de\/product\/weinkhlung\/khl-tiefkhlschrnke-weinkhlung\/cw-400\/#primaryimage\",\"url\":\"https:\/\/www.rightwayasia.com\/wp-content\/uploads\/2026\/05\/CW-400-CORPO_CH_LOW.png\",\"contentUrl\":\"https:\/\/www.rightwayasia.com\/wp-content\/uploads\/2026\/05\/CW-400-CORPO_CH_LOW.png\",\"width\":293,\"height\":567,\"caption\":\"Image of CW 400\"},{\"@type\":\"BreadcrumbList\",\"@id\":\"https:\/\/www.rightwayasia.com\/de\/product\/weinkhlung\/khl-tiefkhlschrnke-weinkhlung\/cw-400\/#breadcrumb\",\"itemListElement\":[{\"@type\":\"ListItem\",\"position\":1,\"name\":\"Home\",\"item\":\"https:\/\/www.rightwayasia.com\/de\/\"},{\"@type\":\"ListItem\",\"position\":2,\"name\":\"Suche\",\"item\":\"https:\/\/www.rightwayasia.com\/de\/suche\/\"},{\"@type\":\"ListItem\",\"position\":3,\"name\":\"CW 400\"}]},{\"@type\":\"WebSite\",\"@id\":\"https:\/\/www.rightwayasia.com\/#website\",\"url\":\"https:\/\/www.rightwayasia.com\/\",\"name\":\"Rightway Asia\",\"description\":\"Professional refrigeration solutions\",\"publisher\":{\"@id\":\"https:\/\/www.rightwayasia.com\/#organization\"},\"potentialAction\":[{\"@type\":\"SearchAction\",\"target\":{\"@type\":\"EntryPoint\",\"urlTemplate\":\"https:\/\/www.rightwayasia.com\/?s={search_term_string}\"},\"query-input\":\"required name=search_term_string\"}],\"inLanguage\":\"de\"},{\"@type\":\"Organization\",\"@id\":\"https:\/\/www.rightwayasia.com\/#organization\",\"name\":\"Rightway Asia\",\"url\":\"https:\/\/www.rightwayasia.com\/\",\"logo\":{\"@type\":\"ImageObject\",\"inLanguage\":\"de\",\"@id\":\"https:\/\/www.rightwayasia.com\/#\/schema\/logo\/image\/\",\"url\":\"https:\/\/www.rightwayasia.com\/wp-content\/uploads\/2021\/08\/RWA-RED-1-2048x591-2.png\",\"contentUrl\":\"https:\/\/www.rightwayasia.com\/wp-content\/uploads\/2021\/08\/RWA-RED-1-2048x591-2.png\",\"width\":2048,\"height\":591,\"caption\":\"Rightway Asia\"},\"image\":{\"@id\":\"https:\/\/www.rightwayasia.com\/#\/schema\/logo\/image\/\"}}]}<\/script>\n<!-- \/ Yoast SEO plugin. -->","yoast_head_json":{"title":"CW 400 - Rightway Asia","robots":{"index":"index","follow":"follow","max-snippet":"max-snippet:-1","max-image-preview":"max-image-preview:large","max-video-preview":"max-video-preview:-1"},"canonical":"https:\/\/www.rightwayasia.com\/de\/product\/weinkhlung\/khl-tiefkhlschrnke-weinkhlung\/cw-400\/","og_locale":"de_DE","og_type":"article","og_title":"CW 400 - Rightway Asia","og_description":"470l Weink\u00fchlschrank (einbaufaehig) Schwarzer Blechstahl au\u00dfen, schwarz thermogeformt innen Umluftk\u00fchlung Inverter Kompressor Automatische Abtauung durch Kompressor Stop Isolierungsmaterial Cyclopentane (35mm &#8211; FCKW frei) Steuerung mit Digitalanzeige Temperaturaugleichsfunktion (Wenn Umgebungstemperatur niedriger als eingestellte Temperatur) herausnehmbare T\u00fcrdichtung Innere LED Beleuchtung (Blau) wechselbarer T\u00fcranschlag mit zylindrischem T\u00fcrgriff T\u00fcrschlo\u00df als Standard Doppeltes Sicherheitsglas Get\u00f6nte Glast\u00fcr zum Schutz des Weines [&hellip;]","og_url":"https:\/\/www.rightwayasia.com\/de\/product\/weinkhlung\/khl-tiefkhlschrnke-weinkhlung\/cw-400\/","og_site_name":"Rightway Asia","article_modified_time":"2025-04-06T09:22:20+00:00","og_image":[{"width":293,"height":567,"url":"https:\/\/www.rightwayasia.com\/wp-content\/uploads\/2025\/04\/CW-400-CORPO_CH_LOW.png","type":"image\/png"}],"twitter_card":"summary_large_image","schema":{"@context":"https:\/\/schema.org","@graph":[{"@type":"WebPage","@id":"https:\/\/www.rightwayasia.com\/de\/product\/weinkhlung\/khl-tiefkhlschrnke-weinkhlung\/cw-400\/","url":"https:\/\/www.rightwayasia.com\/de\/product\/weinkhlung\/khl-tiefkhlschrnke-weinkhlung\/cw-400\/","name":"CW 400 - Rightway Asia","isPartOf":{"@id":"https:\/\/www.rightwayasia.com\/#website"},"primaryImageOfPage":{"@id":"https:\/\/www.rightwayasia.com\/de\/product\/weinkhlung\/khl-tiefkhlschrnke-weinkhlung\/cw-400\/#primaryimage"},"image":{"@id":"https:\/\/www.rightwayasia.com\/de\/product\/weinkhlung\/khl-tiefkhlschrnke-weinkhlung\/cw-400\/#primaryimage"},"thumbnailUrl":"https:\/\/www.rightwayasia.com\/wp-content\/uploads\/2026\/05\/CW-400-CORPO_CH_LOW.png","datePublished":"2023-04-12T18:37:02+00:00","dateModified":"2025-04-06T09:22:20+00:00","breadcrumb":{"@id":"https:\/\/www.rightwayasia.com\/de\/product\/weinkhlung\/khl-tiefkhlschrnke-weinkhlung\/cw-400\/#breadcrumb"},"inLanguage":"de","potentialAction":[{"@type":"ReadAction","target":["https:\/\/www.rightwayasia.com\/de\/product\/weinkhlung\/khl-tiefkhlschrnke-weinkhlung\/cw-400\/"]}]},{"@type":"ImageObject","inLanguage":"de","@id":"https:\/\/www.rightwayasia.com\/de\/product\/weinkhlung\/khl-tiefkhlschrnke-weinkhlung\/cw-400\/#primaryimage","url":"https:\/\/www.rightwayasia.com\/wp-content\/uploads\/2026\/05\/CW-400-CORPO_CH_LOW.png","contentUrl":"https:\/\/www.rightwayasia.com\/wp-content\/uploads\/2026\/05\/CW-400-CORPO_CH_LOW.png","width":293,"height":567,"caption":"Image of CW 400"},{"@type":"BreadcrumbList","@id":"https:\/\/www.rightwayasia.com\/de\/product\/weinkhlung\/khl-tiefkhlschrnke-weinkhlung\/cw-400\/#breadcrumb","itemListElement":[{"@type":"ListItem","position":1,"name":"Home","item":"https:\/\/www.rightwayasia.com\/de\/"},{"@type":"ListItem","position":2,"name":"Suche","item":"https:\/\/www.rightwayasia.com\/de\/suche\/"},{"@type":"ListItem","position":3,"name":"CW 400"}]},{"@type":"WebSite","@id":"https:\/\/www.rightwayasia.com\/#website","url":"https:\/\/www.rightwayasia.com\/","name":"Rightway Asia","description":"Professional refrigeration solutions","publisher":{"@id":"https:\/\/www.rightwayasia.com\/#organization"},"potentialAction":[{"@type":"SearchAction","target":{"@type":"EntryPoint","urlTemplate":"https:\/\/www.rightwayasia.com\/?s={search_term_string}"},"query-input":"required name=search_term_string"}],"inLanguage":"de"},{"@type":"Organization","@id":"https:\/\/www.rightwayasia.com\/#organization","name":"Rightway Asia","url":"https:\/\/www.rightwayasia.com\/","logo":{"@type":"ImageObject","inLanguage":"de","@id":"https:\/\/www.rightwayasia.com\/#\/schema\/logo\/image\/","url":"https:\/\/www.rightwayasia.com\/wp-content\/uploads\/2021\/08\/RWA-RED-1-2048x591-2.png","contentUrl":"https:\/\/www.rightwayasia.com\/wp-content\/uploads\/2021\/08\/RWA-RED-1-2048x591-2.png","width":2048,"height":591,"caption":"Rightway Asia"},"image":{"@id":"https:\/\/www.rightwayasia.com\/#\/schema\/logo\/image\/"}}]}},"_links":{"self":[{"href":"https:\/\/www.rightwayasia.com\/de\/wp-json\/wp\/v2\/product\/4343934"}],"collection":[{"href":"https:\/\/www.rightwayasia.com\/de\/wp-json\/wp\/v2\/product"}],"about":[{"href":"https:\/\/www.rightwayasia.com\/de\/wp-json\/wp\/v2\/types\/product"}],"wp:featuredmedia":[{"embeddable":true,"href":"https:\/\/www.rightwayasia.com\/de\/wp-json\/wp\/v2\/media\/8259653"}],"wp:attachment":[{"href":"https:\/\/www.rightwayasia.com\/de\/wp-json\/wp\/v2\/media?parent=4343934"}],"wp:term":[{"taxonomy":"product_cat","embeddable":true,"href":"https:\/\/www.rightwayasia.com\/de\/wp-json\/wp\/v2\/product_cat?post=4343934"},{"taxonomy":"product_tag","embeddable":true,"href":"https:\/\/www.rightwayasia.com\/de\/wp-json\/wp\/v2\/product_tag?post=4343934"}],"curies":[{"name":"wp","href":"https:\/\/api.w.org\/{rel}","templated":true}]}}