{"id":4344079,"date":"2023-04-12T18:40:43","date_gmt":"2023-04-12T18:40:43","guid":{"rendered":"https:\/\/www.rightwayasia.com\/product\/unkategorisiert\/rc-769\/"},"modified":"2025-04-06T09:42:52","modified_gmt":"2025-04-06T09:42:52","slug":"rc-769","status":"publish","type":"product","link":"https:\/\/www.rightwayasia.com\/de\/product\/vitrinen\/countertop-vitrinen\/rc-769\/","title":{"rendered":"RC 769"},"content":{"rendered":"<p>100 L Panorama Selbstbedienungsk\u00fchlschrank mit 4 verglasten Seiten<br \/>\nFlachglas mit Stahlrahmen<br \/>\nUmluftk\u00fchlung<br \/>\nAutomatische Abtauung durch Kompressor Stop<br \/>\nSteuerung mit Digitalanzeige<br \/>\nInnere LED Beleuchtung<br \/>\nDoppelschichtiges Antikondensglas<br \/>\nSchiebet\u00fcren auf der R\u00fcckseite<br \/>\nH\u00f6henverstellbare, verchromte Einsch\u00fcbe (2 St\u00fcck)<br \/>\n4 H\u00f6henverstellbare F\u00fc\u00dfe<br \/>\nEnergieeffizienzklasse: C<\/p>\n<p>&nbsp;<\/p>\n","protected":false},"excerpt":{"rendered":"<p>100 L Panorama Selbstbedienungsk\u00fchlschrank mit 4 verglasten Seiten Flachglas mit Stahlrahmen Umluftk\u00fchlung Automatische Abtauung durch Kompressor Stop Steuerung mit Digitalanzeige Innere LED Beleuchtung Doppelschichtiges Antikondensglas Schiebet\u00fcren auf der R\u00fcckseite H\u00f6henverstellbare, verchromte Einsch\u00fcbe (2 St\u00fcck) 4 H\u00f6henverstellbare F\u00fc\u00dfe Energieeffizienzklasse: C &nbsp;<\/p>\n","protected":false},"featured_media":8257290,"template":"","meta":{"_acf_changed":false},"product_cat":[11711,11710],"product_tag":[],"acf":[],"yoast_head":"<!-- This site is optimized with the Yoast SEO plugin v22.2 - https:\/\/yoast.com\/wordpress\/plugins\/seo\/ -->\n<title>RC 769 - Rightway Asia<\/title>\n<meta name=\"robots\" content=\"index, follow, max-snippet:-1, max-image-preview:large, max-video-preview:-1\" \/>\n<link rel=\"canonical\" href=\"https:\/\/www.rightwayasia.com\/de\/product\/vitrinen\/countertop-vitrinen\/rc-769\/\" \/>\n<meta property=\"og:locale\" content=\"de_DE\" \/>\n<meta property=\"og:type\" content=\"article\" \/>\n<meta property=\"og:title\" content=\"RC 769 - Rightway Asia\" \/>\n<meta property=\"og:description\" content=\"100 L Panorama Selbstbedienungsk\u00fchlschrank mit 4 verglasten Seiten Flachglas mit Stahlrahmen Umluftk\u00fchlung Automatische Abtauung durch Kompressor Stop Steuerung mit Digitalanzeige Innere LED Beleuchtung Doppelschichtiges Antikondensglas Schiebet\u00fcren auf der R\u00fcckseite H\u00f6henverstellbare, verchromte Einsch\u00fcbe (2 St\u00fcck) 4 H\u00f6henverstellbare F\u00fc\u00dfe Energieeffizienzklasse: C &nbsp;\" \/>\n<meta property=\"og:url\" content=\"https:\/\/www.rightwayasia.com\/de\/product\/vitrinen\/countertop-vitrinen\/rc-769\/\" \/>\n<meta property=\"og:site_name\" content=\"Rightway Asia\" \/>\n<meta property=\"article:modified_time\" content=\"2025-04-06T09:42:52+00:00\" \/>\n<meta property=\"og:image\" content=\"https:\/\/www.rightwayasia.com\/wp-content\/uploads\/2025\/04\/RC-769-CORPO_CH_LOW.png\" \/>\n\t<meta property=\"og:image:width\" content=\"492\" \/>\n\t<meta property=\"og:image:height\" content=\"449\" \/>\n\t<meta property=\"og:image:type\" content=\"image\/png\" \/>\n<meta name=\"twitter:card\" content=\"summary_large_image\" \/>\n<script type=\"application\/ld+json\" class=\"yoast-schema-graph\">{\"@context\":\"https:\/\/schema.org\",\"@graph\":[{\"@type\":\"WebPage\",\"@id\":\"https:\/\/www.rightwayasia.com\/de\/product\/vitrinen\/countertop-vitrinen\/rc-769\/\",\"url\":\"https:\/\/www.rightwayasia.com\/de\/product\/vitrinen\/countertop-vitrinen\/rc-769\/\",\"name\":\"RC 769 - Rightway Asia\",\"isPartOf\":{\"@id\":\"https:\/\/www.rightwayasia.com\/#website\"},\"primaryImageOfPage\":{\"@id\":\"https:\/\/www.rightwayasia.com\/de\/product\/vitrinen\/countertop-vitrinen\/rc-769\/#primaryimage\"},\"image\":{\"@id\":\"https:\/\/www.rightwayasia.com\/de\/product\/vitrinen\/countertop-vitrinen\/rc-769\/#primaryimage\"},\"thumbnailUrl\":\"https:\/\/www.rightwayasia.com\/wp-content\/uploads\/2026\/03\/RC-769-CORPO_CH_LOW.png\",\"datePublished\":\"2023-04-12T18:40:43+00:00\",\"dateModified\":\"2025-04-06T09:42:52+00:00\",\"breadcrumb\":{\"@id\":\"https:\/\/www.rightwayasia.com\/de\/product\/vitrinen\/countertop-vitrinen\/rc-769\/#breadcrumb\"},\"inLanguage\":\"de\",\"potentialAction\":[{\"@type\":\"ReadAction\",\"target\":[\"https:\/\/www.rightwayasia.com\/de\/product\/vitrinen\/countertop-vitrinen\/rc-769\/\"]}]},{\"@type\":\"ImageObject\",\"inLanguage\":\"de\",\"@id\":\"https:\/\/www.rightwayasia.com\/de\/product\/vitrinen\/countertop-vitrinen\/rc-769\/#primaryimage\",\"url\":\"https:\/\/www.rightwayasia.com\/wp-content\/uploads\/2026\/03\/RC-769-CORPO_CH_LOW.png\",\"contentUrl\":\"https:\/\/www.rightwayasia.com\/wp-content\/uploads\/2026\/03\/RC-769-CORPO_CH_LOW.png\",\"width\":492,\"height\":449,\"caption\":\"Image of RC 769\"},{\"@type\":\"BreadcrumbList\",\"@id\":\"https:\/\/www.rightwayasia.com\/de\/product\/vitrinen\/countertop-vitrinen\/rc-769\/#breadcrumb\",\"itemListElement\":[{\"@type\":\"ListItem\",\"position\":1,\"name\":\"Home\",\"item\":\"https:\/\/www.rightwayasia.com\/de\/\"},{\"@type\":\"ListItem\",\"position\":2,\"name\":\"Suche\",\"item\":\"https:\/\/www.rightwayasia.com\/de\/suche\/\"},{\"@type\":\"ListItem\",\"position\":3,\"name\":\"RC 769\"}]},{\"@type\":\"WebSite\",\"@id\":\"https:\/\/www.rightwayasia.com\/#website\",\"url\":\"https:\/\/www.rightwayasia.com\/\",\"name\":\"Rightway Asia\",\"description\":\"Professional refrigeration solutions\",\"publisher\":{\"@id\":\"https:\/\/www.rightwayasia.com\/#organization\"},\"potentialAction\":[{\"@type\":\"SearchAction\",\"target\":{\"@type\":\"EntryPoint\",\"urlTemplate\":\"https:\/\/www.rightwayasia.com\/?s={search_term_string}\"},\"query-input\":\"required name=search_term_string\"}],\"inLanguage\":\"de\"},{\"@type\":\"Organization\",\"@id\":\"https:\/\/www.rightwayasia.com\/#organization\",\"name\":\"Rightway Asia\",\"url\":\"https:\/\/www.rightwayasia.com\/\",\"logo\":{\"@type\":\"ImageObject\",\"inLanguage\":\"de\",\"@id\":\"https:\/\/www.rightwayasia.com\/#\/schema\/logo\/image\/\",\"url\":\"https:\/\/www.rightwayasia.com\/wp-content\/uploads\/2021\/08\/RWA-RED-1-2048x591-2.png\",\"contentUrl\":\"https:\/\/www.rightwayasia.com\/wp-content\/uploads\/2021\/08\/RWA-RED-1-2048x591-2.png\",\"width\":2048,\"height\":591,\"caption\":\"Rightway Asia\"},\"image\":{\"@id\":\"https:\/\/www.rightwayasia.com\/#\/schema\/logo\/image\/\"}}]}<\/script>\n<!-- \/ Yoast SEO plugin. -->","yoast_head_json":{"title":"RC 769 - Rightway Asia","robots":{"index":"index","follow":"follow","max-snippet":"max-snippet:-1","max-image-preview":"max-image-preview:large","max-video-preview":"max-video-preview:-1"},"canonical":"https:\/\/www.rightwayasia.com\/de\/product\/vitrinen\/countertop-vitrinen\/rc-769\/","og_locale":"de_DE","og_type":"article","og_title":"RC 769 - Rightway Asia","og_description":"100 L Panorama Selbstbedienungsk\u00fchlschrank mit 4 verglasten Seiten Flachglas mit Stahlrahmen Umluftk\u00fchlung Automatische Abtauung durch Kompressor Stop Steuerung mit Digitalanzeige Innere LED Beleuchtung Doppelschichtiges Antikondensglas Schiebet\u00fcren auf der R\u00fcckseite H\u00f6henverstellbare, verchromte Einsch\u00fcbe (2 St\u00fcck) 4 H\u00f6henverstellbare F\u00fc\u00dfe Energieeffizienzklasse: C &nbsp;","og_url":"https:\/\/www.rightwayasia.com\/de\/product\/vitrinen\/countertop-vitrinen\/rc-769\/","og_site_name":"Rightway Asia","article_modified_time":"2025-04-06T09:42:52+00:00","og_image":[{"width":492,"height":449,"url":"https:\/\/www.rightwayasia.com\/wp-content\/uploads\/2025\/04\/RC-769-CORPO_CH_LOW.png","type":"image\/png"}],"twitter_card":"summary_large_image","schema":{"@context":"https:\/\/schema.org","@graph":[{"@type":"WebPage","@id":"https:\/\/www.rightwayasia.com\/de\/product\/vitrinen\/countertop-vitrinen\/rc-769\/","url":"https:\/\/www.rightwayasia.com\/de\/product\/vitrinen\/countertop-vitrinen\/rc-769\/","name":"RC 769 - Rightway Asia","isPartOf":{"@id":"https:\/\/www.rightwayasia.com\/#website"},"primaryImageOfPage":{"@id":"https:\/\/www.rightwayasia.com\/de\/product\/vitrinen\/countertop-vitrinen\/rc-769\/#primaryimage"},"image":{"@id":"https:\/\/www.rightwayasia.com\/de\/product\/vitrinen\/countertop-vitrinen\/rc-769\/#primaryimage"},"thumbnailUrl":"https:\/\/www.rightwayasia.com\/wp-content\/uploads\/2026\/03\/RC-769-CORPO_CH_LOW.png","datePublished":"2023-04-12T18:40:43+00:00","dateModified":"2025-04-06T09:42:52+00:00","breadcrumb":{"@id":"https:\/\/www.rightwayasia.com\/de\/product\/vitrinen\/countertop-vitrinen\/rc-769\/#breadcrumb"},"inLanguage":"de","potentialAction":[{"@type":"ReadAction","target":["https:\/\/www.rightwayasia.com\/de\/product\/vitrinen\/countertop-vitrinen\/rc-769\/"]}]},{"@type":"ImageObject","inLanguage":"de","@id":"https:\/\/www.rightwayasia.com\/de\/product\/vitrinen\/countertop-vitrinen\/rc-769\/#primaryimage","url":"https:\/\/www.rightwayasia.com\/wp-content\/uploads\/2026\/03\/RC-769-CORPO_CH_LOW.png","contentUrl":"https:\/\/www.rightwayasia.com\/wp-content\/uploads\/2026\/03\/RC-769-CORPO_CH_LOW.png","width":492,"height":449,"caption":"Image of RC 769"},{"@type":"BreadcrumbList","@id":"https:\/\/www.rightwayasia.com\/de\/product\/vitrinen\/countertop-vitrinen\/rc-769\/#breadcrumb","itemListElement":[{"@type":"ListItem","position":1,"name":"Home","item":"https:\/\/www.rightwayasia.com\/de\/"},{"@type":"ListItem","position":2,"name":"Suche","item":"https:\/\/www.rightwayasia.com\/de\/suche\/"},{"@type":"ListItem","position":3,"name":"RC 769"}]},{"@type":"WebSite","@id":"https:\/\/www.rightwayasia.com\/#website","url":"https:\/\/www.rightwayasia.com\/","name":"Rightway Asia","description":"Professional refrigeration solutions","publisher":{"@id":"https:\/\/www.rightwayasia.com\/#organization"},"potentialAction":[{"@type":"SearchAction","target":{"@type":"EntryPoint","urlTemplate":"https:\/\/www.rightwayasia.com\/?s={search_term_string}"},"query-input":"required name=search_term_string"}],"inLanguage":"de"},{"@type":"Organization","@id":"https:\/\/www.rightwayasia.com\/#organization","name":"Rightway Asia","url":"https:\/\/www.rightwayasia.com\/","logo":{"@type":"ImageObject","inLanguage":"de","@id":"https:\/\/www.rightwayasia.com\/#\/schema\/logo\/image\/","url":"https:\/\/www.rightwayasia.com\/wp-content\/uploads\/2021\/08\/RWA-RED-1-2048x591-2.png","contentUrl":"https:\/\/www.rightwayasia.com\/wp-content\/uploads\/2021\/08\/RWA-RED-1-2048x591-2.png","width":2048,"height":591,"caption":"Rightway Asia"},"image":{"@id":"https:\/\/www.rightwayasia.com\/#\/schema\/logo\/image\/"}}]}},"_links":{"self":[{"href":"https:\/\/www.rightwayasia.com\/de\/wp-json\/wp\/v2\/product\/4344079"}],"collection":[{"href":"https:\/\/www.rightwayasia.com\/de\/wp-json\/wp\/v2\/product"}],"about":[{"href":"https:\/\/www.rightwayasia.com\/de\/wp-json\/wp\/v2\/types\/product"}],"wp:featuredmedia":[{"embeddable":true,"href":"https:\/\/www.rightwayasia.com\/de\/wp-json\/wp\/v2\/media\/8257290"}],"wp:attachment":[{"href":"https:\/\/www.rightwayasia.com\/de\/wp-json\/wp\/v2\/media?parent=4344079"}],"wp:term":[{"taxonomy":"product_cat","embeddable":true,"href":"https:\/\/www.rightwayasia.com\/de\/wp-json\/wp\/v2\/product_cat?post=4344079"},{"taxonomy":"product_tag","embeddable":true,"href":"https:\/\/www.rightwayasia.com\/de\/wp-json\/wp\/v2\/product_tag?post=4344079"}],"curies":[{"name":"wp","href":"https:\/\/api.w.org\/{rel}","templated":true}]}}