{"id":5833333,"date":"2024-01-27T06:54:25","date_gmt":"2024-01-27T06:54:25","guid":{"rendered":"https:\/\/www.rightwayasia.com\/product\/unkategorisiert\/dwt-120\/"},"modified":"2025-04-07T23:55:56","modified_gmt":"2025-04-07T23:55:56","slug":"dwt-120","status":"publish","type":"product","link":"https:\/\/www.rightwayasia.com\/de\/product\/edelstahl\/dwt-120\/","title":{"rendered":"DWT 120"},"content":{"rendered":"<p>Doppelte Schubladen mit umschaltbarem K\u00fchl-\/Gefrierschrank (passend f\u00fcr 3 GN1\/1-Beh\u00e4lter)<br \/>\nDual-Temperatur-Modell (einfach umschaltbar zwischen K\u00fchl- und Gefrierfunktion)<br \/>\nEdelstahl innen und au\u00dfen<br \/>\nUmluftk\u00fchlung<br \/>\nAutomatische Abtauung durch Abtauheizung<br \/>\nVerdampfer mit Anti- Korrosions Behandlung<br \/>\nIsolierungsmaterial Cyclopentane (50mm &#8211; FCKW frei)<br \/>\nDigitales Thermostat<br \/>\nWei\u00df beleuchteter Hauptschalter<br \/>\nHerausziehbares K\u00fchlaggregat f\u00fcr besseren Kundendienst<br \/>\nLeicht herausnehmbarer Kondensatorfilter<br \/>\nBedienblende mit geneigten Aussparungen zur besseren Bel\u00fcftung<br \/>\nAusziehbare GN1\/1 Schubladen GN1\/1, geeignet f\u00fcr Behl\u00e4ter mit einer Tiefe von 150 mm<br \/>\nherausnehmbare T\u00fcrdichtung<br \/>\n4 H\u00f6henverstellbare Edelstahlf\u00fc\u00dfe &#8211; Lenkrollen mit Feststellbremse optional<br \/>\nEnergieeffizienzklasse: &#8211;<\/p>\n<p>&nbsp;<\/p>\n","protected":false},"excerpt":{"rendered":"<p>Doppelte Schubladen mit umschaltbarem K\u00fchl-\/Gefrierschrank (passend f\u00fcr 3 GN1\/1-Beh\u00e4lter) Dual-Temperatur-Modell (einfach umschaltbar zwischen K\u00fchl- und Gefrierfunktion) Edelstahl innen und au\u00dfen Umluftk\u00fchlung Automatische Abtauung durch Abtauheizung Verdampfer mit Anti- Korrosions Behandlung Isolierungsmaterial Cyclopentane (50mm &#8211; FCKW frei) Digitales Thermostat Wei\u00df beleuchteter Hauptschalter Herausziehbares K\u00fchlaggregat f\u00fcr besseren Kundendienst Leicht herausnehmbarer Kondensatorfilter Bedienblende mit geneigten Aussparungen zur besseren [&hellip;]<\/p>\n","protected":false},"featured_media":8255441,"template":"","meta":{"_acf_changed":false},"product_cat":[11691],"product_tag":[],"acf":[],"yoast_head":"<!-- This site is optimized with the Yoast SEO plugin v22.2 - https:\/\/yoast.com\/wordpress\/plugins\/seo\/ -->\n<title>DWT 120 - Rightway Asia<\/title>\n<meta name=\"robots\" content=\"index, follow, max-snippet:-1, max-image-preview:large, max-video-preview:-1\" \/>\n<link rel=\"canonical\" href=\"https:\/\/www.rightwayasia.com\/de\/product\/edelstahl\/dwt-120\/\" \/>\n<meta property=\"og:locale\" content=\"de_DE\" \/>\n<meta property=\"og:type\" content=\"article\" \/>\n<meta property=\"og:title\" content=\"DWT 120 - Rightway Asia\" \/>\n<meta property=\"og:description\" content=\"Doppelte Schubladen mit umschaltbarem K\u00fchl-\/Gefrierschrank (passend f\u00fcr 3 GN1\/1-Beh\u00e4lter) Dual-Temperatur-Modell (einfach umschaltbar zwischen K\u00fchl- und Gefrierfunktion) Edelstahl innen und au\u00dfen Umluftk\u00fchlung Automatische Abtauung durch Abtauheizung Verdampfer mit Anti- Korrosions Behandlung Isolierungsmaterial Cyclopentane (50mm &#8211; FCKW frei) Digitales Thermostat Wei\u00df beleuchteter Hauptschalter Herausziehbares K\u00fchlaggregat f\u00fcr besseren Kundendienst Leicht herausnehmbarer Kondensatorfilter Bedienblende mit geneigten Aussparungen zur besseren [&hellip;]\" \/>\n<meta property=\"og:url\" content=\"https:\/\/www.rightwayasia.com\/de\/product\/edelstahl\/dwt-120\/\" \/>\n<meta property=\"og:site_name\" content=\"Rightway Asia\" \/>\n<meta property=\"article:modified_time\" content=\"2025-04-07T23:55:56+00:00\" \/>\n<meta property=\"og:image\" content=\"https:\/\/www.rightwayasia.com\/wp-content\/uploads\/2025\/04\/DWT-120-CORPO_CH_LOW.png\" \/>\n\t<meta property=\"og:image:width\" content=\"567\" \/>\n\t<meta property=\"og:image:height\" content=\"346\" \/>\n\t<meta property=\"og:image:type\" content=\"image\/png\" \/>\n<meta name=\"twitter:card\" content=\"summary_large_image\" \/>\n<script type=\"application\/ld+json\" class=\"yoast-schema-graph\">{\"@context\":\"https:\/\/schema.org\",\"@graph\":[{\"@type\":\"WebPage\",\"@id\":\"https:\/\/www.rightwayasia.com\/de\/product\/edelstahl\/dwt-120\/\",\"url\":\"https:\/\/www.rightwayasia.com\/de\/product\/edelstahl\/dwt-120\/\",\"name\":\"DWT 120 - Rightway Asia\",\"isPartOf\":{\"@id\":\"https:\/\/www.rightwayasia.com\/#website\"},\"primaryImageOfPage\":{\"@id\":\"https:\/\/www.rightwayasia.com\/de\/product\/edelstahl\/dwt-120\/#primaryimage\"},\"image\":{\"@id\":\"https:\/\/www.rightwayasia.com\/de\/product\/edelstahl\/dwt-120\/#primaryimage\"},\"thumbnailUrl\":\"https:\/\/www.rightwayasia.com\/wp-content\/uploads\/2026\/03\/DWT-120-CORPO_CH_LOW.png\",\"datePublished\":\"2024-01-27T06:54:25+00:00\",\"dateModified\":\"2025-04-07T23:55:56+00:00\",\"breadcrumb\":{\"@id\":\"https:\/\/www.rightwayasia.com\/de\/product\/edelstahl\/dwt-120\/#breadcrumb\"},\"inLanguage\":\"de\",\"potentialAction\":[{\"@type\":\"ReadAction\",\"target\":[\"https:\/\/www.rightwayasia.com\/de\/product\/edelstahl\/dwt-120\/\"]}]},{\"@type\":\"ImageObject\",\"inLanguage\":\"de\",\"@id\":\"https:\/\/www.rightwayasia.com\/de\/product\/edelstahl\/dwt-120\/#primaryimage\",\"url\":\"https:\/\/www.rightwayasia.com\/wp-content\/uploads\/2026\/03\/DWT-120-CORPO_CH_LOW.png\",\"contentUrl\":\"https:\/\/www.rightwayasia.com\/wp-content\/uploads\/2026\/03\/DWT-120-CORPO_CH_LOW.png\",\"width\":567,\"height\":346,\"caption\":\"Image of DWT 120\"},{\"@type\":\"BreadcrumbList\",\"@id\":\"https:\/\/www.rightwayasia.com\/de\/product\/edelstahl\/dwt-120\/#breadcrumb\",\"itemListElement\":[{\"@type\":\"ListItem\",\"position\":1,\"name\":\"Home\",\"item\":\"https:\/\/www.rightwayasia.com\/de\/\"},{\"@type\":\"ListItem\",\"position\":2,\"name\":\"Suche\",\"item\":\"https:\/\/www.rightwayasia.com\/de\/suche\/\"},{\"@type\":\"ListItem\",\"position\":3,\"name\":\"DWT 120\"}]},{\"@type\":\"WebSite\",\"@id\":\"https:\/\/www.rightwayasia.com\/#website\",\"url\":\"https:\/\/www.rightwayasia.com\/\",\"name\":\"Rightway Asia\",\"description\":\"Professional refrigeration solutions\",\"publisher\":{\"@id\":\"https:\/\/www.rightwayasia.com\/#organization\"},\"potentialAction\":[{\"@type\":\"SearchAction\",\"target\":{\"@type\":\"EntryPoint\",\"urlTemplate\":\"https:\/\/www.rightwayasia.com\/?s={search_term_string}\"},\"query-input\":\"required name=search_term_string\"}],\"inLanguage\":\"de\"},{\"@type\":\"Organization\",\"@id\":\"https:\/\/www.rightwayasia.com\/#organization\",\"name\":\"Rightway Asia\",\"url\":\"https:\/\/www.rightwayasia.com\/\",\"logo\":{\"@type\":\"ImageObject\",\"inLanguage\":\"de\",\"@id\":\"https:\/\/www.rightwayasia.com\/#\/schema\/logo\/image\/\",\"url\":\"https:\/\/www.rightwayasia.com\/wp-content\/uploads\/2021\/08\/RWA-RED-1-2048x591-2.png\",\"contentUrl\":\"https:\/\/www.rightwayasia.com\/wp-content\/uploads\/2021\/08\/RWA-RED-1-2048x591-2.png\",\"width\":2048,\"height\":591,\"caption\":\"Rightway Asia\"},\"image\":{\"@id\":\"https:\/\/www.rightwayasia.com\/#\/schema\/logo\/image\/\"}}]}<\/script>\n<!-- \/ Yoast SEO plugin. -->","yoast_head_json":{"title":"DWT 120 - Rightway Asia","robots":{"index":"index","follow":"follow","max-snippet":"max-snippet:-1","max-image-preview":"max-image-preview:large","max-video-preview":"max-video-preview:-1"},"canonical":"https:\/\/www.rightwayasia.com\/de\/product\/edelstahl\/dwt-120\/","og_locale":"de_DE","og_type":"article","og_title":"DWT 120 - Rightway Asia","og_description":"Doppelte Schubladen mit umschaltbarem K\u00fchl-\/Gefrierschrank (passend f\u00fcr 3 GN1\/1-Beh\u00e4lter) Dual-Temperatur-Modell (einfach umschaltbar zwischen K\u00fchl- und Gefrierfunktion) Edelstahl innen und au\u00dfen Umluftk\u00fchlung Automatische Abtauung durch Abtauheizung Verdampfer mit Anti- Korrosions Behandlung Isolierungsmaterial Cyclopentane (50mm &#8211; FCKW frei) Digitales Thermostat Wei\u00df beleuchteter Hauptschalter Herausziehbares K\u00fchlaggregat f\u00fcr besseren Kundendienst Leicht herausnehmbarer Kondensatorfilter Bedienblende mit geneigten Aussparungen zur besseren [&hellip;]","og_url":"https:\/\/www.rightwayasia.com\/de\/product\/edelstahl\/dwt-120\/","og_site_name":"Rightway Asia","article_modified_time":"2025-04-07T23:55:56+00:00","og_image":[{"width":567,"height":346,"url":"https:\/\/www.rightwayasia.com\/wp-content\/uploads\/2025\/04\/DWT-120-CORPO_CH_LOW.png","type":"image\/png"}],"twitter_card":"summary_large_image","schema":{"@context":"https:\/\/schema.org","@graph":[{"@type":"WebPage","@id":"https:\/\/www.rightwayasia.com\/de\/product\/edelstahl\/dwt-120\/","url":"https:\/\/www.rightwayasia.com\/de\/product\/edelstahl\/dwt-120\/","name":"DWT 120 - Rightway Asia","isPartOf":{"@id":"https:\/\/www.rightwayasia.com\/#website"},"primaryImageOfPage":{"@id":"https:\/\/www.rightwayasia.com\/de\/product\/edelstahl\/dwt-120\/#primaryimage"},"image":{"@id":"https:\/\/www.rightwayasia.com\/de\/product\/edelstahl\/dwt-120\/#primaryimage"},"thumbnailUrl":"https:\/\/www.rightwayasia.com\/wp-content\/uploads\/2026\/03\/DWT-120-CORPO_CH_LOW.png","datePublished":"2024-01-27T06:54:25+00:00","dateModified":"2025-04-07T23:55:56+00:00","breadcrumb":{"@id":"https:\/\/www.rightwayasia.com\/de\/product\/edelstahl\/dwt-120\/#breadcrumb"},"inLanguage":"de","potentialAction":[{"@type":"ReadAction","target":["https:\/\/www.rightwayasia.com\/de\/product\/edelstahl\/dwt-120\/"]}]},{"@type":"ImageObject","inLanguage":"de","@id":"https:\/\/www.rightwayasia.com\/de\/product\/edelstahl\/dwt-120\/#primaryimage","url":"https:\/\/www.rightwayasia.com\/wp-content\/uploads\/2026\/03\/DWT-120-CORPO_CH_LOW.png","contentUrl":"https:\/\/www.rightwayasia.com\/wp-content\/uploads\/2026\/03\/DWT-120-CORPO_CH_LOW.png","width":567,"height":346,"caption":"Image of DWT 120"},{"@type":"BreadcrumbList","@id":"https:\/\/www.rightwayasia.com\/de\/product\/edelstahl\/dwt-120\/#breadcrumb","itemListElement":[{"@type":"ListItem","position":1,"name":"Home","item":"https:\/\/www.rightwayasia.com\/de\/"},{"@type":"ListItem","position":2,"name":"Suche","item":"https:\/\/www.rightwayasia.com\/de\/suche\/"},{"@type":"ListItem","position":3,"name":"DWT 120"}]},{"@type":"WebSite","@id":"https:\/\/www.rightwayasia.com\/#website","url":"https:\/\/www.rightwayasia.com\/","name":"Rightway Asia","description":"Professional refrigeration solutions","publisher":{"@id":"https:\/\/www.rightwayasia.com\/#organization"},"potentialAction":[{"@type":"SearchAction","target":{"@type":"EntryPoint","urlTemplate":"https:\/\/www.rightwayasia.com\/?s={search_term_string}"},"query-input":"required name=search_term_string"}],"inLanguage":"de"},{"@type":"Organization","@id":"https:\/\/www.rightwayasia.com\/#organization","name":"Rightway Asia","url":"https:\/\/www.rightwayasia.com\/","logo":{"@type":"ImageObject","inLanguage":"de","@id":"https:\/\/www.rightwayasia.com\/#\/schema\/logo\/image\/","url":"https:\/\/www.rightwayasia.com\/wp-content\/uploads\/2021\/08\/RWA-RED-1-2048x591-2.png","contentUrl":"https:\/\/www.rightwayasia.com\/wp-content\/uploads\/2021\/08\/RWA-RED-1-2048x591-2.png","width":2048,"height":591,"caption":"Rightway Asia"},"image":{"@id":"https:\/\/www.rightwayasia.com\/#\/schema\/logo\/image\/"}}]}},"_links":{"self":[{"href":"https:\/\/www.rightwayasia.com\/de\/wp-json\/wp\/v2\/product\/5833333"}],"collection":[{"href":"https:\/\/www.rightwayasia.com\/de\/wp-json\/wp\/v2\/product"}],"about":[{"href":"https:\/\/www.rightwayasia.com\/de\/wp-json\/wp\/v2\/types\/product"}],"wp:featuredmedia":[{"embeddable":true,"href":"https:\/\/www.rightwayasia.com\/de\/wp-json\/wp\/v2\/media\/8255441"}],"wp:attachment":[{"href":"https:\/\/www.rightwayasia.com\/de\/wp-json\/wp\/v2\/media?parent=5833333"}],"wp:term":[{"taxonomy":"product_cat","embeddable":true,"href":"https:\/\/www.rightwayasia.com\/de\/wp-json\/wp\/v2\/product_cat?post=5833333"},{"taxonomy":"product_tag","embeddable":true,"href":"https:\/\/www.rightwayasia.com\/de\/wp-json\/wp\/v2\/product_tag?post=5833333"}],"curies":[{"name":"wp","href":"https:\/\/api.w.org\/{rel}","templated":true}]}}