{"id":5835064,"date":"2024-01-27T07:40:47","date_gmt":"2024-01-27T07:40:47","guid":{"rendered":"https:\/\/www.rightwayasia.com\/product\/unkategorisiert\/rcg-2500\/"},"modified":"2025-04-08T08:05:17","modified_gmt":"2025-04-08T08:05:17","slug":"rcg-2500","status":"publish","type":"product","link":"https:\/\/www.rightwayasia.com\/de\/product\/getrnkekhlung\/getrnkekhlschrnke\/rcg-2500\/","title":{"rendered":"RCG 2500"},"content":{"rendered":"<p>2300 l Getr\u00e4nkek\u00fchlschrank<br \/>\nWei\u00dfes Stahlblech au\u00dfen und innen<br \/>\nUmluftk\u00fchlung<br \/>\nAutomatische Abtauung durch Kompressor Stop<br \/>\nIsolierungsmaterial Cyclopentane (45mm &#8211; FCKW frei)<br \/>\nDigitales Thermostat<br \/>\nherausnehmbare T\u00fcrdichtung<br \/>\nVertikale LED Beleuchtung im Inneren (mit seperatem Schalter)<br \/>\nGeh\u00e4rtetes Sicherheitsglas Aluminium Rahmen<br \/>\nDoppelschichtiges Antikondensglas<br \/>\nSelbstschlie\u00dfende T\u00fcr und Schloss als Standard<br \/>\n24 h\u00f6henverstellbare Einsch\u00fcbe<br \/>\n10 Rollen f\u00fcr einfaches Positionieren<br \/>\nEnergieeffizienzklasse: C<\/p>\n<p>&nbsp;<\/p>\n","protected":false},"excerpt":{"rendered":"<p>2300 l Getr\u00e4nkek\u00fchlschrank Wei\u00dfes Stahlblech au\u00dfen und innen Umluftk\u00fchlung Automatische Abtauung durch Kompressor Stop Isolierungsmaterial Cyclopentane (45mm &#8211; FCKW frei) Digitales Thermostat herausnehmbare T\u00fcrdichtung Vertikale LED Beleuchtung im Inneren (mit seperatem Schalter) Geh\u00e4rtetes Sicherheitsglas Aluminium Rahmen Doppelschichtiges Antikondensglas Selbstschlie\u00dfende T\u00fcr und Schloss als Standard 24 h\u00f6henverstellbare Einsch\u00fcbe 10 Rollen f\u00fcr einfaches Positionieren Energieeffizienzklasse: C &nbsp;<\/p>\n","protected":false},"featured_media":8256934,"template":"","meta":{"_acf_changed":false},"product_cat":[11701,11698],"product_tag":[],"acf":[],"yoast_head":"<!-- This site is optimized with the Yoast SEO plugin v22.2 - https:\/\/yoast.com\/wordpress\/plugins\/seo\/ -->\n<title>RCG 2500 - Rightway Asia<\/title>\n<meta name=\"robots\" content=\"index, follow, max-snippet:-1, max-image-preview:large, max-video-preview:-1\" \/>\n<link rel=\"canonical\" href=\"https:\/\/www.rightwayasia.com\/de\/product\/getrnkekhlung\/getrnkekhlschrnke\/rcg-2500\/\" \/>\n<meta property=\"og:locale\" content=\"de_DE\" \/>\n<meta property=\"og:type\" content=\"article\" \/>\n<meta property=\"og:title\" content=\"RCG 2500 - Rightway Asia\" \/>\n<meta property=\"og:description\" content=\"2300 l Getr\u00e4nkek\u00fchlschrank Wei\u00dfes Stahlblech au\u00dfen und innen Umluftk\u00fchlung Automatische Abtauung durch Kompressor Stop Isolierungsmaterial Cyclopentane (45mm &#8211; FCKW frei) Digitales Thermostat herausnehmbare T\u00fcrdichtung Vertikale LED Beleuchtung im Inneren (mit seperatem Schalter) Geh\u00e4rtetes Sicherheitsglas Aluminium Rahmen Doppelschichtiges Antikondensglas Selbstschlie\u00dfende T\u00fcr und Schloss als Standard 24 h\u00f6henverstellbare Einsch\u00fcbe 10 Rollen f\u00fcr einfaches Positionieren Energieeffizienzklasse: C &nbsp;\" \/>\n<meta property=\"og:url\" content=\"https:\/\/www.rightwayasia.com\/de\/product\/getrnkekhlung\/getrnkekhlschrnke\/rcg-2500\/\" \/>\n<meta property=\"og:site_name\" content=\"Rightway Asia\" \/>\n<meta property=\"article:modified_time\" content=\"2025-04-08T08:05:17+00:00\" \/>\n<meta property=\"og:image\" content=\"https:\/\/www.rightwayasia.com\/wp-content\/uploads\/2025\/04\/RCG-2500-CORPO_CH_LOW.png\" \/>\n\t<meta property=\"og:image:width\" content=\"567\" \/>\n\t<meta property=\"og:image:height\" content=\"492\" \/>\n\t<meta property=\"og:image:type\" content=\"image\/png\" \/>\n<meta name=\"twitter:card\" content=\"summary_large_image\" \/>\n<script type=\"application\/ld+json\" class=\"yoast-schema-graph\">{\"@context\":\"https:\/\/schema.org\",\"@graph\":[{\"@type\":\"WebPage\",\"@id\":\"https:\/\/www.rightwayasia.com\/de\/product\/getrnkekhlung\/getrnkekhlschrnke\/rcg-2500\/\",\"url\":\"https:\/\/www.rightwayasia.com\/de\/product\/getrnkekhlung\/getrnkekhlschrnke\/rcg-2500\/\",\"name\":\"RCG 2500 - Rightway Asia\",\"isPartOf\":{\"@id\":\"https:\/\/www.rightwayasia.com\/#website\"},\"primaryImageOfPage\":{\"@id\":\"https:\/\/www.rightwayasia.com\/de\/product\/getrnkekhlung\/getrnkekhlschrnke\/rcg-2500\/#primaryimage\"},\"image\":{\"@id\":\"https:\/\/www.rightwayasia.com\/de\/product\/getrnkekhlung\/getrnkekhlschrnke\/rcg-2500\/#primaryimage\"},\"thumbnailUrl\":\"https:\/\/www.rightwayasia.com\/wp-content\/uploads\/2026\/03\/RCG-2500-CORPO_CH_LOW.png\",\"datePublished\":\"2024-01-27T07:40:47+00:00\",\"dateModified\":\"2025-04-08T08:05:17+00:00\",\"breadcrumb\":{\"@id\":\"https:\/\/www.rightwayasia.com\/de\/product\/getrnkekhlung\/getrnkekhlschrnke\/rcg-2500\/#breadcrumb\"},\"inLanguage\":\"de\",\"potentialAction\":[{\"@type\":\"ReadAction\",\"target\":[\"https:\/\/www.rightwayasia.com\/de\/product\/getrnkekhlung\/getrnkekhlschrnke\/rcg-2500\/\"]}]},{\"@type\":\"ImageObject\",\"inLanguage\":\"de\",\"@id\":\"https:\/\/www.rightwayasia.com\/de\/product\/getrnkekhlung\/getrnkekhlschrnke\/rcg-2500\/#primaryimage\",\"url\":\"https:\/\/www.rightwayasia.com\/wp-content\/uploads\/2026\/03\/RCG-2500-CORPO_CH_LOW.png\",\"contentUrl\":\"https:\/\/www.rightwayasia.com\/wp-content\/uploads\/2026\/03\/RCG-2500-CORPO_CH_LOW.png\",\"width\":567,\"height\":492,\"caption\":\"Image of RCG 2500\"},{\"@type\":\"BreadcrumbList\",\"@id\":\"https:\/\/www.rightwayasia.com\/de\/product\/getrnkekhlung\/getrnkekhlschrnke\/rcg-2500\/#breadcrumb\",\"itemListElement\":[{\"@type\":\"ListItem\",\"position\":1,\"name\":\"Home\",\"item\":\"https:\/\/www.rightwayasia.com\/de\/\"},{\"@type\":\"ListItem\",\"position\":2,\"name\":\"Suche\",\"item\":\"https:\/\/www.rightwayasia.com\/de\/suche\/\"},{\"@type\":\"ListItem\",\"position\":3,\"name\":\"RCG 2500\"}]},{\"@type\":\"WebSite\",\"@id\":\"https:\/\/www.rightwayasia.com\/#website\",\"url\":\"https:\/\/www.rightwayasia.com\/\",\"name\":\"Rightway Asia\",\"description\":\"Professional refrigeration solutions\",\"publisher\":{\"@id\":\"https:\/\/www.rightwayasia.com\/#organization\"},\"potentialAction\":[{\"@type\":\"SearchAction\",\"target\":{\"@type\":\"EntryPoint\",\"urlTemplate\":\"https:\/\/www.rightwayasia.com\/?s={search_term_string}\"},\"query-input\":\"required name=search_term_string\"}],\"inLanguage\":\"de\"},{\"@type\":\"Organization\",\"@id\":\"https:\/\/www.rightwayasia.com\/#organization\",\"name\":\"Rightway Asia\",\"url\":\"https:\/\/www.rightwayasia.com\/\",\"logo\":{\"@type\":\"ImageObject\",\"inLanguage\":\"de\",\"@id\":\"https:\/\/www.rightwayasia.com\/#\/schema\/logo\/image\/\",\"url\":\"https:\/\/www.rightwayasia.com\/wp-content\/uploads\/2021\/08\/RWA-RED-1-2048x591-2.png\",\"contentUrl\":\"https:\/\/www.rightwayasia.com\/wp-content\/uploads\/2021\/08\/RWA-RED-1-2048x591-2.png\",\"width\":2048,\"height\":591,\"caption\":\"Rightway Asia\"},\"image\":{\"@id\":\"https:\/\/www.rightwayasia.com\/#\/schema\/logo\/image\/\"}}]}<\/script>\n<!-- \/ Yoast SEO plugin. -->","yoast_head_json":{"title":"RCG 2500 - Rightway Asia","robots":{"index":"index","follow":"follow","max-snippet":"max-snippet:-1","max-image-preview":"max-image-preview:large","max-video-preview":"max-video-preview:-1"},"canonical":"https:\/\/www.rightwayasia.com\/de\/product\/getrnkekhlung\/getrnkekhlschrnke\/rcg-2500\/","og_locale":"de_DE","og_type":"article","og_title":"RCG 2500 - Rightway Asia","og_description":"2300 l Getr\u00e4nkek\u00fchlschrank Wei\u00dfes Stahlblech au\u00dfen und innen Umluftk\u00fchlung Automatische Abtauung durch Kompressor Stop Isolierungsmaterial Cyclopentane (45mm &#8211; FCKW frei) Digitales Thermostat herausnehmbare T\u00fcrdichtung Vertikale LED Beleuchtung im Inneren (mit seperatem Schalter) Geh\u00e4rtetes Sicherheitsglas Aluminium Rahmen Doppelschichtiges Antikondensglas Selbstschlie\u00dfende T\u00fcr und Schloss als Standard 24 h\u00f6henverstellbare Einsch\u00fcbe 10 Rollen f\u00fcr einfaches Positionieren Energieeffizienzklasse: C &nbsp;","og_url":"https:\/\/www.rightwayasia.com\/de\/product\/getrnkekhlung\/getrnkekhlschrnke\/rcg-2500\/","og_site_name":"Rightway Asia","article_modified_time":"2025-04-08T08:05:17+00:00","og_image":[{"width":567,"height":492,"url":"https:\/\/www.rightwayasia.com\/wp-content\/uploads\/2025\/04\/RCG-2500-CORPO_CH_LOW.png","type":"image\/png"}],"twitter_card":"summary_large_image","schema":{"@context":"https:\/\/schema.org","@graph":[{"@type":"WebPage","@id":"https:\/\/www.rightwayasia.com\/de\/product\/getrnkekhlung\/getrnkekhlschrnke\/rcg-2500\/","url":"https:\/\/www.rightwayasia.com\/de\/product\/getrnkekhlung\/getrnkekhlschrnke\/rcg-2500\/","name":"RCG 2500 - Rightway Asia","isPartOf":{"@id":"https:\/\/www.rightwayasia.com\/#website"},"primaryImageOfPage":{"@id":"https:\/\/www.rightwayasia.com\/de\/product\/getrnkekhlung\/getrnkekhlschrnke\/rcg-2500\/#primaryimage"},"image":{"@id":"https:\/\/www.rightwayasia.com\/de\/product\/getrnkekhlung\/getrnkekhlschrnke\/rcg-2500\/#primaryimage"},"thumbnailUrl":"https:\/\/www.rightwayasia.com\/wp-content\/uploads\/2026\/03\/RCG-2500-CORPO_CH_LOW.png","datePublished":"2024-01-27T07:40:47+00:00","dateModified":"2025-04-08T08:05:17+00:00","breadcrumb":{"@id":"https:\/\/www.rightwayasia.com\/de\/product\/getrnkekhlung\/getrnkekhlschrnke\/rcg-2500\/#breadcrumb"},"inLanguage":"de","potentialAction":[{"@type":"ReadAction","target":["https:\/\/www.rightwayasia.com\/de\/product\/getrnkekhlung\/getrnkekhlschrnke\/rcg-2500\/"]}]},{"@type":"ImageObject","inLanguage":"de","@id":"https:\/\/www.rightwayasia.com\/de\/product\/getrnkekhlung\/getrnkekhlschrnke\/rcg-2500\/#primaryimage","url":"https:\/\/www.rightwayasia.com\/wp-content\/uploads\/2026\/03\/RCG-2500-CORPO_CH_LOW.png","contentUrl":"https:\/\/www.rightwayasia.com\/wp-content\/uploads\/2026\/03\/RCG-2500-CORPO_CH_LOW.png","width":567,"height":492,"caption":"Image of RCG 2500"},{"@type":"BreadcrumbList","@id":"https:\/\/www.rightwayasia.com\/de\/product\/getrnkekhlung\/getrnkekhlschrnke\/rcg-2500\/#breadcrumb","itemListElement":[{"@type":"ListItem","position":1,"name":"Home","item":"https:\/\/www.rightwayasia.com\/de\/"},{"@type":"ListItem","position":2,"name":"Suche","item":"https:\/\/www.rightwayasia.com\/de\/suche\/"},{"@type":"ListItem","position":3,"name":"RCG 2500"}]},{"@type":"WebSite","@id":"https:\/\/www.rightwayasia.com\/#website","url":"https:\/\/www.rightwayasia.com\/","name":"Rightway Asia","description":"Professional refrigeration solutions","publisher":{"@id":"https:\/\/www.rightwayasia.com\/#organization"},"potentialAction":[{"@type":"SearchAction","target":{"@type":"EntryPoint","urlTemplate":"https:\/\/www.rightwayasia.com\/?s={search_term_string}"},"query-input":"required name=search_term_string"}],"inLanguage":"de"},{"@type":"Organization","@id":"https:\/\/www.rightwayasia.com\/#organization","name":"Rightway Asia","url":"https:\/\/www.rightwayasia.com\/","logo":{"@type":"ImageObject","inLanguage":"de","@id":"https:\/\/www.rightwayasia.com\/#\/schema\/logo\/image\/","url":"https:\/\/www.rightwayasia.com\/wp-content\/uploads\/2021\/08\/RWA-RED-1-2048x591-2.png","contentUrl":"https:\/\/www.rightwayasia.com\/wp-content\/uploads\/2021\/08\/RWA-RED-1-2048x591-2.png","width":2048,"height":591,"caption":"Rightway Asia"},"image":{"@id":"https:\/\/www.rightwayasia.com\/#\/schema\/logo\/image\/"}}]}},"_links":{"self":[{"href":"https:\/\/www.rightwayasia.com\/de\/wp-json\/wp\/v2\/product\/5835064"}],"collection":[{"href":"https:\/\/www.rightwayasia.com\/de\/wp-json\/wp\/v2\/product"}],"about":[{"href":"https:\/\/www.rightwayasia.com\/de\/wp-json\/wp\/v2\/types\/product"}],"wp:featuredmedia":[{"embeddable":true,"href":"https:\/\/www.rightwayasia.com\/de\/wp-json\/wp\/v2\/media\/8256934"}],"wp:attachment":[{"href":"https:\/\/www.rightwayasia.com\/de\/wp-json\/wp\/v2\/media?parent=5835064"}],"wp:term":[{"taxonomy":"product_cat","embeddable":true,"href":"https:\/\/www.rightwayasia.com\/de\/wp-json\/wp\/v2\/product_cat?post=5835064"},{"taxonomy":"product_tag","embeddable":true,"href":"https:\/\/www.rightwayasia.com\/de\/wp-json\/wp\/v2\/product_tag?post=5835064"}],"curies":[{"name":"wp","href":"https:\/\/api.w.org\/{rel}","templated":true}]}}